{"id":6161,"date":"2021-09-22T19:43:08","date_gmt":"2021-09-22T19:43:08","guid":{"rendered":"https:\/\/www.oncoalicia.com\/?page_id=6161"},"modified":"2025-06-20T10:11:02","modified_gmt":"2025-06-20T10:11:02","slug":"receitas","status":"publish","type":"page","link":"https:\/\/oncoalicia.com\/pt-br\/receitas\/","title":{"rendered":"Receitas"},"content":{"rendered":"<p style=\"text-align: left;\">As receitas foram elaboradas especialmente para ajudar a se alimentar da forma mais nutritiva poss\u00edvel quando aparecem diferentes efeitos secund\u00e1rios ao tratamento ou quando surgem  os sintomas que impedem a ingest\u00e3o alimentar adequada.<\/p>\n<p><a role=\"button\" href=\"#collapseExample\" data-toggle=\"collapse\" aria-expanded=\"false\" aria-controls=\"collapseExample-9\">Mais informa\u00e7\u00f5es <i class=\"fa fa-arrow-down\" aria-hidden=\"true\"><\/i><\/a><\/p>\n<div id=\"collapseExample\" class=\"collapse\">\n<p style=\"text-align: left;\">N\u00e3o s\u00e3o receitas restritas, pois seu objetivo \u00e9 dar ideias para que cada um possa preparar vers\u00f5es personalizadas e adaptadas de acordo com suas prefer\u00eancias, produtos da \u00e9poca, disponibilidade de alimentos em casa, sintomas que tenham surgido etc.<\/p>\n<p style=\"text-align: left;\">A maioria est\u00e1 descrita para uma por\u00e7\u00e3o; assim, se desejar cozinhar unicamente para si, siga as quantidades dos ingredientes e o preparo conforme aparecem. Se quiser elaborar mais por\u00e7\u00f5es ou preparar maior quantidade para congelar ou conservar para os dias seguintes, ser\u00e1 necess\u00e1rio apenas multiplicar os ingredientes pelo n\u00famero desejado de por\u00e7\u00f5es.<\/p>\n<p style=\"text-align: left;\">A tener en cuenta a la hora de leer las recetas:<\/p>\n<p style=\"text-align: left;\">c\/c cucharadita de caf\u00e9<\/p>\n<p style=\"text-align: left;\">c\/p cucharadita de postre<\/p>\n<p style=\"text-align: left;\">c\/s cucharada sopera<\/p>\n<\/div>\n","protected":false},"excerpt":{"rendered":"<p>As receitas foram elaboradas especialmente para ajudar a se alimentar da forma mais nutritiva poss\u00edvel quando aparecem diferentes efeitos secund\u00e1rios ao tratamento ou quando surgem os sintomas que impedem a ingest\u00e3o alimentar adequada. Mais informa\u00e7\u00f5es N\u00e3o s\u00e3o receitas restritas, pois seu objetivo \u00e9 dar ideias para que cada um possa preparar vers\u00f5es personalizadas e adaptadas&hellip; <a class=\"more-link\" href=\"https:\/\/oncoalicia.com\/pt-br\/receitas\/\">Continue reading <span class=\"screen-reader-text\">Receitas<\/span><\/a><\/p>\n","protected":false},"author":2,"featured_media":0,"parent":0,"menu_order":0,"comment_status":"closed","ping_status":"closed","template":"","meta":{"footnotes":""},"class_list":["post-6161","page","type-page","status-publish","hentry","entry"],"yoast_head":"<!-- This site is optimized with the Yoast SEO plugin v26.9 - https:\/\/yoast.com\/product\/yoast-seo-wordpress\/ -->\n<title>Receitas - Oncoalicia<\/title>\n<meta name=\"description\" content=\"As receitas foram concebidas para ajudar as pessoas em tratamento do cancro a comer de forma nutritiva, segura e agrad\u00e1vel.\" \/>\n<meta name=\"robots\" content=\"index, follow, max-snippet:-1, max-image-preview:large, max-video-preview:-1\" \/>\n<link rel=\"canonical\" href=\"https:\/\/oncoalicia.com\/pt-br\/receitas\/\" \/>\n<meta property=\"og:locale\" content=\"pt_BR\" \/>\n<meta property=\"og:type\" content=\"article\" \/>\n<meta property=\"og:title\" content=\"Receitas - Oncoalicia\" \/>\n<meta property=\"og:description\" content=\"As receitas foram concebidas para ajudar as pessoas em tratamento do cancro a comer de forma nutritiva, segura e agrad\u00e1vel.\" \/>\n<meta property=\"og:url\" content=\"https:\/\/oncoalicia.com\/pt-br\/receitas\/\" \/>\n<meta property=\"og:site_name\" content=\"Oncoalicia\" \/>\n<meta property=\"article:modified_time\" content=\"2025-06-20T10:11:02+00:00\" \/>\n<meta property=\"og:image\" content=\"https:\/\/oncoalicia.com\/wp-content\/uploads\/2021\/12\/Asset-3.png\" \/>\n\t<meta property=\"og:image:width\" content=\"300\" \/>\n\t<meta property=\"og:image:height\" content=\"300\" \/>\n\t<meta property=\"og:image:type\" content=\"image\/png\" \/>\n<meta name=\"twitter:card\" content=\"summary_large_image\" \/>\n<meta name=\"twitter:label1\" content=\"Est. tempo de leitura\" \/>\n\t<meta name=\"twitter:data1\" content=\"1 minuto\" \/>\n<script type=\"application\/ld+json\" class=\"yoast-schema-graph\">{\"@context\":\"https:\/\/schema.org\",\"@graph\":[{\"@type\":\"WebPage\",\"@id\":\"https:\/\/oncoalicia.com\/pt-br\/receitas\/\",\"url\":\"https:\/\/oncoalicia.com\/pt-br\/receitas\/\",\"name\":\"Receitas - Oncoalicia\",\"isPartOf\":{\"@id\":\"https:\/\/oncoalicia.com\/pt-br\/#website\"},\"datePublished\":\"2021-09-22T19:43:08+00:00\",\"dateModified\":\"2025-06-20T10:11:02+00:00\",\"description\":\"As receitas foram concebidas para ajudar as pessoas em tratamento do cancro a comer de forma nutritiva, segura e agrad\u00e1vel.\",\"breadcrumb\":{\"@id\":\"https:\/\/oncoalicia.com\/pt-br\/receitas\/#breadcrumb\"},\"inLanguage\":\"pt-BR\",\"potentialAction\":[{\"@type\":\"ReadAction\",\"target\":[\"https:\/\/oncoalicia.com\/pt-br\/receitas\/\"]}]},{\"@type\":\"BreadcrumbList\",\"@id\":\"https:\/\/oncoalicia.com\/pt-br\/receitas\/#breadcrumb\",\"itemListElement\":[{\"@type\":\"ListItem\",\"position\":1,\"name\":\"Portada\",\"item\":\"https:\/\/oncoalicia.com\/pt-br\/\"},{\"@type\":\"ListItem\",\"position\":2,\"name\":\"Receitas\"}]},{\"@type\":\"WebSite\",\"@id\":\"https:\/\/oncoalicia.com\/pt-br\/#website\",\"url\":\"https:\/\/oncoalicia.com\/pt-br\/\",\"name\":\"Oncoal\u00edcia\",\"description\":\"Comer durante el Tratamiento del C\u00e1ncer\",\"publisher\":{\"@id\":\"https:\/\/oncoalicia.com\/pt-br\/#organization\"},\"alternateName\":\"Oncoal\u00edcia | Comer durante el Tratamiento del C\u00e1ncer\",\"potentialAction\":[{\"@type\":\"SearchAction\",\"target\":{\"@type\":\"EntryPoint\",\"urlTemplate\":\"https:\/\/oncoalicia.com\/pt-br\/?s={search_term_string}\"},\"query-input\":{\"@type\":\"PropertyValueSpecification\",\"valueRequired\":true,\"valueName\":\"search_term_string\"}}],\"inLanguage\":\"pt-BR\"},{\"@type\":\"Organization\",\"@id\":\"https:\/\/oncoalicia.com\/pt-br\/#organization\",\"name\":\"Oncoal\u00edcia\",\"alternateName\":\"Oncoal\u00edcia | Comer durante el Tratamiento del C\u00e1ncer\",\"url\":\"https:\/\/oncoalicia.com\/pt-br\/\",\"logo\":{\"@type\":\"ImageObject\",\"inLanguage\":\"pt-BR\",\"@id\":\"https:\/\/oncoalicia.com\/pt-br\/#\/schema\/logo\/image\/\",\"url\":\"https:\/\/oncoalicia.com\/wp-content\/uploads\/2022\/11\/logo_rrss.png\",\"contentUrl\":\"https:\/\/oncoalicia.com\/wp-content\/uploads\/2022\/11\/logo_rrss.png\",\"width\":300,\"height\":300,\"caption\":\"Oncoal\u00edcia\"},\"image\":{\"@id\":\"https:\/\/oncoalicia.com\/pt-br\/#\/schema\/logo\/image\/\"}}]}<\/script>\n<!-- \/ Yoast SEO plugin. -->","yoast_head_json":{"title":"Receitas - Oncoalicia","description":"As receitas foram concebidas para ajudar as pessoas em tratamento do cancro a comer de forma nutritiva, segura e agrad\u00e1vel.","robots":{"index":"index","follow":"follow","max-snippet":"max-snippet:-1","max-image-preview":"max-image-preview:large","max-video-preview":"max-video-preview:-1"},"canonical":"https:\/\/oncoalicia.com\/pt-br\/receitas\/","og_locale":"pt_BR","og_type":"article","og_title":"Receitas - Oncoalicia","og_description":"As receitas foram concebidas para ajudar as pessoas em tratamento do cancro a comer de forma nutritiva, segura e agrad\u00e1vel.","og_url":"https:\/\/oncoalicia.com\/pt-br\/receitas\/","og_site_name":"Oncoalicia","article_modified_time":"2025-06-20T10:11:02+00:00","og_image":[{"width":300,"height":300,"url":"https:\/\/oncoalicia.com\/wp-content\/uploads\/2021\/12\/Asset-3.png","type":"image\/png"}],"twitter_card":"summary_large_image","twitter_misc":{"Est. tempo de leitura":"1 minuto"},"schema":{"@context":"https:\/\/schema.org","@graph":[{"@type":"WebPage","@id":"https:\/\/oncoalicia.com\/pt-br\/receitas\/","url":"https:\/\/oncoalicia.com\/pt-br\/receitas\/","name":"Receitas - Oncoalicia","isPartOf":{"@id":"https:\/\/oncoalicia.com\/pt-br\/#website"},"datePublished":"2021-09-22T19:43:08+00:00","dateModified":"2025-06-20T10:11:02+00:00","description":"As receitas foram concebidas para ajudar as pessoas em tratamento do cancro a comer de forma nutritiva, segura e agrad\u00e1vel.","breadcrumb":{"@id":"https:\/\/oncoalicia.com\/pt-br\/receitas\/#breadcrumb"},"inLanguage":"pt-BR","potentialAction":[{"@type":"ReadAction","target":["https:\/\/oncoalicia.com\/pt-br\/receitas\/"]}]},{"@type":"BreadcrumbList","@id":"https:\/\/oncoalicia.com\/pt-br\/receitas\/#breadcrumb","itemListElement":[{"@type":"ListItem","position":1,"name":"Portada","item":"https:\/\/oncoalicia.com\/pt-br\/"},{"@type":"ListItem","position":2,"name":"Receitas"}]},{"@type":"WebSite","@id":"https:\/\/oncoalicia.com\/pt-br\/#website","url":"https:\/\/oncoalicia.com\/pt-br\/","name":"Oncoal\u00edcia","description":"Comer durante el Tratamiento del C\u00e1ncer","publisher":{"@id":"https:\/\/oncoalicia.com\/pt-br\/#organization"},"alternateName":"Oncoal\u00edcia | Comer durante el Tratamiento del C\u00e1ncer","potentialAction":[{"@type":"SearchAction","target":{"@type":"EntryPoint","urlTemplate":"https:\/\/oncoalicia.com\/pt-br\/?s={search_term_string}"},"query-input":{"@type":"PropertyValueSpecification","valueRequired":true,"valueName":"search_term_string"}}],"inLanguage":"pt-BR"},{"@type":"Organization","@id":"https:\/\/oncoalicia.com\/pt-br\/#organization","name":"Oncoal\u00edcia","alternateName":"Oncoal\u00edcia | Comer durante el Tratamiento del C\u00e1ncer","url":"https:\/\/oncoalicia.com\/pt-br\/","logo":{"@type":"ImageObject","inLanguage":"pt-BR","@id":"https:\/\/oncoalicia.com\/pt-br\/#\/schema\/logo\/image\/","url":"https:\/\/oncoalicia.com\/wp-content\/uploads\/2022\/11\/logo_rrss.png","contentUrl":"https:\/\/oncoalicia.com\/wp-content\/uploads\/2022\/11\/logo_rrss.png","width":300,"height":300,"caption":"Oncoal\u00edcia"},"image":{"@id":"https:\/\/oncoalicia.com\/pt-br\/#\/schema\/logo\/image\/"}}]}},"_links":{"self":[{"href":"https:\/\/oncoalicia.com\/pt-br\/wp-json\/wp\/v2\/pages\/6161","targetHints":{"allow":["GET"]}}],"collection":[{"href":"https:\/\/oncoalicia.com\/pt-br\/wp-json\/wp\/v2\/pages"}],"about":[{"href":"https:\/\/oncoalicia.com\/pt-br\/wp-json\/wp\/v2\/types\/page"}],"author":[{"embeddable":true,"href":"https:\/\/oncoalicia.com\/pt-br\/wp-json\/wp\/v2\/users\/2"}],"replies":[{"embeddable":true,"href":"https:\/\/oncoalicia.com\/pt-br\/wp-json\/wp\/v2\/comments?post=6161"}],"version-history":[{"count":0,"href":"https:\/\/oncoalicia.com\/pt-br\/wp-json\/wp\/v2\/pages\/6161\/revisions"}],"wp:attachment":[{"href":"https:\/\/oncoalicia.com\/pt-br\/wp-json\/wp\/v2\/media?parent=6161"}],"curies":[{"name":"wp","href":"https:\/\/api.w.org\/{rel}","templated":true}]}}