{"id":6164,"date":"2021-09-13T16:29:04","date_gmt":"2021-09-13T16:29:04","guid":{"rendered":"https:\/\/www.oncoalicia.com\/?page_id=6164"},"modified":"2025-06-17T10:52:30","modified_gmt":"2025-06-17T10:52:30","slug":"mitos-e-crencas-alimentares-relacionados-ao-cancer","status":"publish","type":"page","link":"https:\/\/oncoalicia.com\/pt-br\/mitos-e-crencas-alimentares-relacionados-ao-cancer\/","title":{"rendered":"Mitos e cren\u00e7as alimentares relacionados ao c\u00e2ncer"},"content":{"rendered":"<p class=\"p1\" style=\"text-align: left;\">Nesta se\u00e7\u00e3o s\u00e3o reunidas e analisadas algumas das cren\u00e7as e mitos alimentares mais comuns relacionados com a alimenta\u00e7\u00e3o durante o tratamento de c\u00e2ncer, explicando se est\u00e3o fundamentados ou se, ao contr\u00e1rio, n\u00e3o t\u00eam nenhuma base cient\u00edfica firme que os sustente.<br \/>\nLembrando que, no Brasil, o INCA traz um <a href=\"https:\/\/antigo.inca.gov.br\/sites\/ufu.sti.inca.local\/files\/\/media\/document\/\/dietas-restritivas.pdf\" target=\"_blank\" rel=\"noopener\">compilado de informa\u00e7\u00f5es<\/a> nesse sentido. Se quiser saber mais a respeito, consulte os links abaixo:<\/p>\n<p><a role=\"button\" href=\"#collapseExample\" data-toggle=\"collapse\" aria-expanded=\"false\" aria-controls=\"collapseExample-9\">Mais informa\u00e7\u00e3o <i class=\"fa fa-arrow-down\" aria-hidden=\"true\"><\/i><\/a><\/p>\n<div id=\"collapseExample\" class=\"collapse\">\n<p class=\"p1\" style=\"text-align: left;\">A busca por informa\u00e7\u00e3o sobre os aspectos alimentares que poderiam ser modificados para combater a doen\u00e7a \u00e9 uma pr\u00e1tica comum ap\u00f3s o diagn\u00f3stico do c\u00e2ncer. Produtos, formas de cozimento, utens\u00edlios, dietas\u2026 que poderiam ser prejudiciais ou que poderiam ter um efeito m\u00e1gico ou milagroso no organismo. Toda essa informa\u00e7\u00e3o de p\u00e1ginas da internet, livros, revistas e at\u00e9 mesmo de conselhos de amigos ou familiares que ouviram ou leram sobre o tema, pode gerar um excesso de informa\u00e7\u00e3o e, com isso, sensa\u00e7\u00e3o de ang\u00fastia por n\u00e3o saber o que \u00e9 realmente certo e o que n\u00e3o \u00e9. Em alguns casos, termina-se por eliminar da alimenta\u00e7\u00e3o alimentos imprescind\u00edveis para enfrentar a doen\u00e7a ou, ao contr\u00e1rio, acrescentar alimentos, ervas ou suplementos que podem ser prejudiciais ou que, simplesmente, elevam o custo da alimenta\u00e7\u00e3o sem nenhuma evid\u00eancia real de sua efic\u00e1cia.  <span class=\"Apple-converted-space\"> <\/span><\/p>\n<p class=\"p1\" style=\"text-align: left;\">Para a elabora\u00e7\u00e3o desta se\u00e7\u00e3o, realizou-se uma revis\u00e3o bibliogr\u00e1fica de pesquisas cient\u00edficas publicadas nos \u00faltimos anos e foram consideradas as declara\u00e7\u00f5es dos organismos oficiais de seguran\u00e7a alimentar existentes, estatais e internacionais, como a ACSA (Ag\u00eancia Catal\u00e3 de Seguran\u00e7a Alimentar), a AECOSAN (Ag\u00eancia Espanhola de Consumo, Seguran\u00e7a Alimentar e Nutri\u00e7\u00e3o do Minist\u00e9rio da Sa\u00fade espanhol); a EFSA (Ag\u00eancia Europeia de Seguran\u00e7a Alimentar); a FDA (Administra\u00e7\u00e3o de Alimentos e Medicamentos dos Estados Unidos), e a OMS (Organiza\u00e7\u00e3o Mundial da Sa\u00fade). Tamb\u00e9m foram seguidas as recomenda\u00e7\u00f5es de diferentes institutos, sociedades e associa\u00e7\u00f5es especializados na pesquisa e difus\u00e3o de informa\u00e7\u00e3o relativa \u00e0 preven\u00e7\u00e3o e ao tratamento do c\u00e2ncer.<\/p>\n<p>No Brasil, o Instituto do C\u00e2ncer (INCA) disponibiliza manuais sobre as <a href=\"https:\/\/www.gov.br\/inca\/pt-br\/assuntos\/causas-e-prevencao-do-cancer\/mitos-e-verdades\/\" target=\"_blank\" rel=\"noopener\">causas e preven\u00e7\u00e3o do c\u00e2ncer com mitos e verdades<\/a>, e, el documento <a href=\"https:\/\/antigo.inca.gov.br\/sites\/ufu.sti.inca.local\/files\/\/media\/document\/\/dietas-restritivas.pdf\" target=\"blank\" rel=\"noopener\">Dietas restritivas e alimentos milagrosos durante o tratamento do c\u00e2ncer: fique fora dessa!<\/a>, que podem ser consultados.<\/p>\n<\/div>\n","protected":false},"excerpt":{"rendered":"<p>Nesta se\u00e7\u00e3o s\u00e3o reunidas e analisadas algumas das cren\u00e7as e mitos alimentares mais comuns relacionados com a alimenta\u00e7\u00e3o durante o tratamento de c\u00e2ncer, explicando se est\u00e3o fundamentados ou se, ao contr\u00e1rio, n\u00e3o t\u00eam nenhuma base cient\u00edfica firme que os sustente. Lembrando que, no Brasil, o INCA traz um compilado de informa\u00e7\u00f5es nesse sentido. Se quiser&hellip; <a class=\"more-link\" href=\"https:\/\/oncoalicia.com\/pt-br\/mitos-e-crencas-alimentares-relacionados-ao-cancer\/\">Continue reading <span class=\"screen-reader-text\">Mitos e cren\u00e7as alimentares relacionados ao c\u00e2ncer<\/span><\/a><\/p>\n","protected":false},"author":2,"featured_media":0,"parent":0,"menu_order":0,"comment_status":"closed","ping_status":"closed","template":"","meta":{"footnotes":""},"class_list":["post-6164","page","type-page","status-publish","hentry","entry"],"yoast_head":"<!-- This site is optimized with the Yoast SEO plugin v26.9 - https:\/\/yoast.com\/product\/yoast-seo-wordpress\/ -->\n<title>Mitos e cren\u00e7as alimentares relacionados ao c\u00e2ncer - Oncoalicia<\/title>\n<meta name=\"description\" content=\"O novo projeto analisa com rigor cient\u00edfico os mitos e cren\u00e7as alimentares relacionadas ao tratamento do c\u00e2ncer.\" \/>\n<meta name=\"robots\" content=\"index, follow, max-snippet:-1, max-image-preview:large, max-video-preview:-1\" \/>\n<link rel=\"canonical\" href=\"https:\/\/oncoalicia.com\/pt-br\/mitos-e-crencas-alimentares-relacionados-ao-cancer\/\" \/>\n<meta property=\"og:locale\" content=\"pt_BR\" \/>\n<meta property=\"og:type\" content=\"article\" \/>\n<meta property=\"og:title\" content=\"Mitos e cren\u00e7as alimentares relacionados ao c\u00e2ncer - Oncoalicia\" \/>\n<meta property=\"og:description\" content=\"O novo projeto analisa com rigor cient\u00edfico os mitos e cren\u00e7as alimentares relacionadas ao tratamento do c\u00e2ncer.\" \/>\n<meta property=\"og:url\" content=\"https:\/\/oncoalicia.com\/pt-br\/mitos-e-crencas-alimentares-relacionados-ao-cancer\/\" \/>\n<meta property=\"og:site_name\" content=\"Oncoalicia\" \/>\n<meta property=\"article:modified_time\" content=\"2025-06-17T10:52:30+00:00\" \/>\n<meta property=\"og:image\" content=\"https:\/\/oncoalicia.com\/wp-content\/uploads\/2021\/12\/Asset-3.png\" \/>\n\t<meta property=\"og:image:width\" content=\"300\" \/>\n\t<meta property=\"og:image:height\" content=\"300\" \/>\n\t<meta property=\"og:image:type\" content=\"image\/png\" \/>\n<meta name=\"twitter:card\" content=\"summary_large_image\" \/>\n<meta name=\"twitter:label1\" content=\"Est. tempo de leitura\" \/>\n\t<meta name=\"twitter:data1\" content=\"2 minutos\" \/>\n<script type=\"application\/ld+json\" class=\"yoast-schema-graph\">{\"@context\":\"https:\/\/schema.org\",\"@graph\":[{\"@type\":\"WebPage\",\"@id\":\"https:\/\/oncoalicia.com\/pt-br\/mitos-e-crencas-alimentares-relacionados-ao-cancer\/\",\"url\":\"https:\/\/oncoalicia.com\/pt-br\/mitos-e-crencas-alimentares-relacionados-ao-cancer\/\",\"name\":\"Mitos e cren\u00e7as alimentares relacionados ao c\u00e2ncer - Oncoalicia\",\"isPartOf\":{\"@id\":\"https:\/\/oncoalicia.com\/pt-br\/#website\"},\"datePublished\":\"2021-09-13T16:29:04+00:00\",\"dateModified\":\"2025-06-17T10:52:30+00:00\",\"description\":\"O novo projeto analisa com rigor cient\u00edfico os mitos e cren\u00e7as alimentares relacionadas ao tratamento do c\u00e2ncer.\",\"breadcrumb\":{\"@id\":\"https:\/\/oncoalicia.com\/pt-br\/mitos-e-crencas-alimentares-relacionados-ao-cancer\/#breadcrumb\"},\"inLanguage\":\"pt-BR\",\"potentialAction\":[{\"@type\":\"ReadAction\",\"target\":[\"https:\/\/oncoalicia.com\/pt-br\/mitos-e-crencas-alimentares-relacionados-ao-cancer\/\"]}]},{\"@type\":\"BreadcrumbList\",\"@id\":\"https:\/\/oncoalicia.com\/pt-br\/mitos-e-crencas-alimentares-relacionados-ao-cancer\/#breadcrumb\",\"itemListElement\":[{\"@type\":\"ListItem\",\"position\":1,\"name\":\"Portada\",\"item\":\"https:\/\/oncoalicia.com\/pt-br\/\"},{\"@type\":\"ListItem\",\"position\":2,\"name\":\"Mitos e cren\u00e7as alimentares relacionados ao c\u00e2ncer\"}]},{\"@type\":\"WebSite\",\"@id\":\"https:\/\/oncoalicia.com\/pt-br\/#website\",\"url\":\"https:\/\/oncoalicia.com\/pt-br\/\",\"name\":\"Oncoal\u00edcia\",\"description\":\"Comer durante el Tratamiento del C\u00e1ncer\",\"publisher\":{\"@id\":\"https:\/\/oncoalicia.com\/pt-br\/#organization\"},\"alternateName\":\"Oncoal\u00edcia | Comer durante el Tratamiento del C\u00e1ncer\",\"potentialAction\":[{\"@type\":\"SearchAction\",\"target\":{\"@type\":\"EntryPoint\",\"urlTemplate\":\"https:\/\/oncoalicia.com\/pt-br\/?s={search_term_string}\"},\"query-input\":{\"@type\":\"PropertyValueSpecification\",\"valueRequired\":true,\"valueName\":\"search_term_string\"}}],\"inLanguage\":\"pt-BR\"},{\"@type\":\"Organization\",\"@id\":\"https:\/\/oncoalicia.com\/pt-br\/#organization\",\"name\":\"Oncoal\u00edcia\",\"alternateName\":\"Oncoal\u00edcia | Comer durante el Tratamiento del C\u00e1ncer\",\"url\":\"https:\/\/oncoalicia.com\/pt-br\/\",\"logo\":{\"@type\":\"ImageObject\",\"inLanguage\":\"pt-BR\",\"@id\":\"https:\/\/oncoalicia.com\/pt-br\/#\/schema\/logo\/image\/\",\"url\":\"https:\/\/oncoalicia.com\/wp-content\/uploads\/2022\/11\/logo_rrss.png\",\"contentUrl\":\"https:\/\/oncoalicia.com\/wp-content\/uploads\/2022\/11\/logo_rrss.png\",\"width\":300,\"height\":300,\"caption\":\"Oncoal\u00edcia\"},\"image\":{\"@id\":\"https:\/\/oncoalicia.com\/pt-br\/#\/schema\/logo\/image\/\"}}]}<\/script>\n<!-- \/ Yoast SEO plugin. -->","yoast_head_json":{"title":"Mitos e cren\u00e7as alimentares relacionados ao c\u00e2ncer - Oncoalicia","description":"O novo projeto analisa com rigor cient\u00edfico os mitos e cren\u00e7as alimentares relacionadas ao tratamento do c\u00e2ncer.","robots":{"index":"index","follow":"follow","max-snippet":"max-snippet:-1","max-image-preview":"max-image-preview:large","max-video-preview":"max-video-preview:-1"},"canonical":"https:\/\/oncoalicia.com\/pt-br\/mitos-e-crencas-alimentares-relacionados-ao-cancer\/","og_locale":"pt_BR","og_type":"article","og_title":"Mitos e cren\u00e7as alimentares relacionados ao c\u00e2ncer - Oncoalicia","og_description":"O novo projeto analisa com rigor cient\u00edfico os mitos e cren\u00e7as alimentares relacionadas ao tratamento do c\u00e2ncer.","og_url":"https:\/\/oncoalicia.com\/pt-br\/mitos-e-crencas-alimentares-relacionados-ao-cancer\/","og_site_name":"Oncoalicia","article_modified_time":"2025-06-17T10:52:30+00:00","og_image":[{"width":300,"height":300,"url":"https:\/\/oncoalicia.com\/wp-content\/uploads\/2021\/12\/Asset-3.png","type":"image\/png"}],"twitter_card":"summary_large_image","twitter_misc":{"Est. tempo de leitura":"2 minutos"},"schema":{"@context":"https:\/\/schema.org","@graph":[{"@type":"WebPage","@id":"https:\/\/oncoalicia.com\/pt-br\/mitos-e-crencas-alimentares-relacionados-ao-cancer\/","url":"https:\/\/oncoalicia.com\/pt-br\/mitos-e-crencas-alimentares-relacionados-ao-cancer\/","name":"Mitos e cren\u00e7as alimentares relacionados ao c\u00e2ncer - Oncoalicia","isPartOf":{"@id":"https:\/\/oncoalicia.com\/pt-br\/#website"},"datePublished":"2021-09-13T16:29:04+00:00","dateModified":"2025-06-17T10:52:30+00:00","description":"O novo projeto analisa com rigor cient\u00edfico os mitos e cren\u00e7as alimentares relacionadas ao tratamento do c\u00e2ncer.","breadcrumb":{"@id":"https:\/\/oncoalicia.com\/pt-br\/mitos-e-crencas-alimentares-relacionados-ao-cancer\/#breadcrumb"},"inLanguage":"pt-BR","potentialAction":[{"@type":"ReadAction","target":["https:\/\/oncoalicia.com\/pt-br\/mitos-e-crencas-alimentares-relacionados-ao-cancer\/"]}]},{"@type":"BreadcrumbList","@id":"https:\/\/oncoalicia.com\/pt-br\/mitos-e-crencas-alimentares-relacionados-ao-cancer\/#breadcrumb","itemListElement":[{"@type":"ListItem","position":1,"name":"Portada","item":"https:\/\/oncoalicia.com\/pt-br\/"},{"@type":"ListItem","position":2,"name":"Mitos e cren\u00e7as alimentares relacionados ao c\u00e2ncer"}]},{"@type":"WebSite","@id":"https:\/\/oncoalicia.com\/pt-br\/#website","url":"https:\/\/oncoalicia.com\/pt-br\/","name":"Oncoal\u00edcia","description":"Comer durante el Tratamiento del C\u00e1ncer","publisher":{"@id":"https:\/\/oncoalicia.com\/pt-br\/#organization"},"alternateName":"Oncoal\u00edcia | Comer durante el Tratamiento del C\u00e1ncer","potentialAction":[{"@type":"SearchAction","target":{"@type":"EntryPoint","urlTemplate":"https:\/\/oncoalicia.com\/pt-br\/?s={search_term_string}"},"query-input":{"@type":"PropertyValueSpecification","valueRequired":true,"valueName":"search_term_string"}}],"inLanguage":"pt-BR"},{"@type":"Organization","@id":"https:\/\/oncoalicia.com\/pt-br\/#organization","name":"Oncoal\u00edcia","alternateName":"Oncoal\u00edcia | Comer durante el Tratamiento del C\u00e1ncer","url":"https:\/\/oncoalicia.com\/pt-br\/","logo":{"@type":"ImageObject","inLanguage":"pt-BR","@id":"https:\/\/oncoalicia.com\/pt-br\/#\/schema\/logo\/image\/","url":"https:\/\/oncoalicia.com\/wp-content\/uploads\/2022\/11\/logo_rrss.png","contentUrl":"https:\/\/oncoalicia.com\/wp-content\/uploads\/2022\/11\/logo_rrss.png","width":300,"height":300,"caption":"Oncoal\u00edcia"},"image":{"@id":"https:\/\/oncoalicia.com\/pt-br\/#\/schema\/logo\/image\/"}}]}},"_links":{"self":[{"href":"https:\/\/oncoalicia.com\/pt-br\/wp-json\/wp\/v2\/pages\/6164","targetHints":{"allow":["GET"]}}],"collection":[{"href":"https:\/\/oncoalicia.com\/pt-br\/wp-json\/wp\/v2\/pages"}],"about":[{"href":"https:\/\/oncoalicia.com\/pt-br\/wp-json\/wp\/v2\/types\/page"}],"author":[{"embeddable":true,"href":"https:\/\/oncoalicia.com\/pt-br\/wp-json\/wp\/v2\/users\/2"}],"replies":[{"embeddable":true,"href":"https:\/\/oncoalicia.com\/pt-br\/wp-json\/wp\/v2\/comments?post=6164"}],"version-history":[{"count":0,"href":"https:\/\/oncoalicia.com\/pt-br\/wp-json\/wp\/v2\/pages\/6164\/revisions"}],"wp:attachment":[{"href":"https:\/\/oncoalicia.com\/pt-br\/wp-json\/wp\/v2\/media?parent=6164"}],"curies":[{"name":"wp","href":"https:\/\/api.w.org\/{rel}","templated":true}]}}