{"id":6499,"date":"2021-12-12T14:31:53","date_gmt":"2021-12-12T14:31:53","guid":{"rendered":"https:\/\/oncoalicia.com\/?page_id=6499"},"modified":"2025-07-08T07:10:04","modified_gmt":"2025-07-08T07:10:04","slug":"efeitos-secundarios","status":"publish","type":"page","link":"https:\/\/oncoalicia.com\/pt-br\/efeitos-secundarios\/","title":{"rendered":"Alimenta\u00e7\u00e3o e os efeitos colaterais do tratamento oncol\u00f3gico"},"content":{"rendered":"<p style=\"text-align: left;\">Os principais tratamentos utilizados na luta contra o c\u00e2ncer (cirurgia, quimioterapia, radioterapia, terapia biol\u00f3gica ou imunoterapia, terapia hormonal e uma combina\u00e7\u00e3o destes) podem ter como consequ\u00eancias diferentes efeitos colaterais que comprometem a alimenta\u00e7\u00e3o, podendo aparecer em momentos distintos e com maior ou menor intensidade ou dura\u00e7\u00e3o.<\/p>\n<p style=\"text-align: left;\">Para garantir uma alimenta\u00e7\u00e3o adequada, al\u00e9m de considerar as <a href=\"https:\/\/oncoalicia.com\/pt-br\/recomendacoes-gerais\/\">recomenda\u00e7\u00f5es gerais de uma alimenta\u00e7\u00e3o equilibrada durante o tratamento<\/a>, esta dever\u00e1 ser adaptada aos efeitos colaterais que possam aparecer.<\/p>\n<p style=\"text-align: left;\">Uma vez que cada tipo de c\u00e2ncer e seus tratamentos podem levar ao aparecimento de efeitos secund\u00e1rios e sintomas espec\u00edficos, recomenda-se consultar, inicialmente, a se\u00e7\u00e3o espec\u00edfica para cada tipo de tumor. Caso o <a href=\"https:\/\/oncoalicia.com\/pt-br\/tipos-de-cancer\/\">tipo de tumor<\/a> a ser consultado ainda n\u00e3o tenha sua se\u00e7\u00e3o, nesta parte voc\u00ea encontrar\u00e1 informa\u00e7\u00f5es sobre os efeitos colaterais mais comuns e frequentes durante o tratamento do c\u00e2ncer e as principais estrat\u00e9gias diet\u00e9tico-culin\u00e1rias que ajudar\u00e3o a enfrent\u00e1-los.<\/p>\n","protected":false},"excerpt":{"rendered":"<p>Os principais tratamentos utilizados na luta contra o c\u00e2ncer (cirurgia, quimioterapia, radioterapia, terapia biol\u00f3gica ou imunoterapia, terapia hormonal e uma combina\u00e7\u00e3o destes) podem ter como consequ\u00eancias diferentes efeitos colaterais que comprometem a alimenta\u00e7\u00e3o, podendo aparecer em momentos distintos e com maior ou menor intensidade ou dura\u00e7\u00e3o. Para garantir uma alimenta\u00e7\u00e3o adequada, al\u00e9m de considerar as&hellip; <a class=\"more-link\" href=\"https:\/\/oncoalicia.com\/pt-br\/efeitos-secundarios\/\">Continue reading <span class=\"screen-reader-text\">Alimenta\u00e7\u00e3o e os efeitos colaterais do tratamento oncol\u00f3gico<\/span><\/a><\/p>\n","protected":false},"author":2,"featured_media":0,"parent":0,"menu_order":0,"comment_status":"closed","ping_status":"closed","template":"efectos-secundarios.php","meta":{"footnotes":""},"class_list":["post-6499","page","type-page","status-publish","hentry","entry"],"yoast_head":"<!-- This site is optimized with the Yoast SEO plugin v26.9 - https:\/\/yoast.com\/product\/yoast-seo-wordpress\/ -->\n<title>Nutri\u00e7\u00e3o e efeitos colaterais durante o tratamento do c\u00e2ncer - Oncoalicia<\/title>\n<meta name=\"description\" content=\"Oferecemos estrat\u00e9gias alimentares e culin\u00e1rias para ajudar a lidar com os efeitos colaterais durante o tratamento do c\u00e2ncer.\" \/>\n<meta name=\"robots\" content=\"index, follow, max-snippet:-1, max-image-preview:large, max-video-preview:-1\" \/>\n<link rel=\"canonical\" href=\"https:\/\/oncoalicia.com\/pt-br\/efeitos-secundarios\/\" \/>\n<meta property=\"og:locale\" content=\"pt_BR\" \/>\n<meta property=\"og:type\" content=\"article\" \/>\n<meta property=\"og:title\" content=\"Nutri\u00e7\u00e3o e efeitos colaterais durante o tratamento do c\u00e2ncer - Oncoalicia\" \/>\n<meta property=\"og:description\" content=\"Oferecemos estrat\u00e9gias alimentares e culin\u00e1rias para ajudar a lidar com os efeitos colaterais durante o tratamento do c\u00e2ncer.\" \/>\n<meta property=\"og:url\" content=\"https:\/\/oncoalicia.com\/pt-br\/efeitos-secundarios\/\" \/>\n<meta property=\"og:site_name\" content=\"Oncoalicia\" \/>\n<meta property=\"article:modified_time\" content=\"2025-07-08T07:10:04+00:00\" \/>\n<meta property=\"og:image\" content=\"https:\/\/oncoalicia.com\/wp-content\/uploads\/2021\/12\/Asset-3.png\" \/>\n\t<meta property=\"og:image:width\" content=\"300\" \/>\n\t<meta property=\"og:image:height\" content=\"300\" \/>\n\t<meta property=\"og:image:type\" content=\"image\/png\" \/>\n<meta name=\"twitter:card\" content=\"summary_large_image\" \/>\n<meta name=\"twitter:label1\" content=\"Est. tempo de leitura\" \/>\n\t<meta name=\"twitter:data1\" content=\"1 minuto\" \/>\n<script type=\"application\/ld+json\" class=\"yoast-schema-graph\">{\"@context\":\"https:\/\/schema.org\",\"@graph\":[{\"@type\":\"WebPage\",\"@id\":\"https:\/\/oncoalicia.com\/pt-br\/efeitos-secundarios\/\",\"url\":\"https:\/\/oncoalicia.com\/pt-br\/efeitos-secundarios\/\",\"name\":\"Nutri\u00e7\u00e3o e efeitos colaterais durante o tratamento do c\u00e2ncer - Oncoalicia\",\"isPartOf\":{\"@id\":\"https:\/\/oncoalicia.com\/pt-br\/#website\"},\"datePublished\":\"2021-12-12T14:31:53+00:00\",\"dateModified\":\"2025-07-08T07:10:04+00:00\",\"description\":\"Oferecemos estrat\u00e9gias alimentares e culin\u00e1rias para ajudar a lidar com os efeitos colaterais durante o tratamento do c\u00e2ncer.\",\"breadcrumb\":{\"@id\":\"https:\/\/oncoalicia.com\/pt-br\/efeitos-secundarios\/#breadcrumb\"},\"inLanguage\":\"pt-BR\",\"potentialAction\":[{\"@type\":\"ReadAction\",\"target\":[\"https:\/\/oncoalicia.com\/pt-br\/efeitos-secundarios\/\"]}]},{\"@type\":\"BreadcrumbList\",\"@id\":\"https:\/\/oncoalicia.com\/pt-br\/efeitos-secundarios\/#breadcrumb\",\"itemListElement\":[{\"@type\":\"ListItem\",\"position\":1,\"name\":\"Portada\",\"item\":\"https:\/\/oncoalicia.com\/pt-br\/\"},{\"@type\":\"ListItem\",\"position\":2,\"name\":\"Alimenta\u00e7\u00e3o e os efeitos colaterais do tratamento oncol\u00f3gico\"}]},{\"@type\":\"WebSite\",\"@id\":\"https:\/\/oncoalicia.com\/pt-br\/#website\",\"url\":\"https:\/\/oncoalicia.com\/pt-br\/\",\"name\":\"Oncoal\u00edcia\",\"description\":\"Comer durante el Tratamiento del C\u00e1ncer\",\"publisher\":{\"@id\":\"https:\/\/oncoalicia.com\/pt-br\/#organization\"},\"alternateName\":\"Oncoal\u00edcia | Comer durante el Tratamiento del C\u00e1ncer\",\"potentialAction\":[{\"@type\":\"SearchAction\",\"target\":{\"@type\":\"EntryPoint\",\"urlTemplate\":\"https:\/\/oncoalicia.com\/pt-br\/?s={search_term_string}\"},\"query-input\":{\"@type\":\"PropertyValueSpecification\",\"valueRequired\":true,\"valueName\":\"search_term_string\"}}],\"inLanguage\":\"pt-BR\"},{\"@type\":\"Organization\",\"@id\":\"https:\/\/oncoalicia.com\/pt-br\/#organization\",\"name\":\"Oncoal\u00edcia\",\"alternateName\":\"Oncoal\u00edcia | Comer durante el Tratamiento del C\u00e1ncer\",\"url\":\"https:\/\/oncoalicia.com\/pt-br\/\",\"logo\":{\"@type\":\"ImageObject\",\"inLanguage\":\"pt-BR\",\"@id\":\"https:\/\/oncoalicia.com\/pt-br\/#\/schema\/logo\/image\/\",\"url\":\"https:\/\/oncoalicia.com\/wp-content\/uploads\/2022\/11\/logo_rrss.png\",\"contentUrl\":\"https:\/\/oncoalicia.com\/wp-content\/uploads\/2022\/11\/logo_rrss.png\",\"width\":300,\"height\":300,\"caption\":\"Oncoal\u00edcia\"},\"image\":{\"@id\":\"https:\/\/oncoalicia.com\/pt-br\/#\/schema\/logo\/image\/\"}}]}<\/script>\n<!-- \/ Yoast SEO plugin. -->","yoast_head_json":{"title":"Nutri\u00e7\u00e3o e efeitos colaterais durante o tratamento do c\u00e2ncer - Oncoalicia","description":"Oferecemos estrat\u00e9gias alimentares e culin\u00e1rias para ajudar a lidar com os efeitos colaterais durante o tratamento do c\u00e2ncer.","robots":{"index":"index","follow":"follow","max-snippet":"max-snippet:-1","max-image-preview":"max-image-preview:large","max-video-preview":"max-video-preview:-1"},"canonical":"https:\/\/oncoalicia.com\/pt-br\/efeitos-secundarios\/","og_locale":"pt_BR","og_type":"article","og_title":"Nutri\u00e7\u00e3o e efeitos colaterais durante o tratamento do c\u00e2ncer - Oncoalicia","og_description":"Oferecemos estrat\u00e9gias alimentares e culin\u00e1rias para ajudar a lidar com os efeitos colaterais durante o tratamento do c\u00e2ncer.","og_url":"https:\/\/oncoalicia.com\/pt-br\/efeitos-secundarios\/","og_site_name":"Oncoalicia","article_modified_time":"2025-07-08T07:10:04+00:00","og_image":[{"width":300,"height":300,"url":"https:\/\/oncoalicia.com\/wp-content\/uploads\/2021\/12\/Asset-3.png","type":"image\/png"}],"twitter_card":"summary_large_image","twitter_misc":{"Est. tempo de leitura":"1 minuto"},"schema":{"@context":"https:\/\/schema.org","@graph":[{"@type":"WebPage","@id":"https:\/\/oncoalicia.com\/pt-br\/efeitos-secundarios\/","url":"https:\/\/oncoalicia.com\/pt-br\/efeitos-secundarios\/","name":"Nutri\u00e7\u00e3o e efeitos colaterais durante o tratamento do c\u00e2ncer - Oncoalicia","isPartOf":{"@id":"https:\/\/oncoalicia.com\/pt-br\/#website"},"datePublished":"2021-12-12T14:31:53+00:00","dateModified":"2025-07-08T07:10:04+00:00","description":"Oferecemos estrat\u00e9gias alimentares e culin\u00e1rias para ajudar a lidar com os efeitos colaterais durante o tratamento do c\u00e2ncer.","breadcrumb":{"@id":"https:\/\/oncoalicia.com\/pt-br\/efeitos-secundarios\/#breadcrumb"},"inLanguage":"pt-BR","potentialAction":[{"@type":"ReadAction","target":["https:\/\/oncoalicia.com\/pt-br\/efeitos-secundarios\/"]}]},{"@type":"BreadcrumbList","@id":"https:\/\/oncoalicia.com\/pt-br\/efeitos-secundarios\/#breadcrumb","itemListElement":[{"@type":"ListItem","position":1,"name":"Portada","item":"https:\/\/oncoalicia.com\/pt-br\/"},{"@type":"ListItem","position":2,"name":"Alimenta\u00e7\u00e3o e os efeitos colaterais do tratamento oncol\u00f3gico"}]},{"@type":"WebSite","@id":"https:\/\/oncoalicia.com\/pt-br\/#website","url":"https:\/\/oncoalicia.com\/pt-br\/","name":"Oncoal\u00edcia","description":"Comer durante el Tratamiento del C\u00e1ncer","publisher":{"@id":"https:\/\/oncoalicia.com\/pt-br\/#organization"},"alternateName":"Oncoal\u00edcia | Comer durante el Tratamiento del C\u00e1ncer","potentialAction":[{"@type":"SearchAction","target":{"@type":"EntryPoint","urlTemplate":"https:\/\/oncoalicia.com\/pt-br\/?s={search_term_string}"},"query-input":{"@type":"PropertyValueSpecification","valueRequired":true,"valueName":"search_term_string"}}],"inLanguage":"pt-BR"},{"@type":"Organization","@id":"https:\/\/oncoalicia.com\/pt-br\/#organization","name":"Oncoal\u00edcia","alternateName":"Oncoal\u00edcia | Comer durante el Tratamiento del C\u00e1ncer","url":"https:\/\/oncoalicia.com\/pt-br\/","logo":{"@type":"ImageObject","inLanguage":"pt-BR","@id":"https:\/\/oncoalicia.com\/pt-br\/#\/schema\/logo\/image\/","url":"https:\/\/oncoalicia.com\/wp-content\/uploads\/2022\/11\/logo_rrss.png","contentUrl":"https:\/\/oncoalicia.com\/wp-content\/uploads\/2022\/11\/logo_rrss.png","width":300,"height":300,"caption":"Oncoal\u00edcia"},"image":{"@id":"https:\/\/oncoalicia.com\/pt-br\/#\/schema\/logo\/image\/"}}]}},"_links":{"self":[{"href":"https:\/\/oncoalicia.com\/pt-br\/wp-json\/wp\/v2\/pages\/6499","targetHints":{"allow":["GET"]}}],"collection":[{"href":"https:\/\/oncoalicia.com\/pt-br\/wp-json\/wp\/v2\/pages"}],"about":[{"href":"https:\/\/oncoalicia.com\/pt-br\/wp-json\/wp\/v2\/types\/page"}],"author":[{"embeddable":true,"href":"https:\/\/oncoalicia.com\/pt-br\/wp-json\/wp\/v2\/users\/2"}],"replies":[{"embeddable":true,"href":"https:\/\/oncoalicia.com\/pt-br\/wp-json\/wp\/v2\/comments?post=6499"}],"version-history":[{"count":0,"href":"https:\/\/oncoalicia.com\/pt-br\/wp-json\/wp\/v2\/pages\/6499\/revisions"}],"wp:attachment":[{"href":"https:\/\/oncoalicia.com\/pt-br\/wp-json\/wp\/v2\/media?parent=6499"}],"curies":[{"name":"wp","href":"https:\/\/api.w.org\/{rel}","templated":true}]}}