{"id":6523,"date":"2021-12-18T04:52:58","date_gmt":"2021-12-18T04:52:58","guid":{"rendered":"https:\/\/oncoalicia.com\/?page_id=6523"},"modified":"2025-06-17T10:54:54","modified_gmt":"2025-06-17T10:54:54","slug":"tipos-de-cancer","status":"publish","type":"page","link":"https:\/\/oncoalicia.com\/pt-br\/tipos-de-cancer\/","title":{"rendered":"Tipos de c\u00e2ncer"},"content":{"rendered":"<div class=\"row\">\n<div class=\"col-md-12 subtitle-mitos text-left\">\n<p>A evid\u00eancia cient\u00edfica indica que a alimenta\u00e7\u00e3o das pessoas com c\u00e2ncer deve ser saud\u00e1vel e equilibrada, e deve conter alimentos de todos os grupos e na quantidade e frequ\u00eancia adequadas, e essas orienta\u00e7\u00f5es se encontram na se\u00e7\u00e3o <a href=\"\/pt-br\/recomendacoes-gerais\/\">\u201cRecomenda\u00e7\u00f5es gerais sobre a alimenta\u00e7\u00e3o durante o tratamento de c\u00e2ncer\u201d.<\/a><\/p>\n<p>Contudo, embora as recomenda\u00e7\u00f5es b\u00e1sicas possam ser semelhantes, cada tipo de tumor pode afet\u00e1-lo de maneira diferente e comprometer a alimenta\u00e7\u00e3o em maior ou menor grau. Isso depende da localiza\u00e7\u00e3o do tumor, dos sintomas e inc\u00f4modos que este provoca, bem como os efeitos colaterais e consequ\u00eancias dos tratamentos recebidos. Aqui se encontra informa\u00e7\u00e3o adicional para alguns tipos de tumores. Continuamos desenvolvendo informa\u00e7\u00e3o para incorporar novos tumores e, dessa forma, ir ampliando esta se\u00e7\u00e3o. Caso seu tumor n\u00e3o se encontre entre os seguintes, voc\u00ea pode consultar os quadros de efeitos colaterais para saber como adaptar as recomenda\u00e7\u00f5es gerais sobre alimenta\u00e7\u00e3o aos efeitos colaterais mais comuns e frequentes do tratamento de c\u00e2ncer.\n<\/p><\/div>\n<\/p><\/div>\n<div class=\"row cancer-space\">\n<div class=\"col-md-12 text-center\">\n<div class=\"selector-cancer\" style=\"border-right:1px solid #FF6600\">\n                    <a href=\"https:\/\/oncoalicia.com\/pt-br\/tipos-de-cancer\/mama\/\"><br \/>\n                        <img decoding=\"async\" class=\"img-fluid\" src=\"http:\/\/oncoalicia.com\/wp-content\/uploads\/2023\/01\/mama.png\" width=\"200\"><br \/>\n                        <span>Mama <i class=\"fa fa-angle-right\" aria-hidden=\"true\"><\/i><\/span><br \/>\n                    <\/a>\n                <\/div>\n<div class=\"selector-cancer\" style=\"border-right:1px solid #FF6600\">\n                    <a href=\"https:\/\/oncoalicia.com\/pt-br\/tipos-de-cancer\/cabeca-e-pescoco\/\"><br \/>\n                        <img decoding=\"async\" class=\"img-fluid\" src=\"http:\/\/oncoalicia.com\/wp-content\/uploads\/2023\/01\/cabeza.png\" width=\"200\"><br \/>\n                        <span>CABE\u00c7A E PESCO\u00c7O <i class=\"fa fa-angle-right\" aria-hidden=\"true\"><\/i><\/span><br \/>\n                    <\/a>\n                <\/div>\n<div class=\"selector-cancer\">\n                    <a href=\"https:\/\/oncoalicia.com\/pt-br\/tipos-de-cancer\/colorretal\/\"><br \/>\n                        <img decoding=\"async\" class=\"img-fluid\" src=\"http:\/\/oncoalicia.com\/wp-content\/uploads\/2023\/01\/colon.png\" width=\"200\"><br \/>\n                        <span>C\u00d3LON <i class=\"fa fa-angle-right\" aria-hidden=\"true\"><\/i><\/span><br \/>\n                    <\/a>\n                <\/div>\n<\/p><\/div>\n<div class=\"col-md-12 text-center\" style=\"margin-top:10px;\">\n<div class=\"selector-cancer\" style=\"border-right:1px solid #FF6600\">\n                    <a href=\"https:\/\/oncoalicia.com\/pt-br\/tipos-de-cancer\/pulmao\/\"><br \/>\n                        <img decoding=\"async\" class=\"img-fluid\" src=\"http:\/\/oncoalicia.com\/wp-content\/uploads\/2023\/01\/pulmon.png\" width=\"200\"><br \/>\n                        <span>PULM\u00c3O <i class=\"fa fa-angle-right\" aria-hidden=\"true\"><\/i><\/span><br \/>\n                    <\/a>\n                <\/div>\n<div class=\"selector-cancer\" style=\"border-right:1px solid #FF6600\">\n                    <a href=\"https:\/\/oncoalicia.com\/pt-br\/tipos-de-cancer\/prostata\/\"><br \/>\n                        <img decoding=\"async\" class=\"img-fluid\" src=\"http:\/\/oncoalicia.com\/wp-content\/uploads\/2023\/01\/prostata.png\" width=\"200\"><br \/>\n                        <span>PR\u00d3STATA <i class=\"fa fa-angle-right\" aria-hidden=\"true\"><\/i><\/span><br \/>\n                    <\/a>\n                <\/div>\n<div class=\"selector-cancer\">\n                    <a href=\"https:\/\/oncoalicia.com\/pt-br\/tipos-de-cancer\/outros-tipos-de-cancer\/\"><br \/>\n                        <img decoding=\"async\" class=\"img-fluid\" src=\"http:\/\/oncoalicia.com\/wp-content\/uploads\/2023\/01\/othercancer.png\" width=\"120\" style=\"padding-bottom: 30px;\"><br \/>\n                        <span style=\"color: #FF6600;\">OUTROS TIPOS DE C\u00c2NCER <i class=\"fa fa-angle-right\" aria-hidden=\"true\"><\/i><\/span><br \/>\n                    <\/a>\n                <\/div>\n<\/p><\/div>\n<\/p><\/div>\n","protected":false},"excerpt":{"rendered":"<p>A evid\u00eancia cient\u00edfica indica que a alimenta\u00e7\u00e3o das pessoas com c\u00e2ncer deve ser saud\u00e1vel e equilibrada, e deve conter alimentos de todos os grupos e na quantidade e frequ\u00eancia adequadas, e essas orienta\u00e7\u00f5es se encontram na se\u00e7\u00e3o \u201cRecomenda\u00e7\u00f5es gerais sobre a alimenta\u00e7\u00e3o durante o tratamento de c\u00e2ncer\u201d. Contudo, embora as recomenda\u00e7\u00f5es b\u00e1sicas possam ser semelhantes,&hellip; <a class=\"more-link\" href=\"https:\/\/oncoalicia.com\/pt-br\/tipos-de-cancer\/\">Continue reading <span class=\"screen-reader-text\">Tipos de c\u00e2ncer<\/span><\/a><\/p>\n","protected":false},"author":2,"featured_media":0,"parent":0,"menu_order":0,"comment_status":"closed","ping_status":"closed","template":"Tiposdecancer.php","meta":{"footnotes":""},"class_list":["post-6523","page","type-page","status-publish","hentry","entry"],"yoast_head":"<!-- This site is optimized with the Yoast SEO plugin v26.9 - https:\/\/yoast.com\/product\/yoast-seo-wordpress\/ -->\n<title>Dicas e recomenda\u00e7\u00f5es nutricionais de acordo com o tipo de tumor - Oncoalicia<\/title>\n<meta name=\"description\" content=\"Oferecemos orienta\u00e7\u00f5es nutricionais e culin\u00e1rias adaptadas aos diferentes tipos de tumores e aos seus efeitos colaterais.\" \/>\n<meta name=\"robots\" content=\"index, follow, max-snippet:-1, max-image-preview:large, max-video-preview:-1\" \/>\n<link rel=\"canonical\" href=\"https:\/\/oncoalicia.com\/pt-br\/tipos-de-cancer\/\" \/>\n<meta property=\"og:locale\" content=\"pt_BR\" \/>\n<meta property=\"og:type\" content=\"article\" \/>\n<meta property=\"og:title\" content=\"Dicas e recomenda\u00e7\u00f5es nutricionais de acordo com o tipo de tumor - Oncoalicia\" \/>\n<meta property=\"og:description\" content=\"Oferecemos orienta\u00e7\u00f5es nutricionais e culin\u00e1rias adaptadas aos diferentes tipos de tumores e aos seus efeitos colaterais.\" \/>\n<meta property=\"og:url\" content=\"https:\/\/oncoalicia.com\/pt-br\/tipos-de-cancer\/\" \/>\n<meta property=\"og:site_name\" content=\"Oncoalicia\" \/>\n<meta property=\"article:modified_time\" content=\"2025-06-17T10:54:54+00:00\" \/>\n<meta property=\"og:image\" content=\"http:\/\/oncoalicia.com\/wp-content\/uploads\/2023\/01\/mama.png\" \/>\n<meta name=\"twitter:card\" content=\"summary_large_image\" \/>\n<meta name=\"twitter:label1\" content=\"Est. tempo de leitura\" \/>\n\t<meta name=\"twitter:data1\" content=\"3 minutos\" \/>\n<script type=\"application\/ld+json\" class=\"yoast-schema-graph\">{\"@context\":\"https:\/\/schema.org\",\"@graph\":[{\"@type\":\"WebPage\",\"@id\":\"https:\/\/oncoalicia.com\/pt-br\/tipos-de-cancer\/\",\"url\":\"https:\/\/oncoalicia.com\/pt-br\/tipos-de-cancer\/\",\"name\":\"Dicas e recomenda\u00e7\u00f5es nutricionais de acordo com o tipo de tumor - Oncoalicia\",\"isPartOf\":{\"@id\":\"https:\/\/oncoalicia.com\/pt-br\/#website\"},\"primaryImageOfPage\":{\"@id\":\"https:\/\/oncoalicia.com\/pt-br\/tipos-de-cancer\/#primaryimage\"},\"image\":{\"@id\":\"https:\/\/oncoalicia.com\/pt-br\/tipos-de-cancer\/#primaryimage\"},\"thumbnailUrl\":\"http:\/\/oncoalicia.com\/wp-content\/uploads\/2023\/01\/mama.png\",\"datePublished\":\"2021-12-18T04:52:58+00:00\",\"dateModified\":\"2025-06-17T10:54:54+00:00\",\"description\":\"Oferecemos orienta\u00e7\u00f5es nutricionais e culin\u00e1rias adaptadas aos diferentes tipos de tumores e aos seus efeitos colaterais.\",\"breadcrumb\":{\"@id\":\"https:\/\/oncoalicia.com\/pt-br\/tipos-de-cancer\/#breadcrumb\"},\"inLanguage\":\"pt-BR\",\"potentialAction\":[{\"@type\":\"ReadAction\",\"target\":[\"https:\/\/oncoalicia.com\/pt-br\/tipos-de-cancer\/\"]}]},{\"@type\":\"ImageObject\",\"inLanguage\":\"pt-BR\",\"@id\":\"https:\/\/oncoalicia.com\/pt-br\/tipos-de-cancer\/#primaryimage\",\"url\":\"http:\/\/oncoalicia.com\/wp-content\/uploads\/2023\/01\/mama.png\",\"contentUrl\":\"http:\/\/oncoalicia.com\/wp-content\/uploads\/2023\/01\/mama.png\"},{\"@type\":\"BreadcrumbList\",\"@id\":\"https:\/\/oncoalicia.com\/pt-br\/tipos-de-cancer\/#breadcrumb\",\"itemListElement\":[{\"@type\":\"ListItem\",\"position\":1,\"name\":\"Portada\",\"item\":\"https:\/\/oncoalicia.com\/pt-br\/\"},{\"@type\":\"ListItem\",\"position\":2,\"name\":\"Tipos de c\u00e2ncer\"}]},{\"@type\":\"WebSite\",\"@id\":\"https:\/\/oncoalicia.com\/pt-br\/#website\",\"url\":\"https:\/\/oncoalicia.com\/pt-br\/\",\"name\":\"Oncoal\u00edcia\",\"description\":\"Comer durante el Tratamiento del C\u00e1ncer\",\"publisher\":{\"@id\":\"https:\/\/oncoalicia.com\/pt-br\/#organization\"},\"alternateName\":\"Oncoal\u00edcia | Comer durante el Tratamiento del C\u00e1ncer\",\"potentialAction\":[{\"@type\":\"SearchAction\",\"target\":{\"@type\":\"EntryPoint\",\"urlTemplate\":\"https:\/\/oncoalicia.com\/pt-br\/?s={search_term_string}\"},\"query-input\":{\"@type\":\"PropertyValueSpecification\",\"valueRequired\":true,\"valueName\":\"search_term_string\"}}],\"inLanguage\":\"pt-BR\"},{\"@type\":\"Organization\",\"@id\":\"https:\/\/oncoalicia.com\/pt-br\/#organization\",\"name\":\"Oncoal\u00edcia\",\"alternateName\":\"Oncoal\u00edcia | Comer durante el Tratamiento del C\u00e1ncer\",\"url\":\"https:\/\/oncoalicia.com\/pt-br\/\",\"logo\":{\"@type\":\"ImageObject\",\"inLanguage\":\"pt-BR\",\"@id\":\"https:\/\/oncoalicia.com\/pt-br\/#\/schema\/logo\/image\/\",\"url\":\"https:\/\/oncoalicia.com\/wp-content\/uploads\/2022\/11\/logo_rrss.png\",\"contentUrl\":\"https:\/\/oncoalicia.com\/wp-content\/uploads\/2022\/11\/logo_rrss.png\",\"width\":300,\"height\":300,\"caption\":\"Oncoal\u00edcia\"},\"image\":{\"@id\":\"https:\/\/oncoalicia.com\/pt-br\/#\/schema\/logo\/image\/\"}}]}<\/script>\n<!-- \/ Yoast SEO plugin. -->","yoast_head_json":{"title":"Dicas e recomenda\u00e7\u00f5es nutricionais de acordo com o tipo de tumor - Oncoalicia","description":"Oferecemos orienta\u00e7\u00f5es nutricionais e culin\u00e1rias adaptadas aos diferentes tipos de tumores e aos seus efeitos colaterais.","robots":{"index":"index","follow":"follow","max-snippet":"max-snippet:-1","max-image-preview":"max-image-preview:large","max-video-preview":"max-video-preview:-1"},"canonical":"https:\/\/oncoalicia.com\/pt-br\/tipos-de-cancer\/","og_locale":"pt_BR","og_type":"article","og_title":"Dicas e recomenda\u00e7\u00f5es nutricionais de acordo com o tipo de tumor - Oncoalicia","og_description":"Oferecemos orienta\u00e7\u00f5es nutricionais e culin\u00e1rias adaptadas aos diferentes tipos de tumores e aos seus efeitos colaterais.","og_url":"https:\/\/oncoalicia.com\/pt-br\/tipos-de-cancer\/","og_site_name":"Oncoalicia","article_modified_time":"2025-06-17T10:54:54+00:00","og_image":[{"url":"http:\/\/oncoalicia.com\/wp-content\/uploads\/2023\/01\/mama.png","type":"","width":"","height":""}],"twitter_card":"summary_large_image","twitter_misc":{"Est. tempo de leitura":"3 minutos"},"schema":{"@context":"https:\/\/schema.org","@graph":[{"@type":"WebPage","@id":"https:\/\/oncoalicia.com\/pt-br\/tipos-de-cancer\/","url":"https:\/\/oncoalicia.com\/pt-br\/tipos-de-cancer\/","name":"Dicas e recomenda\u00e7\u00f5es nutricionais de acordo com o tipo de tumor - Oncoalicia","isPartOf":{"@id":"https:\/\/oncoalicia.com\/pt-br\/#website"},"primaryImageOfPage":{"@id":"https:\/\/oncoalicia.com\/pt-br\/tipos-de-cancer\/#primaryimage"},"image":{"@id":"https:\/\/oncoalicia.com\/pt-br\/tipos-de-cancer\/#primaryimage"},"thumbnailUrl":"http:\/\/oncoalicia.com\/wp-content\/uploads\/2023\/01\/mama.png","datePublished":"2021-12-18T04:52:58+00:00","dateModified":"2025-06-17T10:54:54+00:00","description":"Oferecemos orienta\u00e7\u00f5es nutricionais e culin\u00e1rias adaptadas aos diferentes tipos de tumores e aos seus efeitos colaterais.","breadcrumb":{"@id":"https:\/\/oncoalicia.com\/pt-br\/tipos-de-cancer\/#breadcrumb"},"inLanguage":"pt-BR","potentialAction":[{"@type":"ReadAction","target":["https:\/\/oncoalicia.com\/pt-br\/tipos-de-cancer\/"]}]},{"@type":"ImageObject","inLanguage":"pt-BR","@id":"https:\/\/oncoalicia.com\/pt-br\/tipos-de-cancer\/#primaryimage","url":"http:\/\/oncoalicia.com\/wp-content\/uploads\/2023\/01\/mama.png","contentUrl":"http:\/\/oncoalicia.com\/wp-content\/uploads\/2023\/01\/mama.png"},{"@type":"BreadcrumbList","@id":"https:\/\/oncoalicia.com\/pt-br\/tipos-de-cancer\/#breadcrumb","itemListElement":[{"@type":"ListItem","position":1,"name":"Portada","item":"https:\/\/oncoalicia.com\/pt-br\/"},{"@type":"ListItem","position":2,"name":"Tipos de c\u00e2ncer"}]},{"@type":"WebSite","@id":"https:\/\/oncoalicia.com\/pt-br\/#website","url":"https:\/\/oncoalicia.com\/pt-br\/","name":"Oncoal\u00edcia","description":"Comer durante el Tratamiento del C\u00e1ncer","publisher":{"@id":"https:\/\/oncoalicia.com\/pt-br\/#organization"},"alternateName":"Oncoal\u00edcia | Comer durante el Tratamiento del C\u00e1ncer","potentialAction":[{"@type":"SearchAction","target":{"@type":"EntryPoint","urlTemplate":"https:\/\/oncoalicia.com\/pt-br\/?s={search_term_string}"},"query-input":{"@type":"PropertyValueSpecification","valueRequired":true,"valueName":"search_term_string"}}],"inLanguage":"pt-BR"},{"@type":"Organization","@id":"https:\/\/oncoalicia.com\/pt-br\/#organization","name":"Oncoal\u00edcia","alternateName":"Oncoal\u00edcia | Comer durante el Tratamiento del C\u00e1ncer","url":"https:\/\/oncoalicia.com\/pt-br\/","logo":{"@type":"ImageObject","inLanguage":"pt-BR","@id":"https:\/\/oncoalicia.com\/pt-br\/#\/schema\/logo\/image\/","url":"https:\/\/oncoalicia.com\/wp-content\/uploads\/2022\/11\/logo_rrss.png","contentUrl":"https:\/\/oncoalicia.com\/wp-content\/uploads\/2022\/11\/logo_rrss.png","width":300,"height":300,"caption":"Oncoal\u00edcia"},"image":{"@id":"https:\/\/oncoalicia.com\/pt-br\/#\/schema\/logo\/image\/"}}]}},"_links":{"self":[{"href":"https:\/\/oncoalicia.com\/pt-br\/wp-json\/wp\/v2\/pages\/6523","targetHints":{"allow":["GET"]}}],"collection":[{"href":"https:\/\/oncoalicia.com\/pt-br\/wp-json\/wp\/v2\/pages"}],"about":[{"href":"https:\/\/oncoalicia.com\/pt-br\/wp-json\/wp\/v2\/types\/page"}],"author":[{"embeddable":true,"href":"https:\/\/oncoalicia.com\/pt-br\/wp-json\/wp\/v2\/users\/2"}],"replies":[{"embeddable":true,"href":"https:\/\/oncoalicia.com\/pt-br\/wp-json\/wp\/v2\/comments?post=6523"}],"version-history":[{"count":0,"href":"https:\/\/oncoalicia.com\/pt-br\/wp-json\/wp\/v2\/pages\/6523\/revisions"}],"wp:attachment":[{"href":"https:\/\/oncoalicia.com\/pt-br\/wp-json\/wp\/v2\/media?parent=6523"}],"curies":[{"name":"wp","href":"https:\/\/api.w.org\/{rel}","templated":true}]}}