{"id":6529,"date":"2021-12-21T02:09:11","date_gmt":"2021-12-21T02:09:11","guid":{"rendered":"https:\/\/oncoalicia.com\/?page_id=6529"},"modified":"2025-07-08T07:24:58","modified_gmt":"2025-07-08T07:24:58","slug":"mama","status":"publish","type":"page","link":"https:\/\/oncoalicia.com\/pt-br\/tipos-de-cancer\/mama\/","title":{"rendered":"Recomenda\u00e7\u00f5es alimentares durante o tratamento do c\u00e2ncer de mama"},"content":{"rendered":"<div class=\"row\">\n<div class=\"col-md-12 subtitle-mitos text-left\">\n<table>\n<tbody>\n<tr>\n<td class=\"full-width\" style=\"color: black;\">O <b>c\u00e2ncer de mama<\/b> engloba todos aqueles c\u00e2nceres que se originam em diferentes partes da mama. O tipo do c\u00e2ncer de mama depender\u00e1 de quais c\u00e9lulas da mama desenvolver\u00e3o a doen\u00e7a. Isso ocorre quase exclusivamente em mulheres, mas tamb\u00e9n pode acometer os homens.<br \/>\n   Embora cada caso seja diferente e a toler\u00e2ncia ao tratamento dependa de v\u00e1rios fatores (caracter\u00edsticas individuais, dose administrada etc.), as pessoas com c\u00e2ncer podem experimentar diferentes efeitos colaterais. Entre outros, o tratamento do c\u00e2ncer de mama pode implicar em um aumento de peso devido, basicamente, ao dist\u00farbio hormonal que provoca e \u00e0 reten\u00e7\u00e3o de l\u00edquidos.<\/td>\n<td class=\"full-width espaciado\" style=\"text-align:center;\"><img decoding=\"async\" class=\"alignnone wp-image-1605 size-medium\" src=\"https:\/\/oncoalicia.com\/wp-content\/uploads\/2023\/09\/Mamas-por.jpg\" alt=\"\" width=\"280\" height=\"auto\"><\/td>\n<\/tr>\n<\/tbody>\n<\/table>\n<p class=\"p1\">As prioridades alimentares durante o tratamento do c\u00e2ncer de mama s\u00e3o: manter um peso adequado e um bom estado nutricional para fazer frente \u00e0 doen\u00e7a e recuperar-se da melhor forma.<\/p>\n<p class=\"p1\">Al\u00e9m de seguir as <a href=\"\/pt-br\/recomendacoes-gerais\/\"><b>\u201cRecomenda\u00e7\u00f5es gerais sobre a alimenta\u00e7\u00e3o durante o tratamento de c\u00e2ncer\u201d<\/b><\/a>, para o c\u00e2ncer de mama deve-se refor\u00e7ar e considerar o seguinte:<\/p>\n<\/p><\/div>\n<\/p><\/div>\n<div class=\"row\">\n<div class=\"col-md-12 orange-box\">\n<ul>\n<li><b>Verificar a quantidade consumida de soja,<\/b> de seus derivados e daqueles produtos que a cont\u00eam como ingrediente principal, seja a soja como leguminosa, o leite vegetal de soja, o tofu etc. A soja ou os suplementos de isoflavonas, em alguns casos espec\u00edficos, poderiam competir com os medicamentos que modulam os receptores de estrog\u00eanios, por isso \u00e9 necess\u00e1rio consultar sempre o oncologista ou nutricionista de refer\u00eancia em cada caso espec\u00edfico. Essa recomenda\u00e7\u00e3o s\u00f3 \u00e9 aplic\u00e1vel aos alimentos \u00e0 base de soja e n\u00e3o \u00e0queles produtos que cont\u00eam tra\u00e7os de soja ou componentes que s\u00e3o utilizados como aditivos. E muitos estudos mostram que a rela\u00e7\u00e3o \u00e9 mais evidente em quantidades elevadas do consumo, o que n\u00e3o \u00e9 o padr\u00e3o no Brasil.. <\/li>\n<li><b>Limitar os alimentos com elevado teor de gordura, sal e tamb\u00e9m a\u00e7\u00facar.<\/b> No c\u00e2ncer de mama \u00e9 frequente a ocorr\u00eancia de um aumento do peso durante o tratamento, ainda que a ingest\u00e3o de alimentos seja inferior ao habitual. Recomenda-se limitar o consumo de refei\u00e7\u00f5es prontas, produtos de confeitaria industrial, doces, refrigerantes a\u00e7ucarados ou snacks industrializados, j\u00e1 que fornecem menos nutrientes imprescind\u00edveis e, por outro lado, mais calorias, o que poderia contribuir para o aumento de peso.<\/li>\n<li><b>Verificar se existe alguma intera\u00e7\u00e3o alimento-medicamento.<\/b> Neste tipo de c\u00e2ncer foram descritas poss\u00edveis intera\u00e7\u00f5es com plantas e ervas, como a equin\u00e1cea (uma planta medicinal origin\u00e1ria da Am\u00e9rica do Norte, tamb\u00e9m conhecida por  flor-de-cone, p\u00farpura e rudb\u00e9quia, muitas vezes consumida como ch\u00e1), o hip\u00e9rico (a erva-de s\u00e3o-jo\u00e3o), o \u00f3leo de onagro (ou pr\u00edmula, \u00f3leo mais usado de forma t\u00f3pica ou para cabelos), a valeriana (planta medicinal tamb\u00e9m conhecida como erva-dos-gatos) ou as sementes de uva, e tamb\u00e9m com alimentos como a toranja e seu suco (n\u00e3o comuns no Brasil), al\u00e9m das bebidas alco\u00f3licas. Essas intera\u00e7\u00f5es poderiam ocorrer conforme o tratamento prescrito, portanto \u00e9 necess\u00e1rio consultar sempre o especialista para cada caso espec\u00edfico.<\/li>\n<li><b>Adaptar a alimenta\u00e7\u00e3o aos poss\u00edveis efeitos colaterais ou sintomas decorrentes do tratamento<\/b> a partir das seguintes recomenda\u00e7\u00f5es diet\u00e9tico-culin\u00e1rias para cada um deles.<\/li>\n<\/ul><\/div>\n<\/p><\/div>\n<\/p><\/div>\n<\/section>\n<section class=\"mt-30\">\n<div class=\"container\">\n<div class=\"row\">\n<h2 class=\"col-md-12 txt-2 text-center\">Efeitos colaterais e sintomas mais frequentes<\/h2>\n<\/p><\/div>\n<div class=\"col-md-12\">\n<div class=\"row space-efect\">\n<div class=\"col-md-3\">\n                      <a style=\"text-decoration: none;\" href=\"https:\/\/oncoalicia.com\/pt-br\/tipos-de-cancer\/mama\/aumento-de-peso\/\"><\/p>\n<div class=\"cuadro-efecto text-center\">\n<div class=\"txt-efect\">Aumento de peso\n                              <\/div>\n<div class=\"flecha\">\n                                  <i class=\"fa fa-chevron-right\" aria-hidden=\"true\"><\/i>\n                              <\/div>\n<\/p><\/div>\n<p>                      <\/a>\n                  <\/div>\n<div class=\"col-md-3\">\n                      <a style=\"text-decoration: none;\" href=\"https:\/\/oncoalicia.com\/pt-br\/tipos-de-cancer\/mama\/retencao-de-liquidos\/\"><\/p>\n<div class=\"cuadro-efecto text-center\">\n<div class=\"txt-efect\">Reten\u00e7\u00e3o de l\u00edquidos\n                              <\/div>\n<div class=\"flecha\">\n                                  <i class=\"fa fa-chevron-right\" aria-hidden=\"true\"><\/i>\n                              <\/div>\n<\/p><\/div>\n<p>                      <\/a>\n                  <\/div>\n<div class=\"col-md-3\">\n                      <a style=\"text-decoration: none;\" href=\"https:\/\/oncoalicia.com\/pt-br\/tipos-de-cancer\/mama\/alteracao-do-paladar\/\"><\/p>\n<div class=\"cuadro-efecto text-center\">\n<div class=\"txt-efect\">Altera\u00e7\u00e3o do paladar (disgeusia)\n                              <\/div>\n<div class=\"flecha\">\n                                  <i class=\"fa fa-chevron-right\" aria-hidden=\"true\"><\/i>\n                              <\/div>\n<\/p><\/div>\n<p>                      <\/a>\n                  <\/div>\n<div class=\"col-md-3\">\n                      <a style=\"text-decoration: none;\" href=\"https:\/\/oncoalicia.com\/pt-br\/tipos-de-cancer\/mama\/constipacao-ou-intestino-preso\/\"><\/p>\n<div class=\"cuadro-efecto text-center\">\n<div class=\"txt-efect\">Constipa\u00e7\u00e3o (intestino preso)\n                              <\/div>\n<div class=\"flecha\">\n                                  <i class=\"fa fa-chevron-right\" aria-hidden=\"true\"><\/i>\n                              <\/div>\n<\/p><\/div>\n<p>                      <\/a>\n                  <\/div>\n<\/p><\/div>\n<div class=\"row space-efect\">\n<div class=\"col-md-1\">\n                  <\/div>\n<div class=\"col-md-3\">\n                      <a style=\"text-decoration: none;\" href=\"https:\/\/oncoalicia.com\/pt-br\/tipos-de-cancer\/mama\/boca-seca\/\"><\/p>\n<div class=\"cuadro-efecto text-center\">\n<div class=\"txt-efect\">Boca seca\n                              <\/div>\n<div class=\"flecha\">\n                                  <i class=\"fa fa-chevron-right\" aria-hidden=\"true\"><\/i>\n                              <\/div>\n<\/p><\/div>\n<p>                      <\/a>\n                  <\/div>\n<div class=\"col-md-3\">\n                      <a style=\"text-decoration: none;\" href=\"https:\/\/oncoalicia.com\/pt-br\/tipos-de-cancer\/mama\/nauseas-e-vomitos\/\"><\/p>\n<div class=\"cuadro-efecto text-center\">\n<div class=\"txt-efect\">N\u00e1useas e v\u00f4mitos\n                              <\/div>\n<div class=\"flecha\">\n                                  <i class=\"fa fa-chevron-right\" aria-hidden=\"true\"><\/i>\n                              <\/div>\n<\/p><\/div>\n<p>                      <\/a>\n                  <\/div>\n<div class=\"col-md-3\">\n                      <a style=\"text-decoration: none;\" href=\"https:\/\/oncoalicia.com\/pt-br\/tipos-de-cancer\/mama\/feridas-na-boca-e-ou-garganta\/\"><\/p>\n<div class=\"cuadro-efecto text-center\">\n<div class=\"txt-efect\">Feridas na boca e\/ou garganta\n                              <\/div>\n<div class=\"flecha\">\n                                  <i class=\"fa fa-chevron-right\" aria-hidden=\"true\"><\/i>\n                              <\/div>\n<\/p><\/div>\n<p>                      <\/a>\n                  <\/div>\n<div class=\"col-md-1\">\n                  <\/div>\n<\/p><\/div>\n<\/p><\/div>\n<\/p><\/div>\n<\/section>\n<section class=\"descarga\">\n<div class=\"container\">\n<div class=\"row\">\n<div class=\"col-md-12 text-center\">\n               <img decoding=\"async\" class=\"img-fluid\" src=\"http:\/\/oncoalicia.com\/wp-content\/uploads\/2023\/01\/Guies_alicia_3.jpg\" width=\"200\" height=\"auto\">\n           <\/div>\n<div class=\"col-md-12 text-center\">\n               <a class=\"guia-dw\" target=\"_blank\" href=\"http:\/\/oncoalicia.com\/wp-content\/uploads\/2023\/01\/3.-Guies_alicia_3-ESP.pdf\" rel=\"noopener\">Baixe o guia completo <i class=\"fa fa-arrow-down\" aria-hidden=\"true\"><\/i><br \/>\n               <\/a>\n           <\/div>\n<\/p><\/div>\n<\/p><\/div>\n<\/section>\n","protected":false},"excerpt":{"rendered":"<p>O c\u00e2ncer de mama engloba todos aqueles c\u00e2nceres que se originam em diferentes partes da mama. O tipo do c\u00e2ncer de mama depender\u00e1 de quais c\u00e9lulas da mama desenvolver\u00e3o a doen\u00e7a. Isso ocorre quase exclusivamente em mulheres, mas tamb\u00e9n pode acometer os homens. Embora cada caso seja diferente e a toler\u00e2ncia ao tratamento dependa de&hellip; <a class=\"more-link\" href=\"https:\/\/oncoalicia.com\/pt-br\/tipos-de-cancer\/mama\/\">Continue reading <span class=\"screen-reader-text\">Recomenda\u00e7\u00f5es alimentares durante o tratamento do c\u00e2ncer de mama<\/span><\/a><\/p>\n","protected":false},"author":2,"featured_media":0,"parent":6523,"menu_order":0,"comment_status":"closed","ping_status":"closed","template":"mama.php","meta":{"footnotes":""},"class_list":["post-6529","page","type-page","status-publish","hentry","entry"],"yoast_head":"<!-- This site is optimized with the Yoast SEO plugin v26.9 - https:\/\/yoast.com\/product\/yoast-seo-wordpress\/ -->\n<title>Nutri\u00e7\u00e3o para pacientes com c\u00e2ncer de mama - Oncoalicia<\/title>\n<meta name=\"description\" content=\"Aqui est\u00e3o v\u00e1rias recomenda\u00e7\u00f5es alimentares para pessoas em tratamento do c\u00e2ncer de mama.\" \/>\n<meta name=\"robots\" content=\"index, follow, max-snippet:-1, max-image-preview:large, max-video-preview:-1\" \/>\n<link rel=\"canonical\" href=\"https:\/\/oncoalicia.com\/pt-br\/tipos-de-cancer\/mama\/\" \/>\n<meta property=\"og:locale\" content=\"pt_BR\" \/>\n<meta property=\"og:type\" content=\"article\" \/>\n<meta property=\"og:title\" content=\"Nutri\u00e7\u00e3o para pacientes com c\u00e2ncer de mama - Oncoalicia\" \/>\n<meta property=\"og:description\" content=\"Aqui est\u00e3o v\u00e1rias recomenda\u00e7\u00f5es alimentares para pessoas em tratamento do c\u00e2ncer de mama.\" \/>\n<meta property=\"og:url\" content=\"https:\/\/oncoalicia.com\/pt-br\/tipos-de-cancer\/mama\/\" \/>\n<meta property=\"og:site_name\" content=\"Oncoalicia\" \/>\n<meta property=\"article:modified_time\" content=\"2025-07-08T07:24:58+00:00\" \/>\n<meta property=\"og:image\" content=\"https:\/\/oncoalicia.com\/wp-content\/uploads\/2022\/06\/mama.png\" \/>\n\t<meta property=\"og:image:width\" content=\"261\" \/>\n\t<meta property=\"og:image:height\" content=\"365\" \/>\n\t<meta property=\"og:image:type\" content=\"image\/png\" \/>\n<meta name=\"twitter:card\" content=\"summary_large_image\" \/>\n<meta name=\"twitter:label1\" content=\"Est. tempo de leitura\" \/>\n\t<meta name=\"twitter:data1\" content=\"4 minutos\" \/>\n<script type=\"application\/ld+json\" class=\"yoast-schema-graph\">{\"@context\":\"https:\/\/schema.org\",\"@graph\":[{\"@type\":\"WebPage\",\"@id\":\"https:\/\/oncoalicia.com\/pt-br\/tipos-de-cancer\/mama\/\",\"url\":\"https:\/\/oncoalicia.com\/pt-br\/tipos-de-cancer\/mama\/\",\"name\":\"Nutri\u00e7\u00e3o para pacientes com c\u00e2ncer de mama - Oncoalicia\",\"isPartOf\":{\"@id\":\"https:\/\/oncoalicia.com\/pt-br\/#website\"},\"primaryImageOfPage\":{\"@id\":\"https:\/\/oncoalicia.com\/pt-br\/tipos-de-cancer\/mama\/#primaryimage\"},\"image\":{\"@id\":\"https:\/\/oncoalicia.com\/pt-br\/tipos-de-cancer\/mama\/#primaryimage\"},\"thumbnailUrl\":\"https:\/\/oncoalicia.com\/wp-content\/uploads\/2023\/09\/Mamas-por.jpg\",\"datePublished\":\"2021-12-21T02:09:11+00:00\",\"dateModified\":\"2025-07-08T07:24:58+00:00\",\"description\":\"Aqui est\u00e3o v\u00e1rias recomenda\u00e7\u00f5es alimentares para pessoas em tratamento do c\u00e2ncer de mama.\",\"breadcrumb\":{\"@id\":\"https:\/\/oncoalicia.com\/pt-br\/tipos-de-cancer\/mama\/#breadcrumb\"},\"inLanguage\":\"pt-BR\",\"potentialAction\":[{\"@type\":\"ReadAction\",\"target\":[\"https:\/\/oncoalicia.com\/pt-br\/tipos-de-cancer\/mama\/\"]}]},{\"@type\":\"ImageObject\",\"inLanguage\":\"pt-BR\",\"@id\":\"https:\/\/oncoalicia.com\/pt-br\/tipos-de-cancer\/mama\/#primaryimage\",\"url\":\"https:\/\/oncoalicia.com\/wp-content\/uploads\/2023\/09\/Mamas-por.jpg\",\"contentUrl\":\"https:\/\/oncoalicia.com\/wp-content\/uploads\/2023\/09\/Mamas-por.jpg\"},{\"@type\":\"BreadcrumbList\",\"@id\":\"https:\/\/oncoalicia.com\/pt-br\/tipos-de-cancer\/mama\/#breadcrumb\",\"itemListElement\":[{\"@type\":\"ListItem\",\"position\":1,\"name\":\"Portada\",\"item\":\"https:\/\/oncoalicia.com\/pt-br\/\"},{\"@type\":\"ListItem\",\"position\":2,\"name\":\"Tipos de c\u00e2ncer\",\"item\":\"https:\/\/oncoalicia.com\/pt-br\/tipos-de-cancer\/\"},{\"@type\":\"ListItem\",\"position\":3,\"name\":\"Recomenda\u00e7\u00f5es alimentares durante o tratamento do c\u00e2ncer de mama\"}]},{\"@type\":\"WebSite\",\"@id\":\"https:\/\/oncoalicia.com\/pt-br\/#website\",\"url\":\"https:\/\/oncoalicia.com\/pt-br\/\",\"name\":\"Oncoal\u00edcia\",\"description\":\"Comer durante el Tratamiento del C\u00e1ncer\",\"publisher\":{\"@id\":\"https:\/\/oncoalicia.com\/pt-br\/#organization\"},\"alternateName\":\"Oncoal\u00edcia | Comer durante el Tratamiento del C\u00e1ncer\",\"potentialAction\":[{\"@type\":\"SearchAction\",\"target\":{\"@type\":\"EntryPoint\",\"urlTemplate\":\"https:\/\/oncoalicia.com\/pt-br\/?s={search_term_string}\"},\"query-input\":{\"@type\":\"PropertyValueSpecification\",\"valueRequired\":true,\"valueName\":\"search_term_string\"}}],\"inLanguage\":\"pt-BR\"},{\"@type\":\"Organization\",\"@id\":\"https:\/\/oncoalicia.com\/pt-br\/#organization\",\"name\":\"Oncoal\u00edcia\",\"alternateName\":\"Oncoal\u00edcia | Comer durante el Tratamiento del C\u00e1ncer\",\"url\":\"https:\/\/oncoalicia.com\/pt-br\/\",\"logo\":{\"@type\":\"ImageObject\",\"inLanguage\":\"pt-BR\",\"@id\":\"https:\/\/oncoalicia.com\/pt-br\/#\/schema\/logo\/image\/\",\"url\":\"https:\/\/oncoalicia.com\/wp-content\/uploads\/2022\/11\/logo_rrss.png\",\"contentUrl\":\"https:\/\/oncoalicia.com\/wp-content\/uploads\/2022\/11\/logo_rrss.png\",\"width\":300,\"height\":300,\"caption\":\"Oncoal\u00edcia\"},\"image\":{\"@id\":\"https:\/\/oncoalicia.com\/pt-br\/#\/schema\/logo\/image\/\"}}]}<\/script>\n<!-- \/ Yoast SEO plugin. -->","yoast_head_json":{"title":"Nutri\u00e7\u00e3o para pacientes com c\u00e2ncer de mama - Oncoalicia","description":"Aqui est\u00e3o v\u00e1rias recomenda\u00e7\u00f5es alimentares para pessoas em tratamento do c\u00e2ncer de mama.","robots":{"index":"index","follow":"follow","max-snippet":"max-snippet:-1","max-image-preview":"max-image-preview:large","max-video-preview":"max-video-preview:-1"},"canonical":"https:\/\/oncoalicia.com\/pt-br\/tipos-de-cancer\/mama\/","og_locale":"pt_BR","og_type":"article","og_title":"Nutri\u00e7\u00e3o para pacientes com c\u00e2ncer de mama - Oncoalicia","og_description":"Aqui est\u00e3o v\u00e1rias recomenda\u00e7\u00f5es alimentares para pessoas em tratamento do c\u00e2ncer de mama.","og_url":"https:\/\/oncoalicia.com\/pt-br\/tipos-de-cancer\/mama\/","og_site_name":"Oncoalicia","article_modified_time":"2025-07-08T07:24:58+00:00","og_image":[{"width":261,"height":365,"url":"https:\/\/oncoalicia.com\/wp-content\/uploads\/2022\/06\/mama.png","type":"image\/png"}],"twitter_card":"summary_large_image","twitter_misc":{"Est. tempo de leitura":"4 minutos"},"schema":{"@context":"https:\/\/schema.org","@graph":[{"@type":"WebPage","@id":"https:\/\/oncoalicia.com\/pt-br\/tipos-de-cancer\/mama\/","url":"https:\/\/oncoalicia.com\/pt-br\/tipos-de-cancer\/mama\/","name":"Nutri\u00e7\u00e3o para pacientes com c\u00e2ncer de mama - Oncoalicia","isPartOf":{"@id":"https:\/\/oncoalicia.com\/pt-br\/#website"},"primaryImageOfPage":{"@id":"https:\/\/oncoalicia.com\/pt-br\/tipos-de-cancer\/mama\/#primaryimage"},"image":{"@id":"https:\/\/oncoalicia.com\/pt-br\/tipos-de-cancer\/mama\/#primaryimage"},"thumbnailUrl":"https:\/\/oncoalicia.com\/wp-content\/uploads\/2023\/09\/Mamas-por.jpg","datePublished":"2021-12-21T02:09:11+00:00","dateModified":"2025-07-08T07:24:58+00:00","description":"Aqui est\u00e3o v\u00e1rias recomenda\u00e7\u00f5es alimentares para pessoas em tratamento do c\u00e2ncer de mama.","breadcrumb":{"@id":"https:\/\/oncoalicia.com\/pt-br\/tipos-de-cancer\/mama\/#breadcrumb"},"inLanguage":"pt-BR","potentialAction":[{"@type":"ReadAction","target":["https:\/\/oncoalicia.com\/pt-br\/tipos-de-cancer\/mama\/"]}]},{"@type":"ImageObject","inLanguage":"pt-BR","@id":"https:\/\/oncoalicia.com\/pt-br\/tipos-de-cancer\/mama\/#primaryimage","url":"https:\/\/oncoalicia.com\/wp-content\/uploads\/2023\/09\/Mamas-por.jpg","contentUrl":"https:\/\/oncoalicia.com\/wp-content\/uploads\/2023\/09\/Mamas-por.jpg"},{"@type":"BreadcrumbList","@id":"https:\/\/oncoalicia.com\/pt-br\/tipos-de-cancer\/mama\/#breadcrumb","itemListElement":[{"@type":"ListItem","position":1,"name":"Portada","item":"https:\/\/oncoalicia.com\/pt-br\/"},{"@type":"ListItem","position":2,"name":"Tipos de c\u00e2ncer","item":"https:\/\/oncoalicia.com\/pt-br\/tipos-de-cancer\/"},{"@type":"ListItem","position":3,"name":"Recomenda\u00e7\u00f5es alimentares durante o tratamento do c\u00e2ncer de mama"}]},{"@type":"WebSite","@id":"https:\/\/oncoalicia.com\/pt-br\/#website","url":"https:\/\/oncoalicia.com\/pt-br\/","name":"Oncoal\u00edcia","description":"Comer durante el Tratamiento del C\u00e1ncer","publisher":{"@id":"https:\/\/oncoalicia.com\/pt-br\/#organization"},"alternateName":"Oncoal\u00edcia | Comer durante el Tratamiento del C\u00e1ncer","potentialAction":[{"@type":"SearchAction","target":{"@type":"EntryPoint","urlTemplate":"https:\/\/oncoalicia.com\/pt-br\/?s={search_term_string}"},"query-input":{"@type":"PropertyValueSpecification","valueRequired":true,"valueName":"search_term_string"}}],"inLanguage":"pt-BR"},{"@type":"Organization","@id":"https:\/\/oncoalicia.com\/pt-br\/#organization","name":"Oncoal\u00edcia","alternateName":"Oncoal\u00edcia | Comer durante el Tratamiento del C\u00e1ncer","url":"https:\/\/oncoalicia.com\/pt-br\/","logo":{"@type":"ImageObject","inLanguage":"pt-BR","@id":"https:\/\/oncoalicia.com\/pt-br\/#\/schema\/logo\/image\/","url":"https:\/\/oncoalicia.com\/wp-content\/uploads\/2022\/11\/logo_rrss.png","contentUrl":"https:\/\/oncoalicia.com\/wp-content\/uploads\/2022\/11\/logo_rrss.png","width":300,"height":300,"caption":"Oncoal\u00edcia"},"image":{"@id":"https:\/\/oncoalicia.com\/pt-br\/#\/schema\/logo\/image\/"}}]}},"_links":{"self":[{"href":"https:\/\/oncoalicia.com\/pt-br\/wp-json\/wp\/v2\/pages\/6529","targetHints":{"allow":["GET"]}}],"collection":[{"href":"https:\/\/oncoalicia.com\/pt-br\/wp-json\/wp\/v2\/pages"}],"about":[{"href":"https:\/\/oncoalicia.com\/pt-br\/wp-json\/wp\/v2\/types\/page"}],"author":[{"embeddable":true,"href":"https:\/\/oncoalicia.com\/pt-br\/wp-json\/wp\/v2\/users\/2"}],"replies":[{"embeddable":true,"href":"https:\/\/oncoalicia.com\/pt-br\/wp-json\/wp\/v2\/comments?post=6529"}],"version-history":[{"count":0,"href":"https:\/\/oncoalicia.com\/pt-br\/wp-json\/wp\/v2\/pages\/6529\/revisions"}],"up":[{"embeddable":true,"href":"https:\/\/oncoalicia.com\/pt-br\/wp-json\/wp\/v2\/pages\/6523"}],"wp:attachment":[{"href":"https:\/\/oncoalicia.com\/pt-br\/wp-json\/wp\/v2\/media?parent=6529"}],"curies":[{"name":"wp","href":"https:\/\/api.w.org\/{rel}","templated":true}]}}