{"id":6549,"date":"2021-12-21T02:41:33","date_gmt":"2021-12-21T02:41:33","guid":{"rendered":"https:\/\/oncoalicia.com\/?page_id=6549"},"modified":"2025-07-08T07:30:15","modified_gmt":"2025-07-08T07:30:15","slug":"retencao-de-liquidos","status":"publish","type":"page","link":"https:\/\/oncoalicia.com\/pt-br\/tipos-de-cancer\/mama\/retencao-de-liquidos\/","title":{"rendered":"Recomenda\u00e7\u00f5es diet\u00e9ticas para a reten\u00e7\u00e3o de l\u00edquidos em c\u00e2ncer de mama"},"content":{"rendered":"<section class=\"recetas m-top-20\">\n<div class=\"container\">\n<div class=\"row\">\n<h1 class=\"col-md-12 text-center title-receta\">Reten\u00e7\u00e3o de l\u00edquidos<\/h1>\n<\/div>\n<div class=\"row\">\n<div class=\"col-md-12 subtitle-mitos\">\n<p>Durante o tratamento do c\u00e2ncer de mama podem surgir inflama\u00e7\u00e3o ou edema pelo ac\u00famulo de l\u00edquidos nos tecidos corporais, causados pelo uso de medicamentos ou devido ao procedimento cir\u00fargico realizado. N\u00e3o \u00e9 preciso ficar obcecado por isso, o oncologista e a equipe multidisciplinar tomar\u00e3o as medidas necess\u00e1rias para solu\u00e7\u00e3o desse efeito colateral.<\/p>\n<\/div>\n<\/div>\n<div class=\"row p-40 w-60\">\n<div class=\"col-md-12 text-center\">\n<h2 class=\"h3 recomanem-efectes-cancer\">O QUE RECOMENDAMOS?<\/h2>\n<\/div>\n<div class=\"col-md-12 p-10 text-center\">\n<h3><a class=\"btn-orange recomanacions-tipus-cancer\" role=\"button\" href=\"#collapseExample\" data-toggle=\"collapse\" aria-expanded=\"false\" aria-controls=\"collapseExample\">Promover h\u00e1bitos que ajudem os l\u00edquidos corporais a circularem melhor.<i class=\"fa fa-angle-down\" aria-hidden=\"true\"><\/i><\/a><\/h3>\n<div id=\"collapseExample\" class=\"collapse\">\n<div class=\"card-body\">\n<div class=\"row\">\n<div class=\"col-md-12 descrip\">\n<ul>\n<li>Evitar ficar sentado muito tempo e, especialmente, evitar cruzar as pernas quando estiver sentado<\/li>\n<li>Caminhar ou realizar exerc\u00edcio diariamente; se poss\u00edvel, duas vezes ao dia (no meio da manh\u00e3 e \u00e0 tarde) e sempre ap\u00f3s libera\u00e7\u00e3o m\u00e9dica<\/li>\n<li>Elevar a \u00e1rea afetada quando estiver sentado ou deitado.<\/li>\n<li>Aproveitar os banhos para refrescar as pernas e o abdome com \u00e1gua fria, a fim de ativar a circula\u00e7\u00e3o, fazendo c\u00edrculos de baixo para cima com o jato da ducha.<\/li>\n<\/ul>\n<\/div>\n<\/div>\n<\/div>\n<\/div>\n<\/div>\n<div class=\"col-md-12 p-10 text-center\">\n<h3><a class=\"btn-orange recomanacions-tipus-cancer\" role=\"button\" href=\"#collapseExample-2\" data-toggle=\"collapse\" aria-expanded=\"false\" aria-controls=\"collapseExample\">Seguir uma dieta saud\u00e1vel e equilibrada, rica em fibras e baixa em gorduras. <i class=\"fa fa-angle-down\" aria-hidden=\"true\"><\/i><br \/>\n<\/a><\/h3>\n<div id=\"collapseExample-2\" class=\"collapse\">\n<div class=\"card-body\">\n<div class=\"row\">\n<div class=\"col-md-12 descrip\">\n<p>Seguir as recomenda\u00e7\u00f5es diet\u00e9tico-culin\u00e1rias para o aumento de peso.<\/a><\/p>\n<\/div>\n<\/div>\n<\/div>\n<\/div>\n<\/div>\n<div class=\"col-md-12 p-10 text-center\">\n<h3><a class=\"btn-orange recomanacions-tipus-cancer\" role=\"button\" href=\"#collapseExample-4\" data-toggle=\"collapse\" aria-expanded=\"false\" aria-controls=\"collapseExample\">Reduzir o consumo de sal e de alimentos com alto conte\u00fado de sal.<i class=\"fa fa-angle-down\" aria-hidden=\"true\"><\/i><\/a><\/h3>\n<div id=\"collapseExample-4\" class=\"collapse\">\n<div class=\"card-body\">\n<div class=\"row\">\n<div class=\"col-md-12 descrip\">\n<ul>\n<li>N\u00e3o utilizar sal comum, marinho ou iodado na prepara\u00e7\u00e3o e tempero dos alimentos.<\/li>\n<li>Substituir o sal por especiarias e ervas (or\u00e9gano, salsinha, louro, pimenta, p\u00e1prica, tomilho etc.).<\/li>\n<li>Utilizar coc\u00e7\u00f5es que conservem ou concentrem mais o sabor dos alimentos, como o vapor ou o papilote.<\/li>\n<\/ul>\n<\/div>\n<div class=\"col-md-12 text-center\">\n<!-- Recetas 1 --><\/p>\n<div class=\"row\">\n<div class=\"col-md-12 recetas-sug\"><b>Algumas receitas sugeridas:<\/b><\/div>\n<\/div>\n<div class=\"row\">\n<div class=\"col-md-4 col-sm-6 text-center recetitas\">\n<a href=\"\/pt-br\/receitas\/aspargos-cozidos-no-vapor-aos-tres-molhos\/\"><\/p>\n<div class=\"cuadro-receta-2 text-center\"><img decoding=\"async\" class=\"w-50\" src=\"https:\/\/oncoalicia.com\/wp-content\/uploads\/2021\/10\/10.Esparragos-al-vapor.jpg\"><\/p>\n<div class=\"txt-mito\">Aspargos cozidos no vapor aos tr\u00eas molhos<\/div>\n<\/div>\n<p><\/a><\/p>\n<\/div>\n<div class=\"col-md-4 col-sm-6 text-center recetitas\">\n<a href=\"\/pt-br\/receitas\/papilote-de-peixe-magro\/\"><\/p>\n<div class=\"cuadro-receta-2 text-center\">\n<img decoding=\"async\" class=\"w-50\" src=\"https:\/\/oncoalicia.com\/wp-content\/uploads\/2021\/10\/11.-Papillote.jpg\"><\/p>\n<div class=\"txt-mito\">Papilote de peixe magro<\/div>\n<\/div>\n<p><\/a><\/p>\n<\/div>\n<div class=\"col-md-4 col-sm-6 text-center recetitas\">\n<a href=\"\/pt-br\/receitas\/legumes-no-micro-ondas-com-vinagrete-de-frutos-secos\/\"><\/p>\n<div class=\"cuadro-receta-2 text-center\">\n<img decoding=\"async\" class=\"w-50\" src=\"https:\/\/oncoalicia.com\/wp-content\/uploads\/2021\/10\/verdura-micro.jpg\"><\/p>\n<div class=\"txt-mito\">Legumes no micro-ondas com vinagrete de frutos secos<\/div>\n<\/div>\n<p><\/a><\/p>\n<\/div>\n<\/div>\n<\/div>\n<div class=\"col-md-12 descrip\">\n<ul>\n<li>Acrescentar suco de lim\u00e3o \u00e0s prepara\u00e7\u00f5es para ajudar a diminuir a percep\u00e7\u00e3o de falta de sal. As marinadas com suco de lim\u00e3o s\u00e3o tamb\u00e9m uma op\u00e7\u00e3o excelente.<\/li>\n<\/ul>\n<\/div>\n<div class=\"col-md-12 text-center\">\n<div class=\"row\">\n<div class=\"col-md-12 recetas-sug\"><b>Algumas receitas sugeridas:<\/b><\/div>\n<\/div>\n<div class=\"row\">\n<div class=\"col-md-4 col-sm-6 text-center recetitas\">\n<a href=\"\/pt-br\/receitas\/tabule-a-moda-brasileira\/\"><\/p>\n<div class=\"cuadro-receta-2 text-center\">\n<img decoding=\"async\" class=\"w-50\" src=\"https:\/\/oncoalicia.com\/wp-content\/uploads\/2023\/10\/Tabule-a-moda-brasileira.jpg\"><\/p>\n<div class=\"txt-mito\">Tabule \u00e0 moda brasileira<\/div>\n<\/div>\n<p><\/a><\/p>\n<\/div>\n<div class=\"col-md-4 col-sm-6 text-center recetitas\">\n<a href=\"\/pt-br\/receitas\/fusilli-cremoso-com-brocolis-e-tomate-marinado\/\"><\/p>\n<div class=\"cuadro-receta-2 text-center\">\n<img decoding=\"async\" class=\"w-50\" src=\"https:\/\/oncoalicia.com\/wp-content\/uploads\/2023\/10\/Fusilli-cremoso-com-brocolis-e-tomate-marinado.jpg\"><\/p>\n<div class=\"txt-mito\">Fusilli cremoso com br\u00f3colis e tomate marinado<\/div>\n<\/div>\n<p><\/a><\/p>\n<\/div>\n<div class=\"col-md-4 col-sm-6 text-center recetitas\">\n<\/div>\n<\/div>\n<\/div>\n<div class=\"col-md-12 descrip\">\n<ul>\n<li>Preparar combina\u00e7\u00f5es agridoces ou prepara\u00e7\u00f5es de carne com fruta (fresca, compota, desidratada) tamb\u00e9m ajuda a reduzir a necessidade de sal.<\/li>\n<\/ul>\n<\/div>\n<div class=\"col-md-12 text-center\">\n<div class=\"row\">\n<div class=\"col-md-12 recetas-sug\"><b>Algumas receitas sugeridas:<\/b><\/div>\n<\/div>\n<div class=\"row\">\n<div class=\"col-md-4 col-sm-6 text-center recetitas\">\n<a href=\"\/pt-br\/receitas\/espetinhos-de-frango-com-maca\/\"><\/p>\n<div class=\"cuadro-receta-2 text-center\">\n<img decoding=\"async\" class=\"w-50\" src=\"https:\/\/oncoalicia.com\/wp-content\/uploads\/2021\/10\/broquetes-pollastre-i-poma.jpg\"><\/p>\n<div class=\"txt-mito\">Espetinhos de frango com ma\u00e7\u00e3<\/div>\n<\/div>\n<p><\/a><\/p>\n<\/div>\n<div class=\"col-md-4 col-sm-6 text-center recetitas\">\n<a href=\"\/pt-br\/receitas\/carne-de-porco-com-frutos-secos-e-frutas-desidratadas\/\"><\/p>\n<div class=\"cuadro-receta-2 text-center\">\n<img decoding=\"async\" class=\"w-50\" src=\"https:\/\/oncoalicia.com\/wp-content\/uploads\/2021\/10\/Rostit-de-porc-amb-fruit-secs.jpg\"><\/p>\n<div class=\"txt-mito\">Carne de porco com frutos secos e frutas desidratadas<\/div>\n<\/div>\n<p><\/a><\/p>\n<\/div>\n<div class=\"col-md-4 col-sm-6 text-center recetitas\">\n<a href=\"\/pt-br\/receitas\/refogado-de-carne-com-banana\/\"><\/p>\n<div class=\"cuadro-receta-2 text-center\">\n<img decoding=\"async\" class=\"w-50\" src=\"https:\/\/oncoalicia.com\/wp-content\/uploads\/2023\/10\/Refogado-de-carne-com-banana.jpg\"><\/p>\n<div class=\"txt-mito\">Refogado de carne com banana<\/div>\n<\/div>\n<p><\/a>\n<\/div>\n<\/div>\n<\/div>\n<div class=\"col-md-12 descrip\">\n<ul>\n<li>Limitar o consumo de alimentos processados, refei\u00e7\u00f5es prontas e alimentos como as batatas chips e outros snacks industrializados, embutidos, as conservas de peixe, as azeitonas, os frutos secos\/oleaginosas salgados, as sementes, os pratos semiprontos, normalmente congelados, os queijos (\u00e0 exce\u00e7\u00e3o dos frescos com pouco sal, o requeij\u00e3o etc.).<\/li>\n<\/ul>\n<\/div>\n<\/div>\n<\/div>\n<\/div>\n<\/div>\n<\/div>\n<\/div>\n<\/section>\n","protected":false},"excerpt":{"rendered":"<p>Reten\u00e7\u00e3o de l\u00edquidos Durante o tratamento do c\u00e2ncer de mama podem surgir inflama\u00e7\u00e3o ou edema pelo ac\u00famulo de l\u00edquidos nos tecidos corporais, causados pelo uso de medicamentos ou devido ao procedimento cir\u00fargico realizado. N\u00e3o \u00e9 preciso ficar obcecado por isso, o oncologista e a equipe multidisciplinar tomar\u00e3o as medidas necess\u00e1rias para solu\u00e7\u00e3o desse efeito colateral.&hellip; <a class=\"more-link\" href=\"https:\/\/oncoalicia.com\/pt-br\/tipos-de-cancer\/mama\/retencao-de-liquidos\/\">Continue reading <span class=\"screen-reader-text\">Recomenda\u00e7\u00f5es diet\u00e9ticas para a reten\u00e7\u00e3o de l\u00edquidos em c\u00e2ncer de mama<\/span><\/a><\/p>\n","protected":false},"author":2,"featured_media":0,"parent":6529,"menu_order":0,"comment_status":"closed","ping_status":"closed","template":"mama-retencion-liquidos.php","meta":{"footnotes":""},"class_list":["post-6549","page","type-page","status-publish","hentry","entry"],"yoast_head":"<!-- This site is optimized with the Yoast SEO plugin v26.9 - https:\/\/yoast.com\/product\/yoast-seo-wordpress\/ -->\n<title>Nutri\u00e7\u00e3o para pacientes com c\u00e2ncer de mama que apresentam reten\u00e7\u00e3o de l\u00edquidos - Oncoalicia<\/title>\n<meta name=\"description\" content=\"Encontre recomenda\u00e7\u00f5es alimentares para pessoas com c\u00e2ncer de mama que est\u00e3o com reten\u00e7\u00e3o de l\u00edquidos devido ao tratamento.\" \/>\n<meta name=\"robots\" content=\"index, follow, max-snippet:-1, max-image-preview:large, max-video-preview:-1\" \/>\n<link rel=\"canonical\" href=\"https:\/\/oncoalicia.com\/pt-br\/tipos-de-cancer\/mama\/retencao-de-liquidos\/\" \/>\n<meta property=\"og:locale\" content=\"pt_BR\" \/>\n<meta property=\"og:type\" content=\"article\" \/>\n<meta property=\"og:title\" content=\"Nutri\u00e7\u00e3o para pacientes com c\u00e2ncer de mama que apresentam reten\u00e7\u00e3o de l\u00edquidos - Oncoalicia\" \/>\n<meta property=\"og:description\" content=\"Encontre recomenda\u00e7\u00f5es alimentares para pessoas com c\u00e2ncer de mama que est\u00e3o com reten\u00e7\u00e3o de l\u00edquidos devido ao tratamento.\" \/>\n<meta property=\"og:url\" content=\"https:\/\/oncoalicia.com\/pt-br\/tipos-de-cancer\/mama\/retencao-de-liquidos\/\" \/>\n<meta property=\"og:site_name\" content=\"Oncoalicia\" \/>\n<meta property=\"article:modified_time\" content=\"2025-07-08T07:30:15+00:00\" \/>\n<meta property=\"og:image\" content=\"https:\/\/oncoalicia.com\/wp-content\/uploads\/2021\/10\/10.Esparragos-al-vapor.jpg\" \/>\n<meta name=\"twitter:card\" content=\"summary_large_image\" \/>\n<meta name=\"twitter:label1\" content=\"Est. tempo de leitura\" \/>\n\t<meta name=\"twitter:data1\" content=\"4 minutos\" \/>\n<script type=\"application\/ld+json\" class=\"yoast-schema-graph\">{\"@context\":\"https:\/\/schema.org\",\"@graph\":[{\"@type\":\"WebPage\",\"@id\":\"https:\/\/oncoalicia.com\/pt-br\/tipos-de-cancer\/mama\/retencao-de-liquidos\/\",\"url\":\"https:\/\/oncoalicia.com\/pt-br\/tipos-de-cancer\/mama\/retencao-de-liquidos\/\",\"name\":\"Nutri\u00e7\u00e3o para pacientes com c\u00e2ncer de mama que apresentam reten\u00e7\u00e3o de l\u00edquidos - Oncoalicia\",\"isPartOf\":{\"@id\":\"https:\/\/oncoalicia.com\/pt-br\/#website\"},\"primaryImageOfPage\":{\"@id\":\"https:\/\/oncoalicia.com\/pt-br\/tipos-de-cancer\/mama\/retencao-de-liquidos\/#primaryimage\"},\"image\":{\"@id\":\"https:\/\/oncoalicia.com\/pt-br\/tipos-de-cancer\/mama\/retencao-de-liquidos\/#primaryimage\"},\"thumbnailUrl\":\"https:\/\/oncoalicia.com\/wp-content\/uploads\/2021\/10\/10.Esparragos-al-vapor.jpg\",\"datePublished\":\"2021-12-21T02:41:33+00:00\",\"dateModified\":\"2025-07-08T07:30:15+00:00\",\"description\":\"Encontre recomenda\u00e7\u00f5es alimentares para pessoas com c\u00e2ncer de mama que est\u00e3o com reten\u00e7\u00e3o de l\u00edquidos devido ao tratamento.\",\"breadcrumb\":{\"@id\":\"https:\/\/oncoalicia.com\/pt-br\/tipos-de-cancer\/mama\/retencao-de-liquidos\/#breadcrumb\"},\"inLanguage\":\"pt-BR\",\"potentialAction\":[{\"@type\":\"ReadAction\",\"target\":[\"https:\/\/oncoalicia.com\/pt-br\/tipos-de-cancer\/mama\/retencao-de-liquidos\/\"]}]},{\"@type\":\"ImageObject\",\"inLanguage\":\"pt-BR\",\"@id\":\"https:\/\/oncoalicia.com\/pt-br\/tipos-de-cancer\/mama\/retencao-de-liquidos\/#primaryimage\",\"url\":\"https:\/\/oncoalicia.com\/wp-content\/uploads\/2021\/10\/10.Esparragos-al-vapor.jpg\",\"contentUrl\":\"https:\/\/oncoalicia.com\/wp-content\/uploads\/2021\/10\/10.Esparragos-al-vapor.jpg\"},{\"@type\":\"BreadcrumbList\",\"@id\":\"https:\/\/oncoalicia.com\/pt-br\/tipos-de-cancer\/mama\/retencao-de-liquidos\/#breadcrumb\",\"itemListElement\":[{\"@type\":\"ListItem\",\"position\":1,\"name\":\"Portada\",\"item\":\"https:\/\/oncoalicia.com\/pt-br\/\"},{\"@type\":\"ListItem\",\"position\":2,\"name\":\"Tipos de c\u00e2ncer\",\"item\":\"https:\/\/oncoalicia.com\/pt-br\/tipos-de-cancer\/\"},{\"@type\":\"ListItem\",\"position\":3,\"name\":\"Recomenda\u00e7\u00f5es alimentares durante o tratamento do c\u00e2ncer de mama\",\"item\":\"https:\/\/oncoalicia.com\/pt-br\/tipos-de-cancer\/mama\/\"},{\"@type\":\"ListItem\",\"position\":4,\"name\":\"Recomenda\u00e7\u00f5es diet\u00e9ticas para a reten\u00e7\u00e3o de l\u00edquidos em c\u00e2ncer de mama\"}]},{\"@type\":\"WebSite\",\"@id\":\"https:\/\/oncoalicia.com\/pt-br\/#website\",\"url\":\"https:\/\/oncoalicia.com\/pt-br\/\",\"name\":\"Oncoal\u00edcia\",\"description\":\"Comer durante el Tratamiento del C\u00e1ncer\",\"publisher\":{\"@id\":\"https:\/\/oncoalicia.com\/pt-br\/#organization\"},\"alternateName\":\"Oncoal\u00edcia | Comer durante el Tratamiento del C\u00e1ncer\",\"potentialAction\":[{\"@type\":\"SearchAction\",\"target\":{\"@type\":\"EntryPoint\",\"urlTemplate\":\"https:\/\/oncoalicia.com\/pt-br\/?s={search_term_string}\"},\"query-input\":{\"@type\":\"PropertyValueSpecification\",\"valueRequired\":true,\"valueName\":\"search_term_string\"}}],\"inLanguage\":\"pt-BR\"},{\"@type\":\"Organization\",\"@id\":\"https:\/\/oncoalicia.com\/pt-br\/#organization\",\"name\":\"Oncoal\u00edcia\",\"alternateName\":\"Oncoal\u00edcia | Comer durante el Tratamiento del C\u00e1ncer\",\"url\":\"https:\/\/oncoalicia.com\/pt-br\/\",\"logo\":{\"@type\":\"ImageObject\",\"inLanguage\":\"pt-BR\",\"@id\":\"https:\/\/oncoalicia.com\/pt-br\/#\/schema\/logo\/image\/\",\"url\":\"https:\/\/oncoalicia.com\/wp-content\/uploads\/2022\/11\/logo_rrss.png\",\"contentUrl\":\"https:\/\/oncoalicia.com\/wp-content\/uploads\/2022\/11\/logo_rrss.png\",\"width\":300,\"height\":300,\"caption\":\"Oncoal\u00edcia\"},\"image\":{\"@id\":\"https:\/\/oncoalicia.com\/pt-br\/#\/schema\/logo\/image\/\"}}]}<\/script>\n<!-- \/ Yoast SEO plugin. -->","yoast_head_json":{"title":"Nutri\u00e7\u00e3o para pacientes com c\u00e2ncer de mama que apresentam reten\u00e7\u00e3o de l\u00edquidos - Oncoalicia","description":"Encontre recomenda\u00e7\u00f5es alimentares para pessoas com c\u00e2ncer de mama que est\u00e3o com reten\u00e7\u00e3o de l\u00edquidos devido ao tratamento.","robots":{"index":"index","follow":"follow","max-snippet":"max-snippet:-1","max-image-preview":"max-image-preview:large","max-video-preview":"max-video-preview:-1"},"canonical":"https:\/\/oncoalicia.com\/pt-br\/tipos-de-cancer\/mama\/retencao-de-liquidos\/","og_locale":"pt_BR","og_type":"article","og_title":"Nutri\u00e7\u00e3o para pacientes com c\u00e2ncer de mama que apresentam reten\u00e7\u00e3o de l\u00edquidos - Oncoalicia","og_description":"Encontre recomenda\u00e7\u00f5es alimentares para pessoas com c\u00e2ncer de mama que est\u00e3o com reten\u00e7\u00e3o de l\u00edquidos devido ao tratamento.","og_url":"https:\/\/oncoalicia.com\/pt-br\/tipos-de-cancer\/mama\/retencao-de-liquidos\/","og_site_name":"Oncoalicia","article_modified_time":"2025-07-08T07:30:15+00:00","og_image":[{"url":"https:\/\/oncoalicia.com\/wp-content\/uploads\/2021\/10\/10.Esparragos-al-vapor.jpg","type":"","width":"","height":""}],"twitter_card":"summary_large_image","twitter_misc":{"Est. tempo de leitura":"4 minutos"},"schema":{"@context":"https:\/\/schema.org","@graph":[{"@type":"WebPage","@id":"https:\/\/oncoalicia.com\/pt-br\/tipos-de-cancer\/mama\/retencao-de-liquidos\/","url":"https:\/\/oncoalicia.com\/pt-br\/tipos-de-cancer\/mama\/retencao-de-liquidos\/","name":"Nutri\u00e7\u00e3o para pacientes com c\u00e2ncer de mama que apresentam reten\u00e7\u00e3o de l\u00edquidos - Oncoalicia","isPartOf":{"@id":"https:\/\/oncoalicia.com\/pt-br\/#website"},"primaryImageOfPage":{"@id":"https:\/\/oncoalicia.com\/pt-br\/tipos-de-cancer\/mama\/retencao-de-liquidos\/#primaryimage"},"image":{"@id":"https:\/\/oncoalicia.com\/pt-br\/tipos-de-cancer\/mama\/retencao-de-liquidos\/#primaryimage"},"thumbnailUrl":"https:\/\/oncoalicia.com\/wp-content\/uploads\/2021\/10\/10.Esparragos-al-vapor.jpg","datePublished":"2021-12-21T02:41:33+00:00","dateModified":"2025-07-08T07:30:15+00:00","description":"Encontre recomenda\u00e7\u00f5es alimentares para pessoas com c\u00e2ncer de mama que est\u00e3o com reten\u00e7\u00e3o de l\u00edquidos devido ao tratamento.","breadcrumb":{"@id":"https:\/\/oncoalicia.com\/pt-br\/tipos-de-cancer\/mama\/retencao-de-liquidos\/#breadcrumb"},"inLanguage":"pt-BR","potentialAction":[{"@type":"ReadAction","target":["https:\/\/oncoalicia.com\/pt-br\/tipos-de-cancer\/mama\/retencao-de-liquidos\/"]}]},{"@type":"ImageObject","inLanguage":"pt-BR","@id":"https:\/\/oncoalicia.com\/pt-br\/tipos-de-cancer\/mama\/retencao-de-liquidos\/#primaryimage","url":"https:\/\/oncoalicia.com\/wp-content\/uploads\/2021\/10\/10.Esparragos-al-vapor.jpg","contentUrl":"https:\/\/oncoalicia.com\/wp-content\/uploads\/2021\/10\/10.Esparragos-al-vapor.jpg"},{"@type":"BreadcrumbList","@id":"https:\/\/oncoalicia.com\/pt-br\/tipos-de-cancer\/mama\/retencao-de-liquidos\/#breadcrumb","itemListElement":[{"@type":"ListItem","position":1,"name":"Portada","item":"https:\/\/oncoalicia.com\/pt-br\/"},{"@type":"ListItem","position":2,"name":"Tipos de c\u00e2ncer","item":"https:\/\/oncoalicia.com\/pt-br\/tipos-de-cancer\/"},{"@type":"ListItem","position":3,"name":"Recomenda\u00e7\u00f5es alimentares durante o tratamento do c\u00e2ncer de mama","item":"https:\/\/oncoalicia.com\/pt-br\/tipos-de-cancer\/mama\/"},{"@type":"ListItem","position":4,"name":"Recomenda\u00e7\u00f5es diet\u00e9ticas para a reten\u00e7\u00e3o de l\u00edquidos em c\u00e2ncer de mama"}]},{"@type":"WebSite","@id":"https:\/\/oncoalicia.com\/pt-br\/#website","url":"https:\/\/oncoalicia.com\/pt-br\/","name":"Oncoal\u00edcia","description":"Comer durante el Tratamiento del C\u00e1ncer","publisher":{"@id":"https:\/\/oncoalicia.com\/pt-br\/#organization"},"alternateName":"Oncoal\u00edcia | Comer durante el Tratamiento del C\u00e1ncer","potentialAction":[{"@type":"SearchAction","target":{"@type":"EntryPoint","urlTemplate":"https:\/\/oncoalicia.com\/pt-br\/?s={search_term_string}"},"query-input":{"@type":"PropertyValueSpecification","valueRequired":true,"valueName":"search_term_string"}}],"inLanguage":"pt-BR"},{"@type":"Organization","@id":"https:\/\/oncoalicia.com\/pt-br\/#organization","name":"Oncoal\u00edcia","alternateName":"Oncoal\u00edcia | Comer durante el Tratamiento del C\u00e1ncer","url":"https:\/\/oncoalicia.com\/pt-br\/","logo":{"@type":"ImageObject","inLanguage":"pt-BR","@id":"https:\/\/oncoalicia.com\/pt-br\/#\/schema\/logo\/image\/","url":"https:\/\/oncoalicia.com\/wp-content\/uploads\/2022\/11\/logo_rrss.png","contentUrl":"https:\/\/oncoalicia.com\/wp-content\/uploads\/2022\/11\/logo_rrss.png","width":300,"height":300,"caption":"Oncoal\u00edcia"},"image":{"@id":"https:\/\/oncoalicia.com\/pt-br\/#\/schema\/logo\/image\/"}}]}},"_links":{"self":[{"href":"https:\/\/oncoalicia.com\/pt-br\/wp-json\/wp\/v2\/pages\/6549","targetHints":{"allow":["GET"]}}],"collection":[{"href":"https:\/\/oncoalicia.com\/pt-br\/wp-json\/wp\/v2\/pages"}],"about":[{"href":"https:\/\/oncoalicia.com\/pt-br\/wp-json\/wp\/v2\/types\/page"}],"author":[{"embeddable":true,"href":"https:\/\/oncoalicia.com\/pt-br\/wp-json\/wp\/v2\/users\/2"}],"replies":[{"embeddable":true,"href":"https:\/\/oncoalicia.com\/pt-br\/wp-json\/wp\/v2\/comments?post=6549"}],"version-history":[{"count":0,"href":"https:\/\/oncoalicia.com\/pt-br\/wp-json\/wp\/v2\/pages\/6549\/revisions"}],"up":[{"embeddable":true,"href":"https:\/\/oncoalicia.com\/pt-br\/wp-json\/wp\/v2\/pages\/6529"}],"wp:attachment":[{"href":"https:\/\/oncoalicia.com\/pt-br\/wp-json\/wp\/v2\/media?parent=6549"}],"curies":[{"name":"wp","href":"https:\/\/api.w.org\/{rel}","templated":true}]}}