{"id":6554,"date":"2022-05-12T00:00:34","date_gmt":"2022-05-12T00:00:34","guid":{"rendered":"https:\/\/oncoalicia.com\/?page_id=6554"},"modified":"2025-07-08T07:25:54","modified_gmt":"2025-07-08T07:25:54","slug":"diminuicao-ou-desaparecimento-do-sabor","status":"publish","type":"page","link":"https:\/\/oncoalicia.com\/pt-br\/tipos-de-cancer\/mama\/alteracao-do-paladar\/diminuicao-ou-desaparecimento-do-sabor\/","title":{"rendered":"Recomenda\u00e7\u00f5es diet\u00e9ticas para a diminui\u00e7\u00e3o do sabor em c\u00e2ncer de mama"},"content":{"rendered":"<section class=\"recetas m-top-20\">\n<div class=\"container\">\n<div class=\"row\">\n<h1 class=\"col-md-12 text-center title-receta\">\nDiminui\u00e7\u00e3o ou desaparecimento do sabor<br \/>\n      <\/h1>\n<\/p><\/div>\n<div class=\"row\">\n<div class=\"col-md-12 subtitle-mitos\">\n<p>Denominam-se hipogeusia e ageusia, respectivamente, e se referem \u00e0 diminui\u00e7\u00e3o e ao desaparecimento da capacidade de detectar os sabores dos alimentos.<\/p>\n<\/p><\/div>\n<\/p><\/div>\n<div class=\"row p-40 w-60\">\n<div class=\"col-md-12 text-center\">\n<h2 class=\"h3 recomanem-efectes-cancer\">O QUE RECOMENDAMOS?<\/h2>\n<\/p><\/div>\n<div class=\"col-md-12 p-10 text-center\">\n<h3 class=\"btn-orange recomanacions-tipus-cancer\" style=\"font-weight: bold;\">Manter uma higiene bucal correta.<\/h3>\n<\/p><\/div>\n<div class=\"col-md-12 p-10 text-center\">\n<h3><a class=\"btn-orange recomanacions-tipus-cancer\" data-toggle=\"collapse\" href=\"#collapseExample-3\" role=\"button\" aria-expanded=\"false\" aria-controls=\"collapseExample\">Aumentar a condimenta\u00e7\u00e3o dos alimentos com especiarias e\/ou ervas arom\u00e1ticas.<i class=\"fa fa-angle-down\" aria-hidden=\"true\"><\/i><br \/>\n        <\/a><\/h3>\n<div class=\"collapse\" id=\"collapseExample-3\">\n<div class=\"card-body\">\n<div class=\"row\">\n<div class=\"col-md-12 descrip\">\n<p>Podemos utilizar hortel\u00e3, manjeric\u00e3o, or\u00e9gano, tomilho, louro, funcho (erva-doce), alho, sucos c\u00edtricos, sal (desde que n\u00e3o esteja contraindicado) ou refor\u00e7adores do sabor (cubos de caldo). <\/p>\n<\/p><\/div>\n<div class=\"col-md-12 text-center\">\n<!- Recetas 1 --><\/p>\n<div class=\"row\">\n<div class=\"col-md-12 recetas-sug\">\n                    <b>Algumas receitas sugeridas:<\/b>\n                  <\/div>\n<\/p><\/div>\n<div class=\"row\">\n<div class=\"col-md-4 col-sm-6 text-center recetitas\">\n                    <a href=\"\/pt-br\/receitas\/tabule\/\"><\/p>\n<div class=\"cuadro-receta-2 text-center\">\n                        <img decoding=\"async\" src=\"https:\/\/oncoalicia.com\/wp-content\/uploads\/2021\/10\/Tabouleh.jpg\" class=\"w-50\"><\/p>\n<div class=\"txt-mito\">\nTabule\n                        <\/div>\n<\/p><\/div>\n<p>                    <\/a>\n                  <\/div>\n<div class=\"col-md-4 col-sm-6 text-center recetitas\">\n                    <a href=\"\/pt-br\/receitas\/dahl-hindu\/\"><\/p>\n<div class=\"cuadro-receta-2 text-center\">\n                        <img decoding=\"async\" src=\"https:\/\/oncoalicia.com\/wp-content\/uploads\/2021\/10\/Dahl-Hindu.jpg\" class=\"w-50\"><\/p>\n<div class=\"txt-mito\">\n Dahl\u2019 hind\u00fa\n                        <\/div>\n<\/p><\/div>\n<p>                    <\/a>\n                  <\/div>\n<div class=\"col-md-4 col-sm-6 text-center recetitas\">\n                    <a href=\"\/pt-br\/receitas\/frango-ao-curry-com-arroz-e-maca\/\"><\/p>\n<div class=\"cuadro-receta-2 text-center\">\n                        <img decoding=\"async\" src=\"http:\/\/oncoalicia.com\/wp-content\/uploads\/2022\/02\/Pollo-al-curri-con-arroz-y-manzana.jpg\" class=\"w-50\"><\/p>\n<div class=\"txt-mito\">\n Frango ao curry com arroz e ma\u00e7\u00e3\n                        <\/div>\n<\/p><\/div>\n<p>                    <\/a>\n                  <\/div>\n<\/p><\/div>\n<\/p><\/div>\n<\/p><\/div>\n<\/p><\/div>\n<\/p><\/div>\n<\/p><\/div>\n<div class=\"col-md-12 p-10 text-center\">\n<h3 class=\"btn-orange recomanacions-tipus-cancer\" style=\"font-weight: bold;\">Escolher sabores fortes, como o queijo curado, e mistur\u00e1-los com cremes ou verduras para real\u00e7ar seu sabor.<\/h3>\n<\/p><\/div>\n<div class=\"col-md-12 p-10 text-center\">\n<h3><a class=\"btn-orange recomanacions-tipus-cancer\" data-toggle=\"collapse\" href=\"#collapseExample-7\" role=\"button\" aria-expanded=\"false\" aria-controls=\"collapseExample\">Mastigar lentamente.<i class=\"fa fa-angle-down\" aria-hidden=\"true\"><\/i><br \/>\n        <\/a><\/h3>\n<div class=\"collapse\" id=\"collapseExample-7\">\n<div class=\"card-body\">\n<div class=\"row\">\n<div class=\"col-md-12 descrip\">\n<p>Ajuda a liberar os sabores e aumentar a produ\u00e7\u00e3o de saliva.<\/p>\n<\/p><\/div>\n<\/p><\/div>\n<\/p><\/div>\n<\/p><\/div>\n<\/p><\/div>\n<div class=\"col-md-12 p-10 text-center\">\n<h3 class=\"btn-orange\" style=\"font-weight: bold;\">Escolher alimentos l\u00edquidos ou suculentos favorece a dissolu\u00e7\u00e3o dos sabores e a entrada destes nas papilas gustativas.<\/h3>\n<\/p><\/div>\n<div class=\"col-md-12 p-10 text-center\">\n<h3><a class=\"btn-orange recomanacions-tipus-cancer\" data-toggle=\"collapse\" href=\"#collapseExample-8\" role=\"button\" aria-expanded=\"false\" aria-controls=\"collapseExample\">Aumentar as prepara\u00e7\u00f5es com os diferentes sabores b\u00e1sicos.<i class=\"fa fa-angle-down\" aria-hidden=\"true\"><\/i><br \/>\n        <\/a><\/h3>\n<div class=\"collapse\" id=\"collapseExample-8\">\n<div class=\"card-body\">\n<div class=\"row\">\n<div class=\"col-md-12 descrip\">\n<p>Pode ser que a percep\u00e7\u00e3o de algum sabor esteja diminu\u00edda em rela\u00e7\u00e3o aos outros. Recomenda-se avaliar quais est\u00e3o alterados ou diminu\u00eddos (\u00e1cido, amargo, doce, salgado, umami) e, assim, aumentar os preparos com aqueles que sejam mais bem percebidos. Utilize esta <a href=\"\/pt-br\/receitas\/empedrat-salada-catala-de-feijao-branco-e-bacalhau-a-gosto\/\">receita<\/a> como exemplo para adaptar os pratos a diferentes sabores b\u00e1sicos. <\/p>\n<\/p><\/div>\n<\/p><\/div>\n<\/p><\/div>\n<\/p><\/div>\n<\/p><\/div>\n<div class=\"col-md-12 p-10 text-center\">\n<h3 class=\"btn-orange recomanacions-tipus-cancer\" style=\"font-weight: bold;\">Tentar detectar se h\u00e1 algum alimento ou grupos de alimentos com maior impacto  na mudan\u00e7a ou desaparecimento do sabor e tentar evit\u00e1-los nesse momento.<\/h3>\n<\/p><\/div>\n<\/p><\/div>\n<\/p><\/div>\n<\/section>\n","protected":false},"excerpt":{"rendered":"<p>Diminui\u00e7\u00e3o ou desaparecimento do sabor Denominam-se hipogeusia e ageusia, respectivamente, e se referem \u00e0 diminui\u00e7\u00e3o e ao desaparecimento da capacidade de detectar os sabores dos alimentos. O QUE RECOMENDAMOS? Manter uma higiene bucal correta. Aumentar a condimenta\u00e7\u00e3o dos alimentos com especiarias e\/ou ervas arom\u00e1ticas. Podemos utilizar hortel\u00e3, manjeric\u00e3o, or\u00e9gano, tomilho, louro, funcho (erva-doce), alho, sucos&hellip; <a class=\"more-link\" href=\"https:\/\/oncoalicia.com\/pt-br\/tipos-de-cancer\/mama\/alteracao-do-paladar\/diminuicao-ou-desaparecimento-do-sabor\/\">Continue reading <span class=\"screen-reader-text\">Recomenda\u00e7\u00f5es diet\u00e9ticas para a diminui\u00e7\u00e3o do sabor em c\u00e2ncer de mama<\/span><\/a><\/p>\n","protected":false},"author":2,"featured_media":0,"parent":6551,"menu_order":0,"comment_status":"closed","ping_status":"closed","template":"mama-disminucion-o-desaparicion-del-sabor.php","meta":{"footnotes":""},"class_list":["post-6554","page","type-page","status-publish","hentry","entry"],"yoast_head":"<!-- This site is optimized with the Yoast SEO plugin v26.9 - https:\/\/yoast.com\/product\/yoast-seo-wordpress\/ -->\n<title>Nutri\u00e7\u00e3o para pacientes com c\u00e2ncer de mama que apresentam diminui\u00e7\u00e3o do sabor - Oncoalicia<\/title>\n<meta name=\"description\" content=\"Encontre recomenda\u00e7\u00f5es alimentares para pessoas com c\u00e2ncer de mama que est\u00e3o com diminui\u00e7\u00e3o ou desaparecimento do sabor devido ao tratamento.\" \/>\n<meta name=\"robots\" content=\"index, follow, max-snippet:-1, max-image-preview:large, max-video-preview:-1\" \/>\n<link rel=\"canonical\" href=\"https:\/\/oncoalicia.com\/pt-br\/tipos-de-cancer\/mama\/alteracao-do-paladar\/diminuicao-ou-desaparecimento-do-sabor\/\" \/>\n<meta property=\"og:locale\" content=\"pt_BR\" \/>\n<meta property=\"og:type\" content=\"article\" \/>\n<meta property=\"og:title\" content=\"Nutri\u00e7\u00e3o para pacientes com c\u00e2ncer de mama que apresentam diminui\u00e7\u00e3o do sabor - Oncoalicia\" \/>\n<meta property=\"og:description\" content=\"Encontre recomenda\u00e7\u00f5es alimentares para pessoas com c\u00e2ncer de mama que est\u00e3o com diminui\u00e7\u00e3o ou desaparecimento do sabor devido ao tratamento.\" \/>\n<meta property=\"og:url\" content=\"https:\/\/oncoalicia.com\/pt-br\/tipos-de-cancer\/mama\/alteracao-do-paladar\/diminuicao-ou-desaparecimento-do-sabor\/\" \/>\n<meta property=\"og:site_name\" content=\"Oncoalicia\" \/>\n<meta property=\"article:modified_time\" content=\"2025-07-08T07:25:54+00:00\" \/>\n<meta property=\"og:image\" content=\"https:\/\/oncoalicia.com\/wp-content\/uploads\/2021\/10\/Tabouleh.jpg\" \/>\n<meta name=\"twitter:card\" content=\"summary_large_image\" \/>\n<meta name=\"twitter:label1\" content=\"Est. tempo de leitura\" \/>\n\t<meta name=\"twitter:data1\" content=\"2 minutos\" \/>\n<script type=\"application\/ld+json\" class=\"yoast-schema-graph\">{\"@context\":\"https:\/\/schema.org\",\"@graph\":[{\"@type\":\"WebPage\",\"@id\":\"https:\/\/oncoalicia.com\/pt-br\/tipos-de-cancer\/mama\/alteracao-do-paladar\/diminuicao-ou-desaparecimento-do-sabor\/\",\"url\":\"https:\/\/oncoalicia.com\/pt-br\/tipos-de-cancer\/mama\/alteracao-do-paladar\/diminuicao-ou-desaparecimento-do-sabor\/\",\"name\":\"Nutri\u00e7\u00e3o para pacientes com c\u00e2ncer de mama que apresentam diminui\u00e7\u00e3o do sabor - Oncoalicia\",\"isPartOf\":{\"@id\":\"https:\/\/oncoalicia.com\/pt-br\/#website\"},\"primaryImageOfPage\":{\"@id\":\"https:\/\/oncoalicia.com\/pt-br\/tipos-de-cancer\/mama\/alteracao-do-paladar\/diminuicao-ou-desaparecimento-do-sabor\/#primaryimage\"},\"image\":{\"@id\":\"https:\/\/oncoalicia.com\/pt-br\/tipos-de-cancer\/mama\/alteracao-do-paladar\/diminuicao-ou-desaparecimento-do-sabor\/#primaryimage\"},\"thumbnailUrl\":\"https:\/\/oncoalicia.com\/wp-content\/uploads\/2021\/10\/Tabouleh.jpg\",\"datePublished\":\"2022-05-12T00:00:34+00:00\",\"dateModified\":\"2025-07-08T07:25:54+00:00\",\"description\":\"Encontre recomenda\u00e7\u00f5es alimentares para pessoas com c\u00e2ncer de mama que est\u00e3o com diminui\u00e7\u00e3o ou desaparecimento do sabor devido ao tratamento.\",\"breadcrumb\":{\"@id\":\"https:\/\/oncoalicia.com\/pt-br\/tipos-de-cancer\/mama\/alteracao-do-paladar\/diminuicao-ou-desaparecimento-do-sabor\/#breadcrumb\"},\"inLanguage\":\"pt-BR\",\"potentialAction\":[{\"@type\":\"ReadAction\",\"target\":[\"https:\/\/oncoalicia.com\/pt-br\/tipos-de-cancer\/mama\/alteracao-do-paladar\/diminuicao-ou-desaparecimento-do-sabor\/\"]}]},{\"@type\":\"ImageObject\",\"inLanguage\":\"pt-BR\",\"@id\":\"https:\/\/oncoalicia.com\/pt-br\/tipos-de-cancer\/mama\/alteracao-do-paladar\/diminuicao-ou-desaparecimento-do-sabor\/#primaryimage\",\"url\":\"https:\/\/oncoalicia.com\/wp-content\/uploads\/2021\/10\/Tabouleh.jpg\",\"contentUrl\":\"https:\/\/oncoalicia.com\/wp-content\/uploads\/2021\/10\/Tabouleh.jpg\"},{\"@type\":\"BreadcrumbList\",\"@id\":\"https:\/\/oncoalicia.com\/pt-br\/tipos-de-cancer\/mama\/alteracao-do-paladar\/diminuicao-ou-desaparecimento-do-sabor\/#breadcrumb\",\"itemListElement\":[{\"@type\":\"ListItem\",\"position\":1,\"name\":\"Portada\",\"item\":\"https:\/\/oncoalicia.com\/pt-br\/\"},{\"@type\":\"ListItem\",\"position\":2,\"name\":\"Tipos de c\u00e2ncer\",\"item\":\"https:\/\/oncoalicia.com\/pt-br\/tipos-de-cancer\/\"},{\"@type\":\"ListItem\",\"position\":3,\"name\":\"Recomenda\u00e7\u00f5es alimentares durante o tratamento do c\u00e2ncer de mama\",\"item\":\"https:\/\/oncoalicia.com\/pt-br\/tipos-de-cancer\/mama\/\"},{\"@type\":\"ListItem\",\"position\":4,\"name\":\"Altera\u00e7\u00e3o do paladar no tratamento do c\u00e2ncer de mama\",\"item\":\"https:\/\/oncoalicia.com\/pt-br\/tipos-de-cancer\/mama\/alteracao-do-paladar\/\"},{\"@type\":\"ListItem\",\"position\":5,\"name\":\"Recomenda\u00e7\u00f5es diet\u00e9ticas para a diminui\u00e7\u00e3o do sabor em c\u00e2ncer de mama\"}]},{\"@type\":\"WebSite\",\"@id\":\"https:\/\/oncoalicia.com\/pt-br\/#website\",\"url\":\"https:\/\/oncoalicia.com\/pt-br\/\",\"name\":\"Oncoal\u00edcia\",\"description\":\"Comer durante el Tratamiento del C\u00e1ncer\",\"publisher\":{\"@id\":\"https:\/\/oncoalicia.com\/pt-br\/#organization\"},\"alternateName\":\"Oncoal\u00edcia | Comer durante el Tratamiento del C\u00e1ncer\",\"potentialAction\":[{\"@type\":\"SearchAction\",\"target\":{\"@type\":\"EntryPoint\",\"urlTemplate\":\"https:\/\/oncoalicia.com\/pt-br\/?s={search_term_string}\"},\"query-input\":{\"@type\":\"PropertyValueSpecification\",\"valueRequired\":true,\"valueName\":\"search_term_string\"}}],\"inLanguage\":\"pt-BR\"},{\"@type\":\"Organization\",\"@id\":\"https:\/\/oncoalicia.com\/pt-br\/#organization\",\"name\":\"Oncoal\u00edcia\",\"alternateName\":\"Oncoal\u00edcia | Comer durante el Tratamiento del C\u00e1ncer\",\"url\":\"https:\/\/oncoalicia.com\/pt-br\/\",\"logo\":{\"@type\":\"ImageObject\",\"inLanguage\":\"pt-BR\",\"@id\":\"https:\/\/oncoalicia.com\/pt-br\/#\/schema\/logo\/image\/\",\"url\":\"https:\/\/oncoalicia.com\/wp-content\/uploads\/2022\/11\/logo_rrss.png\",\"contentUrl\":\"https:\/\/oncoalicia.com\/wp-content\/uploads\/2022\/11\/logo_rrss.png\",\"width\":300,\"height\":300,\"caption\":\"Oncoal\u00edcia\"},\"image\":{\"@id\":\"https:\/\/oncoalicia.com\/pt-br\/#\/schema\/logo\/image\/\"}}]}<\/script>\n<!-- \/ Yoast SEO plugin. -->","yoast_head_json":{"title":"Nutri\u00e7\u00e3o para pacientes com c\u00e2ncer de mama que apresentam diminui\u00e7\u00e3o do sabor - Oncoalicia","description":"Encontre recomenda\u00e7\u00f5es alimentares para pessoas com c\u00e2ncer de mama que est\u00e3o com diminui\u00e7\u00e3o ou desaparecimento do sabor devido ao tratamento.","robots":{"index":"index","follow":"follow","max-snippet":"max-snippet:-1","max-image-preview":"max-image-preview:large","max-video-preview":"max-video-preview:-1"},"canonical":"https:\/\/oncoalicia.com\/pt-br\/tipos-de-cancer\/mama\/alteracao-do-paladar\/diminuicao-ou-desaparecimento-do-sabor\/","og_locale":"pt_BR","og_type":"article","og_title":"Nutri\u00e7\u00e3o para pacientes com c\u00e2ncer de mama que apresentam diminui\u00e7\u00e3o do sabor - Oncoalicia","og_description":"Encontre recomenda\u00e7\u00f5es alimentares para pessoas com c\u00e2ncer de mama que est\u00e3o com diminui\u00e7\u00e3o ou desaparecimento do sabor devido ao tratamento.","og_url":"https:\/\/oncoalicia.com\/pt-br\/tipos-de-cancer\/mama\/alteracao-do-paladar\/diminuicao-ou-desaparecimento-do-sabor\/","og_site_name":"Oncoalicia","article_modified_time":"2025-07-08T07:25:54+00:00","og_image":[{"url":"https:\/\/oncoalicia.com\/wp-content\/uploads\/2021\/10\/Tabouleh.jpg","type":"","width":"","height":""}],"twitter_card":"summary_large_image","twitter_misc":{"Est. tempo de leitura":"2 minutos"},"schema":{"@context":"https:\/\/schema.org","@graph":[{"@type":"WebPage","@id":"https:\/\/oncoalicia.com\/pt-br\/tipos-de-cancer\/mama\/alteracao-do-paladar\/diminuicao-ou-desaparecimento-do-sabor\/","url":"https:\/\/oncoalicia.com\/pt-br\/tipos-de-cancer\/mama\/alteracao-do-paladar\/diminuicao-ou-desaparecimento-do-sabor\/","name":"Nutri\u00e7\u00e3o para pacientes com c\u00e2ncer de mama que apresentam diminui\u00e7\u00e3o do sabor - Oncoalicia","isPartOf":{"@id":"https:\/\/oncoalicia.com\/pt-br\/#website"},"primaryImageOfPage":{"@id":"https:\/\/oncoalicia.com\/pt-br\/tipos-de-cancer\/mama\/alteracao-do-paladar\/diminuicao-ou-desaparecimento-do-sabor\/#primaryimage"},"image":{"@id":"https:\/\/oncoalicia.com\/pt-br\/tipos-de-cancer\/mama\/alteracao-do-paladar\/diminuicao-ou-desaparecimento-do-sabor\/#primaryimage"},"thumbnailUrl":"https:\/\/oncoalicia.com\/wp-content\/uploads\/2021\/10\/Tabouleh.jpg","datePublished":"2022-05-12T00:00:34+00:00","dateModified":"2025-07-08T07:25:54+00:00","description":"Encontre recomenda\u00e7\u00f5es alimentares para pessoas com c\u00e2ncer de mama que est\u00e3o com diminui\u00e7\u00e3o ou desaparecimento do sabor devido ao tratamento.","breadcrumb":{"@id":"https:\/\/oncoalicia.com\/pt-br\/tipos-de-cancer\/mama\/alteracao-do-paladar\/diminuicao-ou-desaparecimento-do-sabor\/#breadcrumb"},"inLanguage":"pt-BR","potentialAction":[{"@type":"ReadAction","target":["https:\/\/oncoalicia.com\/pt-br\/tipos-de-cancer\/mama\/alteracao-do-paladar\/diminuicao-ou-desaparecimento-do-sabor\/"]}]},{"@type":"ImageObject","inLanguage":"pt-BR","@id":"https:\/\/oncoalicia.com\/pt-br\/tipos-de-cancer\/mama\/alteracao-do-paladar\/diminuicao-ou-desaparecimento-do-sabor\/#primaryimage","url":"https:\/\/oncoalicia.com\/wp-content\/uploads\/2021\/10\/Tabouleh.jpg","contentUrl":"https:\/\/oncoalicia.com\/wp-content\/uploads\/2021\/10\/Tabouleh.jpg"},{"@type":"BreadcrumbList","@id":"https:\/\/oncoalicia.com\/pt-br\/tipos-de-cancer\/mama\/alteracao-do-paladar\/diminuicao-ou-desaparecimento-do-sabor\/#breadcrumb","itemListElement":[{"@type":"ListItem","position":1,"name":"Portada","item":"https:\/\/oncoalicia.com\/pt-br\/"},{"@type":"ListItem","position":2,"name":"Tipos de c\u00e2ncer","item":"https:\/\/oncoalicia.com\/pt-br\/tipos-de-cancer\/"},{"@type":"ListItem","position":3,"name":"Recomenda\u00e7\u00f5es alimentares durante o tratamento do c\u00e2ncer de mama","item":"https:\/\/oncoalicia.com\/pt-br\/tipos-de-cancer\/mama\/"},{"@type":"ListItem","position":4,"name":"Altera\u00e7\u00e3o do paladar no tratamento do c\u00e2ncer de mama","item":"https:\/\/oncoalicia.com\/pt-br\/tipos-de-cancer\/mama\/alteracao-do-paladar\/"},{"@type":"ListItem","position":5,"name":"Recomenda\u00e7\u00f5es diet\u00e9ticas para a diminui\u00e7\u00e3o do sabor em c\u00e2ncer de mama"}]},{"@type":"WebSite","@id":"https:\/\/oncoalicia.com\/pt-br\/#website","url":"https:\/\/oncoalicia.com\/pt-br\/","name":"Oncoal\u00edcia","description":"Comer durante el Tratamiento del C\u00e1ncer","publisher":{"@id":"https:\/\/oncoalicia.com\/pt-br\/#organization"},"alternateName":"Oncoal\u00edcia | Comer durante el Tratamiento del C\u00e1ncer","potentialAction":[{"@type":"SearchAction","target":{"@type":"EntryPoint","urlTemplate":"https:\/\/oncoalicia.com\/pt-br\/?s={search_term_string}"},"query-input":{"@type":"PropertyValueSpecification","valueRequired":true,"valueName":"search_term_string"}}],"inLanguage":"pt-BR"},{"@type":"Organization","@id":"https:\/\/oncoalicia.com\/pt-br\/#organization","name":"Oncoal\u00edcia","alternateName":"Oncoal\u00edcia | Comer durante el Tratamiento del C\u00e1ncer","url":"https:\/\/oncoalicia.com\/pt-br\/","logo":{"@type":"ImageObject","inLanguage":"pt-BR","@id":"https:\/\/oncoalicia.com\/pt-br\/#\/schema\/logo\/image\/","url":"https:\/\/oncoalicia.com\/wp-content\/uploads\/2022\/11\/logo_rrss.png","contentUrl":"https:\/\/oncoalicia.com\/wp-content\/uploads\/2022\/11\/logo_rrss.png","width":300,"height":300,"caption":"Oncoal\u00edcia"},"image":{"@id":"https:\/\/oncoalicia.com\/pt-br\/#\/schema\/logo\/image\/"}}]}},"_links":{"self":[{"href":"https:\/\/oncoalicia.com\/pt-br\/wp-json\/wp\/v2\/pages\/6554","targetHints":{"allow":["GET"]}}],"collection":[{"href":"https:\/\/oncoalicia.com\/pt-br\/wp-json\/wp\/v2\/pages"}],"about":[{"href":"https:\/\/oncoalicia.com\/pt-br\/wp-json\/wp\/v2\/types\/page"}],"author":[{"embeddable":true,"href":"https:\/\/oncoalicia.com\/pt-br\/wp-json\/wp\/v2\/users\/2"}],"replies":[{"embeddable":true,"href":"https:\/\/oncoalicia.com\/pt-br\/wp-json\/wp\/v2\/comments?post=6554"}],"version-history":[{"count":0,"href":"https:\/\/oncoalicia.com\/pt-br\/wp-json\/wp\/v2\/pages\/6554\/revisions"}],"up":[{"embeddable":true,"href":"https:\/\/oncoalicia.com\/pt-br\/wp-json\/wp\/v2\/pages\/6551"}],"wp:attachment":[{"href":"https:\/\/oncoalicia.com\/pt-br\/wp-json\/wp\/v2\/media?parent=6554"}],"curies":[{"name":"wp","href":"https:\/\/api.w.org\/{rel}","templated":true}]}}