{"id":6571,"date":"2021-12-21T00:05:01","date_gmt":"2021-12-21T00:05:01","guid":{"rendered":"https:\/\/oncoalicia.com\/?page_id=6571"},"modified":"2025-07-08T07:11:03","modified_gmt":"2025-07-08T07:11:03","slug":"cabeca-e-pescoco","status":"publish","type":"page","link":"https:\/\/oncoalicia.com\/pt-br\/tipos-de-cancer\/cabeca-e-pescoco\/","title":{"rendered":"Recomenda\u00e7\u00f5es alimentares durante o tratamento do c\u00e2ncer de cabe\u00e7a e pesco\u00e7o"},"content":{"rendered":"<div class=\"row\">\n<div class=\"col-md-12 subtitle-mitos text-left\">\n<table>\n<tbody>\n<tr>\n<td class=\"full-width\">\n<p style=\"font-size: 20px;\">O <b>c\u00e2ncer de cabe\u00e7a e pesco\u00e7o<\/b> engloba todos os tumores que afetam a regi\u00e3o do rosto e o pesco\u00e7o. Existem diferentes tipos de c\u00e2ncer de cabe\u00e7a e pesco\u00e7o e, em fun\u00e7\u00e3o do lugar exato onde estejam situados e do tratamento recebido, os efeitos colaterais ser\u00e3o diferentes. A recomenda\u00e7\u00e3o principal durante o tratamento \u00e9 comer, a\u00e7\u00e3o imprescind\u00edvel para manter a vitalidade e tolerar melhor a medica\u00e7\u00e3o. Em geral, comer o suficiente n\u00e3o costuma ser um problema, mas durante o tratamento do c\u00e2ncer de cabe\u00e7a e pesco\u00e7o pode chegar a ser um desafio.<\/p>\n<\/td>\n<td class=\"full-width espaciado\" style=\"text-align: center;\"><img decoding=\"async\" class=\"aligncenter wp-image-1647\" src=\"https:\/\/oncoalicia.com\/wp-content\/uploads\/2023\/09\/cabeza_por.jpg\" alt=\"\" width=\"280\" height=\"auto\" \/><\/td>\n<\/tr>\n<\/tbody>\n<\/table>\n<p>    As pessoas afetadas, em virtude da localiza\u00e7\u00e3o do tumor ou do tratamento recebido, podem ter sua alimenta\u00e7\u00e3o comprometida por problemas na mastiga\u00e7\u00e3o ou na degluti\u00e7\u00e3o, o que pode dificultar a ingest\u00e3o dos alimentos. O c\u00e2ncer de cabe\u00e7a e pesco\u00e7o \u00e9 um dos tumores que apresenta maior preval\u00eancia de desnutri\u00e7\u00e3o. Diante da impossibilidade de comer ou de perda de peso significativa, deve-se solicitar apoio nutricional ao nutricionista e oncologista de refer\u00eancia.<\/p>\n<p>    Al\u00e9m de seguir as <a href=\"\/pt-br\/recomendacoes-gerais\/\"><strong><u>Recomenda\u00e7\u00f5es gerais sobre a alimenta\u00e7\u00e3o durante o tratamento de c\u00e2ncer<\/u><\/strong><\/a>, no caso do c\u00e2ncer de cabe\u00e7a e pesco\u00e7o \u00e9 preciso refor\u00e7ar e considerar:<\/p><\/div>\n<\/p><\/div>\n<div class=\"row\">\n<div class=\"col-md-12 orange-box\">\n<ul>\n<li><b>Dividir a ingest\u00e3o alimentar em diferentes momentos ao longo do dia.<\/b> Em raz\u00e3o da dificuldade para comer ou beber, recomenda-se aumentar o n\u00famero de refei\u00e7\u00f5es (caf\u00e9 da manh\u00e3, cola\u00e7\u00e3o, almo\u00e7o, lanche da tarde, jantar e lanche noturno) para tentar atender \u00e0s necessidades nutricionais ao longo de todo o dia.<\/li>\n<li><b>Adaptar a textura dos alimentos.<\/b> Durante o tratamento de tumores de cabe\u00e7a e pesco\u00e7o costuma ser frequente o surgimento de desconfortos, dor e dificuldade no momento de beber e comer (dor e\/ou dificuldade ao deglutir e feridas na boca e\/ou garganta). Com a finalidade de evitar a diminui\u00e7\u00e3o da ingest\u00e3o, modificar a textura dos alimentos ou a viscosidade dos l\u00edquidos pode aliviar os desconfortos e a dor, bem como facilitar a mastiga\u00e7\u00e3o e a degluti\u00e7\u00e3o. Deve-se adaptar a textura de acordo com as necessidades de cada situa\u00e7\u00e3o: poder\u00e1 ser suficiente com simples considera\u00e7\u00f5es e modifica\u00e7\u00f5es de receitas ou escolha de determinados ingredientes, mas pode ser necess\u00e1rio triturar completamente todas as prepara\u00e7\u00f5es, evitar duas texturas diferentes e algumas vezes, pode ser necess\u00e1rio usar espessantes para garantir a seguran\u00e7a durante a ingest\u00e3o de refei\u00e7\u00f5es e bebidas. Portanto, sempre deve-se avaliar qual adapta\u00e7\u00e3o \u00e9 a mais adequada, seguindo as indica\u00e7\u00f5es do oncologista, do nutricionista e principalmente do fonoaudi\u00f3logo de refer\u00eancia.<\/li>\n<li><b>Verificar se existe alguma intera\u00e7\u00e3o alimento-medicamento.<\/b> Foram descritas poss\u00edveis intera\u00e7\u00f5es com plantas e ervas, como o hip\u00e9rico (a erva-de-s\u00e3o-jo\u00e3o) e o aloe-vera (conhecida popularmente como babosa) e alimentos como a toranja e seu suco (n\u00e3o comumente consumidos no Brasil), e as bebidas alco\u00f3licas. Essas intera\u00e7\u00f5es podem ocorrer conforme o tratamento prescrito, portanto \u00e9 necess\u00e1rio consultar sempre o oncologista e seu nutricionista para cada caso espec\u00edfico.<\/li>\n<li><b>Adaptar a alimenta\u00e7\u00e3o aos poss\u00edveis efeitos colaterais ou sintomas decorrentes do tratamento<\/b> a partir das seguintes recomenda\u00e7\u00f5es diet\u00e9tico-culin\u00e1rias para cada um deles.<\/li>\n<\/ul><\/div>\n<\/p><\/div>\n<\/section>\n<section class=\"mt-30\">\n<div class=\"container\">\n<div class=\"row\">\n<div class=\"col-md-12 txt-2 text-center\">Efeitos colaterais e sintomas mais frequentes<\/div>\n<\/p><\/div>\n<div class=\"col-md-12\">\n<div class=\"row space-efect\">\n<div class=\"col-md-3\">\n                        <a style=\"text-decoration: none;\" href=\"https:\/\/oncoalicia.com\/es\/tipos-de-cancer\/cabeza-y-cuello\/perdida-del-apetito\/\"><\/p>\n<div class=\"cuadro-efecto text-center\">\n<div class=\"txt-efect\">Perda do apetite\n                                <\/div>\n<div class=\"flecha\">\n                                    <i class=\"fa fa-chevron-right\" aria-hidden=\"true\"><\/i>\n                                <\/div>\n<\/p><\/div>\n<p>                        <\/a>\n                    <\/div>\n<div class=\"col-md-3\">\n                        <a style=\"text-decoration: none;\" href=\"https:\/\/oncoalicia.com\/pt-br\/tipos-de-cancer\/cabeca-e-pescoco\/dificuldade-ao-deglutir\/\"><\/p>\n<div class=\"cuadro-efecto text-center\">\n<div class=\"txt-efect\">Dificuldade ao deglutir (disfagia)\n                                <\/div>\n<div class=\"flecha\">\n                                    <i class=\"fa fa-chevron-right\" aria-hidden=\"true\"><\/i>\n                                <\/div>\n<\/p><\/div>\n<p>                        <\/a>\n                    <\/div>\n<div class=\"col-md-3\">\n                        <a style=\"text-decoration: none;\" href=\"https:\/\/oncoalicia.com\/pt-br\/tipos-de-cancer\/cabeca-e-pescoco\/dor-ao-deglutir\/\"><\/p>\n<div class=\"cuadro-efecto text-center\">\n<div class=\"txt-efect\">Dor ao deglutir (odinofagia)\n                                <\/div>\n<div class=\"flecha\">\n                                    <i class=\"fa fa-chevron-right\" aria-hidden=\"true\"><\/i>\n                                <\/div>\n<\/p><\/div>\n<p>                        <\/a>\n                    <\/div>\n<div class=\"col-md-3\">\n                        <a style=\"text-decoration: none;\" href=\"https:\/\/oncoalicia.com\/pt-br\/tipos-de-cancer\/cabeca-e-pescoco\/feridas-na-boca-e-ou-garganta\/\"><\/p>\n<div class=\"cuadro-efecto text-center\">\n<div class=\"txt-efect\">Feridas na boca e\/ou garganta\n                                <\/div>\n<div class=\"flecha\">\n                                    <i class=\"fa fa-chevron-right\" aria-hidden=\"true\"><\/i>\n                                <\/div>\n<\/p><\/div>\n<p>                        <\/a>\n                    <\/div>\n<\/p><\/div>\n<div class=\"row space-efect\">\n<div class=\"col-md-3\">\n                        <a style=\"text-decoration: none;\" href=\"https:\/\/oncoalicia.com\/pt-br\/tipos-de-cancer\/cabeca-e-pescoco\/alteracao-do-paladar\/\"><\/p>\n<div class=\"cuadro-efecto text-center\">\n<div class=\"txt-efect\">Altera\u00e7\u00e3o do paladar (disgeusia)\n                                <\/div>\n<div class=\"flecha\">\n                                    <i class=\"fa fa-chevron-right\" aria-hidden=\"true\"><\/i>\n                                <\/div>\n<\/p><\/div>\n<p>                        <\/a>\n                    <\/div>\n<div class=\"col-md-3\">\n                        <a style=\"text-decoration: none;\" href=\"https:\/\/oncoalicia.com\/pt-br\/tipos-de-cancer\/cabeca-e-pescoco\/boca-seca\/\"><\/p>\n<div class=\"cuadro-efecto text-center\">\n<div class=\"txt-efect\">Boca seca\n                                <\/div>\n<div class=\"flecha\">\n                                    <i class=\"fa fa-chevron-right\" aria-hidden=\"true\"><\/i>\n                                <\/div>\n<\/p><\/div>\n<p>                        <\/a>\n                    <\/div>\n<div class=\"col-md-3\">\n                        <a style=\"text-decoration: none;\" href=\"https:\/\/oncoalicia.com\/pt-br\/tipos-de-cancer\/cabeca-e-pescoco\/nauseas-e-vomitos\/\"><\/p>\n<div class=\"cuadro-efecto text-center\">\n<div class=\"txt-efect\">N\u00e1useas e v\u00f4mitos\n                                <\/div>\n<div class=\"flecha\">\n                                    <i class=\"fa fa-chevron-right\" aria-hidden=\"true\"><\/i>\n                                <\/div>\n<\/p><\/div>\n<p>                        <\/a>\n                    <\/div>\n<div class=\"col-md-3\">\n                        <a style=\"text-decoration: none;\" href=\"https:\/\/oncoalicia.com\/pt-br\/tipos-de-cancer\/cabeca-e-pescoco\/constipacao-intestino-preso\/\"><\/p>\n<div class=\"cuadro-efecto text-center\">\n<div class=\"txt-efect\">Constipa\u00e7\u00e3o (intestino preso)\n                                <\/div>\n<div class=\"flecha\">\n                                    <i class=\"fa fa-chevron-right\" aria-hidden=\"true\"><\/i>\n                                <\/div>\n<\/p><\/div>\n<p>                        <\/a>\n                    <\/div>\n<\/p><\/div>\n<div class=\"row space-efect\">\n<div class=\"col-md-3\">\n                        <a style=\"text-decoration: none;\" href=\"https:\/\/oncoalicia.com\/pt-br\/tipos-de-cancer\/cabeca-e-pescoco\/diarreia\/\"><\/p>\n<div class=\"cuadro-efecto text-center\">\n<div class=\"txt-efect\">Diarreia\n                                <\/div>\n<div class=\"flecha\">\n                                    <i class=\"fa fa-chevron-right\" aria-hidden=\"true\"><\/i>\n                                <\/div>\n<\/p><\/div>\n<p>                        <\/a>\n                    <\/div>\n<div class=\"col-md-3\">\n                    <\/div>\n<div class=\"col-md-3\">\n                    <\/div>\n<div class=\"col-md-3\">\n                    <\/div>\n<\/p><\/div>\n<\/p><\/div>\n<\/p><\/div>\n<\/section>\n<section class=\"descarga\">\n<div class=\"container\">\n<div class=\"row\">\n<div class=\"col-md-12 text-center\"><img decoding=\"async\" class=\"img-fluid\" src=\"http:\/\/oncoalicia.com\/wp-content\/uploads\/2023\/01\/Guies_alicia_4.jpg\" width=\"200\" height=\"auto\" \/><\/div>\n<div class=\"col-md-12 text-center\"><a class=\"guia-dw\" href=\"http:\/\/oncoalicia.com\/wp-content\/uploads\/2023\/01\/4.-Guies_alicia_4-ESP.pdf\" target=\"_blank\" rel=\"noopener\">Descarga la gu\u00eda completa <i class=\"fa fa-arrow-down\" aria-hidden=\"true\"><\/i><br \/>\n    <\/a><\/div>\n<\/p><\/div>\n<\/p><\/div>\n<\/section>\n","protected":false},"excerpt":{"rendered":"<p>O c\u00e2ncer de cabe\u00e7a e pesco\u00e7o engloba todos os tumores que afetam a regi\u00e3o do rosto e o pesco\u00e7o. Existem diferentes tipos de c\u00e2ncer de cabe\u00e7a e pesco\u00e7o e, em fun\u00e7\u00e3o do lugar exato onde estejam situados e do tratamento recebido, os efeitos colaterais ser\u00e3o diferentes. A recomenda\u00e7\u00e3o principal durante o tratamento \u00e9 comer, a\u00e7\u00e3o&hellip; <a class=\"more-link\" href=\"https:\/\/oncoalicia.com\/pt-br\/tipos-de-cancer\/cabeca-e-pescoco\/\">Continue reading <span class=\"screen-reader-text\">Recomenda\u00e7\u00f5es alimentares durante o tratamento do c\u00e2ncer de cabe\u00e7a e pesco\u00e7o<\/span><\/a><\/p>\n","protected":false},"author":2,"featured_media":0,"parent":6523,"menu_order":0,"comment_status":"closed","ping_status":"closed","template":"cabeza-cuello.php","meta":{"footnotes":""},"class_list":["post-6571","page","type-page","status-publish","hentry","entry"],"yoast_head":"<!-- This site is optimized with the Yoast SEO plugin v26.9 - https:\/\/yoast.com\/product\/yoast-seo-wordpress\/ -->\n<title>Nutri\u00e7\u00e3o para pacientes com c\u00e2ncer de cabe\u00e7a e pesco\u00e7o - Oncoalicia<\/title>\n<meta name=\"description\" content=\"Aqui est\u00e3o v\u00e1rias recomenda\u00e7\u00f5es alimentares para pessoas em tratamento do c\u00e2ncer de cabe\u00e7a e pesco\u00e7o.\" \/>\n<meta name=\"robots\" content=\"index, follow, max-snippet:-1, max-image-preview:large, max-video-preview:-1\" \/>\n<link rel=\"canonical\" href=\"https:\/\/oncoalicia.com\/pt-br\/tipos-de-cancer\/cabeca-e-pescoco\/\" \/>\n<meta property=\"og:locale\" content=\"pt_BR\" \/>\n<meta property=\"og:type\" content=\"article\" \/>\n<meta property=\"og:title\" content=\"Nutri\u00e7\u00e3o para pacientes com c\u00e2ncer de cabe\u00e7a e pesco\u00e7o - Oncoalicia\" \/>\n<meta property=\"og:description\" content=\"Aqui est\u00e3o v\u00e1rias recomenda\u00e7\u00f5es alimentares para pessoas em tratamento do c\u00e2ncer de cabe\u00e7a e pesco\u00e7o.\" \/>\n<meta property=\"og:url\" content=\"https:\/\/oncoalicia.com\/pt-br\/tipos-de-cancer\/cabeca-e-pescoco\/\" \/>\n<meta property=\"og:site_name\" content=\"Oncoalicia\" \/>\n<meta property=\"article:modified_time\" content=\"2025-07-08T07:11:03+00:00\" \/>\n<meta property=\"og:image\" content=\"https:\/\/oncoalicia.com\/wp-content\/uploads\/2022\/06\/cabeza-300x262-1.jpg\" \/>\n\t<meta property=\"og:image:width\" content=\"300\" \/>\n\t<meta property=\"og:image:height\" content=\"262\" \/>\n\t<meta property=\"og:image:type\" content=\"image\/jpeg\" \/>\n<meta name=\"twitter:card\" content=\"summary_large_image\" \/>\n<meta name=\"twitter:label1\" content=\"Est. tempo de leitura\" \/>\n\t<meta name=\"twitter:data1\" content=\"4 minutos\" \/>\n<script type=\"application\/ld+json\" class=\"yoast-schema-graph\">{\"@context\":\"https:\/\/schema.org\",\"@graph\":[{\"@type\":\"WebPage\",\"@id\":\"https:\/\/oncoalicia.com\/pt-br\/tipos-de-cancer\/cabeca-e-pescoco\/\",\"url\":\"https:\/\/oncoalicia.com\/pt-br\/tipos-de-cancer\/cabeca-e-pescoco\/\",\"name\":\"Nutri\u00e7\u00e3o para pacientes com c\u00e2ncer de cabe\u00e7a e pesco\u00e7o - Oncoalicia\",\"isPartOf\":{\"@id\":\"https:\/\/oncoalicia.com\/pt-br\/#website\"},\"primaryImageOfPage\":{\"@id\":\"https:\/\/oncoalicia.com\/pt-br\/tipos-de-cancer\/cabeca-e-pescoco\/#primaryimage\"},\"image\":{\"@id\":\"https:\/\/oncoalicia.com\/pt-br\/tipos-de-cancer\/cabeca-e-pescoco\/#primaryimage\"},\"thumbnailUrl\":\"https:\/\/oncoalicia.com\/wp-content\/uploads\/2023\/09\/cabeza_por.jpg\",\"datePublished\":\"2021-12-21T00:05:01+00:00\",\"dateModified\":\"2025-07-08T07:11:03+00:00\",\"description\":\"Aqui est\u00e3o v\u00e1rias recomenda\u00e7\u00f5es alimentares para pessoas em tratamento do c\u00e2ncer de cabe\u00e7a e pesco\u00e7o.\",\"breadcrumb\":{\"@id\":\"https:\/\/oncoalicia.com\/pt-br\/tipos-de-cancer\/cabeca-e-pescoco\/#breadcrumb\"},\"inLanguage\":\"pt-BR\",\"potentialAction\":[{\"@type\":\"ReadAction\",\"target\":[\"https:\/\/oncoalicia.com\/pt-br\/tipos-de-cancer\/cabeca-e-pescoco\/\"]}]},{\"@type\":\"ImageObject\",\"inLanguage\":\"pt-BR\",\"@id\":\"https:\/\/oncoalicia.com\/pt-br\/tipos-de-cancer\/cabeca-e-pescoco\/#primaryimage\",\"url\":\"https:\/\/oncoalicia.com\/wp-content\/uploads\/2023\/09\/cabeza_por.jpg\",\"contentUrl\":\"https:\/\/oncoalicia.com\/wp-content\/uploads\/2023\/09\/cabeza_por.jpg\"},{\"@type\":\"BreadcrumbList\",\"@id\":\"https:\/\/oncoalicia.com\/pt-br\/tipos-de-cancer\/cabeca-e-pescoco\/#breadcrumb\",\"itemListElement\":[{\"@type\":\"ListItem\",\"position\":1,\"name\":\"Portada\",\"item\":\"https:\/\/oncoalicia.com\/pt-br\/\"},{\"@type\":\"ListItem\",\"position\":2,\"name\":\"Tipos de c\u00e2ncer\",\"item\":\"https:\/\/oncoalicia.com\/pt-br\/tipos-de-cancer\/\"},{\"@type\":\"ListItem\",\"position\":3,\"name\":\"Recomenda\u00e7\u00f5es alimentares durante o tratamento do c\u00e2ncer de cabe\u00e7a e pesco\u00e7o\"}]},{\"@type\":\"WebSite\",\"@id\":\"https:\/\/oncoalicia.com\/pt-br\/#website\",\"url\":\"https:\/\/oncoalicia.com\/pt-br\/\",\"name\":\"Oncoal\u00edcia\",\"description\":\"Comer durante el Tratamiento del C\u00e1ncer\",\"publisher\":{\"@id\":\"https:\/\/oncoalicia.com\/pt-br\/#organization\"},\"alternateName\":\"Oncoal\u00edcia | Comer durante el Tratamiento del C\u00e1ncer\",\"potentialAction\":[{\"@type\":\"SearchAction\",\"target\":{\"@type\":\"EntryPoint\",\"urlTemplate\":\"https:\/\/oncoalicia.com\/pt-br\/?s={search_term_string}\"},\"query-input\":{\"@type\":\"PropertyValueSpecification\",\"valueRequired\":true,\"valueName\":\"search_term_string\"}}],\"inLanguage\":\"pt-BR\"},{\"@type\":\"Organization\",\"@id\":\"https:\/\/oncoalicia.com\/pt-br\/#organization\",\"name\":\"Oncoal\u00edcia\",\"alternateName\":\"Oncoal\u00edcia | Comer durante el Tratamiento del C\u00e1ncer\",\"url\":\"https:\/\/oncoalicia.com\/pt-br\/\",\"logo\":{\"@type\":\"ImageObject\",\"inLanguage\":\"pt-BR\",\"@id\":\"https:\/\/oncoalicia.com\/pt-br\/#\/schema\/logo\/image\/\",\"url\":\"https:\/\/oncoalicia.com\/wp-content\/uploads\/2022\/11\/logo_rrss.png\",\"contentUrl\":\"https:\/\/oncoalicia.com\/wp-content\/uploads\/2022\/11\/logo_rrss.png\",\"width\":300,\"height\":300,\"caption\":\"Oncoal\u00edcia\"},\"image\":{\"@id\":\"https:\/\/oncoalicia.com\/pt-br\/#\/schema\/logo\/image\/\"}}]}<\/script>\n<!-- \/ Yoast SEO plugin. -->","yoast_head_json":{"title":"Nutri\u00e7\u00e3o para pacientes com c\u00e2ncer de cabe\u00e7a e pesco\u00e7o - Oncoalicia","description":"Aqui est\u00e3o v\u00e1rias recomenda\u00e7\u00f5es alimentares para pessoas em tratamento do c\u00e2ncer de cabe\u00e7a e pesco\u00e7o.","robots":{"index":"index","follow":"follow","max-snippet":"max-snippet:-1","max-image-preview":"max-image-preview:large","max-video-preview":"max-video-preview:-1"},"canonical":"https:\/\/oncoalicia.com\/pt-br\/tipos-de-cancer\/cabeca-e-pescoco\/","og_locale":"pt_BR","og_type":"article","og_title":"Nutri\u00e7\u00e3o para pacientes com c\u00e2ncer de cabe\u00e7a e pesco\u00e7o - Oncoalicia","og_description":"Aqui est\u00e3o v\u00e1rias recomenda\u00e7\u00f5es alimentares para pessoas em tratamento do c\u00e2ncer de cabe\u00e7a e pesco\u00e7o.","og_url":"https:\/\/oncoalicia.com\/pt-br\/tipos-de-cancer\/cabeca-e-pescoco\/","og_site_name":"Oncoalicia","article_modified_time":"2025-07-08T07:11:03+00:00","og_image":[{"width":300,"height":262,"url":"https:\/\/oncoalicia.com\/wp-content\/uploads\/2022\/06\/cabeza-300x262-1.jpg","type":"image\/jpeg"}],"twitter_card":"summary_large_image","twitter_misc":{"Est. tempo de leitura":"4 minutos"},"schema":{"@context":"https:\/\/schema.org","@graph":[{"@type":"WebPage","@id":"https:\/\/oncoalicia.com\/pt-br\/tipos-de-cancer\/cabeca-e-pescoco\/","url":"https:\/\/oncoalicia.com\/pt-br\/tipos-de-cancer\/cabeca-e-pescoco\/","name":"Nutri\u00e7\u00e3o para pacientes com c\u00e2ncer de cabe\u00e7a e pesco\u00e7o - Oncoalicia","isPartOf":{"@id":"https:\/\/oncoalicia.com\/pt-br\/#website"},"primaryImageOfPage":{"@id":"https:\/\/oncoalicia.com\/pt-br\/tipos-de-cancer\/cabeca-e-pescoco\/#primaryimage"},"image":{"@id":"https:\/\/oncoalicia.com\/pt-br\/tipos-de-cancer\/cabeca-e-pescoco\/#primaryimage"},"thumbnailUrl":"https:\/\/oncoalicia.com\/wp-content\/uploads\/2023\/09\/cabeza_por.jpg","datePublished":"2021-12-21T00:05:01+00:00","dateModified":"2025-07-08T07:11:03+00:00","description":"Aqui est\u00e3o v\u00e1rias recomenda\u00e7\u00f5es alimentares para pessoas em tratamento do c\u00e2ncer de cabe\u00e7a e pesco\u00e7o.","breadcrumb":{"@id":"https:\/\/oncoalicia.com\/pt-br\/tipos-de-cancer\/cabeca-e-pescoco\/#breadcrumb"},"inLanguage":"pt-BR","potentialAction":[{"@type":"ReadAction","target":["https:\/\/oncoalicia.com\/pt-br\/tipos-de-cancer\/cabeca-e-pescoco\/"]}]},{"@type":"ImageObject","inLanguage":"pt-BR","@id":"https:\/\/oncoalicia.com\/pt-br\/tipos-de-cancer\/cabeca-e-pescoco\/#primaryimage","url":"https:\/\/oncoalicia.com\/wp-content\/uploads\/2023\/09\/cabeza_por.jpg","contentUrl":"https:\/\/oncoalicia.com\/wp-content\/uploads\/2023\/09\/cabeza_por.jpg"},{"@type":"BreadcrumbList","@id":"https:\/\/oncoalicia.com\/pt-br\/tipos-de-cancer\/cabeca-e-pescoco\/#breadcrumb","itemListElement":[{"@type":"ListItem","position":1,"name":"Portada","item":"https:\/\/oncoalicia.com\/pt-br\/"},{"@type":"ListItem","position":2,"name":"Tipos de c\u00e2ncer","item":"https:\/\/oncoalicia.com\/pt-br\/tipos-de-cancer\/"},{"@type":"ListItem","position":3,"name":"Recomenda\u00e7\u00f5es alimentares durante o tratamento do c\u00e2ncer de cabe\u00e7a e pesco\u00e7o"}]},{"@type":"WebSite","@id":"https:\/\/oncoalicia.com\/pt-br\/#website","url":"https:\/\/oncoalicia.com\/pt-br\/","name":"Oncoal\u00edcia","description":"Comer durante el Tratamiento del C\u00e1ncer","publisher":{"@id":"https:\/\/oncoalicia.com\/pt-br\/#organization"},"alternateName":"Oncoal\u00edcia | Comer durante el Tratamiento del C\u00e1ncer","potentialAction":[{"@type":"SearchAction","target":{"@type":"EntryPoint","urlTemplate":"https:\/\/oncoalicia.com\/pt-br\/?s={search_term_string}"},"query-input":{"@type":"PropertyValueSpecification","valueRequired":true,"valueName":"search_term_string"}}],"inLanguage":"pt-BR"},{"@type":"Organization","@id":"https:\/\/oncoalicia.com\/pt-br\/#organization","name":"Oncoal\u00edcia","alternateName":"Oncoal\u00edcia | Comer durante el Tratamiento del C\u00e1ncer","url":"https:\/\/oncoalicia.com\/pt-br\/","logo":{"@type":"ImageObject","inLanguage":"pt-BR","@id":"https:\/\/oncoalicia.com\/pt-br\/#\/schema\/logo\/image\/","url":"https:\/\/oncoalicia.com\/wp-content\/uploads\/2022\/11\/logo_rrss.png","contentUrl":"https:\/\/oncoalicia.com\/wp-content\/uploads\/2022\/11\/logo_rrss.png","width":300,"height":300,"caption":"Oncoal\u00edcia"},"image":{"@id":"https:\/\/oncoalicia.com\/pt-br\/#\/schema\/logo\/image\/"}}]}},"_links":{"self":[{"href":"https:\/\/oncoalicia.com\/pt-br\/wp-json\/wp\/v2\/pages\/6571","targetHints":{"allow":["GET"]}}],"collection":[{"href":"https:\/\/oncoalicia.com\/pt-br\/wp-json\/wp\/v2\/pages"}],"about":[{"href":"https:\/\/oncoalicia.com\/pt-br\/wp-json\/wp\/v2\/types\/page"}],"author":[{"embeddable":true,"href":"https:\/\/oncoalicia.com\/pt-br\/wp-json\/wp\/v2\/users\/2"}],"replies":[{"embeddable":true,"href":"https:\/\/oncoalicia.com\/pt-br\/wp-json\/wp\/v2\/comments?post=6571"}],"version-history":[{"count":0,"href":"https:\/\/oncoalicia.com\/pt-br\/wp-json\/wp\/v2\/pages\/6571\/revisions"}],"up":[{"embeddable":true,"href":"https:\/\/oncoalicia.com\/pt-br\/wp-json\/wp\/v2\/pages\/6523"}],"wp:attachment":[{"href":"https:\/\/oncoalicia.com\/pt-br\/wp-json\/wp\/v2\/media?parent=6571"}],"curies":[{"name":"wp","href":"https:\/\/api.w.org\/{rel}","templated":true}]}}