{"id":6586,"date":"2022-10-14T02:51:22","date_gmt":"2022-10-14T02:51:22","guid":{"rendered":"https:\/\/oncoalicia.com\/?page_id=6586"},"modified":"2025-07-08T07:18:04","modified_gmt":"2025-07-08T07:18:04","slug":"dor-ao-deglutir","status":"publish","type":"page","link":"https:\/\/oncoalicia.com\/pt-br\/tipos-de-cancer\/cabeca-e-pescoco\/dor-ao-deglutir\/","title":{"rendered":"Recomenda\u00e7\u00f5es diet\u00e9ticas para a dor ao deglutir em c\u00e2ncer de cabe\u00e7a e pesco\u00e7o"},"content":{"rendered":"<div class=\"row\">\n<div class=\"col-md-12 subtitle-mitos\">\n<p>A odinofagia \u00e9 a dor que aparece durante a ingest\u00e3o de alimentos, l\u00edquidos ou at\u00e9 saliva. Pode chegar a ser muito intensa, caso esteja acompanhada por feridas ou \u00falceras (mucosite). Normalmente aparece ao longo do tratamento de radioterapia, mas tamb\u00e9m pode se manifestar de forma mais pontual durante a quimioterapia ou outros tratamentos associados. As recomenda\u00e7\u00f5es diet\u00e9tico-culin\u00e1rias s\u00e3o muito semelhantes \u00e0s recomenda\u00e7\u00f5es para a mucos ite, j\u00e1 que s\u00e3o dois sintomas que frequentemente coexistem. Em geral, \u00e9 necess\u00e1rio ficar atento e modificar a textura dos alimentos para poder manter a ingest\u00e3o.<\/p>\n<\/p><\/div>\n<\/p><\/div>\n<div class=\"row p-40 w-60\">\n<div class=\"col-md-12 text-center\">\n<h2 class=\"h3 recomanem-efectes-cancer\">O QUE RECOMENDAMOS?<\/h2>\n<\/p><\/div>\n<div class=\"col-md-12 p-10 text-center\">\n<h3><a class=\"btn-orange recomanacions-tipus-cancer\" data-toggle=\"collapse\" href=\"#collapseExample\" role=\"button\" aria-expanded=\"false\" aria-controls=\"collapseExample\">Adaptar a textura dos alimentos conforme a intensidade da dor.<i class=\"fa fa-angle-down\" aria-hidden=\"true\"><\/i><br \/>\n        <\/a><\/h3>\n<div class=\"collapse\" id=\"collapseExample\">\n<div class=\"card-body\">\n<div class=\"row\">\n<div class=\"col-md-12 descrip\">\n<ul>\n<li>Quando a dor for leve, comer preferencialmente alimentos de textura mole ou de f\u00e1cil degluti\u00e7\u00e3o (ensopados, sopas, cremes, fl\u00e3s, queijos tenros, frutas maduras e doces, massas e arroz bem cozidos, peixe e carne bem macios), cozinhar os alimentos at\u00e9 que fiquem moles e acompanh\u00e1-los com molhos, caldos ou sucos, especialmente aqueles mais secos, para facilitar a degluti\u00e7\u00e3o, cortar os ingredientes em peda\u00e7os bem pequenos e mastigar lentamente.<\/li>\n<li>Quando a dor for intensa pode ser necess\u00e1rio triturar as prepara\u00e7\u00f5es e os alimentos s\u00f3lidos para conseguir uma textura adequada e garantir a ingest\u00e3o, seguindo as recomenda\u00e7\u00f5es diet\u00e9tico-culin\u00e1rias para a mucosite grave.<\/li>\n<\/ul><\/div>\n<div class=\"col-md-12 text-center\">\n<div class=\"row\">\n<div class=\"col-md-12 recetas-sug\">\n                            <b>Algumas receitas sugeridas:<\/b>\n                          <\/div>\n<\/p><\/div>\n<div class=\"row\">\n<div class=\"col-md-2 col-sm-6 text-center recetitas\">\n                  <\/div>\n<div class=\"col-md-4 col-sm-6 text-center recetitas\">\n                      <a href=\"\/pt-br\/receitas\/minissanduiches-de-abacate\/\"><\/p>\n<div class=\"cuadro-receta-2 text-center\">\n                              <img decoding=\"async\" src=\"http:\/\/oncoalicia.com\/wp-content\/uploads\/2021\/10\/Mini-sandvitxos-4.jpg\" class=\"w-50\"><\/p>\n<div class=\"txt-mito\">\nMinissandu\u00edches de abacate<\/p><\/div>\n<\/p><\/div>\n<p>                      <\/a>\n                  <\/div>\n<div class=\"col-md-4 col-sm-6 text-center recetitas\">\n                      <a href=\"\/pt-br\/receitas\/batatas-no-micro-ondas-recheadas-a-gosto\/\"><\/p>\n<div class=\"cuadro-receta-2 text-center\">\n                              <img decoding=\"async\" src=\"https:\/\/oncoalicia.com\/wp-content\/uploads\/2022\/02\/Patatas-al-microondas-rellenas-al-gusto.jpg\" class=\"w-50\"><\/p>\n<div class=\"txt-mito\">\nBatatas no micro-ondas recheadas a gosto<\/p><\/div>\n<\/p><\/div>\n<p>                      <\/a>\n                  <\/div>\n<div class=\"col-md-2 col-sm-6 text-center recetitas\">\n                  <\/div>\n<\/p><\/div>\n<\/p><\/div>\n<\/p><\/div>\n<\/p><\/div>\n<\/p><\/div>\n<\/p><\/div>\n<div class=\"col-md-12 p-10 text-center\">\n<h3><a class=\"btn-orange recomanacions-tipus-cancer\" data-toggle=\"collapse\" href=\"#collapseExample-2\" role=\"button\" aria-expanded=\"false\" aria-controls=\"collapseExample\">Manter uma boa higiene bucal. <i class=\"fa fa-angle-down\" aria-hidden=\"true\"><\/i><br \/>\n          <\/a><\/h3>\n<div class=\"collapse\" id=\"collapseExample-2\">\n<div class=\"card-body\">\n<div class=\"row\">\n<div class=\"col-md-12 descrip\">\n<p>Para evitar irrita\u00e7\u00f5es e inc\u00f4modos \u00e9 preciso utilizar produtos de higiene bucal n\u00e3o irritantes e escovas de dentes e fio dental macios. Enxaguar a boca ao longo do dia com infus\u00f5es de camomila, tomilho ou bicarbonato.<\/p>\n<\/p><\/div>\n<\/p><\/div>\n<\/p><\/div>\n<\/p><\/div>\n<\/p><\/div>\n<div class=\"col-md-12 p-10 text-center\">\n<h3><a class=\"btn-orange recomanacions-tipus-cancer\" data-toggle=\"collapse\" href=\"#collapseExample-5\" role=\"button\" aria-expanded=\"false\" aria-controls=\"collapseExample\">Comer pouco e com frequ\u00eancia. <i class=\"fa fa-angle-down\" aria-hidden=\"true\"><\/i><br \/>\n          <\/a><\/h3>\n<div class=\"collapse\" id=\"collapseExample-5\">\n<div class=\"card-body\">\n<div class=\"row\">\n<div class=\"col-md-12 descrip\">\n<p>Escolher prepara\u00e7\u00f5es e alimentos em pequenas quantidades, mas com alto valor nutritivo. Tentar manter a ingest\u00e3o e lembrar-se da import\u00e2ncia de garantir uma alimenta\u00e7\u00e3o completa.<\/p>\n<\/p><\/div>\n<\/p><\/div>\n<\/p><\/div>\n<\/p><\/div>\n<\/p><\/div>\n<div class=\"col-md-12 p-10 text-center\">\n<h3><a class=\"btn-orange recomanacions-tipus-cancer\" data-toggle=\"collapse\" href=\"#collapseExample-4\" role=\"button\" aria-expanded=\"false\" aria-controls=\"collapseExample\">Evitar alimentos que possam irritar as mucosas.<i class=\"fa fa-angle-down\" aria-hidden=\"true\"><\/i><br \/>\n        <\/a><\/h3>\n<div class=\"collapse\" id=\"collapseExample-4\">\n<div class=\"card-body\">\n<div class=\"row\">\n<div class=\"col-md-12 descrip\">\n<p>Hay que evitar:<\/p>\n<ul>\n<li>Bebidas alco\u00f3licas, caf\u00e9, bebidas com g\u00e1s e outros refrigerantes \u00e1cidos ou irritantes (bebidas de cola).<\/li>\n<li>Alimentos \u00e1cidos (tomate, piment\u00e3o cru, kiwi, lim\u00e3o, laranja, morango, tangerina, manga, abacaxi, vinagre, conservas etc.).<\/li>\n<li>Alimentos muito condimentados, picantes ou salgados.<\/li>\n<li>Alimentos secos ou de consist\u00eancia dura (p\u00e3o com casca, p\u00e3o torrado, torradas, grissinis, frutas secos, biscoitos secos, chips, queijos secos ou muito curados, e coc\u00e7\u00f5es empanadas ou gratinadas).<\/li>\n<li>Alimentos \u201cgrudentos\u201d (como o pur\u00ea de batata, croquetes, a banana, o chocolate etc.).<\/li>\n<li>Alimentos fibrosos, como algumas carnes grelhadas.<\/li>\n<li>Procurar comer os alimentos frios ou \u00e0 temperatura ambiente, pois o calor pode irritar ainda mais a mucosa e piorar a dor.<\/li>\n<\/ul><\/div>\n<div class=\"col-md-12 text-center\">\n<div class=\"row\">\n<div class=\"col-md-12 recetas-sug\">\n                            <b>Algumas receitas sugeridas:<\/b>\n                          <\/div>\n<\/p><\/div>\n<div class=\"row\">\n<div class=\"col-md-4 col-sm-6 text-center recetitas\">\n                        <\/div>\n<div class=\"col-md-4 col-sm-6 text-center recetitas\">\n                            <a href=\"\/pt-br\/receitas\/sorvete-rapido-de-banana-e-maca\/\"><\/p>\n<div class=\"cuadro-receta-2 text-center\">\n                                    <img decoding=\"async\" src=\"http:\/\/oncoalicia.com\/wp-content\/uploads\/2021\/10\/Helado-al-momento-pera-manzana-platano.jpg\" class=\"w-50\"><\/p>\n<div class=\"txt-mito\">\nSorvete r\u00e1pido de banana e ma\u00e7\u00e3<\/p><\/div>\n<\/p><\/div>\n<p>                            <\/a>\n                        <\/div>\n<div class=\"col-md-4 col-sm-6 text-center recetitas\">\n                        <\/div>\n<\/p><\/div>\n<\/p><\/div>\n<\/p><\/div>\n<\/p><\/div>\n<\/p><\/div>\n<\/p><\/div>\n<div class=\"col-md-12 p-10 text-center\">\n<h3><a class=\"btn-orange recomanacions-tipus-cancer\" data-toggle=\"collapse\" href=\"#collapseExample-6\" role=\"button\" aria-expanded=\"false\" aria-controls=\"collapseExample\">Manter uma boa hidrata\u00e7\u00e3o. <i class=\"fa fa-angle-down\" aria-hidden=\"true\"><\/i><br \/>\n          <\/a><\/h3>\n<div class=\"collapse\" id=\"collapseExample-6\">\n<div class=\"card-body\">\n<div class=\"row\">\n<div class=\"col-md-12 descrip\">\n<p>Recomenda-se beber, aproximadamente, dois litros de \u00e1gua por dia, ch\u00e1s, sucos de frutas n\u00e3o \u00e1cidas, caldos; e consumir gelatinas, picol\u00e9s etc. Se a dor for intensa, tomar pequenos goles ao longo do dia e utilizar um canudinho para direcionar os l\u00edquidos aos locais menos doloridos.<\/p>\n<\/p><\/div>\n<\/p><\/div>\n<\/p><\/div>\n<\/p><\/div>\n<\/p><\/div>\n<div class=\"col-md-12 p-10 text-center\">\n<h3 class=\"btn-orange recomanacions-tipus-cancer\" style=\"font-weight: bold;\">Manter os l\u00e1bios hidratados com protetor labial ou azeite de oliva para evitar que rachem ou ressequem.<br \/>\n        <\/h3>\n<\/p><\/div>\n<\/p><\/div>\n","protected":false},"excerpt":{"rendered":"<p>A odinofagia \u00e9 a dor que aparece durante a ingest\u00e3o de alimentos, l\u00edquidos ou at\u00e9 saliva. Pode chegar a ser muito intensa, caso esteja acompanhada por feridas ou \u00falceras (mucosite). Normalmente aparece ao longo do tratamento de radioterapia, mas tamb\u00e9m pode se manifestar de forma mais pontual durante a quimioterapia ou outros tratamentos associados. As&hellip; <a class=\"more-link\" href=\"https:\/\/oncoalicia.com\/pt-br\/tipos-de-cancer\/cabeca-e-pescoco\/dor-ao-deglutir\/\">Continue reading <span class=\"screen-reader-text\">Recomenda\u00e7\u00f5es diet\u00e9ticas para a dor ao deglutir em c\u00e2ncer de cabe\u00e7a e pesco\u00e7o<\/span><\/a><\/p>\n","protected":false},"author":2,"featured_media":0,"parent":6571,"menu_order":0,"comment_status":"closed","ping_status":"closed","template":"cabeza-dolor-al-deglutir.php","meta":{"footnotes":""},"class_list":["post-6586","page","type-page","status-publish","hentry","entry"],"yoast_head":"<!-- This site is optimized with the Yoast SEO plugin v26.9 - https:\/\/yoast.com\/product\/yoast-seo-wordpress\/ -->\n<title>Nutri\u00e7\u00e3o para pacientes com c\u00e2ncer de cabe\u00e7a e pesco\u00e7o que apresentam odinofagia - Oncoalicia<\/title>\n<meta name=\"description\" content=\"Encontre recomenda\u00e7\u00f5es alimentares para pessoas com c\u00e2ncer de cabe\u00e7a e pesco\u00e7o que est\u00e3o com dor ao deglutir devido ao tratamento.\" \/>\n<meta name=\"robots\" content=\"index, follow, max-snippet:-1, max-image-preview:large, max-video-preview:-1\" \/>\n<link rel=\"canonical\" href=\"https:\/\/oncoalicia.com\/pt-br\/tipos-de-cancer\/cabeca-e-pescoco\/dor-ao-deglutir\/\" \/>\n<meta property=\"og:locale\" content=\"pt_BR\" \/>\n<meta property=\"og:type\" content=\"article\" \/>\n<meta property=\"og:title\" content=\"Nutri\u00e7\u00e3o para pacientes com c\u00e2ncer de cabe\u00e7a e pesco\u00e7o que apresentam odinofagia - Oncoalicia\" \/>\n<meta property=\"og:description\" content=\"Encontre recomenda\u00e7\u00f5es alimentares para pessoas com c\u00e2ncer de cabe\u00e7a e pesco\u00e7o que est\u00e3o com dor ao deglutir devido ao tratamento.\" \/>\n<meta property=\"og:url\" content=\"https:\/\/oncoalicia.com\/pt-br\/tipos-de-cancer\/cabeca-e-pescoco\/dor-ao-deglutir\/\" \/>\n<meta property=\"og:site_name\" content=\"Oncoalicia\" \/>\n<meta property=\"article:modified_time\" content=\"2025-07-08T07:18:04+00:00\" \/>\n<meta property=\"og:image\" content=\"http:\/\/oncoalicia.com\/wp-content\/uploads\/2021\/10\/Mini-sandvitxos-4.jpg\" \/>\n<meta name=\"twitter:card\" content=\"summary_large_image\" \/>\n<meta name=\"twitter:label1\" content=\"Est. tempo de leitura\" \/>\n\t<meta name=\"twitter:data1\" content=\"4 minutos\" \/>\n<script type=\"application\/ld+json\" class=\"yoast-schema-graph\">{\"@context\":\"https:\/\/schema.org\",\"@graph\":[{\"@type\":\"WebPage\",\"@id\":\"https:\/\/oncoalicia.com\/pt-br\/tipos-de-cancer\/cabeca-e-pescoco\/dor-ao-deglutir\/\",\"url\":\"https:\/\/oncoalicia.com\/pt-br\/tipos-de-cancer\/cabeca-e-pescoco\/dor-ao-deglutir\/\",\"name\":\"Nutri\u00e7\u00e3o para pacientes com c\u00e2ncer de cabe\u00e7a e pesco\u00e7o que apresentam odinofagia - Oncoalicia\",\"isPartOf\":{\"@id\":\"https:\/\/oncoalicia.com\/pt-br\/#website\"},\"primaryImageOfPage\":{\"@id\":\"https:\/\/oncoalicia.com\/pt-br\/tipos-de-cancer\/cabeca-e-pescoco\/dor-ao-deglutir\/#primaryimage\"},\"image\":{\"@id\":\"https:\/\/oncoalicia.com\/pt-br\/tipos-de-cancer\/cabeca-e-pescoco\/dor-ao-deglutir\/#primaryimage\"},\"thumbnailUrl\":\"http:\/\/oncoalicia.com\/wp-content\/uploads\/2021\/10\/Mini-sandvitxos-4.jpg\",\"datePublished\":\"2022-10-14T02:51:22+00:00\",\"dateModified\":\"2025-07-08T07:18:04+00:00\",\"description\":\"Encontre recomenda\u00e7\u00f5es alimentares para pessoas com c\u00e2ncer de cabe\u00e7a e pesco\u00e7o que est\u00e3o com dor ao deglutir devido ao tratamento.\",\"breadcrumb\":{\"@id\":\"https:\/\/oncoalicia.com\/pt-br\/tipos-de-cancer\/cabeca-e-pescoco\/dor-ao-deglutir\/#breadcrumb\"},\"inLanguage\":\"pt-BR\",\"potentialAction\":[{\"@type\":\"ReadAction\",\"target\":[\"https:\/\/oncoalicia.com\/pt-br\/tipos-de-cancer\/cabeca-e-pescoco\/dor-ao-deglutir\/\"]}]},{\"@type\":\"ImageObject\",\"inLanguage\":\"pt-BR\",\"@id\":\"https:\/\/oncoalicia.com\/pt-br\/tipos-de-cancer\/cabeca-e-pescoco\/dor-ao-deglutir\/#primaryimage\",\"url\":\"http:\/\/oncoalicia.com\/wp-content\/uploads\/2021\/10\/Mini-sandvitxos-4.jpg\",\"contentUrl\":\"http:\/\/oncoalicia.com\/wp-content\/uploads\/2021\/10\/Mini-sandvitxos-4.jpg\"},{\"@type\":\"BreadcrumbList\",\"@id\":\"https:\/\/oncoalicia.com\/pt-br\/tipos-de-cancer\/cabeca-e-pescoco\/dor-ao-deglutir\/#breadcrumb\",\"itemListElement\":[{\"@type\":\"ListItem\",\"position\":1,\"name\":\"Portada\",\"item\":\"https:\/\/oncoalicia.com\/pt-br\/\"},{\"@type\":\"ListItem\",\"position\":2,\"name\":\"Tipos de c\u00e2ncer\",\"item\":\"https:\/\/oncoalicia.com\/pt-br\/tipos-de-cancer\/\"},{\"@type\":\"ListItem\",\"position\":3,\"name\":\"Recomenda\u00e7\u00f5es alimentares durante o tratamento do c\u00e2ncer de cabe\u00e7a e pesco\u00e7o\",\"item\":\"https:\/\/oncoalicia.com\/pt-br\/tipos-de-cancer\/cabeca-e-pescoco\/\"},{\"@type\":\"ListItem\",\"position\":4,\"name\":\"Recomenda\u00e7\u00f5es diet\u00e9ticas para a dor ao deglutir em c\u00e2ncer de cabe\u00e7a e pesco\u00e7o\"}]},{\"@type\":\"WebSite\",\"@id\":\"https:\/\/oncoalicia.com\/pt-br\/#website\",\"url\":\"https:\/\/oncoalicia.com\/pt-br\/\",\"name\":\"Oncoal\u00edcia\",\"description\":\"Comer durante el Tratamiento del C\u00e1ncer\",\"publisher\":{\"@id\":\"https:\/\/oncoalicia.com\/pt-br\/#organization\"},\"alternateName\":\"Oncoal\u00edcia | Comer durante el Tratamiento del C\u00e1ncer\",\"potentialAction\":[{\"@type\":\"SearchAction\",\"target\":{\"@type\":\"EntryPoint\",\"urlTemplate\":\"https:\/\/oncoalicia.com\/pt-br\/?s={search_term_string}\"},\"query-input\":{\"@type\":\"PropertyValueSpecification\",\"valueRequired\":true,\"valueName\":\"search_term_string\"}}],\"inLanguage\":\"pt-BR\"},{\"@type\":\"Organization\",\"@id\":\"https:\/\/oncoalicia.com\/pt-br\/#organization\",\"name\":\"Oncoal\u00edcia\",\"alternateName\":\"Oncoal\u00edcia | Comer durante el Tratamiento del C\u00e1ncer\",\"url\":\"https:\/\/oncoalicia.com\/pt-br\/\",\"logo\":{\"@type\":\"ImageObject\",\"inLanguage\":\"pt-BR\",\"@id\":\"https:\/\/oncoalicia.com\/pt-br\/#\/schema\/logo\/image\/\",\"url\":\"https:\/\/oncoalicia.com\/wp-content\/uploads\/2022\/11\/logo_rrss.png\",\"contentUrl\":\"https:\/\/oncoalicia.com\/wp-content\/uploads\/2022\/11\/logo_rrss.png\",\"width\":300,\"height\":300,\"caption\":\"Oncoal\u00edcia\"},\"image\":{\"@id\":\"https:\/\/oncoalicia.com\/pt-br\/#\/schema\/logo\/image\/\"}}]}<\/script>\n<!-- \/ Yoast SEO plugin. -->","yoast_head_json":{"title":"Nutri\u00e7\u00e3o para pacientes com c\u00e2ncer de cabe\u00e7a e pesco\u00e7o que apresentam odinofagia - Oncoalicia","description":"Encontre recomenda\u00e7\u00f5es alimentares para pessoas com c\u00e2ncer de cabe\u00e7a e pesco\u00e7o que est\u00e3o com dor ao deglutir devido ao tratamento.","robots":{"index":"index","follow":"follow","max-snippet":"max-snippet:-1","max-image-preview":"max-image-preview:large","max-video-preview":"max-video-preview:-1"},"canonical":"https:\/\/oncoalicia.com\/pt-br\/tipos-de-cancer\/cabeca-e-pescoco\/dor-ao-deglutir\/","og_locale":"pt_BR","og_type":"article","og_title":"Nutri\u00e7\u00e3o para pacientes com c\u00e2ncer de cabe\u00e7a e pesco\u00e7o que apresentam odinofagia - Oncoalicia","og_description":"Encontre recomenda\u00e7\u00f5es alimentares para pessoas com c\u00e2ncer de cabe\u00e7a e pesco\u00e7o que est\u00e3o com dor ao deglutir devido ao tratamento.","og_url":"https:\/\/oncoalicia.com\/pt-br\/tipos-de-cancer\/cabeca-e-pescoco\/dor-ao-deglutir\/","og_site_name":"Oncoalicia","article_modified_time":"2025-07-08T07:18:04+00:00","og_image":[{"url":"http:\/\/oncoalicia.com\/wp-content\/uploads\/2021\/10\/Mini-sandvitxos-4.jpg","type":"","width":"","height":""}],"twitter_card":"summary_large_image","twitter_misc":{"Est. tempo de leitura":"4 minutos"},"schema":{"@context":"https:\/\/schema.org","@graph":[{"@type":"WebPage","@id":"https:\/\/oncoalicia.com\/pt-br\/tipos-de-cancer\/cabeca-e-pescoco\/dor-ao-deglutir\/","url":"https:\/\/oncoalicia.com\/pt-br\/tipos-de-cancer\/cabeca-e-pescoco\/dor-ao-deglutir\/","name":"Nutri\u00e7\u00e3o para pacientes com c\u00e2ncer de cabe\u00e7a e pesco\u00e7o que apresentam odinofagia - Oncoalicia","isPartOf":{"@id":"https:\/\/oncoalicia.com\/pt-br\/#website"},"primaryImageOfPage":{"@id":"https:\/\/oncoalicia.com\/pt-br\/tipos-de-cancer\/cabeca-e-pescoco\/dor-ao-deglutir\/#primaryimage"},"image":{"@id":"https:\/\/oncoalicia.com\/pt-br\/tipos-de-cancer\/cabeca-e-pescoco\/dor-ao-deglutir\/#primaryimage"},"thumbnailUrl":"http:\/\/oncoalicia.com\/wp-content\/uploads\/2021\/10\/Mini-sandvitxos-4.jpg","datePublished":"2022-10-14T02:51:22+00:00","dateModified":"2025-07-08T07:18:04+00:00","description":"Encontre recomenda\u00e7\u00f5es alimentares para pessoas com c\u00e2ncer de cabe\u00e7a e pesco\u00e7o que est\u00e3o com dor ao deglutir devido ao tratamento.","breadcrumb":{"@id":"https:\/\/oncoalicia.com\/pt-br\/tipos-de-cancer\/cabeca-e-pescoco\/dor-ao-deglutir\/#breadcrumb"},"inLanguage":"pt-BR","potentialAction":[{"@type":"ReadAction","target":["https:\/\/oncoalicia.com\/pt-br\/tipos-de-cancer\/cabeca-e-pescoco\/dor-ao-deglutir\/"]}]},{"@type":"ImageObject","inLanguage":"pt-BR","@id":"https:\/\/oncoalicia.com\/pt-br\/tipos-de-cancer\/cabeca-e-pescoco\/dor-ao-deglutir\/#primaryimage","url":"http:\/\/oncoalicia.com\/wp-content\/uploads\/2021\/10\/Mini-sandvitxos-4.jpg","contentUrl":"http:\/\/oncoalicia.com\/wp-content\/uploads\/2021\/10\/Mini-sandvitxos-4.jpg"},{"@type":"BreadcrumbList","@id":"https:\/\/oncoalicia.com\/pt-br\/tipos-de-cancer\/cabeca-e-pescoco\/dor-ao-deglutir\/#breadcrumb","itemListElement":[{"@type":"ListItem","position":1,"name":"Portada","item":"https:\/\/oncoalicia.com\/pt-br\/"},{"@type":"ListItem","position":2,"name":"Tipos de c\u00e2ncer","item":"https:\/\/oncoalicia.com\/pt-br\/tipos-de-cancer\/"},{"@type":"ListItem","position":3,"name":"Recomenda\u00e7\u00f5es alimentares durante o tratamento do c\u00e2ncer de cabe\u00e7a e pesco\u00e7o","item":"https:\/\/oncoalicia.com\/pt-br\/tipos-de-cancer\/cabeca-e-pescoco\/"},{"@type":"ListItem","position":4,"name":"Recomenda\u00e7\u00f5es diet\u00e9ticas para a dor ao deglutir em c\u00e2ncer de cabe\u00e7a e pesco\u00e7o"}]},{"@type":"WebSite","@id":"https:\/\/oncoalicia.com\/pt-br\/#website","url":"https:\/\/oncoalicia.com\/pt-br\/","name":"Oncoal\u00edcia","description":"Comer durante el Tratamiento del C\u00e1ncer","publisher":{"@id":"https:\/\/oncoalicia.com\/pt-br\/#organization"},"alternateName":"Oncoal\u00edcia | Comer durante el Tratamiento del C\u00e1ncer","potentialAction":[{"@type":"SearchAction","target":{"@type":"EntryPoint","urlTemplate":"https:\/\/oncoalicia.com\/pt-br\/?s={search_term_string}"},"query-input":{"@type":"PropertyValueSpecification","valueRequired":true,"valueName":"search_term_string"}}],"inLanguage":"pt-BR"},{"@type":"Organization","@id":"https:\/\/oncoalicia.com\/pt-br\/#organization","name":"Oncoal\u00edcia","alternateName":"Oncoal\u00edcia | Comer durante el Tratamiento del C\u00e1ncer","url":"https:\/\/oncoalicia.com\/pt-br\/","logo":{"@type":"ImageObject","inLanguage":"pt-BR","@id":"https:\/\/oncoalicia.com\/pt-br\/#\/schema\/logo\/image\/","url":"https:\/\/oncoalicia.com\/wp-content\/uploads\/2022\/11\/logo_rrss.png","contentUrl":"https:\/\/oncoalicia.com\/wp-content\/uploads\/2022\/11\/logo_rrss.png","width":300,"height":300,"caption":"Oncoal\u00edcia"},"image":{"@id":"https:\/\/oncoalicia.com\/pt-br\/#\/schema\/logo\/image\/"}}]}},"_links":{"self":[{"href":"https:\/\/oncoalicia.com\/pt-br\/wp-json\/wp\/v2\/pages\/6586","targetHints":{"allow":["GET"]}}],"collection":[{"href":"https:\/\/oncoalicia.com\/pt-br\/wp-json\/wp\/v2\/pages"}],"about":[{"href":"https:\/\/oncoalicia.com\/pt-br\/wp-json\/wp\/v2\/types\/page"}],"author":[{"embeddable":true,"href":"https:\/\/oncoalicia.com\/pt-br\/wp-json\/wp\/v2\/users\/2"}],"replies":[{"embeddable":true,"href":"https:\/\/oncoalicia.com\/pt-br\/wp-json\/wp\/v2\/comments?post=6586"}],"version-history":[{"count":0,"href":"https:\/\/oncoalicia.com\/pt-br\/wp-json\/wp\/v2\/pages\/6586\/revisions"}],"up":[{"embeddable":true,"href":"https:\/\/oncoalicia.com\/pt-br\/wp-json\/wp\/v2\/pages\/6571"}],"wp:attachment":[{"href":"https:\/\/oncoalicia.com\/pt-br\/wp-json\/wp\/v2\/media?parent=6586"}],"curies":[{"name":"wp","href":"https:\/\/api.w.org\/{rel}","templated":true}]}}