{"id":6591,"date":"2022-05-11T02:18:46","date_gmt":"2022-05-11T02:18:46","guid":{"rendered":"https:\/\/oncoalicia.com\/?page_id=6591"},"modified":"2025-07-08T07:19:22","modified_gmt":"2025-07-08T07:19:22","slug":"mucosite-leve","status":"publish","type":"page","link":"https:\/\/oncoalicia.com\/pt-br\/tipos-de-cancer\/cabeca-e-pescoco\/feridas-na-boca-e-ou-garganta\/mucosite-leve\/","title":{"rendered":"Recomenda\u00e7\u00f5es diet\u00e9ticas para a mucosite leve em c\u00e2ncer de cabe\u00e7a e pesco\u00e7o"},"content":{"rendered":"<div class=\"row p-40 w-60\">\n<div class=\"col-md-12 text-center\">\n<h2 class=\"h3 recomanem-efectes-cancer\">O QUE RECOMENDAMOS?<\/h2>\n<\/p><\/div>\n<div class=\"col-md-12 p-10 text-center\">\n<h3 class=\"btn-orange recomanacions-tipus-cancer\" style=\"font-weight: bold;\">Manter uma boa higiene bucal.<\/h3>\n<\/div>\n<div class=\"col-md-12 p-10 text-center\">\n<h3><a class=\"btn-orange recomanacions-tipus-cancer\" role=\"button\" href=\"#collapseExample-1\" data-toggle=\"collapse\" aria-expanded=\"false\" aria-controls=\"collapseExample\">Enxaguar a boca ao longo do dia com infus\u00f5es de camomila, tomilho ou bicarbonato.<i class=\"fa fa-angle-down\" aria-hidden=\"true\"><\/i><br \/>\n <\/a><\/h3>\n<div id=\"collapseExample-1\" class=\"collapse\">\n<div class=\"card-body\">\n<div class=\"row\">\n<div class=\"col-md-12 descrip\">A mucosite n\u00e3o est\u00e1 condicionada \u00e0 realiza\u00e7\u00e3o das medidas higi\u00eanicas di\u00e1rias (enxagues bucais), mas esses h\u00e1bitos podem ajudar a aliviar os inc\u00f4modos.<\/div>\n<\/p><\/div>\n<\/p><\/div>\n<\/div>\n<\/div>\n<div class=\"col-md-12 p-10 text-center\">\n<h3 class=\"btn-orange recomanacions-tipus-cancer\" style=\"font-weight: bold;\">Manter os l\u00e1bios hidratados com protetor labial ou azeite de oliva para evitar que rachem o ressequem.<\/h3>\n<\/div>\n<div class=\"col-md-12 p-10 text-center\">\n<h3><a class=\"btn-orange recomanacions-tipus-cancer\" role=\"button\" href=\"#collapseExample-2\" data-toggle=\"collapse\" aria-expanded=\"false\" aria-controls=\"collapseExample\">Manter uma boa hidrata\u00e7\u00e3o.<i class=\"fa fa-angle-down\" aria-hidden=\"true\"><\/i><br \/>\n<\/a><\/h3>\n<div id=\"collapseExample-2\" class=\"collapse\">\n<div class=\"card-body\">\n<div class=\"row\">\n<div class=\"col-md-12 descrip\">Recomenda-se beber cerca de dois litros de \u00e1gua por dia (ch\u00e1s ou caldos naturais). Caso seja doloroso, tomar pequenos goles ao longo do dia e utilizar um canudinho para direcionar os l\u00edquidos aos locais menos doloridos.<\/div>\n<\/div>\n<\/div>\n<\/div>\n<\/div>\n<div class=\"col-md-12 p-10 text-center\">\n<h3><a class=\"btn-orange recomanacions-tipus-cancer\" role=\"button\" href=\"#collapseExample-6\" data-toggle=\"collapse\" aria-expanded=\"false\" aria-controls=\"collapseExample\">Antes das refei\u00e7\u00f5es, anestesiar a boca com gelo picado ou em cubinhos, \u00e1gua bem gelada, gelatinas bem geladas, picol\u00e9s ou sorvetes caseiros para diminuir a dor. <i class=\"fa fa-angle-down\" aria-hidden=\"true\"><\/i><br \/>\n<\/a><\/h3>\n<div id=\"collapseExample-6\" class=\"collapse\">\n<div class=\"card-body\">\n<div class=\"row\">\n<div class=\"col-md-12 descript\">\n<p>Preparar gelatinas que possam ser congeladas ou consumidas geladas, sorvetes ou picol\u00e9s, com frutas n\u00e3o \u00e1cidas.<\/p>\n<\/div>\n<div class=\"col-md-12 text-center\">\n<div class=\"row\">\n<div class=\"col-md-12 recetas-sug\"><b>Algumas receitas sugeridas:<\/b><\/div>\n<\/div>\n<div class=\"row\">\n<div class=\"col-md-2 col-sm-6 text-center recetitas\">\n<\/div>\n<div class=\"col-md-4 col-sm-6 text-center recetitas\">\n<a href=\"\/pt-br\/receitas\/gelatina-de-pessego\/\"><\/p>\n<div class=\"cuadro-receta-2 text-center\">\n<img decoding=\"async\" class=\"w-50\" src=\"http:\/\/oncoalicia.com\/wp-content\/uploads\/2022\/04\/113.-V-Crema-de-alubias-y-tomillo.jpg\"><\/p>\n<div class=\"txt-mito\">\nGelatina de p\u00eassego\n<\/div>\n<\/div>\n<p><\/a><\/p>\n<\/div>\n<div class=\"col-md-4 col-sm-6 text-center recetitas\">\n<a href=\"\/pt-br\/receitas\/sorvete-rapido-de-banana-e-maca\/\"><\/p>\n<div class=\"cuadro-receta-2 text-center\">\n<img decoding=\"async\" class=\"w-50\" src=\"https:\/\/oncoalicia.com\/wp-content\/uploads\/2021\/10\/Helado-al-momento-pera-manzana-platano.jpg\"><\/p>\n<div class=\"txt-mito\">Sorvete r\u00e1pido de banana e ma\u00e7\u00e3\n<\/div>\n<\/div>\n<p><\/a><\/p>\n<\/div>\n<div class=\"col-md-2 col-sm-6 text-center recetitas\">\n<\/div>\n<\/div>\n<\/div>\n<\/div>\n<\/div>\n<div class=\"col-md-12 p-10 text-center\">\n<h4><a class=\"btn-orange recomanacions-tipus-cancer\" role=\"button\" href=\"#collapseExample-3\" data-toggle=\"collapse\" aria-expanded=\"false\" aria-controls=\"collapseExample\">Evitar alimentos que possam irritar as mucosas. <i class=\"fa fa-angle-down\" aria-hidden=\"true\"><\/i><br \/>\n<\/a><\/h4>\n<div id=\"collapseExample-3\" class=\"collapse\">\n<div class=\"card-body\">\n<div class=\"row\">\n<div class=\"col-md-12 descrip\">\n<ul>\n<li>Bebidas alco\u00f3licas, caf\u00e9, bebidas com g\u00e1s e outros refrigerantes \u00e1cidos ou irritantes (bebidas de cola, por exemplo).\n<li>Alimentos \u00e1cidos (tomate, piment\u00e3o cru, kiwi, lim\u00e3o, laranja, morango, tangerina, manga, abacaxi, vinagre, conservas etc.).<\/li>\n<li>Alimentos muito condimentados, picantes ou salgados.<\/li>\n<li>Alimentos secos ou de consist\u00eancia dura (p\u00e3o com casca, p\u00e3o torrado, torradas, grissinis, frutos secos\/oleaginosas, biscoitos secos, chips, queijos secos ou muito curados e coc\u00e7\u00f5es empanadas ou gratinadas).<\/li>\n<li>Alimentos \u201cgrudentos\u201d (como o pur\u00ea de batata, os croquetes, a banana, o chocolate etc.).<\/li>\n<li>Alimentos fibrosos, como algumas carnes grelhadas ou aspargos verdes.<\/li>\n<\/ul>\n<\/div>\n<\/div>\n<\/div>\n<\/div>\n<\/div>\n<div class=\"col-md-12 p-10 text-center\">\n<h4><a class=\"btn-orange recomanacions-tipus-cancer\" role=\"button\" href=\"#collapseExample\" data-toggle=\"collapse\" aria-expanded=\"false\" aria-controls=\"collapseExample\">Procurar comer os alimentos frios ou \u00e0 temperatura ambiente. <i class=\"fa fa-angle-down\" aria-hidden=\"true\"><\/i><br \/>\n<\/a><\/h4>\n<div id=\"collapseExample\" class=\"collapse\">\n<div class=\"card-body\">\n<div class=\"row\">\n<div class=\"col-md-12 descript\">\n<p>O calor pode irritar mais a mucosa.<\/p>\n<\/div>\n<div class=\"col-md-12 text-center\">\n<div class=\"row\">\n<div class=\"col-md-12 recetas-sug\"><b>Algumas receitas sugeridas:<\/b><\/div>\n<\/div>\n<div class=\"row\">\n<div class=\"col-md-4 col-sm-6 text-center recetitas\">\n<a href=\"\/pt-br\/receitas\/sopa-fria-de-abacate-e-milho\/\"><\/p>\n<div class=\"cuadro-receta-2 text-center\">\n<img decoding=\"async\" class=\"w-50\" src=\"https:\/\/oncoalicia.com\/wp-content\/uploads\/2022\/02\/Sopa-fra-de-aguacate-y-maz.jpg\"><\/p>\n<div class=\"txt-mito\">Sopa fria de abacate e milho\n<\/div>\n<\/div>\n<p><\/a>\n<\/div>\n<div class=\"col-md-4 col-sm-6 text-center recetitas\">\n<a href=\"\/pt-br\/receitas\/pure-rapido-de-grao-de-bico-com-ovo\/\"><\/p>\n<div class=\"cuadro-receta-2 text-center\">\n<img decoding=\"async\" class=\"w-50\" src=\"https:\/\/oncoalicia.com\/wp-content\/uploads\/2022\/02\/Pur%E2%80%9A-r-pido-de-garbanzos-con-huevo.jpg\"><\/p>\n<div class=\"txt-mito\">Pur\u00ea r\u00e1pido de gr\u00e3o de bico com ovo\n<\/div>\n<\/div>\n<p><\/a>\n<\/div>\n<div class=\"col-md-4 col-sm-6 text-center recetitas\">\n<a href=\"\/pt-br\/receitas\/creme-de-feijao-branco-e-tomilho\/\"><\/p>\n<div class=\"cuadro-receta-2 text-center\">\n<img decoding=\"async\" class=\"w-50\" src=\"https:\/\/oncoalicia.com\/wp-content\/uploads\/2022\/04\/113.-V-Crema-de-alubias-y-tomillo.jpg\"><\/p>\n<div class=\"txt-mito\">Creme de feij\u00e3o-branco e tomilho\n<\/div>\n<\/div>\n<p><\/a>\n<\/div>\n<\/div>\n<div class=\"row\">\n<div class=\"col-md-4 col-sm-6 text-center recetitas\">\n<a href=\"\/pt-br\/receitas\/sopa-fria-de-aspargos-e-laranja\/\"><\/p>\n<div class=\"cuadro-receta-2 text-center\">\n<img decoding=\"async\" class=\"w-50\" src=\"https:\/\/oncoalicia.com\/wp-content\/uploads\/2022\/10\/Sopa-fria-de-esparragos-y-naranja.jpg\"><\/p>\n<div class=\"txt-mito\">Sopa fria de aspargos e laranja\n<\/div>\n<\/div>\n<p><\/a>\n<\/div>\n<div class=\"col-md-4 col-sm-6 text-center recetitas\">\n<a href=\"\/pt-br\/receitas\/sopas-frias-de-espinafre\/\"><\/p>\n<div class=\"cuadro-receta-2 text-center\">\n<img decoding=\"async\" class=\"w-50\" src=\"https:\/\/oncoalicia.com\/wp-content\/uploads\/2022\/10\/Sopas-frias-de-espinacas.jpg\"><\/p>\n<div class=\"txt-mito\">Sopas frias de espinafre\n<\/div>\n<\/div>\n<p><\/a>\n<\/div>\n<div class=\"col-md-4 col-sm-6 text-center recetitas\">\n<a href=\"\/pt-br\/receitas\/creme-frio-de-guacamole\/\"><\/p>\n<div class=\"cuadro-receta-2 text-center\">\n<img decoding=\"async\" class=\"w-50\" src=\"https:\/\/oncoalicia.com\/wp-content\/uploads\/2023\/10\/Creme-frio-de-Guacamole.jpg\"><\/p>\n<div class=\"txt-mito\">Creme frio de Guacamole\n<\/div>\n<\/div>\n<p><\/a>\n<\/div>\n<\/div>\n<\/div>\n<\/div>\n<\/div>\n<\/div>\n<\/div>\n<div class=\"col-md-12 p-10 text-center\">\n<h4><a class=\"btn-orange recomanacions-tipus-cancer\" role=\"button\" href=\"#collapseExample-5\" data-toggle=\"collapse\" aria-expanded=\"false\" aria-controls=\"collapseExample\">Adaptar a textura dos alimentos. <i class=\"fa fa-angle-down\" aria-hidden=\"true\"><\/i><br \/>\n<\/a><\/h4>\n<div id=\"collapseExample-5\" class=\"collapse\">\n<div class=\"card-body\">\n<div class=\"row\">\n<div class=\"col-md-12 descrip\">\n<ul>\n<li>Ingerir preferencialmente alimentos de textura mole ou de f\u00e1cil mastiga\u00e7\u00e3o (ensopados, sopas, cremes, fl\u00e3s, queijos tenros, frutas maduras e doces, massas e arroz bem cozidos, peixe e carnes bem macios).<\/li>\n<\/ul>\n<\/div>\n<div class=\"col-md-12 text-center\">\n<div class=\"row\">\n<div class=\"col-md-12 recetas-sug\"><b>Algumas receitas sugeridas:<\/b><\/div>\n<\/div>\n<div class=\"row\">\n<div class=\"col-md-4 col-sm-6 text-center recetitas\">\n<a href=\"\/pt-br\/receitas\/sanduiche-cremoso-de-peixe\/\"><\/p>\n<div class=\"cuadro-receta-2 text-center\">\n<img decoding=\"async\" class=\"w-50\" src=\"https:\/\/oncoalicia.com\/wp-content\/uploads\/2022\/04\/112.-V-Bocadillo-tierno-de-pescado.jpg\"><\/p>\n<div class=\"txt-mito\">Sandu\u00edche cremoso de peixe\n<\/div>\n<\/div>\n<p><\/a>\n<\/div>\n<div class=\"col-md-4 col-sm-6 text-center recetitas\">\n<a href=\"\/pt-br\/receitas\/risoto-de-legumes-e-bacalhau\/\"><\/p>\n<div class=\"cuadro-receta-2 text-center\">\n<img decoding=\"async\" class=\"w-50\" src=\"https:\/\/oncoalicia.com\/wp-content\/uploads\/2022\/02\/Risotto-de-verdures-y-bacalao.jpg\"><\/p>\n<div class=\"txt-mito\">Risoto de legumes e bacalhau\n<\/div>\n<\/div>\n<p><\/a>\n<\/div>\n<div class=\"col-md-4 col-sm-6 text-center recetitas\">\n<a href=\"\/pt-br\/receitas\/torta-de-batata\/\"><\/p>\n<div class=\"cuadro-receta-2 text-center\">\n<img decoding=\"async\" class=\"w-50\" src=\"https:\/\/oncoalicia.com\/wp-content\/uploads\/2022\/10\/Pastel-de-patata-vegetal-frio.jpg\"><\/p>\n<div class=\"txt-mito\">Torta de batata<\/div>\n<\/div>\n<p><\/a>\n<\/div>\n<\/div>\n<div class=\"row\">\n<div class=\"col-md-4 col-sm-6 text-center recetitas\">\n<\/div>\n<div class=\"col-md-4 col-sm-6 text-center recetitas\">\n<a href=\"\/pt-br\/receitas\/bolinho-de-peixe\/\"><\/p>\n<div class=\"cuadro-receta-2 text-center\">\n<img decoding=\"async\" class=\"w-50\" src=\"https:\/\/oncoalicia.com\/wp-content\/uploads\/2022\/02\/Pastel-de-pescado.jpg\"><\/p>\n<div class=\"txt-mito\">Bolinho de peixe\n<\/div>\n<\/div>\n<p><\/a>\n<\/div>\n<div class=\"col-md-4 col-sm-6 text-center recetitas\">\n<\/div>\n<\/div>\n<div class=\"col-md-12 descrip\">\n<ul>\n<li>Cozinhar os alimentos at\u00e9 que fiquem moles e acompanh\u00e1-los com molhos, caldos ou sucos, especialmente aqueles mais secos. Cortar os ingredientes em peda\u00e7os bem pequenos.<\/li>\n<\/ul>\n<\/div>\n<\/div>\n<\/div>\n<\/div>\n<\/div>\n<\/div>\n<\/div>\n","protected":false},"excerpt":{"rendered":"<p>O QUE RECOMENDAMOS? Manter uma boa higiene bucal. Enxaguar a boca ao longo do dia com infus\u00f5es de camomila, tomilho ou bicarbonato. A mucosite n\u00e3o est\u00e1 condicionada \u00e0 realiza\u00e7\u00e3o das medidas higi\u00eanicas di\u00e1rias (enxagues bucais), mas esses h\u00e1bitos podem ajudar a aliviar os inc\u00f4modos. Manter os l\u00e1bios hidratados com protetor labial ou azeite de oliva&hellip; <a class=\"more-link\" href=\"https:\/\/oncoalicia.com\/pt-br\/tipos-de-cancer\/cabeca-e-pescoco\/feridas-na-boca-e-ou-garganta\/mucosite-leve\/\">Continue reading <span class=\"screen-reader-text\">Recomenda\u00e7\u00f5es diet\u00e9ticas para a mucosite leve em c\u00e2ncer de cabe\u00e7a e pesco\u00e7o<\/span><\/a><\/p>\n","protected":false},"author":2,"featured_media":0,"parent":6588,"menu_order":0,"comment_status":"closed","ping_status":"closed","template":"cabeza-mucositis-leve.php","meta":{"footnotes":""},"class_list":["post-6591","page","type-page","status-publish","hentry","entry"],"yoast_head":"<!-- This site is optimized with the Yoast SEO plugin v26.9 - https:\/\/yoast.com\/product\/yoast-seo-wordpress\/ -->\n<title>Nutri\u00e7\u00e3o para pacientes com c\u00e2ncer de cabe\u00e7a e pesco\u00e7o que apresentam mucosite leve - Oncoalicia<\/title>\n<meta name=\"description\" content=\"Encontre recomenda\u00e7\u00f5es alimentares para pessoas com c\u00e2ncer de cabe\u00e7a e pesco\u00e7o que est\u00e3o com mucosite leve devido ao tratamento.\" \/>\n<meta name=\"robots\" content=\"index, follow, max-snippet:-1, max-image-preview:large, max-video-preview:-1\" \/>\n<link rel=\"canonical\" href=\"https:\/\/oncoalicia.com\/pt-br\/tipos-de-cancer\/cabeca-e-pescoco\/feridas-na-boca-e-ou-garganta\/mucosite-leve\/\" \/>\n<meta property=\"og:locale\" content=\"pt_BR\" \/>\n<meta property=\"og:type\" content=\"article\" \/>\n<meta property=\"og:title\" content=\"Nutri\u00e7\u00e3o para pacientes com c\u00e2ncer de cabe\u00e7a e pesco\u00e7o que apresentam mucosite leve - Oncoalicia\" \/>\n<meta property=\"og:description\" content=\"Encontre recomenda\u00e7\u00f5es alimentares para pessoas com c\u00e2ncer de cabe\u00e7a e pesco\u00e7o que est\u00e3o com mucosite leve devido ao tratamento.\" \/>\n<meta property=\"og:url\" content=\"https:\/\/oncoalicia.com\/pt-br\/tipos-de-cancer\/cabeca-e-pescoco\/feridas-na-boca-e-ou-garganta\/mucosite-leve\/\" \/>\n<meta property=\"og:site_name\" content=\"Oncoalicia\" \/>\n<meta property=\"article:modified_time\" content=\"2025-07-08T07:19:22+00:00\" \/>\n<meta property=\"og:image\" content=\"http:\/\/oncoalicia.com\/wp-content\/uploads\/2022\/04\/113.-V-Crema-de-alubias-y-tomillo.jpg\" \/>\n<meta name=\"twitter:card\" content=\"summary_large_image\" \/>\n<meta name=\"twitter:label1\" content=\"Est. tempo de leitura\" \/>\n\t<meta name=\"twitter:data1\" content=\"5 minutos\" \/>\n<script type=\"application\/ld+json\" class=\"yoast-schema-graph\">{\"@context\":\"https:\/\/schema.org\",\"@graph\":[{\"@type\":\"WebPage\",\"@id\":\"https:\/\/oncoalicia.com\/pt-br\/tipos-de-cancer\/cabeca-e-pescoco\/feridas-na-boca-e-ou-garganta\/mucosite-leve\/\",\"url\":\"https:\/\/oncoalicia.com\/pt-br\/tipos-de-cancer\/cabeca-e-pescoco\/feridas-na-boca-e-ou-garganta\/mucosite-leve\/\",\"name\":\"Nutri\u00e7\u00e3o para pacientes com c\u00e2ncer de cabe\u00e7a e pesco\u00e7o que apresentam mucosite leve - Oncoalicia\",\"isPartOf\":{\"@id\":\"https:\/\/oncoalicia.com\/pt-br\/#website\"},\"primaryImageOfPage\":{\"@id\":\"https:\/\/oncoalicia.com\/pt-br\/tipos-de-cancer\/cabeca-e-pescoco\/feridas-na-boca-e-ou-garganta\/mucosite-leve\/#primaryimage\"},\"image\":{\"@id\":\"https:\/\/oncoalicia.com\/pt-br\/tipos-de-cancer\/cabeca-e-pescoco\/feridas-na-boca-e-ou-garganta\/mucosite-leve\/#primaryimage\"},\"thumbnailUrl\":\"http:\/\/oncoalicia.com\/wp-content\/uploads\/2022\/04\/113.-V-Crema-de-alubias-y-tomillo.jpg\",\"datePublished\":\"2022-05-11T02:18:46+00:00\",\"dateModified\":\"2025-07-08T07:19:22+00:00\",\"description\":\"Encontre recomenda\u00e7\u00f5es alimentares para pessoas com c\u00e2ncer de cabe\u00e7a e pesco\u00e7o que est\u00e3o com mucosite leve devido ao tratamento.\",\"breadcrumb\":{\"@id\":\"https:\/\/oncoalicia.com\/pt-br\/tipos-de-cancer\/cabeca-e-pescoco\/feridas-na-boca-e-ou-garganta\/mucosite-leve\/#breadcrumb\"},\"inLanguage\":\"pt-BR\",\"potentialAction\":[{\"@type\":\"ReadAction\",\"target\":[\"https:\/\/oncoalicia.com\/pt-br\/tipos-de-cancer\/cabeca-e-pescoco\/feridas-na-boca-e-ou-garganta\/mucosite-leve\/\"]}]},{\"@type\":\"ImageObject\",\"inLanguage\":\"pt-BR\",\"@id\":\"https:\/\/oncoalicia.com\/pt-br\/tipos-de-cancer\/cabeca-e-pescoco\/feridas-na-boca-e-ou-garganta\/mucosite-leve\/#primaryimage\",\"url\":\"http:\/\/oncoalicia.com\/wp-content\/uploads\/2022\/04\/113.-V-Crema-de-alubias-y-tomillo.jpg\",\"contentUrl\":\"http:\/\/oncoalicia.com\/wp-content\/uploads\/2022\/04\/113.-V-Crema-de-alubias-y-tomillo.jpg\"},{\"@type\":\"BreadcrumbList\",\"@id\":\"https:\/\/oncoalicia.com\/pt-br\/tipos-de-cancer\/cabeca-e-pescoco\/feridas-na-boca-e-ou-garganta\/mucosite-leve\/#breadcrumb\",\"itemListElement\":[{\"@type\":\"ListItem\",\"position\":1,\"name\":\"Portada\",\"item\":\"https:\/\/oncoalicia.com\/pt-br\/\"},{\"@type\":\"ListItem\",\"position\":2,\"name\":\"Tipos de c\u00e2ncer\",\"item\":\"https:\/\/oncoalicia.com\/pt-br\/tipos-de-cancer\/\"},{\"@type\":\"ListItem\",\"position\":3,\"name\":\"Recomenda\u00e7\u00f5es alimentares durante o tratamento do c\u00e2ncer de cabe\u00e7a e pesco\u00e7o\",\"item\":\"https:\/\/oncoalicia.com\/pt-br\/tipos-de-cancer\/cabeca-e-pescoco\/\"},{\"@type\":\"ListItem\",\"position\":4,\"name\":\"Mucosite no tratamento do c\u00e2ncer de cabe\u00e7a e pesco\u00e7o\",\"item\":\"https:\/\/oncoalicia.com\/pt-br\/tipos-de-cancer\/cabeca-e-pescoco\/feridas-na-boca-e-ou-garganta\/\"},{\"@type\":\"ListItem\",\"position\":5,\"name\":\"Recomenda\u00e7\u00f5es diet\u00e9ticas para a mucosite leve em c\u00e2ncer de cabe\u00e7a e pesco\u00e7o\"}]},{\"@type\":\"WebSite\",\"@id\":\"https:\/\/oncoalicia.com\/pt-br\/#website\",\"url\":\"https:\/\/oncoalicia.com\/pt-br\/\",\"name\":\"Oncoal\u00edcia\",\"description\":\"Comer durante el Tratamiento del C\u00e1ncer\",\"publisher\":{\"@id\":\"https:\/\/oncoalicia.com\/pt-br\/#organization\"},\"alternateName\":\"Oncoal\u00edcia | Comer durante el Tratamiento del C\u00e1ncer\",\"potentialAction\":[{\"@type\":\"SearchAction\",\"target\":{\"@type\":\"EntryPoint\",\"urlTemplate\":\"https:\/\/oncoalicia.com\/pt-br\/?s={search_term_string}\"},\"query-input\":{\"@type\":\"PropertyValueSpecification\",\"valueRequired\":true,\"valueName\":\"search_term_string\"}}],\"inLanguage\":\"pt-BR\"},{\"@type\":\"Organization\",\"@id\":\"https:\/\/oncoalicia.com\/pt-br\/#organization\",\"name\":\"Oncoal\u00edcia\",\"alternateName\":\"Oncoal\u00edcia | Comer durante el Tratamiento del C\u00e1ncer\",\"url\":\"https:\/\/oncoalicia.com\/pt-br\/\",\"logo\":{\"@type\":\"ImageObject\",\"inLanguage\":\"pt-BR\",\"@id\":\"https:\/\/oncoalicia.com\/pt-br\/#\/schema\/logo\/image\/\",\"url\":\"https:\/\/oncoalicia.com\/wp-content\/uploads\/2022\/11\/logo_rrss.png\",\"contentUrl\":\"https:\/\/oncoalicia.com\/wp-content\/uploads\/2022\/11\/logo_rrss.png\",\"width\":300,\"height\":300,\"caption\":\"Oncoal\u00edcia\"},\"image\":{\"@id\":\"https:\/\/oncoalicia.com\/pt-br\/#\/schema\/logo\/image\/\"}}]}<\/script>\n<!-- \/ Yoast SEO plugin. -->","yoast_head_json":{"title":"Nutri\u00e7\u00e3o para pacientes com c\u00e2ncer de cabe\u00e7a e pesco\u00e7o que apresentam mucosite leve - Oncoalicia","description":"Encontre recomenda\u00e7\u00f5es alimentares para pessoas com c\u00e2ncer de cabe\u00e7a e pesco\u00e7o que est\u00e3o com mucosite leve devido ao tratamento.","robots":{"index":"index","follow":"follow","max-snippet":"max-snippet:-1","max-image-preview":"max-image-preview:large","max-video-preview":"max-video-preview:-1"},"canonical":"https:\/\/oncoalicia.com\/pt-br\/tipos-de-cancer\/cabeca-e-pescoco\/feridas-na-boca-e-ou-garganta\/mucosite-leve\/","og_locale":"pt_BR","og_type":"article","og_title":"Nutri\u00e7\u00e3o para pacientes com c\u00e2ncer de cabe\u00e7a e pesco\u00e7o que apresentam mucosite leve - Oncoalicia","og_description":"Encontre recomenda\u00e7\u00f5es alimentares para pessoas com c\u00e2ncer de cabe\u00e7a e pesco\u00e7o que est\u00e3o com mucosite leve devido ao tratamento.","og_url":"https:\/\/oncoalicia.com\/pt-br\/tipos-de-cancer\/cabeca-e-pescoco\/feridas-na-boca-e-ou-garganta\/mucosite-leve\/","og_site_name":"Oncoalicia","article_modified_time":"2025-07-08T07:19:22+00:00","og_image":[{"url":"http:\/\/oncoalicia.com\/wp-content\/uploads\/2022\/04\/113.-V-Crema-de-alubias-y-tomillo.jpg","type":"","width":"","height":""}],"twitter_card":"summary_large_image","twitter_misc":{"Est. tempo de leitura":"5 minutos"},"schema":{"@context":"https:\/\/schema.org","@graph":[{"@type":"WebPage","@id":"https:\/\/oncoalicia.com\/pt-br\/tipos-de-cancer\/cabeca-e-pescoco\/feridas-na-boca-e-ou-garganta\/mucosite-leve\/","url":"https:\/\/oncoalicia.com\/pt-br\/tipos-de-cancer\/cabeca-e-pescoco\/feridas-na-boca-e-ou-garganta\/mucosite-leve\/","name":"Nutri\u00e7\u00e3o para pacientes com c\u00e2ncer de cabe\u00e7a e pesco\u00e7o que apresentam mucosite leve - Oncoalicia","isPartOf":{"@id":"https:\/\/oncoalicia.com\/pt-br\/#website"},"primaryImageOfPage":{"@id":"https:\/\/oncoalicia.com\/pt-br\/tipos-de-cancer\/cabeca-e-pescoco\/feridas-na-boca-e-ou-garganta\/mucosite-leve\/#primaryimage"},"image":{"@id":"https:\/\/oncoalicia.com\/pt-br\/tipos-de-cancer\/cabeca-e-pescoco\/feridas-na-boca-e-ou-garganta\/mucosite-leve\/#primaryimage"},"thumbnailUrl":"http:\/\/oncoalicia.com\/wp-content\/uploads\/2022\/04\/113.-V-Crema-de-alubias-y-tomillo.jpg","datePublished":"2022-05-11T02:18:46+00:00","dateModified":"2025-07-08T07:19:22+00:00","description":"Encontre recomenda\u00e7\u00f5es alimentares para pessoas com c\u00e2ncer de cabe\u00e7a e pesco\u00e7o que est\u00e3o com mucosite leve devido ao tratamento.","breadcrumb":{"@id":"https:\/\/oncoalicia.com\/pt-br\/tipos-de-cancer\/cabeca-e-pescoco\/feridas-na-boca-e-ou-garganta\/mucosite-leve\/#breadcrumb"},"inLanguage":"pt-BR","potentialAction":[{"@type":"ReadAction","target":["https:\/\/oncoalicia.com\/pt-br\/tipos-de-cancer\/cabeca-e-pescoco\/feridas-na-boca-e-ou-garganta\/mucosite-leve\/"]}]},{"@type":"ImageObject","inLanguage":"pt-BR","@id":"https:\/\/oncoalicia.com\/pt-br\/tipos-de-cancer\/cabeca-e-pescoco\/feridas-na-boca-e-ou-garganta\/mucosite-leve\/#primaryimage","url":"http:\/\/oncoalicia.com\/wp-content\/uploads\/2022\/04\/113.-V-Crema-de-alubias-y-tomillo.jpg","contentUrl":"http:\/\/oncoalicia.com\/wp-content\/uploads\/2022\/04\/113.-V-Crema-de-alubias-y-tomillo.jpg"},{"@type":"BreadcrumbList","@id":"https:\/\/oncoalicia.com\/pt-br\/tipos-de-cancer\/cabeca-e-pescoco\/feridas-na-boca-e-ou-garganta\/mucosite-leve\/#breadcrumb","itemListElement":[{"@type":"ListItem","position":1,"name":"Portada","item":"https:\/\/oncoalicia.com\/pt-br\/"},{"@type":"ListItem","position":2,"name":"Tipos de c\u00e2ncer","item":"https:\/\/oncoalicia.com\/pt-br\/tipos-de-cancer\/"},{"@type":"ListItem","position":3,"name":"Recomenda\u00e7\u00f5es alimentares durante o tratamento do c\u00e2ncer de cabe\u00e7a e pesco\u00e7o","item":"https:\/\/oncoalicia.com\/pt-br\/tipos-de-cancer\/cabeca-e-pescoco\/"},{"@type":"ListItem","position":4,"name":"Mucosite no tratamento do c\u00e2ncer de cabe\u00e7a e pesco\u00e7o","item":"https:\/\/oncoalicia.com\/pt-br\/tipos-de-cancer\/cabeca-e-pescoco\/feridas-na-boca-e-ou-garganta\/"},{"@type":"ListItem","position":5,"name":"Recomenda\u00e7\u00f5es diet\u00e9ticas para a mucosite leve em c\u00e2ncer de cabe\u00e7a e pesco\u00e7o"}]},{"@type":"WebSite","@id":"https:\/\/oncoalicia.com\/pt-br\/#website","url":"https:\/\/oncoalicia.com\/pt-br\/","name":"Oncoal\u00edcia","description":"Comer durante el Tratamiento del C\u00e1ncer","publisher":{"@id":"https:\/\/oncoalicia.com\/pt-br\/#organization"},"alternateName":"Oncoal\u00edcia | Comer durante el Tratamiento del C\u00e1ncer","potentialAction":[{"@type":"SearchAction","target":{"@type":"EntryPoint","urlTemplate":"https:\/\/oncoalicia.com\/pt-br\/?s={search_term_string}"},"query-input":{"@type":"PropertyValueSpecification","valueRequired":true,"valueName":"search_term_string"}}],"inLanguage":"pt-BR"},{"@type":"Organization","@id":"https:\/\/oncoalicia.com\/pt-br\/#organization","name":"Oncoal\u00edcia","alternateName":"Oncoal\u00edcia | Comer durante el Tratamiento del C\u00e1ncer","url":"https:\/\/oncoalicia.com\/pt-br\/","logo":{"@type":"ImageObject","inLanguage":"pt-BR","@id":"https:\/\/oncoalicia.com\/pt-br\/#\/schema\/logo\/image\/","url":"https:\/\/oncoalicia.com\/wp-content\/uploads\/2022\/11\/logo_rrss.png","contentUrl":"https:\/\/oncoalicia.com\/wp-content\/uploads\/2022\/11\/logo_rrss.png","width":300,"height":300,"caption":"Oncoal\u00edcia"},"image":{"@id":"https:\/\/oncoalicia.com\/pt-br\/#\/schema\/logo\/image\/"}}]}},"_links":{"self":[{"href":"https:\/\/oncoalicia.com\/pt-br\/wp-json\/wp\/v2\/pages\/6591","targetHints":{"allow":["GET"]}}],"collection":[{"href":"https:\/\/oncoalicia.com\/pt-br\/wp-json\/wp\/v2\/pages"}],"about":[{"href":"https:\/\/oncoalicia.com\/pt-br\/wp-json\/wp\/v2\/types\/page"}],"author":[{"embeddable":true,"href":"https:\/\/oncoalicia.com\/pt-br\/wp-json\/wp\/v2\/users\/2"}],"replies":[{"embeddable":true,"href":"https:\/\/oncoalicia.com\/pt-br\/wp-json\/wp\/v2\/comments?post=6591"}],"version-history":[{"count":0,"href":"https:\/\/oncoalicia.com\/pt-br\/wp-json\/wp\/v2\/pages\/6591\/revisions"}],"up":[{"embeddable":true,"href":"https:\/\/oncoalicia.com\/pt-br\/wp-json\/wp\/v2\/pages\/6588"}],"wp:attachment":[{"href":"https:\/\/oncoalicia.com\/pt-br\/wp-json\/wp\/v2\/media?parent=6591"}],"curies":[{"name":"wp","href":"https:\/\/api.w.org\/{rel}","templated":true}]}}