{"id":6605,"date":"2022-05-13T01:50:30","date_gmt":"2022-05-13T01:50:30","guid":{"rendered":"https:\/\/oncoalicia.com\/?page_id=6605"},"modified":"2025-07-08T07:16:03","modified_gmt":"2025-07-08T07:16:03","slug":"constipacao-intestino-preso","status":"publish","type":"page","link":"https:\/\/oncoalicia.com\/pt-br\/tipos-de-cancer\/cabeca-e-pescoco\/constipacao-intestino-preso\/","title":{"rendered":"Recomenda\u00e7\u00f5es diet\u00e9ticas para a pris\u00e2o de ventre em c\u00e2ncer de cabe\u00e7a e pesco\u00e7o"},"content":{"rendered":"<div class=\"row\">\n<div class=\"col-md-12 subtitle-mitos\">\n<p>\u00c9 um sintoma comum nos pacientes durante o tratamento do c\u00e2ncer de cabe\u00e7a e pesco\u00e7o, especialmente se necessitam de medica\u00e7\u00e3o para a dor. Uma das causas mais frequentes \u00e9 o uso de analgesia do tipo opi\u00e1ceo, mas tamb\u00e9m pode ser decorrente de altera\u00e7\u00f5es na dieta (diminui\u00e7\u00e3o da ingest\u00e3o de l\u00edquidos e\/ou alimentos ricos em fibra) e diminui\u00e7\u00e3o ou falta de exerc\u00edcio f\u00edsico. Tudo isso pode diminuir os movimentos intestinais, fazendo com que as fezes n\u00e3o absorvam \u00e1gua e se tornem secas e duras. A evacua\u00e7\u00e3o se tornar\u00e1 dificultosa e poder\u00e1 vir acompanhada de dor e inc\u00f4modos.<\/p>\n<\/div>\n<\/div>\n<div class=\"row p-40 w-60\">\n<div class=\"col-md-12 text-center\">\n<h2 class=\"h3 recomanem-efectes-cancer\">O QUE RECOMENDAMOS?<\/h2>\n<\/div>\n<div class=\"col-md-12 p-10 text-center\">\n<h3><a class=\"btn-orange recomanacions-tipus-cancer\" role=\"button\" href=\"#collapseExample-1\" data-toggle=\"collapse\" aria-expanded=\"false\" aria-controls=\"collapseExample\">Manter uma boa hidrata\u00e7\u00e3o. <i class=\"fa fa-angle-down\" aria-hidden=\"true\"><\/i><br \/>\n<\/a><\/h3>\n<div id=\"collapseExample-1\" class=\"collapse\">\n<div class=\"card-body\">\n<div class=\"row\">\n<div class=\"col-md-12 descrip\">\n<ul>\n<li>Beber ao longo do dia, entre as refei\u00e7\u00f5es, muito l\u00edquido, seguindo as recomenda\u00e7\u00f5es da sua equipe assistencial de acompanhamento.<\/li>\n<li>Principalmente \u00e0 base de \u00e1gua, mas tamb\u00e9m alguns ch\u00e1s, caldos de legumes, sucos naturais de frutas e legumes com polpa (ameixa, laranja, abacaxi, tomate etc.).<\/li>\n<li>Evitar ch\u00e1 preto ou outras infus\u00f5es adstringentes (que causam aquela sensa\u00e7\u00e3o que \u201camarra\u201d na boca).<\/li>\n<\/ul>\n<\/div>\n<\/div>\n<\/div>\n<\/div>\n<\/div>\n<div class=\"col-md-12 p-10 text-center\">\n<h3><a class=\"btn-orange recomanacions-tipus-cancer\" role=\"button\" href=\"#collapseExample-2\" data-toggle=\"collapse\" aria-expanded=\"false\" aria-controls=\"collapseExample\">Manter um hor\u00e1rio regular para ir ao banheiro. <i class=\"fa fa-angle-down\" aria-hidden=\"true\"><\/i><br \/>\n<\/a><\/h3>\n<div id=\"collapseExample-2\" class=\"collapse\">\n<div class=\"card-body\">\n<div class=\"row\">\n<div class=\"col-md-12 descrip\">\nTodo dia, se poss\u00edvel \u00e0 mesma hora, \u00e9 recomend\u00e1vel sentar-se no vaso sanit\u00e1rio, mesmo que, em um primeiro momento, n\u00e3o ocorram evacua\u00e7\u00f5es.\n<\/div>\n<\/div>\n<\/div>\n<\/div>\n<\/div>\n<div class=\"col-md-12 p-10 text-center\">\n<h3><a class=\"btn-orange recomanacions-tipus-cancer\" role=\"button\" href=\"#collapseExample-3\" data-toggle=\"collapse\" aria-expanded=\"false\" aria-controls=\"collapseExample\">Aumentar o consumo de alimentos ricos em fibra. <i class=\"fa fa-angle-down\" aria-hidden=\"true\"><\/i><br \/>\n<\/a><\/h3>\n<div id=\"collapseExample-3\" class=\"collapse\">\n<div class=\"card-body\">\n<div class=\"row\">\n<div class=\"col-md-12 descrip\">\nAumentar o consumo de fruta fresca e verduras (preferencialmente cruas), leguminosas, cereais e derivados integrais, cogumelos, frutos secos\/oleaginosas e sementes. Ao elaborar cremes, pur\u00eas, sucos ou vitaminas, n\u00e3o coar as prepara\u00e7\u00f5es, a fim de n\u00e3o eliminar as fibras. . Importante que esse aumento de consumo seja sempre acompanhado de muito ingest\u00e3o h\u00eddrica ou de outros l\u00edquidos, para n\u00e3o agravar mais o sintoma em quest\u00e3o (intestino preso).\n<\/div>\n<div class=\"col-md-12 text-center\">\n<div class=\"row\">\n<div class=\"col-md-12 recetas-sug\"><b>Algumas receitas sugeridas:<\/b><\/div>\n<\/div>\n<div class=\"row\">\n<div class=\"col-md-4 col-sm-6 text-center recetitas\">\n<a href=\"\/pt-br\/receitas\/salada-verde-com-feijao-branco-e-tempero-de-azeitonas-pretas\/\"><\/p>\n<div class=\"cuadro-receta-2 text-center\">\n<img decoding=\"async\" class=\"w-50\" src=\"http:\/\/oncoalicia.com\/wp-content\/uploads\/2022\/02\/Champizzas-1568x2195.jpg\" \/><\/p>\n<div class=\"txt-mito\">Salada verde com feij\u00e3o-branco e tempero de azeitonas pretas<\/div>\n<\/div>\n<p><\/a>\n<\/div>\n<div class=\"col-md-4 col-sm-6 text-center recetitas\">\n<a href=\"\/pt-br\/receitas\/hamburguer-de-grao-de-bico\/\"><\/p>\n<div class=\"cuadro-receta-2 text-center\">\n<img decoding=\"async\" class=\"w-50\" src=\"https:\/\/oncoalicia.com\/wp-content\/uploads\/2022\/02\/Hamburguesa-de-garbanzos.jpg\" \/><\/p>\n<div class=\"txt-mito\">Hamb\u00farguer de gr\u00e3o-de-bico<\/div>\n<\/div>\n<p><\/a>\n<\/div>\n<div class=\"col-md-4 col-sm-6 text-center recetitas\">\n<a href=\"\/pt-br\/receitas\/creme-de-feijao-branco-e-tomilho\/\"><\/p>\n<div class=\"cuadro-receta-2 text-center\">\n<img decoding=\"async\" class=\"w-50\" src=\"https:\/\/oncoalicia.com\/wp-content\/uploads\/2022\/04\/113.-V-Crema-de-alubias-y-tomillo.jpg\" \/><\/p>\n<div class=\"txt-mito\">Creme de feij\u00e3o-branco e tomilho<\/div>\n<\/div>\n<p><\/a>\n<\/div>\n<\/div>\n<div class=\"col-md-12 descrip\">\n<b>Exemplos de pratos para introduzir mais fibra no almo\u00e7o e jantar<\/b><\/p>\n<p>Prepara\u00e7\u00f5es com cereais integrais ou leguminosas com vegetais, frutas desidratadas ou frutos secos\/oleaginosas:<\/p>\n<ul>\n<li>Salada de arroz integral, pepino, cenoura ralada, sementes e uvas-passas.<\/li>\n<li>Salada de lentilhas com cebola, tomate e milho.<\/li>\n<li>Salada de cevada e amendoins.<\/li>\n<li>End\u00edvias recheadas com quinoa e frutos secos\/oleaginosas.<\/li>\n<li>Hamb\u00farguer de feij\u00e3o-branco, lentilha e arroz integral.<\/li>\n<li>Piment\u00e3o recheado com trigo e tofu.<\/li>\n<\/ul>\n<p>Pratos cozidos\/refogados:<\/p>\n<ul>\n<li>Ervilha refogada com cebola e champignon.<\/li>\n<li>Espinafre com passas e pinh\u00e3o.<\/li>\n<li>Ensopados: Soja \u00e0 marinheira<\/li>\n<\/ul>\n<p>Omeletes\/ ovos mexidos:<\/p>\n<ul>\n<li>Omelete: de espinafre, de berinjela, de ervilhas, de champignon, etc.<\/li>\n<li>Ovos Mexidos: com alho, com<\/li>\n<li>Alcachofra etc.<\/li>\n<\/ul>\n<p>Legumes e cogumelos:<\/p>\n<ul>\n<li>Cremes de legumes (sem coar).<\/li>\n<li>Legumes e cogumelos no vapor, no micro-ondas ou grelhados.<\/li>\n<li>Alcachofras no micro-ondas.<\/li>\n<li>Sopas frias de espinafre.<\/li>\n<li>Sopa fria de aspargo e laranja.<\/li>\n<li>Champizzas (champignons recheados).<\/li>\n<\/ul>\n<\/div>\n<div class=\"col-md-12 text-center\">\n<table>\n<tbody>\n<tr>\n<td class=\"table-title\">Alimentos para beliscar entre as refei\u00e7\u00f5es<\/td>\n<\/tr>\n<tr>\n<td align=\"left\">\n<ul>\n<li>Granola, cereais matinais integrais (sem a\u00e7\u00facar).<\/li>\n<li>Iogurte natural com: aveia e passas, nozes e passas, sementes e frutas etc.<\/li>\n<li>Pipoca caseira.<\/li>\n<li>Um punhado de frutos secos\/oleaginosas.<\/li>\n<li>Um punhado de frutas desidratadas: passas, ameixas, damascos etc.<\/li>\n<li>Fruta inteira com casca: ma\u00e7\u00e3, uva, pera, p\u00eassego, ameixa etc.<\/li>\n<li>Fruta sem casca: manga, abacaxi, rom\u00e3 etc.<\/li>\n<li>Picol\u00e9s e sorvetes caseiros de frutas.<\/li>\n<li>Grissinis integrais ou com cereais e sementes.<\/li>\n<li>Sandu\u00edche de p\u00e3o de fermenta\u00e7\u00e3o natural\/100% integral com o recheio de prefer\u00eancia, respeitando as caracter\u00edsticas dos alimentos que devem ser mais consumidos em virtude da constipa\u00e7\u00e3o..<\/li>\n<\/ul>\n<\/td>\n<\/tr>\n<\/tbody>\n<\/table>\n<\/div>\n<\/div>\n<\/div>\n<\/div>\n<\/div>\n<div class=\"col-md-12 p-10 text-center\">\n<h3><a class=\"btn-orange recomanacions-tipus-cancer\" role=\"button\" href=\"#collapseExample-4\" data-toggle=\"collapse\" aria-expanded=\"false\" aria-controls=\"collapseExample\">Limitar os alimentos adstringentes. <i class=\"fa fa-angle-down\" aria-hidden=\"true\"><\/i><br \/>\n<\/a><\/h3>\n<div id=\"collapseExample-4\" class=\"collapse\">\n<div class=\"card-body\">\n<div class=\"row\">\n<div class=\"col-md-12 descrip\">\nComo marmelo, banana, arroz branco, p\u00e3o torrado, ma\u00e7\u00e3 cozida ou compota.\n<\/div>\n<\/div>\n<\/div>\n<\/div>\n<\/div>\n<div class=\"col-md-12 p-10 text-center\">\n<h3><a class=\"btn-orange recomanacions-tipus-cancer\" role=\"button\" href=\"#collapseExample-5\" data-toggle=\"collapse\" aria-expanded=\"false\" aria-controls=\"collapseExample\">Temperar as refei\u00e7\u00f5es com azeite de oliva extra virgem em abund\u00e2ncia. <i class=\"fa fa-angle-down\" aria-hidden=\"true\"><\/i><br \/>\n<\/a><\/h3>\n<div id=\"collapseExample-5\" class=\"collapse\">\n<div class=\"card-body\">\n<div class=\"row\">\n<div class=\"col-md-12 descrip\">\nExceto nos casos em que o tratamento foi acompanhado de um aumento de peso  e, mesmo assim, consultar um nutricionista antes de evitar essa recomenda\u00e7\u00e3o.\n<\/div>\n<\/div>\n<\/div>\n<\/div>\n<\/div>\n<div class=\"col-md-12 p-10 text-center\">\n<h3><a class=\"btn-orange recomanacions-tipus-cancer\" role=\"button\" href=\"#collapseExample-6\" data-toggle=\"collapse\" aria-expanded=\"false\" aria-controls=\"collapseExample\">Realizar exerc\u00edcio f\u00edsico diariamente. <i class=\"fa fa-angle-down\" aria-hidden=\"true\"><\/i><br \/>\n<\/a><\/h3>\n<div id=\"collapseExample-6\" class=\"collapse\">\n<div class=\"card-body\">\n<div class=\"row\">\n<div class=\"col-md-12 descrip\">\nCaminhar todo dia entre 20 e 30 minutos no m\u00ednimo. Se n\u00e3o for poss\u00edvel, mobilizar o intestino com pequenas massagens rotativas sobre o abdome no sentido hor\u00e1rio.<br \/>\nMas lembre-se, a atividade f\u00edsica deve ser realizada apenas ap\u00f3s a libera\u00e7\u00e3o do seu m\u00e9dico.\n<\/div>\n<\/div>\n<\/div>\n<\/div>\n<\/div>\n<div class=\"col-md-12 p-10 text-center\">\n<h3 class=\"btn-orange recomanacions-tipus-cancer\" style=\"font-weight: bold;\">N\u00e3o tomar laxantes sem consultar um especialista.<\/h3>\n<\/div>\n<\/div>\n<\/div>\n","protected":false},"excerpt":{"rendered":"<p>\u00c9 um sintoma comum nos pacientes durante o tratamento do c\u00e2ncer de cabe\u00e7a e pesco\u00e7o, especialmente se necessitam de medica\u00e7\u00e3o para a dor. Uma das causas mais frequentes \u00e9 o uso de analgesia do tipo opi\u00e1ceo, mas tamb\u00e9m pode ser decorrente de altera\u00e7\u00f5es na dieta (diminui\u00e7\u00e3o da ingest\u00e3o de l\u00edquidos e\/ou alimentos ricos em fibra)&hellip; <a class=\"more-link\" href=\"https:\/\/oncoalicia.com\/pt-br\/tipos-de-cancer\/cabeca-e-pescoco\/constipacao-intestino-preso\/\">Continue reading <span class=\"screen-reader-text\">Recomenda\u00e7\u00f5es diet\u00e9ticas para a pris\u00e2o de ventre em c\u00e2ncer de cabe\u00e7a e pesco\u00e7o<\/span><\/a><\/p>\n","protected":false},"author":2,"featured_media":0,"parent":6571,"menu_order":0,"comment_status":"closed","ping_status":"closed","template":"cabeza-estrenimiento.php","meta":{"footnotes":""},"class_list":["post-6605","page","type-page","status-publish","hentry","entry"],"yoast_head":"<!-- This site is optimized with the Yoast SEO plugin v26.9 - https:\/\/yoast.com\/product\/yoast-seo-wordpress\/ -->\n<title>Nutri\u00e7\u00e3o para pacientes com c\u00e2ncer de cabe\u00e7a e pesco\u00e7o que apresentam pris\u00e3o de ventre - Oncoalicia<\/title>\n<meta name=\"description\" content=\"Encontre recomenda\u00e7\u00f5es alimentares para pessoas com c\u00e2ncer de cabe\u00e7a e pesco\u00e7o que est\u00e3o com pris\u00e3o de ventre devido ao tratamento.\" \/>\n<meta name=\"robots\" content=\"index, follow, max-snippet:-1, max-image-preview:large, max-video-preview:-1\" \/>\n<link rel=\"canonical\" href=\"https:\/\/oncoalicia.com\/pt-br\/tipos-de-cancer\/cabeca-e-pescoco\/constipacao-intestino-preso\/\" \/>\n<meta property=\"og:locale\" content=\"pt_BR\" \/>\n<meta property=\"og:type\" content=\"article\" \/>\n<meta property=\"og:title\" content=\"Nutri\u00e7\u00e3o para pacientes com c\u00e2ncer de cabe\u00e7a e pesco\u00e7o que apresentam pris\u00e3o de ventre - Oncoalicia\" \/>\n<meta property=\"og:description\" content=\"Encontre recomenda\u00e7\u00f5es alimentares para pessoas com c\u00e2ncer de cabe\u00e7a e pesco\u00e7o que est\u00e3o com pris\u00e3o de ventre devido ao tratamento.\" \/>\n<meta property=\"og:url\" content=\"https:\/\/oncoalicia.com\/pt-br\/tipos-de-cancer\/cabeca-e-pescoco\/constipacao-intestino-preso\/\" \/>\n<meta property=\"og:site_name\" content=\"Oncoalicia\" \/>\n<meta property=\"article:modified_time\" content=\"2025-07-08T07:16:03+00:00\" \/>\n<meta property=\"og:image\" content=\"http:\/\/oncoalicia.com\/wp-content\/uploads\/2022\/02\/Champizzas-1568x2195.jpg\" \/>\n<meta name=\"twitter:card\" content=\"summary_large_image\" \/>\n<meta name=\"twitter:label1\" content=\"Est. tempo de leitura\" \/>\n\t<meta name=\"twitter:data1\" content=\"5 minutos\" \/>\n<script type=\"application\/ld+json\" class=\"yoast-schema-graph\">{\"@context\":\"https:\/\/schema.org\",\"@graph\":[{\"@type\":\"WebPage\",\"@id\":\"https:\/\/oncoalicia.com\/pt-br\/tipos-de-cancer\/cabeca-e-pescoco\/constipacao-intestino-preso\/\",\"url\":\"https:\/\/oncoalicia.com\/pt-br\/tipos-de-cancer\/cabeca-e-pescoco\/constipacao-intestino-preso\/\",\"name\":\"Nutri\u00e7\u00e3o para pacientes com c\u00e2ncer de cabe\u00e7a e pesco\u00e7o que apresentam pris\u00e3o de ventre - Oncoalicia\",\"isPartOf\":{\"@id\":\"https:\/\/oncoalicia.com\/pt-br\/#website\"},\"primaryImageOfPage\":{\"@id\":\"https:\/\/oncoalicia.com\/pt-br\/tipos-de-cancer\/cabeca-e-pescoco\/constipacao-intestino-preso\/#primaryimage\"},\"image\":{\"@id\":\"https:\/\/oncoalicia.com\/pt-br\/tipos-de-cancer\/cabeca-e-pescoco\/constipacao-intestino-preso\/#primaryimage\"},\"thumbnailUrl\":\"http:\/\/oncoalicia.com\/wp-content\/uploads\/2022\/02\/Champizzas-1568x2195.jpg\",\"datePublished\":\"2022-05-13T01:50:30+00:00\",\"dateModified\":\"2025-07-08T07:16:03+00:00\",\"description\":\"Encontre recomenda\u00e7\u00f5es alimentares para pessoas com c\u00e2ncer de cabe\u00e7a e pesco\u00e7o que est\u00e3o com pris\u00e3o de ventre devido ao tratamento.\",\"breadcrumb\":{\"@id\":\"https:\/\/oncoalicia.com\/pt-br\/tipos-de-cancer\/cabeca-e-pescoco\/constipacao-intestino-preso\/#breadcrumb\"},\"inLanguage\":\"pt-BR\",\"potentialAction\":[{\"@type\":\"ReadAction\",\"target\":[\"https:\/\/oncoalicia.com\/pt-br\/tipos-de-cancer\/cabeca-e-pescoco\/constipacao-intestino-preso\/\"]}]},{\"@type\":\"ImageObject\",\"inLanguage\":\"pt-BR\",\"@id\":\"https:\/\/oncoalicia.com\/pt-br\/tipos-de-cancer\/cabeca-e-pescoco\/constipacao-intestino-preso\/#primaryimage\",\"url\":\"http:\/\/oncoalicia.com\/wp-content\/uploads\/2022\/02\/Champizzas-1568x2195.jpg\",\"contentUrl\":\"http:\/\/oncoalicia.com\/wp-content\/uploads\/2022\/02\/Champizzas-1568x2195.jpg\"},{\"@type\":\"BreadcrumbList\",\"@id\":\"https:\/\/oncoalicia.com\/pt-br\/tipos-de-cancer\/cabeca-e-pescoco\/constipacao-intestino-preso\/#breadcrumb\",\"itemListElement\":[{\"@type\":\"ListItem\",\"position\":1,\"name\":\"Portada\",\"item\":\"https:\/\/oncoalicia.com\/pt-br\/\"},{\"@type\":\"ListItem\",\"position\":2,\"name\":\"Tipos de c\u00e2ncer\",\"item\":\"https:\/\/oncoalicia.com\/pt-br\/tipos-de-cancer\/\"},{\"@type\":\"ListItem\",\"position\":3,\"name\":\"Recomenda\u00e7\u00f5es alimentares durante o tratamento do c\u00e2ncer de cabe\u00e7a e pesco\u00e7o\",\"item\":\"https:\/\/oncoalicia.com\/pt-br\/tipos-de-cancer\/cabeca-e-pescoco\/\"},{\"@type\":\"ListItem\",\"position\":4,\"name\":\"Recomenda\u00e7\u00f5es diet\u00e9ticas para a pris\u00e2o de ventre em c\u00e2ncer de cabe\u00e7a e pesco\u00e7o\"}]},{\"@type\":\"WebSite\",\"@id\":\"https:\/\/oncoalicia.com\/pt-br\/#website\",\"url\":\"https:\/\/oncoalicia.com\/pt-br\/\",\"name\":\"Oncoal\u00edcia\",\"description\":\"Comer durante el Tratamiento del C\u00e1ncer\",\"publisher\":{\"@id\":\"https:\/\/oncoalicia.com\/pt-br\/#organization\"},\"alternateName\":\"Oncoal\u00edcia | Comer durante el Tratamiento del C\u00e1ncer\",\"potentialAction\":[{\"@type\":\"SearchAction\",\"target\":{\"@type\":\"EntryPoint\",\"urlTemplate\":\"https:\/\/oncoalicia.com\/pt-br\/?s={search_term_string}\"},\"query-input\":{\"@type\":\"PropertyValueSpecification\",\"valueRequired\":true,\"valueName\":\"search_term_string\"}}],\"inLanguage\":\"pt-BR\"},{\"@type\":\"Organization\",\"@id\":\"https:\/\/oncoalicia.com\/pt-br\/#organization\",\"name\":\"Oncoal\u00edcia\",\"alternateName\":\"Oncoal\u00edcia | Comer durante el Tratamiento del C\u00e1ncer\",\"url\":\"https:\/\/oncoalicia.com\/pt-br\/\",\"logo\":{\"@type\":\"ImageObject\",\"inLanguage\":\"pt-BR\",\"@id\":\"https:\/\/oncoalicia.com\/pt-br\/#\/schema\/logo\/image\/\",\"url\":\"https:\/\/oncoalicia.com\/wp-content\/uploads\/2022\/11\/logo_rrss.png\",\"contentUrl\":\"https:\/\/oncoalicia.com\/wp-content\/uploads\/2022\/11\/logo_rrss.png\",\"width\":300,\"height\":300,\"caption\":\"Oncoal\u00edcia\"},\"image\":{\"@id\":\"https:\/\/oncoalicia.com\/pt-br\/#\/schema\/logo\/image\/\"}}]}<\/script>\n<!-- \/ Yoast SEO plugin. -->","yoast_head_json":{"title":"Nutri\u00e7\u00e3o para pacientes com c\u00e2ncer de cabe\u00e7a e pesco\u00e7o que apresentam pris\u00e3o de ventre - Oncoalicia","description":"Encontre recomenda\u00e7\u00f5es alimentares para pessoas com c\u00e2ncer de cabe\u00e7a e pesco\u00e7o que est\u00e3o com pris\u00e3o de ventre devido ao tratamento.","robots":{"index":"index","follow":"follow","max-snippet":"max-snippet:-1","max-image-preview":"max-image-preview:large","max-video-preview":"max-video-preview:-1"},"canonical":"https:\/\/oncoalicia.com\/pt-br\/tipos-de-cancer\/cabeca-e-pescoco\/constipacao-intestino-preso\/","og_locale":"pt_BR","og_type":"article","og_title":"Nutri\u00e7\u00e3o para pacientes com c\u00e2ncer de cabe\u00e7a e pesco\u00e7o que apresentam pris\u00e3o de ventre - Oncoalicia","og_description":"Encontre recomenda\u00e7\u00f5es alimentares para pessoas com c\u00e2ncer de cabe\u00e7a e pesco\u00e7o que est\u00e3o com pris\u00e3o de ventre devido ao tratamento.","og_url":"https:\/\/oncoalicia.com\/pt-br\/tipos-de-cancer\/cabeca-e-pescoco\/constipacao-intestino-preso\/","og_site_name":"Oncoalicia","article_modified_time":"2025-07-08T07:16:03+00:00","og_image":[{"url":"http:\/\/oncoalicia.com\/wp-content\/uploads\/2022\/02\/Champizzas-1568x2195.jpg","type":"","width":"","height":""}],"twitter_card":"summary_large_image","twitter_misc":{"Est. tempo de leitura":"5 minutos"},"schema":{"@context":"https:\/\/schema.org","@graph":[{"@type":"WebPage","@id":"https:\/\/oncoalicia.com\/pt-br\/tipos-de-cancer\/cabeca-e-pescoco\/constipacao-intestino-preso\/","url":"https:\/\/oncoalicia.com\/pt-br\/tipos-de-cancer\/cabeca-e-pescoco\/constipacao-intestino-preso\/","name":"Nutri\u00e7\u00e3o para pacientes com c\u00e2ncer de cabe\u00e7a e pesco\u00e7o que apresentam pris\u00e3o de ventre - Oncoalicia","isPartOf":{"@id":"https:\/\/oncoalicia.com\/pt-br\/#website"},"primaryImageOfPage":{"@id":"https:\/\/oncoalicia.com\/pt-br\/tipos-de-cancer\/cabeca-e-pescoco\/constipacao-intestino-preso\/#primaryimage"},"image":{"@id":"https:\/\/oncoalicia.com\/pt-br\/tipos-de-cancer\/cabeca-e-pescoco\/constipacao-intestino-preso\/#primaryimage"},"thumbnailUrl":"http:\/\/oncoalicia.com\/wp-content\/uploads\/2022\/02\/Champizzas-1568x2195.jpg","datePublished":"2022-05-13T01:50:30+00:00","dateModified":"2025-07-08T07:16:03+00:00","description":"Encontre recomenda\u00e7\u00f5es alimentares para pessoas com c\u00e2ncer de cabe\u00e7a e pesco\u00e7o que est\u00e3o com pris\u00e3o de ventre devido ao tratamento.","breadcrumb":{"@id":"https:\/\/oncoalicia.com\/pt-br\/tipos-de-cancer\/cabeca-e-pescoco\/constipacao-intestino-preso\/#breadcrumb"},"inLanguage":"pt-BR","potentialAction":[{"@type":"ReadAction","target":["https:\/\/oncoalicia.com\/pt-br\/tipos-de-cancer\/cabeca-e-pescoco\/constipacao-intestino-preso\/"]}]},{"@type":"ImageObject","inLanguage":"pt-BR","@id":"https:\/\/oncoalicia.com\/pt-br\/tipos-de-cancer\/cabeca-e-pescoco\/constipacao-intestino-preso\/#primaryimage","url":"http:\/\/oncoalicia.com\/wp-content\/uploads\/2022\/02\/Champizzas-1568x2195.jpg","contentUrl":"http:\/\/oncoalicia.com\/wp-content\/uploads\/2022\/02\/Champizzas-1568x2195.jpg"},{"@type":"BreadcrumbList","@id":"https:\/\/oncoalicia.com\/pt-br\/tipos-de-cancer\/cabeca-e-pescoco\/constipacao-intestino-preso\/#breadcrumb","itemListElement":[{"@type":"ListItem","position":1,"name":"Portada","item":"https:\/\/oncoalicia.com\/pt-br\/"},{"@type":"ListItem","position":2,"name":"Tipos de c\u00e2ncer","item":"https:\/\/oncoalicia.com\/pt-br\/tipos-de-cancer\/"},{"@type":"ListItem","position":3,"name":"Recomenda\u00e7\u00f5es alimentares durante o tratamento do c\u00e2ncer de cabe\u00e7a e pesco\u00e7o","item":"https:\/\/oncoalicia.com\/pt-br\/tipos-de-cancer\/cabeca-e-pescoco\/"},{"@type":"ListItem","position":4,"name":"Recomenda\u00e7\u00f5es diet\u00e9ticas para a pris\u00e2o de ventre em c\u00e2ncer de cabe\u00e7a e pesco\u00e7o"}]},{"@type":"WebSite","@id":"https:\/\/oncoalicia.com\/pt-br\/#website","url":"https:\/\/oncoalicia.com\/pt-br\/","name":"Oncoal\u00edcia","description":"Comer durante el Tratamiento del C\u00e1ncer","publisher":{"@id":"https:\/\/oncoalicia.com\/pt-br\/#organization"},"alternateName":"Oncoal\u00edcia | Comer durante el Tratamiento del C\u00e1ncer","potentialAction":[{"@type":"SearchAction","target":{"@type":"EntryPoint","urlTemplate":"https:\/\/oncoalicia.com\/pt-br\/?s={search_term_string}"},"query-input":{"@type":"PropertyValueSpecification","valueRequired":true,"valueName":"search_term_string"}}],"inLanguage":"pt-BR"},{"@type":"Organization","@id":"https:\/\/oncoalicia.com\/pt-br\/#organization","name":"Oncoal\u00edcia","alternateName":"Oncoal\u00edcia | Comer durante el Tratamiento del C\u00e1ncer","url":"https:\/\/oncoalicia.com\/pt-br\/","logo":{"@type":"ImageObject","inLanguage":"pt-BR","@id":"https:\/\/oncoalicia.com\/pt-br\/#\/schema\/logo\/image\/","url":"https:\/\/oncoalicia.com\/wp-content\/uploads\/2022\/11\/logo_rrss.png","contentUrl":"https:\/\/oncoalicia.com\/wp-content\/uploads\/2022\/11\/logo_rrss.png","width":300,"height":300,"caption":"Oncoal\u00edcia"},"image":{"@id":"https:\/\/oncoalicia.com\/pt-br\/#\/schema\/logo\/image\/"}}]}},"_links":{"self":[{"href":"https:\/\/oncoalicia.com\/pt-br\/wp-json\/wp\/v2\/pages\/6605","targetHints":{"allow":["GET"]}}],"collection":[{"href":"https:\/\/oncoalicia.com\/pt-br\/wp-json\/wp\/v2\/pages"}],"about":[{"href":"https:\/\/oncoalicia.com\/pt-br\/wp-json\/wp\/v2\/types\/page"}],"author":[{"embeddable":true,"href":"https:\/\/oncoalicia.com\/pt-br\/wp-json\/wp\/v2\/users\/2"}],"replies":[{"embeddable":true,"href":"https:\/\/oncoalicia.com\/pt-br\/wp-json\/wp\/v2\/comments?post=6605"}],"version-history":[{"count":0,"href":"https:\/\/oncoalicia.com\/pt-br\/wp-json\/wp\/v2\/pages\/6605\/revisions"}],"up":[{"embeddable":true,"href":"https:\/\/oncoalicia.com\/pt-br\/wp-json\/wp\/v2\/pages\/6571"}],"wp:attachment":[{"href":"https:\/\/oncoalicia.com\/pt-br\/wp-json\/wp\/v2\/media?parent=6605"}],"curies":[{"name":"wp","href":"https:\/\/api.w.org\/{rel}","templated":true}]}}