{"id":6607,"date":"2022-05-13T02:06:09","date_gmt":"2022-05-13T02:06:09","guid":{"rendered":"https:\/\/oncoalicia.com\/?page_id=6607"},"modified":"2025-07-08T07:16:20","modified_gmt":"2025-07-08T07:16:20","slug":"diarreia","status":"publish","type":"page","link":"https:\/\/oncoalicia.com\/pt-br\/tipos-de-cancer\/cabeca-e-pescoco\/diarreia\/","title":{"rendered":"Recomenda\u00e7\u00f5es diet\u00e9ticas para a diarreia em c\u00e2ncer de cabe\u00e7a e pesco\u00e7o"},"content":{"rendered":"<div class=\"row\">\n<div class=\"col-md-12 subtitle-mitos\">\n\u00c9 definida como um aumento da frequ\u00eancia de evacua\u00e7\u00f5es, acompanhada de uma redu\u00e7\u00e3o da consist\u00eancia das fezes. Pode ser consequ\u00eancia da toxicidade do tratamento com quimioterapia.  N\u00e3o \u00e9 um efeito colateral habitual no c\u00e2ncer de cabe\u00e7a e pesco\u00e7o, mas \u00e0s vezes pode aparecer ap\u00f3s a quimioterapia ou pela administra\u00e7\u00e3o de alguns medicamentos ou antibi\u00f3ticos. . Em fun\u00e7\u00e3o de cada caso, pode se apresentar de forma leve ou grave. Embora em geral costume ser pontual e dure poucos dias, em alguns casos pode prolongar-se, devendo-se consultar equipe multiprofissional de refer\u00eancia.\n<\/div>\n<\/div>\n<div class=\"row p-40 w-60\">\n<div class=\"col-md-12 text-center\">\n<h2 class=\"h3 recomanem-efectes-cancer\">O QUE RECOMENDAMOS?<\/h2>\n<\/div>\n<div class=\"col-md-12 p-10 text-center\">\n<h3><a class=\"btn-orange recomanacions-tipus-cancer\" role=\"button\" href=\"#collapseExample-1\" data-toggle=\"collapse\" aria-expanded=\"false\" aria-controls=\"collapseExample\">Manter uma hidrata\u00e7\u00e3o correta. <i class=\"fa fa-angle-down\" aria-hidden=\"true\"><\/i><br \/>\n<\/a><\/h3>\n<div id=\"collapseExample-1\" class=\"collapse\">\n<div class=\"card-body\">\n<div class=\"row\">\n<div class=\"col-md-12 descrip\">\nPelo fato de que a diarreia pode ocasionar desidrata\u00e7\u00e3o, recomenda-se beber muito l\u00edquido (\u00e1gua, ch\u00e1s, caldos suaves, bebidas isot\u00f4nicas com pouco teor de a\u00e7\u00facar), por meio de pequenos goles durante o dia.<br \/>\nNo Brasil, h\u00e1 a recomenda\u00e7\u00e3o de preparo de soro caseiro para hidrata\u00e7\u00e3o, conforme essa receita: <br \/>\nMisture em um litro de \u00e1gua mineral, de \u00e1gua filtrada ou de \u00e1gua fervida (mas j\u00e1 fria) uma colher pequena (tipo cafezinho), de sal e uma colher grande (tipo sopa), de a\u00e7\u00facar. Misture bem e ofere\u00e7a o dia inteiro ao doente em pequenas colheradas.<br \/>\nMas tamb\u00e9m fique de olho na sugest\u00e3o de bebida feita pelo Al\u00edcia no quadro abaixo.<\/p>\n<p><b>Bebida isot\u00f4nica caseira:<\/b> Misturar em um litro de \u00e1gua o suco de dois lim\u00f5es, uma colher (sopa) de mel, uma colher (sobremesa) de sale uma colher (sobremesa) de bicarbonato de s\u00f3dio. Quando esses ingredientes estiverem dissolvidos, deixar a bebida na geladeira at\u00e9 que esteja fria.\n<\/div>\n<\/div>\n<\/div>\n<\/div>\n<\/div>\n<div class=\"col-md-12 p-10 text-center\">\n<h3 class=\"btn-orange recomanacions-tipus-cancer\" style=\"font-weight: bold;\">Realizar refei\u00e7\u00f5es frequentes ao longo do dia em pequenos volumes.<\/h3>\n<\/div>\n<div class=\"col-md-12 p-10 text-center\">\n<h3><a class=\"btn-orange recomanacions-tipus-cancer\" role=\"button\" href=\"#collapseExample-2\" data-toggle=\"collapse\" aria-expanded=\"false\" aria-controls=\"collapseExample\">Progredir na alimenta\u00e7\u00e3o \u00e0 medida que as evacua\u00e7\u00f5es melhorem. <i class=\"fa fa-angle-down\" aria-hidden=\"true\"><\/i><br \/>\n<\/a><\/h3>\n<div id=\"collapseExample-2\" class=\"collapse\">\n<div class=\"card-body\">\n<div class=\"row\">\n<div class=\"col-md-12 descrip\">\nRecomenda-se come\u00e7ar por uma dieta l\u00edquida e, quando for bem tolerada, introduzir alimentos de f\u00e1cil digest\u00e3o, como o pur\u00ea de batata e cenoura, o arroz cozido, o peixe magro ou o frango cozido e a ma\u00e7\u00e3 assada.\n<\/div>\n<\/div>\n<\/div>\n<\/div>\n<\/div>\n<div class=\"col-md-12 p-10 text-center\">\n<h3><a class=\"btn-orange recomanacions-tipus-cancer\" role=\"button\" href=\"#collapseExample-3\" data-toggle=\"collapse\" aria-expanded=\"false\" aria-controls=\"collapseExample\">Ir introduzindo outros alimentos em fun\u00e7\u00e3o das evacua\u00e7\u00f5es e conforme a toler\u00e2ncia. <i class=\"fa fa-angle-down\" aria-hidden=\"true\"><\/i><br \/>\n<\/a><\/h3>\n<div id=\"collapseExample-3\" class=\"collapse\">\n<div class=\"card-body\">\n<div class=\"row\">\n<div class=\"col-md-12 descrip\">\nTorrada carne, peixe, ovos (omelete, frango grelhado, peixe em papilote), massa, arroz, trigo e tapioca, biscoitos tipo Maria etc.\n<\/div>\n<div class=\"col-md-12 text-center\">\n<div class=\"row\">\n<div class=\"col-md-12 recetas-sug\"><b>Algumas receitas sugeridas:<\/b><\/div>\n<\/div>\n<div class=\"row\">\n<div class=\"col-md-4 col-sm-6 text-center recetitas\">\n<a href=\"\/pt-br\/receitas\/enroladinhos-de-tortilha\/\"><\/p>\n<div class=\"cuadro-receta-2 text-center\">\n<img decoding=\"async\" class=\"w-50\" src=\"http:\/\/oncoalicia.com\/wp-content\/uploads\/2022\/02\/Rolls-tortilla.jpg\" \/><\/p>\n<div class=\"txt-mito\">Enroladinhos de tortilha<\/div>\n<\/div>\n<p><\/a>\n<\/div>\n<div class=\"col-md-4 col-sm-6 text-center recetitas\">\n<a href=\"\/pt-br\/receitas\/nhoque-de-batata-com-molho-de-cenoura\/\"><\/p>\n<div class=\"cuadro-receta-2 text-center\">\n<img decoding=\"async\" class=\"w-50\" src=\"https:\/\/oncoalicia.com\/wp-content\/uploads\/2022\/02\/oquis-de-patata-con-salsa-de-zanahoria.jpg\" \/><\/p>\n<div class=\"txt-mito\">Nhoque de batata com molho de cenoura<\/div>\n<\/div>\n<p><\/a>\n<\/div>\n<div class=\"col-md-4 col-sm-6 text-center recetitas\">\n<a href=\"\/pt-br\/receitas\/macarrao-de-arroz-a-marinheira\/\"><\/p>\n<div class=\"cuadro-receta-2 text-center\">\n<img decoding=\"async\" class=\"w-50\" src=\"https:\/\/oncoalicia.com\/wp-content\/uploads\/2022\/02\/Fideos-de-arroz-a-la-marinera.jpg\" \/><\/p>\n<div class=\"txt-mito\">Macarr\u00e3o de arroz \u00e0 marinheira<\/div>\n<\/div>\n<p><\/a>\n<\/div>\n<\/div>\n<\/div>\n<\/div>\n<\/div>\n<\/div>\n<div class=\"col-md-12 p-10 text-center\">\n<h3><a class=\"btn-orange recomanacions-tipus-cancer\" role=\"button\" href=\"#collapseExample-4\" data-toggle=\"collapse\" aria-expanded=\"false\" aria-controls=\"collapseExample\">Utilizar coc\u00e7\u00f5es simples. <i class=\"fa fa-angle-down\" aria-hidden=\"true\"><\/i><br \/>\n<\/a><\/h3>\n<div id=\"collapseExample-4\" class=\"collapse\">\n<div class=\"card-body\">\n<div class=\"row\">\n<div class=\"col-md-12 descrip\">\nCozido, grelhado, no vapor e no forno s\u00e3o m\u00e9todos de coc\u00e7\u00e3o mais f\u00e1ceis de digerir.\n<\/div>\n<\/div>\n<\/div>\n<\/div>\n<\/div>\n<div class=\"col-md-12 p-10 text-center\">\n<h3><a class=\"btn-orange recomanacions-tipus-cancer\" role=\"button\" href=\"#collapseExample-5\" data-toggle=\"collapse\" aria-expanded=\"false\" aria-controls=\"collapseExample\">Evitar os alimentos ricos em fibra. <i class=\"fa fa-angle-down\" aria-hidden=\"true\"><\/i><br \/>\n<\/a><\/h3>\n<div id=\"collapseExample-5\" class=\"collapse\">\n<div class=\"card-body\">\n<div class=\"row\">\n<div class=\"col-md-12 descrip\">\n<ul>\n<li>N\u00e3o se recomendam os cereais e derivados integrais, frutas cruas, verduras, leguminosas, cogumelos, sementes e frutos secos\/oleaginosas  em um primeiro momento.<\/li>\n<li>Escolher fruta sem casca, cozida, no forno, no micro-ondas ou em compota; em conserva no pr\u00f3prio suco, em calda pouco ado\u00e7adas ou em sucos coados. Frutas preparadas em calda contendo quantidades restritas de a\u00e7\u00facar (ma\u00e7\u00e3, pera e p\u00eassego), marmelo ou banana e pera bem maduras.<\/li>\n<\/ul>\n<\/div>\n<\/div>\n<div class=\"row\">\n<div class=\"col-md-12 recetas-sug\"><b>Algumas receitas sugeridas:<\/b><\/div>\n<\/div>\n<div class=\"row\">\n<div class=\"col-md-4 col-sm-6 text-center recetitas\">\n<a href=\"\/pt-br\/receitas\/banana-assada\/\"><\/p>\n<div class=\"cuadro-receta-2 text-center\">\n<img decoding=\"async\" class=\"w-50\" src=\"https:\/\/oncoalicia.com\/wp-content\/uploads\/2021\/10\/platano-asado.jpg\" \/><\/p>\n<div class=\"txt-mito\">Banana assada<\/div>\n<\/div>\n<p><\/a>\n<\/div>\n<div class=\"col-md-4 col-sm-6 text-center recetitas\">\n<a href=\"\/pt-br\/receitas\/maca-no-microondas-com-canela\/\"><\/p>\n<div class=\"cuadro-receta-2 text-center\">\n<img decoding=\"async\" class=\"w-50\" src=\"http:\/\/oncoalicia.com\/wp-content\/uploads\/2022\/10\/Pavo-relleno.jpg\" \/><\/p>\n<div class=\"txt-mito\">Ma\u00e7\u00e3 no microondas com canela<\/div>\n<\/div>\n<\/div>\n<div class=\"col-md-4 col-sm-6 text-center recetitas\">\n<a href=\"\/pt-br\/receitas\/gelatina-de-cha-com-pera\/\"><\/p>\n<div class=\"cuadro-receta-2 text-center\">\n<img decoding=\"async\" class=\"w-50\" src=\"https:\/\/oncoalicia.com\/wp-content\/uploads\/2023\/10\/Gelatina-de-cha-com-pera.jpg\" \/><\/p>\n<div class=\"txt-mito\">Gelatina de ch\u00e1 com pera<\/div>\n<\/div>\n<p><\/a>\n<\/div>\n<\/div>\n<div class=\"row\">\n<div class=\"col-md-12 descrip\">\n<ul>\n<li>Os legumes mais baixos em fibra podem ser consumidos em pequenas quantidades (experimentar a toler\u00e2ncia) sempre sem casca nem sementes e bem cozidos, tamb\u00e9m em forma de cremes ou caldos coados.<\/li>\n<\/ul>\n<\/div>\n<div class=\"col-md-12 text-center\">\n<div class=\"row\">\n<div class=\"col-md-12 recetas-sug\"><b>Algumas receitas sugeridas:<\/b><\/div>\n<\/div>\n<div class=\"row\">\n<div class=\"col-md-2 col-sm-6 text-center recetitas\">\n<\/div>\n<div class=\"col-md-4 col-sm-6 text-center recetitas\">\n<a href=\"\/pt-br\/receitas\/veloute-de-frango-e-legumes\/\"><\/p>\n<div class=\"cuadro-receta-2 text-center\">\n<img decoding=\"async\" class=\"w-50\" src=\"https:\/\/oncoalicia.com\/wp-content\/uploads\/2022\/10\/Veloute-de-pollo-y-verduras.jpg\" \/><\/p>\n<div class=\"txt-mito\">Velout\u00e9 de frango e legumes<\/div>\n<\/div>\n<p><\/a>\n<\/div>\n<div class=\"col-md-4 col-sm-6 text-center recetitas\">\n<a href=\"\/pt-br\/receitas\/salada-de-macarrao-de-arroz-textura-modificada\/\"><\/p>\n<div class=\"cuadro-receta-2 text-center\">\n<img decoding=\"async\" class=\"w-50\" src=\"https:\/\/oncoalicia.com\/wp-content\/uploads\/2022\/10\/Ensalada-de-pasta-de-arroz-textura-modificada.jpg\" \/><\/p>\n<div class=\"txt-mito\">Salada de macarr\u00e3o de arroz (textura modificada)<\/div>\n<\/div>\n<p><\/a>\n<\/div>\n<div class=\"col-md-2 col-sm-6 text-center recetitas\">\n<\/div>\n<div class=\"col-md-12 descrip\">\n<ul>\n<li>Experimentar tamb\u00e9m a toler\u00e2ncia \u00e0s prepara\u00e7\u00f5es processadas de fruta e verdura.<\/li>\n<\/ul>\n<\/div>\n<\/div>\n<\/div>\n<\/div>\n<\/div>\n<\/div>\n<div class=\"col-md-12 p-10 text-center\">\n<h3><a class=\"btn-orange recomanacions-tipus-cancer\" role=\"button\" href=\"#collapseExample-9\" data-toggle=\"collapse\" aria-expanded=\"false\" aria-controls=\"collapseExample\">Limitar as fontes de gordura da dieta. <i class=\"fa fa-angle-down\" aria-hidden=\"true\"><\/i><br \/>\n<\/a><\/h3>\n<div id=\"collapseExample-9\" class=\"collapse\">\n<div class=\"card-body\">\n<div class=\"row\">\n<div class=\"col-md-12 descrip\">\nN\u00e3o se recomenda o consumo de manteigas, margarinas, banha de porco, maionese, nata, creme de leite e produtos de confeitaria, entre outros.\n<\/div>\n<\/div>\n<\/div>\n<\/div>\n<\/div>\n<div class=\"col-md-12 p-10 text-center\">\n<h3><a class=\"btn-orange recomanacions-tipus-cancer\" role=\"button\" href=\"#collapseExample-6\" data-toggle=\"collapse\" aria-expanded=\"false\" aria-controls=\"collapseExample\">Evitar o leite ou os produtos que contenham lactose. <i class=\"fa fa-angle-down\" aria-hidden=\"true\"><\/i><br \/>\n<\/a><\/h3>\n<div id=\"collapseExample-6\" class=\"collapse\">\n<div class=\"card-body\">\n<div class=\"row\">\n<div class=\"col-md-12 descrip\">\nEm fun\u00e7\u00e3o da toler\u00e2ncia, podem ser introduzidos aos poucos.\n<\/div>\n<\/div>\n<\/div>\n<\/div>\n<\/div>\n<div class=\"col-md-12 p-10 text-center\">\n<h3 class=\"btn-orange recomanacions-tipus-cancer\" style=\"font-weight: bold;\">Evitar o caf\u00e9, o chocolate, o ch\u00e1 forte, o \u00e1lcool e os condimentos irritantes e picantes como a pimenta.<\/h3>\n<\/div>\n<div class=\"col-md-12 p-10 text-center\">\n<h3><a class=\"btn-orange recomanacions-tipus-cancer\" role=\"button\" href=\"#collapseExample-7\" data-toggle=\"collapse\" aria-expanded=\"false\" aria-controls=\"collapseExample\">Evitar alimentos ricos em a\u00e7\u00facares simples ou edulcorantes. <i class=\"fa fa-angle-down\" aria-hidden=\"true\"><\/i><br \/>\n<\/a><\/h3>\n<div id=\"collapseExample-7\" class=\"collapse\">\n<div class=\"card-body\">\n<div class=\"row\">\n<div class=\"col-md-12 descrip\">\nN\u00e3o se recomenda o consumo de balas ou guloseimas, n\u00e9ctar de fruta, a\u00e7\u00facar simples ou mel, chocolate, bebidas a\u00e7ucaradas ou edulcoradas, xilitol, sorbitol etc.\n<\/div>\n<\/div>\n<\/div>\n<\/div>\n<\/div>\n<\/div>\n<\/div>\n<\/div>\n","protected":false},"excerpt":{"rendered":"<p>\u00c9 definida como um aumento da frequ\u00eancia de evacua\u00e7\u00f5es, acompanhada de uma redu\u00e7\u00e3o da consist\u00eancia das fezes. Pode ser consequ\u00eancia da toxicidade do tratamento com quimioterapia. N\u00e3o \u00e9 um efeito colateral habitual no c\u00e2ncer de cabe\u00e7a e pesco\u00e7o, mas \u00e0s vezes pode aparecer ap\u00f3s a quimioterapia ou pela administra\u00e7\u00e3o de alguns medicamentos ou antibi\u00f3ticos. .&hellip; <a class=\"more-link\" href=\"https:\/\/oncoalicia.com\/pt-br\/tipos-de-cancer\/cabeca-e-pescoco\/diarreia\/\">Continue reading <span class=\"screen-reader-text\">Recomenda\u00e7\u00f5es diet\u00e9ticas para a diarreia em c\u00e2ncer de cabe\u00e7a e pesco\u00e7o<\/span><\/a><\/p>\n","protected":false},"author":2,"featured_media":0,"parent":6571,"menu_order":0,"comment_status":"closed","ping_status":"closed","template":"cabeza-diarrea.php","meta":{"footnotes":""},"class_list":["post-6607","page","type-page","status-publish","hentry","entry"],"yoast_head":"<!-- This site is optimized with the Yoast SEO plugin v26.9 - https:\/\/yoast.com\/product\/yoast-seo-wordpress\/ -->\n<title>Nutri\u00e7\u00e3o para pacientes com c\u00e2ncer de cabe\u00e7a e pesco\u00e7o que apresentam diarreia - Oncoalicia<\/title>\n<meta name=\"description\" content=\"Encontre recomenda\u00e7\u00f5es alimentares para pessoas com c\u00e2ncer de cabe\u00e7a e pesco\u00e7o que est\u00e3o com diarreia devido ao tratamento.\" \/>\n<meta name=\"robots\" content=\"index, follow, max-snippet:-1, max-image-preview:large, max-video-preview:-1\" \/>\n<link rel=\"canonical\" href=\"https:\/\/oncoalicia.com\/pt-br\/tipos-de-cancer\/cabeca-e-pescoco\/diarreia\/\" \/>\n<meta property=\"og:locale\" content=\"pt_BR\" \/>\n<meta property=\"og:type\" content=\"article\" \/>\n<meta property=\"og:title\" content=\"Nutri\u00e7\u00e3o para pacientes com c\u00e2ncer de cabe\u00e7a e pesco\u00e7o que apresentam diarreia - Oncoalicia\" \/>\n<meta property=\"og:description\" content=\"Encontre recomenda\u00e7\u00f5es alimentares para pessoas com c\u00e2ncer de cabe\u00e7a e pesco\u00e7o que est\u00e3o com diarreia devido ao tratamento.\" \/>\n<meta property=\"og:url\" content=\"https:\/\/oncoalicia.com\/pt-br\/tipos-de-cancer\/cabeca-e-pescoco\/diarreia\/\" \/>\n<meta property=\"og:site_name\" content=\"Oncoalicia\" \/>\n<meta property=\"article:modified_time\" content=\"2025-07-08T07:16:20+00:00\" \/>\n<meta property=\"og:image\" content=\"http:\/\/oncoalicia.com\/wp-content\/uploads\/2022\/02\/Rolls-tortilla.jpg\" \/>\n<meta name=\"twitter:card\" content=\"summary_large_image\" \/>\n<meta name=\"twitter:label1\" content=\"Est. tempo de leitura\" \/>\n\t<meta name=\"twitter:data1\" content=\"5 minutos\" \/>\n<script type=\"application\/ld+json\" class=\"yoast-schema-graph\">{\"@context\":\"https:\/\/schema.org\",\"@graph\":[{\"@type\":\"WebPage\",\"@id\":\"https:\/\/oncoalicia.com\/pt-br\/tipos-de-cancer\/cabeca-e-pescoco\/diarreia\/\",\"url\":\"https:\/\/oncoalicia.com\/pt-br\/tipos-de-cancer\/cabeca-e-pescoco\/diarreia\/\",\"name\":\"Nutri\u00e7\u00e3o para pacientes com c\u00e2ncer de cabe\u00e7a e pesco\u00e7o que apresentam diarreia - Oncoalicia\",\"isPartOf\":{\"@id\":\"https:\/\/oncoalicia.com\/pt-br\/#website\"},\"primaryImageOfPage\":{\"@id\":\"https:\/\/oncoalicia.com\/pt-br\/tipos-de-cancer\/cabeca-e-pescoco\/diarreia\/#primaryimage\"},\"image\":{\"@id\":\"https:\/\/oncoalicia.com\/pt-br\/tipos-de-cancer\/cabeca-e-pescoco\/diarreia\/#primaryimage\"},\"thumbnailUrl\":\"http:\/\/oncoalicia.com\/wp-content\/uploads\/2022\/02\/Rolls-tortilla.jpg\",\"datePublished\":\"2022-05-13T02:06:09+00:00\",\"dateModified\":\"2025-07-08T07:16:20+00:00\",\"description\":\"Encontre recomenda\u00e7\u00f5es alimentares para pessoas com c\u00e2ncer de cabe\u00e7a e pesco\u00e7o que est\u00e3o com diarreia devido ao tratamento.\",\"breadcrumb\":{\"@id\":\"https:\/\/oncoalicia.com\/pt-br\/tipos-de-cancer\/cabeca-e-pescoco\/diarreia\/#breadcrumb\"},\"inLanguage\":\"pt-BR\",\"potentialAction\":[{\"@type\":\"ReadAction\",\"target\":[\"https:\/\/oncoalicia.com\/pt-br\/tipos-de-cancer\/cabeca-e-pescoco\/diarreia\/\"]}]},{\"@type\":\"ImageObject\",\"inLanguage\":\"pt-BR\",\"@id\":\"https:\/\/oncoalicia.com\/pt-br\/tipos-de-cancer\/cabeca-e-pescoco\/diarreia\/#primaryimage\",\"url\":\"http:\/\/oncoalicia.com\/wp-content\/uploads\/2022\/02\/Rolls-tortilla.jpg\",\"contentUrl\":\"http:\/\/oncoalicia.com\/wp-content\/uploads\/2022\/02\/Rolls-tortilla.jpg\"},{\"@type\":\"BreadcrumbList\",\"@id\":\"https:\/\/oncoalicia.com\/pt-br\/tipos-de-cancer\/cabeca-e-pescoco\/diarreia\/#breadcrumb\",\"itemListElement\":[{\"@type\":\"ListItem\",\"position\":1,\"name\":\"Portada\",\"item\":\"https:\/\/oncoalicia.com\/pt-br\/\"},{\"@type\":\"ListItem\",\"position\":2,\"name\":\"Tipos de c\u00e2ncer\",\"item\":\"https:\/\/oncoalicia.com\/pt-br\/tipos-de-cancer\/\"},{\"@type\":\"ListItem\",\"position\":3,\"name\":\"Recomenda\u00e7\u00f5es alimentares durante o tratamento do c\u00e2ncer de cabe\u00e7a e pesco\u00e7o\",\"item\":\"https:\/\/oncoalicia.com\/pt-br\/tipos-de-cancer\/cabeca-e-pescoco\/\"},{\"@type\":\"ListItem\",\"position\":4,\"name\":\"Recomenda\u00e7\u00f5es diet\u00e9ticas para a diarreia em c\u00e2ncer de cabe\u00e7a e pesco\u00e7o\"}]},{\"@type\":\"WebSite\",\"@id\":\"https:\/\/oncoalicia.com\/pt-br\/#website\",\"url\":\"https:\/\/oncoalicia.com\/pt-br\/\",\"name\":\"Oncoal\u00edcia\",\"description\":\"Comer durante el Tratamiento del C\u00e1ncer\",\"publisher\":{\"@id\":\"https:\/\/oncoalicia.com\/pt-br\/#organization\"},\"alternateName\":\"Oncoal\u00edcia | Comer durante el Tratamiento del C\u00e1ncer\",\"potentialAction\":[{\"@type\":\"SearchAction\",\"target\":{\"@type\":\"EntryPoint\",\"urlTemplate\":\"https:\/\/oncoalicia.com\/pt-br\/?s={search_term_string}\"},\"query-input\":{\"@type\":\"PropertyValueSpecification\",\"valueRequired\":true,\"valueName\":\"search_term_string\"}}],\"inLanguage\":\"pt-BR\"},{\"@type\":\"Organization\",\"@id\":\"https:\/\/oncoalicia.com\/pt-br\/#organization\",\"name\":\"Oncoal\u00edcia\",\"alternateName\":\"Oncoal\u00edcia | Comer durante el Tratamiento del C\u00e1ncer\",\"url\":\"https:\/\/oncoalicia.com\/pt-br\/\",\"logo\":{\"@type\":\"ImageObject\",\"inLanguage\":\"pt-BR\",\"@id\":\"https:\/\/oncoalicia.com\/pt-br\/#\/schema\/logo\/image\/\",\"url\":\"https:\/\/oncoalicia.com\/wp-content\/uploads\/2022\/11\/logo_rrss.png\",\"contentUrl\":\"https:\/\/oncoalicia.com\/wp-content\/uploads\/2022\/11\/logo_rrss.png\",\"width\":300,\"height\":300,\"caption\":\"Oncoal\u00edcia\"},\"image\":{\"@id\":\"https:\/\/oncoalicia.com\/pt-br\/#\/schema\/logo\/image\/\"}}]}<\/script>\n<!-- \/ Yoast SEO plugin. -->","yoast_head_json":{"title":"Nutri\u00e7\u00e3o para pacientes com c\u00e2ncer de cabe\u00e7a e pesco\u00e7o que apresentam diarreia - Oncoalicia","description":"Encontre recomenda\u00e7\u00f5es alimentares para pessoas com c\u00e2ncer de cabe\u00e7a e pesco\u00e7o que est\u00e3o com diarreia devido ao tratamento.","robots":{"index":"index","follow":"follow","max-snippet":"max-snippet:-1","max-image-preview":"max-image-preview:large","max-video-preview":"max-video-preview:-1"},"canonical":"https:\/\/oncoalicia.com\/pt-br\/tipos-de-cancer\/cabeca-e-pescoco\/diarreia\/","og_locale":"pt_BR","og_type":"article","og_title":"Nutri\u00e7\u00e3o para pacientes com c\u00e2ncer de cabe\u00e7a e pesco\u00e7o que apresentam diarreia - Oncoalicia","og_description":"Encontre recomenda\u00e7\u00f5es alimentares para pessoas com c\u00e2ncer de cabe\u00e7a e pesco\u00e7o que est\u00e3o com diarreia devido ao tratamento.","og_url":"https:\/\/oncoalicia.com\/pt-br\/tipos-de-cancer\/cabeca-e-pescoco\/diarreia\/","og_site_name":"Oncoalicia","article_modified_time":"2025-07-08T07:16:20+00:00","og_image":[{"url":"http:\/\/oncoalicia.com\/wp-content\/uploads\/2022\/02\/Rolls-tortilla.jpg","type":"","width":"","height":""}],"twitter_card":"summary_large_image","twitter_misc":{"Est. tempo de leitura":"5 minutos"},"schema":{"@context":"https:\/\/schema.org","@graph":[{"@type":"WebPage","@id":"https:\/\/oncoalicia.com\/pt-br\/tipos-de-cancer\/cabeca-e-pescoco\/diarreia\/","url":"https:\/\/oncoalicia.com\/pt-br\/tipos-de-cancer\/cabeca-e-pescoco\/diarreia\/","name":"Nutri\u00e7\u00e3o para pacientes com c\u00e2ncer de cabe\u00e7a e pesco\u00e7o que apresentam diarreia - Oncoalicia","isPartOf":{"@id":"https:\/\/oncoalicia.com\/pt-br\/#website"},"primaryImageOfPage":{"@id":"https:\/\/oncoalicia.com\/pt-br\/tipos-de-cancer\/cabeca-e-pescoco\/diarreia\/#primaryimage"},"image":{"@id":"https:\/\/oncoalicia.com\/pt-br\/tipos-de-cancer\/cabeca-e-pescoco\/diarreia\/#primaryimage"},"thumbnailUrl":"http:\/\/oncoalicia.com\/wp-content\/uploads\/2022\/02\/Rolls-tortilla.jpg","datePublished":"2022-05-13T02:06:09+00:00","dateModified":"2025-07-08T07:16:20+00:00","description":"Encontre recomenda\u00e7\u00f5es alimentares para pessoas com c\u00e2ncer de cabe\u00e7a e pesco\u00e7o que est\u00e3o com diarreia devido ao tratamento.","breadcrumb":{"@id":"https:\/\/oncoalicia.com\/pt-br\/tipos-de-cancer\/cabeca-e-pescoco\/diarreia\/#breadcrumb"},"inLanguage":"pt-BR","potentialAction":[{"@type":"ReadAction","target":["https:\/\/oncoalicia.com\/pt-br\/tipos-de-cancer\/cabeca-e-pescoco\/diarreia\/"]}]},{"@type":"ImageObject","inLanguage":"pt-BR","@id":"https:\/\/oncoalicia.com\/pt-br\/tipos-de-cancer\/cabeca-e-pescoco\/diarreia\/#primaryimage","url":"http:\/\/oncoalicia.com\/wp-content\/uploads\/2022\/02\/Rolls-tortilla.jpg","contentUrl":"http:\/\/oncoalicia.com\/wp-content\/uploads\/2022\/02\/Rolls-tortilla.jpg"},{"@type":"BreadcrumbList","@id":"https:\/\/oncoalicia.com\/pt-br\/tipos-de-cancer\/cabeca-e-pescoco\/diarreia\/#breadcrumb","itemListElement":[{"@type":"ListItem","position":1,"name":"Portada","item":"https:\/\/oncoalicia.com\/pt-br\/"},{"@type":"ListItem","position":2,"name":"Tipos de c\u00e2ncer","item":"https:\/\/oncoalicia.com\/pt-br\/tipos-de-cancer\/"},{"@type":"ListItem","position":3,"name":"Recomenda\u00e7\u00f5es alimentares durante o tratamento do c\u00e2ncer de cabe\u00e7a e pesco\u00e7o","item":"https:\/\/oncoalicia.com\/pt-br\/tipos-de-cancer\/cabeca-e-pescoco\/"},{"@type":"ListItem","position":4,"name":"Recomenda\u00e7\u00f5es diet\u00e9ticas para a diarreia em c\u00e2ncer de cabe\u00e7a e pesco\u00e7o"}]},{"@type":"WebSite","@id":"https:\/\/oncoalicia.com\/pt-br\/#website","url":"https:\/\/oncoalicia.com\/pt-br\/","name":"Oncoal\u00edcia","description":"Comer durante el Tratamiento del C\u00e1ncer","publisher":{"@id":"https:\/\/oncoalicia.com\/pt-br\/#organization"},"alternateName":"Oncoal\u00edcia | Comer durante el Tratamiento del C\u00e1ncer","potentialAction":[{"@type":"SearchAction","target":{"@type":"EntryPoint","urlTemplate":"https:\/\/oncoalicia.com\/pt-br\/?s={search_term_string}"},"query-input":{"@type":"PropertyValueSpecification","valueRequired":true,"valueName":"search_term_string"}}],"inLanguage":"pt-BR"},{"@type":"Organization","@id":"https:\/\/oncoalicia.com\/pt-br\/#organization","name":"Oncoal\u00edcia","alternateName":"Oncoal\u00edcia | Comer durante el Tratamiento del C\u00e1ncer","url":"https:\/\/oncoalicia.com\/pt-br\/","logo":{"@type":"ImageObject","inLanguage":"pt-BR","@id":"https:\/\/oncoalicia.com\/pt-br\/#\/schema\/logo\/image\/","url":"https:\/\/oncoalicia.com\/wp-content\/uploads\/2022\/11\/logo_rrss.png","contentUrl":"https:\/\/oncoalicia.com\/wp-content\/uploads\/2022\/11\/logo_rrss.png","width":300,"height":300,"caption":"Oncoal\u00edcia"},"image":{"@id":"https:\/\/oncoalicia.com\/pt-br\/#\/schema\/logo\/image\/"}}]}},"_links":{"self":[{"href":"https:\/\/oncoalicia.com\/pt-br\/wp-json\/wp\/v2\/pages\/6607","targetHints":{"allow":["GET"]}}],"collection":[{"href":"https:\/\/oncoalicia.com\/pt-br\/wp-json\/wp\/v2\/pages"}],"about":[{"href":"https:\/\/oncoalicia.com\/pt-br\/wp-json\/wp\/v2\/types\/page"}],"author":[{"embeddable":true,"href":"https:\/\/oncoalicia.com\/pt-br\/wp-json\/wp\/v2\/users\/2"}],"replies":[{"embeddable":true,"href":"https:\/\/oncoalicia.com\/pt-br\/wp-json\/wp\/v2\/comments?post=6607"}],"version-history":[{"count":0,"href":"https:\/\/oncoalicia.com\/pt-br\/wp-json\/wp\/v2\/pages\/6607\/revisions"}],"up":[{"embeddable":true,"href":"https:\/\/oncoalicia.com\/pt-br\/wp-json\/wp\/v2\/pages\/6571"}],"wp:attachment":[{"href":"https:\/\/oncoalicia.com\/pt-br\/wp-json\/wp\/v2\/media?parent=6607"}],"curies":[{"name":"wp","href":"https:\/\/api.w.org\/{rel}","templated":true}]}}