{"id":6610,"date":"2021-12-29T01:26:57","date_gmt":"2021-12-29T01:26:57","guid":{"rendered":"https:\/\/oncoalicia.com\/?page_id=6610"},"modified":"2025-07-08T07:20:21","modified_gmt":"2025-07-08T07:20:21","slug":"colorretal","status":"publish","type":"page","link":"https:\/\/oncoalicia.com\/pt-br\/tipos-de-cancer\/colorretal\/","title":{"rendered":"Recomenda\u00e7\u00f5es alimentares durante o tratamento do c\u00e2ncer colorretal"},"content":{"rendered":"<div class=\"row\">\n<div class=\"col-md-12 subtitle-mitos text-left\">\n<table>\n<tbody>\n<tr>\n<td class=\"full-width\">\n<p>   O c\u00f3lon \u00e9 a parte do intestino grosso que comunica o intestino delgado com o reto e o \u00e2nus. Em conjunto, formam a parte final do aparelho digestivo, encarregada de absorver \u00e1gua, sais minerais e nutrientes, al\u00e9m de dar forma \u00e0s fezes. O c\u00e2ncer colorretal engloba todos os tumores que podem afetar desde a primeira parte do intestino grosso at\u00e9 o reto e\/ou o \u00e2nus.<\/p>\n<p>   As prioridades alimentares durante o tratamento do c\u00e2ncer colorretal ser\u00e3o garantir um estado nutricional adequado, melhorar os sintomas e evitar complica\u00e7\u00f5es. Entretanto, pode ser complicado manter uma alimenta\u00e7\u00e3o normal durrante o curso dessa doen\u00e7a, j\u00e1 que isso depende de v\u00e1rios fatores como a localiza\u00e7\u00e3o do tumor, quais tratamentos e op\u00e7\u00f5es terap\u00eauticas ser\u00e3o realizados, qual \u00e9 o estado nutricional do paciente e seu suporte social, entre outros.<\/td>\n<td class=\"full-width espaciado\" style=\"text-align: center;\"><img decoding=\"async\" class=\"alignnone wp-image-1650\" src=\"https:\/\/oncoalicia.com\/wp-content\/uploads\/2023\/09\/colorrectal_por.jpg\" alt=\"\" width=\"350\" height=\"auto\" \/><\/td>\n<\/tr>\n<\/tbody>\n<\/table>\n<p>   Assim, pode ser que o tratamento n\u00e3o implique nenhuma restri\u00e7\u00e3o alimentar ou que o tratamento acarrete diferentes consequ\u00eancias que requeiram alguma restri\u00e7\u00e3o na hora de comer: pode existir um risco elevado de obstru\u00e7\u00e3o do tr\u00e2nsito intestinal (chamada de oclus\u00e3o) ou ser necess\u00e1ria a coloca\u00e7\u00e3o de uma bolsa para recolher as evacua\u00e7\u00f5es (ostomia). De maneira geral, para garantir um estado nutricional adequado, al\u00e9m de seguir as <strong><a href=\"\/pt-br\/recomendacoes-gerais\/\">Recomenda\u00e7\u00f5es gerais sobre a alimenta\u00e7\u00e3o durante o tratamento de c\u00e2ncer<\/a><\/strong>, no c\u00e2ncer colorretal deve-se:<\/p><\/div>\n<\/p><\/div>\n<div class=\"row\">\n<div class=\"col-md-12 orange-box\">\n<ul>\n<li><b>Prestar especial aten\u00e7\u00e3o \u00e0 fibra dos alimentos e ajustar sua ingest\u00e3o de acordo com a situa\u00e7\u00e3o individual.<\/b> A fibra \u00e9 uma parte dos alimentos de origem vegetal (frutas, verduras, leguminosas, frutos secos\/oleaginosas, fruta desidratada e cereais integrais) que n\u00e3o podemos digerir e que chega ao intestino grosso para ser decomposta pelos microrganismos que ali residem. Seu consumo dever\u00e1 ajustar-se no caso de situa\u00e7\u00f5es como:\n<ul style=\"list-style: circle;\">\n<li>Quando o tumor ocupa uma parte importante da passagem intestinal, raz\u00e3o pela qual um consumo elevado de fibra diet\u00e9tica (ou alimentar) pode ocasionar dores abdominais ou pior\u00e1-las;<\/li>\n<li>Quando existe risco de oclus\u00e3o intestinal;<\/li>\n<li>c.\tQuando, como resultado da cirurgia, foi colocada uma ostomia (ileostomia ou colostomia), que consiste em desviar o intestino delgado ou o c\u00f3lon por meio de uma abertura na parede do abdome para que as evacua\u00e7\u00f5es saiam para o meio externo. A abertura se chama ostomia e \u00e9 nela que se coloca uma bolsa especial, junto \u00e0 pele, para a coleta das fezes. Essa ostomia pode ser provis\u00f3ria ou permanente.<\/li>\n<li>Quando ocorre diarreia.<\/li>\n<\/ul>\n<p>   Em qualquer das situa\u00e7\u00f5es sempre ser\u00e1 o especialista de refer\u00eancia quem indicar\u00e1 o grau de restri\u00e7\u00e3o de fibra e qual o tipo de fibra deve ser restringida. Se houver sensa\u00e7\u00e3o de constipa\u00e7\u00e3o persistente ou dor abdominal intensa, consultar o nutricionista que lhe acompanha durante o tratamento.<\/li>\n<li><b>Saber o comportamento dos alimentos.<\/b> Al\u00e9m da fibra, durante o tratamento do c\u00e2ncer de c\u00f3lon \u00e9 importante estar atento ao efeito que os diferentes grupos de alimentos t\u00eam sobre a digest\u00e3o, os movimentos do intestino e as fezes. Para isso pode ser interessante utilizar um di\u00e1rio de alimentos durante as primeiras semanas.<\/li>\n<li><b>Verificar se existe alguma intera\u00e7\u00e3o alimento-medicamento.<\/b> Para este tipo de c\u00e2ncer foram descritas poss\u00edveis intera\u00e7\u00f5es com plantas e ervas, como o hip\u00e9rico (a erva-de-s\u00e3o-jo\u00e3o) e o aloe-vera (conhecida popularmente no Brasil como babosa); com alimentos como a toranja e seu suco (que n\u00e3o s\u00e3o habitualmente consumidos aqui no nosso pa\u00eds), e tamb\u00e9m com nutrientes de certos alimentos e suplementos, como o \u00e1cido f\u00f3lico. Essas intera\u00e7\u00f5es poderiam ocorrer de acordo com o tratamento prescrito, portanto \u00e9 necess\u00e1rio consultar sempre o oncologista e o nutriconista de refer\u00eancia para cada caso espec\u00edfico.<\/li>\n<li><b>Verificar si existe alguna interacci\u00f3n alimento-medicamento.<\/b> En este tipo de c\u00e1ncer se han descrito posibles interacciones con plantas y hierbas, como el hip\u00e9rico y el aloe; con alimentos como el pomelo y su zumo, y tambi\u00e9n con nutrientes de ciertos alimentos y suplementos, como el \u00e1cido f\u00f3lico. Estas interacciones podr\u00edan darse seg\u00fan el tratamiento prescrito, por lo que ser\u00e1 necesario consultar siempre al onc\u00f3logo de referencia cada caso concreto.<\/li>\n<li><b>Adaptar a alimenta\u00e7\u00e3o conforme os efeitos colaterais e outros sintomas que possam aparecer<\/b>, a partir das seguintes recomenda\u00e7\u00f5es diet\u00e9tico-culin\u00e1rias para cada um deles.<\/li>\n<\/ul><\/div>\n<\/p><\/div>\n<\/section>\n<section class=\"mt-30\">\n<div class=\"container\">\n<div class=\"row\">\n<div class=\"col-md-12 txt-2 text-center\">Efeitos colaterais e sintomas mais frequentes<\/div>\n<\/p><\/div>\n<div class=\"col-md-12\">\n<div class=\"row space-efect\">\n<div class=\"col-md-3\">\n                    <a style=\"text-decoration: none;\" href=\"https:\/\/oncoalicia.com\/pt-br\/tipos-de-cancer\/colorretal\/perda-do-apetite\/\"><\/p>\n<div class=\"cuadro-efecto text-center\">\n<div class=\"txt-efect\">Perda do apetite\n                            <\/div>\n<div class=\"flecha\">\n                                <i class=\"fa fa-chevron-right\" aria-hidden=\"true\"><\/i>\n                            <\/div>\n<\/p><\/div>\n<p>                    <\/a>\n                <\/div>\n<div class=\"col-md-3\">\n                    <a style=\"text-decoration: none;\" href=\"https:\/\/oncoalicia.com\/pt-br\/tipos-de-cancer\/colorretal\/nauseas-e-vomitos\/\"><\/p>\n<div class=\"cuadro-efecto text-center\">\n<div class=\"txt-efect\">N\u00e1useas v\u00f4mitos\n                            <\/div>\n<div class=\"flecha\">\n                                <i class=\"fa fa-chevron-right\" aria-hidden=\"true\"><\/i>\n                            <\/div>\n<\/p><\/div>\n<p>                    <\/a>\n                <\/div>\n<div class=\"col-md-3\">\n                    <a style=\"text-decoration: none;\" href=\"https:\/\/oncoalicia.com\/es\/tipos-de-cancer\/colorrectal\/alteracion-del-gusto\/\"><\/p>\n<div class=\"cuadro-efecto text-center\">\n<div class=\"txt-efect\">Altera\u00e7\u00e3o do paladar (disgeusia)\n                            <\/div>\n<div class=\"flecha\">\n                                <i class=\"fa fa-chevron-right\" aria-hidden=\"true\"><\/i>\n                            <\/div>\n<\/p><\/div>\n<p>                    <\/a>\n                <\/div>\n<div class=\"col-md-3\">\n                    <a style=\"text-decoration: none;\" href=\"https:\/\/oncoalicia.com\/pt-br\/tipos-de-cancer\/colorretal\/diarreia\/\"><\/p>\n<div class=\"cuadro-efecto text-center\">\n<div class=\"txt-efect\">Diarreia\n                            <\/div>\n<div class=\"flecha\">\n                                <i class=\"fa fa-chevron-right\" aria-hidden=\"true\"><\/i>\n                            <\/div>\n<\/p><\/div>\n<p>                    <\/a>\n                <\/div>\n<\/p><\/div>\n<div class=\"row space-efect\">\n<div class=\"col-md-3\">\n                    <a style=\"text-decoration: none;\" href=\"https:\/\/oncoalicia.com\/pt-br\/tipos-de-cancer\/colorretal\/feridas-na-boca-e-ou-garganta\/\"><\/p>\n<div class=\"cuadro-efecto text-center\">\n<div class=\"txt-efect\">Feridas na boca e\/ou garganta\n                            <\/div>\n<div class=\"flecha\">\n                                <i class=\"fa fa-chevron-right\" aria-hidden=\"true\"><\/i>\n                            <\/div>\n<\/p><\/div>\n<p>                    <\/a>\n                <\/div>\n<div class=\"col-md-3\">\n                    <a style=\"text-decoration: none;\" href=\"https:\/\/oncoalicia.com\/pt-br\/tipos-de-cancer\/colorretal\/colostomia\/\"><\/p>\n<div class=\"cuadro-efecto text-center\">\n<div class=\"txt-efect\">Colostomias\n                            <\/div>\n<div class=\"flecha\">\n                                <i class=\"fa fa-chevron-right\" aria-hidden=\"true\"><\/i>\n                            <\/div>\n<\/p><\/div>\n<p>                    <\/a>\n                <\/div>\n<div class=\"col-md-3\">\n                    <a style=\"text-decoration: none;\" href=\"https:\/\/oncoalicia.com\/pt-br\/tipos-de-cancer\/colorretal\/ileostomia\/\"><\/p>\n<div class=\"cuadro-efecto text-center\">\n<div class=\"txt-efect\">Ileostomias\n                            <\/div>\n<div class=\"flecha\">\n                                <i class=\"fa fa-chevron-right\" aria-hidden=\"true\"><\/i>\n                            <\/div>\n<\/p><\/div>\n<p>                    <\/a>\n                <\/div>\n<div class=\"col-md-3\">\n                  <a style=\"text-decoration: none;\" href=\"https:\/\/oncoalicia.com\/pt-br\/tipos-de-cancer\/colorretal\/oclusao-intestinal\/\"><\/p>\n<div class=\"cuadro-efecto text-center\">\n<div class=\"txt-efect\">Oclus\u00e3o intestinal\n                          <\/div>\n<div class=\"flecha\">\n                              <i class=\"fa fa-chevron-right\" aria-hidden=\"true\"><\/i>\n                          <\/div>\n<\/p><\/div>\n<p>                  <\/a>\n              <\/div>\n<\/p><\/div>\n<\/p><\/div>\n<\/p><\/div>\n<\/section>\n<section class=\"descarga\">\n<div class=\"container\">\n<div class=\"row\">\n<div class=\"col-md-12 text-center\"><img decoding=\"async\" class=\"img-fluid\" src=\"http:\/\/oncoalicia.com\/wp-content\/uploads\/2023\/01\/Guies_alicia_5.jpg\" width=\"200\" height=\"auto\" \/><\/div>\n<div class=\"col-md-12 text-center\"><a class=\"guia-dw\" href=\"http:\/\/oncoalicia.com\/wp-content\/uploads\/2023\/01\/5.-Guies_alicia_5CAST.pdf\" target=\"_blank\" rel=\"noopener\">Descarga la gu\u00eda completa <i class=\"fa fa-arrow-down\" aria-hidden=\"true\"><\/i><br \/>\n   <\/a><\/div>\n<\/p><\/div>\n<\/p><\/div>\n<\/section><\/div>\n<\/section>\n","protected":false},"excerpt":{"rendered":"<p>O c\u00f3lon \u00e9 a parte do intestino grosso que comunica o intestino delgado com o reto e o \u00e2nus. Em conjunto, formam a parte final do aparelho digestivo, encarregada de absorver \u00e1gua, sais minerais e nutrientes, al\u00e9m de dar forma \u00e0s fezes. O c\u00e2ncer colorretal engloba todos os tumores que podem afetar desde a primeira&hellip; <a class=\"more-link\" href=\"https:\/\/oncoalicia.com\/pt-br\/tipos-de-cancer\/colorretal\/\">Continue reading <span class=\"screen-reader-text\">Recomenda\u00e7\u00f5es alimentares durante o tratamento do c\u00e2ncer colorretal<\/span><\/a><\/p>\n","protected":false},"author":2,"featured_media":0,"parent":6523,"menu_order":0,"comment_status":"closed","ping_status":"closed","template":"colon.php","meta":{"footnotes":""},"class_list":["post-6610","page","type-page","status-publish","hentry","entry"],"yoast_head":"<!-- This site is optimized with the Yoast SEO plugin v26.9 - https:\/\/yoast.com\/product\/yoast-seo-wordpress\/ -->\n<title>Nutri\u00e7\u00e3o para pacientes com c\u00e2ncer colorretal - Oncoalicia<\/title>\n<meta name=\"description\" content=\"Aqui est\u00e3o v\u00e1rias recomenda\u00e7\u00f5es alimentares para pessoas em tratamento do c\u00e2ncer colorretal.\" \/>\n<meta name=\"robots\" content=\"index, follow, max-snippet:-1, max-image-preview:large, max-video-preview:-1\" \/>\n<link rel=\"canonical\" href=\"https:\/\/oncoalicia.com\/pt-br\/tipos-de-cancer\/colorretal\/\" \/>\n<meta property=\"og:locale\" content=\"pt_BR\" \/>\n<meta property=\"og:type\" content=\"article\" \/>\n<meta property=\"og:title\" content=\"Nutri\u00e7\u00e3o para pacientes com c\u00e2ncer colorretal - Oncoalicia\" \/>\n<meta property=\"og:description\" content=\"Aqui est\u00e3o v\u00e1rias recomenda\u00e7\u00f5es alimentares para pessoas em tratamento do c\u00e2ncer colorretal.\" \/>\n<meta property=\"og:url\" content=\"https:\/\/oncoalicia.com\/pt-br\/tipos-de-cancer\/colorretal\/\" \/>\n<meta property=\"og:site_name\" content=\"Oncoalicia\" \/>\n<meta property=\"article:modified_time\" content=\"2025-07-08T07:20:21+00:00\" \/>\n<meta property=\"og:image\" content=\"https:\/\/oncoalicia.com\/wp-content\/uploads\/2022\/06\/colon-300x262-1.jpg\" \/>\n\t<meta property=\"og:image:width\" content=\"300\" \/>\n\t<meta property=\"og:image:height\" content=\"262\" \/>\n\t<meta property=\"og:image:type\" content=\"image\/jpeg\" \/>\n<meta name=\"twitter:card\" content=\"summary_large_image\" \/>\n<meta name=\"twitter:label1\" content=\"Est. tempo de leitura\" \/>\n\t<meta name=\"twitter:data1\" content=\"5 minutos\" \/>\n<script type=\"application\/ld+json\" class=\"yoast-schema-graph\">{\"@context\":\"https:\/\/schema.org\",\"@graph\":[{\"@type\":\"WebPage\",\"@id\":\"https:\/\/oncoalicia.com\/pt-br\/tipos-de-cancer\/colorretal\/\",\"url\":\"https:\/\/oncoalicia.com\/pt-br\/tipos-de-cancer\/colorretal\/\",\"name\":\"Nutri\u00e7\u00e3o para pacientes com c\u00e2ncer colorretal - Oncoalicia\",\"isPartOf\":{\"@id\":\"https:\/\/oncoalicia.com\/pt-br\/#website\"},\"primaryImageOfPage\":{\"@id\":\"https:\/\/oncoalicia.com\/pt-br\/tipos-de-cancer\/colorretal\/#primaryimage\"},\"image\":{\"@id\":\"https:\/\/oncoalicia.com\/pt-br\/tipos-de-cancer\/colorretal\/#primaryimage\"},\"thumbnailUrl\":\"https:\/\/oncoalicia.com\/wp-content\/uploads\/2023\/09\/colorrectal_por.jpg\",\"datePublished\":\"2021-12-29T01:26:57+00:00\",\"dateModified\":\"2025-07-08T07:20:21+00:00\",\"description\":\"Aqui est\u00e3o v\u00e1rias recomenda\u00e7\u00f5es alimentares para pessoas em tratamento do c\u00e2ncer colorretal.\",\"breadcrumb\":{\"@id\":\"https:\/\/oncoalicia.com\/pt-br\/tipos-de-cancer\/colorretal\/#breadcrumb\"},\"inLanguage\":\"pt-BR\",\"potentialAction\":[{\"@type\":\"ReadAction\",\"target\":[\"https:\/\/oncoalicia.com\/pt-br\/tipos-de-cancer\/colorretal\/\"]}]},{\"@type\":\"ImageObject\",\"inLanguage\":\"pt-BR\",\"@id\":\"https:\/\/oncoalicia.com\/pt-br\/tipos-de-cancer\/colorretal\/#primaryimage\",\"url\":\"https:\/\/oncoalicia.com\/wp-content\/uploads\/2023\/09\/colorrectal_por.jpg\",\"contentUrl\":\"https:\/\/oncoalicia.com\/wp-content\/uploads\/2023\/09\/colorrectal_por.jpg\"},{\"@type\":\"BreadcrumbList\",\"@id\":\"https:\/\/oncoalicia.com\/pt-br\/tipos-de-cancer\/colorretal\/#breadcrumb\",\"itemListElement\":[{\"@type\":\"ListItem\",\"position\":1,\"name\":\"Portada\",\"item\":\"https:\/\/oncoalicia.com\/pt-br\/\"},{\"@type\":\"ListItem\",\"position\":2,\"name\":\"Tipos de c\u00e2ncer\",\"item\":\"https:\/\/oncoalicia.com\/pt-br\/tipos-de-cancer\/\"},{\"@type\":\"ListItem\",\"position\":3,\"name\":\"Recomenda\u00e7\u00f5es alimentares durante o tratamento do c\u00e2ncer colorretal\"}]},{\"@type\":\"WebSite\",\"@id\":\"https:\/\/oncoalicia.com\/pt-br\/#website\",\"url\":\"https:\/\/oncoalicia.com\/pt-br\/\",\"name\":\"Oncoal\u00edcia\",\"description\":\"Comer durante el Tratamiento del C\u00e1ncer\",\"publisher\":{\"@id\":\"https:\/\/oncoalicia.com\/pt-br\/#organization\"},\"alternateName\":\"Oncoal\u00edcia | Comer durante el Tratamiento del C\u00e1ncer\",\"potentialAction\":[{\"@type\":\"SearchAction\",\"target\":{\"@type\":\"EntryPoint\",\"urlTemplate\":\"https:\/\/oncoalicia.com\/pt-br\/?s={search_term_string}\"},\"query-input\":{\"@type\":\"PropertyValueSpecification\",\"valueRequired\":true,\"valueName\":\"search_term_string\"}}],\"inLanguage\":\"pt-BR\"},{\"@type\":\"Organization\",\"@id\":\"https:\/\/oncoalicia.com\/pt-br\/#organization\",\"name\":\"Oncoal\u00edcia\",\"alternateName\":\"Oncoal\u00edcia | Comer durante el Tratamiento del C\u00e1ncer\",\"url\":\"https:\/\/oncoalicia.com\/pt-br\/\",\"logo\":{\"@type\":\"ImageObject\",\"inLanguage\":\"pt-BR\",\"@id\":\"https:\/\/oncoalicia.com\/pt-br\/#\/schema\/logo\/image\/\",\"url\":\"https:\/\/oncoalicia.com\/wp-content\/uploads\/2022\/11\/logo_rrss.png\",\"contentUrl\":\"https:\/\/oncoalicia.com\/wp-content\/uploads\/2022\/11\/logo_rrss.png\",\"width\":300,\"height\":300,\"caption\":\"Oncoal\u00edcia\"},\"image\":{\"@id\":\"https:\/\/oncoalicia.com\/pt-br\/#\/schema\/logo\/image\/\"}}]}<\/script>\n<!-- \/ Yoast SEO plugin. -->","yoast_head_json":{"title":"Nutri\u00e7\u00e3o para pacientes com c\u00e2ncer colorretal - Oncoalicia","description":"Aqui est\u00e3o v\u00e1rias recomenda\u00e7\u00f5es alimentares para pessoas em tratamento do c\u00e2ncer colorretal.","robots":{"index":"index","follow":"follow","max-snippet":"max-snippet:-1","max-image-preview":"max-image-preview:large","max-video-preview":"max-video-preview:-1"},"canonical":"https:\/\/oncoalicia.com\/pt-br\/tipos-de-cancer\/colorretal\/","og_locale":"pt_BR","og_type":"article","og_title":"Nutri\u00e7\u00e3o para pacientes com c\u00e2ncer colorretal - Oncoalicia","og_description":"Aqui est\u00e3o v\u00e1rias recomenda\u00e7\u00f5es alimentares para pessoas em tratamento do c\u00e2ncer colorretal.","og_url":"https:\/\/oncoalicia.com\/pt-br\/tipos-de-cancer\/colorretal\/","og_site_name":"Oncoalicia","article_modified_time":"2025-07-08T07:20:21+00:00","og_image":[{"width":300,"height":262,"url":"https:\/\/oncoalicia.com\/wp-content\/uploads\/2022\/06\/colon-300x262-1.jpg","type":"image\/jpeg"}],"twitter_card":"summary_large_image","twitter_misc":{"Est. tempo de leitura":"5 minutos"},"schema":{"@context":"https:\/\/schema.org","@graph":[{"@type":"WebPage","@id":"https:\/\/oncoalicia.com\/pt-br\/tipos-de-cancer\/colorretal\/","url":"https:\/\/oncoalicia.com\/pt-br\/tipos-de-cancer\/colorretal\/","name":"Nutri\u00e7\u00e3o para pacientes com c\u00e2ncer colorretal - Oncoalicia","isPartOf":{"@id":"https:\/\/oncoalicia.com\/pt-br\/#website"},"primaryImageOfPage":{"@id":"https:\/\/oncoalicia.com\/pt-br\/tipos-de-cancer\/colorretal\/#primaryimage"},"image":{"@id":"https:\/\/oncoalicia.com\/pt-br\/tipos-de-cancer\/colorretal\/#primaryimage"},"thumbnailUrl":"https:\/\/oncoalicia.com\/wp-content\/uploads\/2023\/09\/colorrectal_por.jpg","datePublished":"2021-12-29T01:26:57+00:00","dateModified":"2025-07-08T07:20:21+00:00","description":"Aqui est\u00e3o v\u00e1rias recomenda\u00e7\u00f5es alimentares para pessoas em tratamento do c\u00e2ncer colorretal.","breadcrumb":{"@id":"https:\/\/oncoalicia.com\/pt-br\/tipos-de-cancer\/colorretal\/#breadcrumb"},"inLanguage":"pt-BR","potentialAction":[{"@type":"ReadAction","target":["https:\/\/oncoalicia.com\/pt-br\/tipos-de-cancer\/colorretal\/"]}]},{"@type":"ImageObject","inLanguage":"pt-BR","@id":"https:\/\/oncoalicia.com\/pt-br\/tipos-de-cancer\/colorretal\/#primaryimage","url":"https:\/\/oncoalicia.com\/wp-content\/uploads\/2023\/09\/colorrectal_por.jpg","contentUrl":"https:\/\/oncoalicia.com\/wp-content\/uploads\/2023\/09\/colorrectal_por.jpg"},{"@type":"BreadcrumbList","@id":"https:\/\/oncoalicia.com\/pt-br\/tipos-de-cancer\/colorretal\/#breadcrumb","itemListElement":[{"@type":"ListItem","position":1,"name":"Portada","item":"https:\/\/oncoalicia.com\/pt-br\/"},{"@type":"ListItem","position":2,"name":"Tipos de c\u00e2ncer","item":"https:\/\/oncoalicia.com\/pt-br\/tipos-de-cancer\/"},{"@type":"ListItem","position":3,"name":"Recomenda\u00e7\u00f5es alimentares durante o tratamento do c\u00e2ncer colorretal"}]},{"@type":"WebSite","@id":"https:\/\/oncoalicia.com\/pt-br\/#website","url":"https:\/\/oncoalicia.com\/pt-br\/","name":"Oncoal\u00edcia","description":"Comer durante el Tratamiento del C\u00e1ncer","publisher":{"@id":"https:\/\/oncoalicia.com\/pt-br\/#organization"},"alternateName":"Oncoal\u00edcia | Comer durante el Tratamiento del C\u00e1ncer","potentialAction":[{"@type":"SearchAction","target":{"@type":"EntryPoint","urlTemplate":"https:\/\/oncoalicia.com\/pt-br\/?s={search_term_string}"},"query-input":{"@type":"PropertyValueSpecification","valueRequired":true,"valueName":"search_term_string"}}],"inLanguage":"pt-BR"},{"@type":"Organization","@id":"https:\/\/oncoalicia.com\/pt-br\/#organization","name":"Oncoal\u00edcia","alternateName":"Oncoal\u00edcia | Comer durante el Tratamiento del C\u00e1ncer","url":"https:\/\/oncoalicia.com\/pt-br\/","logo":{"@type":"ImageObject","inLanguage":"pt-BR","@id":"https:\/\/oncoalicia.com\/pt-br\/#\/schema\/logo\/image\/","url":"https:\/\/oncoalicia.com\/wp-content\/uploads\/2022\/11\/logo_rrss.png","contentUrl":"https:\/\/oncoalicia.com\/wp-content\/uploads\/2022\/11\/logo_rrss.png","width":300,"height":300,"caption":"Oncoal\u00edcia"},"image":{"@id":"https:\/\/oncoalicia.com\/pt-br\/#\/schema\/logo\/image\/"}}]}},"_links":{"self":[{"href":"https:\/\/oncoalicia.com\/pt-br\/wp-json\/wp\/v2\/pages\/6610","targetHints":{"allow":["GET"]}}],"collection":[{"href":"https:\/\/oncoalicia.com\/pt-br\/wp-json\/wp\/v2\/pages"}],"about":[{"href":"https:\/\/oncoalicia.com\/pt-br\/wp-json\/wp\/v2\/types\/page"}],"author":[{"embeddable":true,"href":"https:\/\/oncoalicia.com\/pt-br\/wp-json\/wp\/v2\/users\/2"}],"replies":[{"embeddable":true,"href":"https:\/\/oncoalicia.com\/pt-br\/wp-json\/wp\/v2\/comments?post=6610"}],"version-history":[{"count":0,"href":"https:\/\/oncoalicia.com\/pt-br\/wp-json\/wp\/v2\/pages\/6610\/revisions"}],"up":[{"embeddable":true,"href":"https:\/\/oncoalicia.com\/pt-br\/wp-json\/wp\/v2\/pages\/6523"}],"wp:attachment":[{"href":"https:\/\/oncoalicia.com\/pt-br\/wp-json\/wp\/v2\/media?parent=6610"}],"curies":[{"name":"wp","href":"https:\/\/api.w.org\/{rel}","templated":true}]}}