{"id":6647,"date":"2022-05-14T02:29:21","date_gmt":"2022-05-14T02:29:21","guid":{"rendered":"https:\/\/oncoalicia.com\/?page_id=6647"},"modified":"2025-07-08T07:23:21","modified_gmt":"2025-07-08T07:23:21","slug":"oclusao-intestinal","status":"publish","type":"page","link":"https:\/\/oncoalicia.com\/pt-br\/tipos-de-cancer\/colorretal\/oclusao-intestinal\/","title":{"rendered":"Recomenda\u00e7\u00f5es diet\u00e9ticas para a oclus\u00e3o intestinal em c\u00e2ncer colorretal"},"content":{"rendered":"<div class=\"row\">\n<div class=\"col-md-12 subtitle-mitos text-left\">\n<p>Em virtude da dificuldade mec\u00e2nica da passagem das fezes atrav\u00e9s do intestino, em certos casos existe risco de oclus\u00e3o intestinal, tamb\u00e9m chamada de obstru\u00e7\u00e3o intestinal. O objetivo das recomenda\u00e7\u00f5es diet\u00e9ticas \u00e9 evitar um aumento do bolo fecal e, assim, diminuir o risco de que se apresente uma suboclus\u00e3o intestinal. Para tanto se excluem os alimentos ricos em fibra, tais como algumas verduras (cruas e cozidas), leguminosas, algumas frutas, alimentos integrais, frutos secos\/oleaginosas e frutas desidratadas. O grau de exclus\u00e3o desses alimentos dever\u00e1 ser determinado pela equipe de refer\u00eancia em fun\u00e7\u00e3o do risco de oclus\u00e3o em cada caso, podendo ser prescrita uma dieta rigorosa baixa em res\u00edduos ou uma dieta moderada baixa em res\u00edduos, como se observa a seguir. Em alguns casos, essa dieta tamb\u00e9m pode ser acompanhada por alguma restri\u00e7\u00e3o de gorduras.<\/p>\n<\/p><\/div>\n<\/p><\/div>\n<div class=\"row p-40 w-60\">\n<div class=\"col-md-12 text-center\">\n<h2 class=\"h3 recomanem-efectes-cancer\">O QUE RECOMENDAMOS?<\/h2>\n<\/p><\/div>\n<div class=\"col-md-12 p-10 text-center\">\n<h3 class=\"btn-orange recomanacions-tipus-cancer\" style=\"font-weight: bold;\">Manter uma boa hidrata\u00e7\u00e3o, tomando, no m\u00ednimo, 1,5 litro de l\u00edquido ao dia.<\/h3>\n<\/p><\/div>\n<div class=\"col-md-12 p-10 text-center\">\n<h3 class=\"btn-orange recomanacions-tipus-cancer\" style=\"font-weight: bold;\">Mastigar muito bem os alimentos e comer de forma relaxada.<\/h3>\n<\/p><\/div>\n<div class=\"col-md-12 p-10 text-center\">\n<h3><a class=\"btn-orange recomanacions-tipus-cancer\" data-toggle=\"collapse\" href=\"#collapseExample-1\" role=\"button\" aria-expanded=\"false\" aria-controls=\"collapseExample\">Excluir os alimentos com alto teor de fibra.<i class=\"fa fa-angle-down\" aria-hidden=\"true\"><\/i><br \/>\n            <\/a><\/h3>\n<div class=\"collapse\" id=\"collapseExample-1\">\n<div class=\"card-body\">\n<div class=\"row\">\n<div class=\"col-md-12 descrip\">\n<p>Algumas verduras (cruas e cozidas), leguminosas, algumas frutas, alimentos integrais, frutos secos\/oleaginosas e frutas desidratadas, considerando algumas t\u00e9cnicas de coc\u00e7\u00e3o e preparo podem ser consideradas nesse tipo de card\u00e1pio. D\u00ea prefer\u00eancia \u00e0s prepara\u00e7\u00f5es cozidas ou em formato de pur\u00eas de frutas e n\u00e3o utilize frutas com sementes.<\/p>\n<\/p><\/div>\n<\/p><\/div>\n<div class=\"row\">\n<div class=\"col-md-12 descrip\">\n<table class=\"table\">\n<tr>\n<td class=\"table-txt\">\n<table>\n<tr>\n<td>\n                                    <\/td>\n<td>\n                                      <b>Alimentos permitidos<\/b>\n                                    <\/td>\n<td>\n                                      <b>Exemplo<\/b>\n                                    <\/td>\n<\/tr>\n<tr>\n<td>\n Caf\u00e9 da manh\u00e3\/cola\u00e7\u00e3o\/Lanche da tarde                                    <\/td>\n<td>\n                                      <b>LATIC\u00cdNIOS:<\/b> leite, iogurte ou queijo sem ingredientes em peda\u00e7os nem enriquecido com fibra.<br \/>\n                                      <b>CEREAIS n\u00e3o integrais:<\/b> p\u00e3o, torradas, cereais matinais (milho, trigo, arroz), biscoitos tipo Maria ou maisena, bolos caseiros com farinha refinada.<br \/>\n                                      <b>FRUTA<\/b> <\/p>\n<ul>\n<li><b>Crua, madura, sem casca e sem sementes:<\/b> p\u00eara, ma\u00e7\u00e3, melancia, mel\u00e3o, uva e banana.<\/li>\n<li><b>Triturada:<\/b> toda.<\/li>\n<li><b>Cozida:<\/b> ma\u00e7\u00e3, pera e p\u00eassego.<\/li>\n<\/ul>\n<p>                                      <b>COMPLEMENTOS<\/b> Atum, aliche, anchovas etc.<br \/>\nAzeite de oliva extra virgem, margarina, manteiga.<br \/>\nCh\u00e1s.<br \/>\nCaf\u00e9, cacau sol\u00favel ou caf\u00e9 sol\u00faveil.<br \/>\nA\u00e7\u00facar ou edulcorantes.<br \/>\nLeites vegetais sem fibra: arroz, soja, coco, aveia etc.\n                                    <\/td>\n<td>\n<table>\n<tr>\n<td><b>Caf\u00e9 da manh\u00e3<\/b><\/td>\n<\/tr>\n<tr>\n<td>\nCaf\u00e9 com leite.<br \/>\nSandu\u00edche de p\u00e3o branco com tomate (sem sementes) e azeite de oliva extra virgem com atum.<br \/>\nUm cacho de uva sem casca e sem sementes (5-10 unidades).\n                                          <\/td>\n<\/tr>\n<tr>\n<td>\n                                            <b>Cola\u00e7\u00e3o<\/b><\/p>\n<ul>\n<li>Vitamina de pera, ma\u00e7\u00e3 e cenoura.<\/li>\n<li>Torrada com azeite de oliva.<\/li>\n<\/ul>\n<\/td>\n<\/tr>\n<\/table>\n<\/td>\n<\/tr>\n<tr>\n<td>\n Almo\u00e7o\/jantar\n                                    <\/td>\n<td>\n                                        <b>VERDURAS E HORTALI\u00c7AS<\/b> <\/p>\n<ul>\n<li><b>Cozidas sem casca:<\/b>  batata, cenoura, abobrinha, cebola ralada, tomate peneirado.<\/li>\n<li><b>Cruas:<\/b> batidas no liquidificador ou trituradas e passadas pelo amassador ou processador de alimentos.<\/li>\n<li>Leguminosas sem casca e passadas pelo amassador ou processador de alimentos.<\/li>\n<\/ul>\n<p>                                      <b>CEREAIS N\u00c3O INTEGRAIS E BEM COZIDOS:<\/b> massa, arroz, cuscuz, macarr\u00e3o de arroz, s\u00eamola, polenta, p\u00e3o etc.<br \/>                                      <b>ALIMENTOS PROTEICOS<\/b> <\/p>\n<ul>\n<li><b>Carne:<\/b> todas, evitando as partes duras e com tend\u00f5es.<\/li>\n<li><b>Peixe:<\/b> todos<\/li>\n<li><b>Ovos:<\/b> todos.<\/li>\n<\/ul>\n<p>                                      <b>FRUTA:<\/b><\/p>\n<ul>\n<li><b>Crua, madura, descascada e sem casca nem sementes:<\/b> p\u00eara, ma\u00e7\u00e3, melancia, mel\u00e3o, uva e banana.<\/li>\n<li><b>Triturada:<\/b> todas.<\/li>\n<li><b>Cozida:<\/b> ma\u00e7\u00e3, pera, p\u00eassego.<\/li>\n<\/ul>\n<p>                                      <b>OUTROS<\/b><br \/>\nSobremesas l\u00e1cteas: coalhada, requeij\u00e3o, mingaus, fl\u00e3, arroz-doce.<br \/>\nEspeciarias.\n                                    <\/td>\n<td>\n<table>\n<tr>\n<td>\n                                            <b>Almo\u00e7o<\/b><\/p>\n<ul>\n<li>Sopa de tomate de liquidificador.<\/li>\n<li>Espaguete salteado com abobrinha e camar\u00e3o.<\/li>\n<li>Fl\u00e3 de banana.<\/li>\n<\/ul>\n<\/td>\n<\/tr>\n<tr>\n<td>\n                                            <b>Lanche da tarde<\/b><br \/>\n Iogurte com peda\u00e7os de mel\u00e3o.\n                                          <\/td>\n<\/tr>\n<tr>\n<td>\n                                            <b>Jantar<\/b><\/p>\n<ul>\n<li>Pur\u00ea de batata e ab\u00f3bora.<\/li>\n<li>Cubos de peixe marinado e frito.<\/li>\n<li>Coalhada com mel.<\/li>\n<\/ul>\n<\/td>\n<\/tr>\n<\/table>\n<\/td>\n<\/tr>\n<\/table>\n<\/td>\n<\/tr>\n<\/table><\/div>\n<\/p><\/div>\n<\/p><\/div>\n<\/p><\/div>\n<\/p><\/div>\n<div class=\"col-md-12 p-10 text-center\">\n<h3><a class=\"btn-orange recomanacions-tipus-cancer\" data-toggle=\"collapse\" href=\"#collapseExample-3\" role=\"button\" aria-expanded=\"false\" aria-controls=\"collapseExample\">N\u00e3o restringir a gordura da alimenta\u00e7\u00e3o. <i class=\"fa fa-angle-down\" aria-hidden=\"true\"><\/i><br \/>\n            <\/a><\/h3>\n<div class=\"collapse\" id=\"collapseExample-3\">\n<div class=\"card-body\">\n<div class=\"row\">\n<div class=\"col-md-12 descrip\">\n<p>\u00c9 importante garantir uma ingest\u00e3o adequada de azeite de oliva extra virgem para ajudar a elimina\u00e7\u00e3o das fezes. Assim, recomenda-se acrescentar um fio de azeite por cima das diversas prepara\u00e7\u00f5es.<\/p>\n<\/p><\/div>\n<\/p><\/div>\n<\/p><\/div>\n<\/p><\/div>\n<\/p><\/div>\n<div class=\"col-md-12 p-10 text-center\">\n<h3><a class=\"btn-orange recomanacions-tipus-cancer\" data-toggle=\"collapse\" href=\"#collapseExample\" role=\"button\" aria-expanded=\"false\" aria-controls=\"collapseExample\">Triturar a alimenta\u00e7\u00e3o. <i class=\"fa fa-angle-down\" aria-hidden=\"true\"><\/i><br \/>\n            <\/a><\/h3>\n<div class=\"collapse\" id=\"collapseExample\">\n<div class=\"card-body\">\n<div class=\"row\">\n<div class=\"col-md-12 descrip\">\n<p>Em alguns casos, pode melhorar o conforto digestivo. Consultar o nutricionista de refer\u00eancia.<\/p>\n<\/p><\/div>\n<\/p><\/div>\n<\/p><\/div>\n<\/p><\/div>\n<\/p><\/div>\n<div class=\"col-md-12 p-10 text-center\">\n<h3 class=\"btn-orange recomanacions-tipus-cancer\" style=\"font-weight: bold;\">Fracionar a alimenta\u00e7\u00e3o, comendo v\u00e1rias vezes ao dia e em volumes moderados.<\/h3>\n<\/p><\/div>\n<div class=\"col-md-12 p-10 text-center\">\n<h3><a class=\"btn-orange recomanacions-tipus-cancer\" data-toggle=\"collapse\" href=\"#collapseExample-2\" role=\"button\" aria-expanded=\"false\" aria-controls=\"collapseExample\">Ampliar progressivamente a alimenta\u00e7\u00e3o quando indicado pelo oncologista ou nutricionista de refer\u00eancia. <i class=\"fa fa-angle-down\" aria-hidden=\"true\"><\/i><br \/>\n            <\/a><\/h3>\n<div class=\"collapse\" id=\"collapseExample-2\">\n<div class=\"card-body\">\n<div class=\"row\">\n<div class=\"col-md-12 descrip\">\n<p>Essa alimenta\u00e7\u00e3o com restri\u00e7\u00e3o de fibra \u00e9 pobre em vitaminas e minerais. Quando considerado necess\u00e1rio, o paciente ser\u00e1 orientado pelo m\u00e9dico e nutricinista a tomar uma suplementa\u00e7\u00e3o multivitam\u00ednica para evitar defici\u00eancias de vitaminas e minerais em longo prazo.<\/p>\n<\/p><\/div>\n<\/p><\/div>\n<\/p><\/div>\n<\/p><\/div>\n<\/p><\/div>\n<\/p><\/div>\n","protected":false},"excerpt":{"rendered":"<p>Em virtude da dificuldade mec\u00e2nica da passagem das fezes atrav\u00e9s do intestino, em certos casos existe risco de oclus\u00e3o intestinal, tamb\u00e9m chamada de obstru\u00e7\u00e3o intestinal. O objetivo das recomenda\u00e7\u00f5es diet\u00e9ticas \u00e9 evitar um aumento do bolo fecal e, assim, diminuir o risco de que se apresente uma suboclus\u00e3o intestinal. Para tanto se excluem os alimentos&hellip; <a class=\"more-link\" href=\"https:\/\/oncoalicia.com\/pt-br\/tipos-de-cancer\/colorretal\/oclusao-intestinal\/\">Continue reading <span class=\"screen-reader-text\">Recomenda\u00e7\u00f5es diet\u00e9ticas para a oclus\u00e3o intestinal em c\u00e2ncer colorretal<\/span><\/a><\/p>\n","protected":false},"author":2,"featured_media":0,"parent":6610,"menu_order":0,"comment_status":"closed","ping_status":"closed","template":"colon-oclusi\u00f3n-intestinal.php","meta":{"footnotes":""},"class_list":["post-6647","page","type-page","status-publish","hentry","entry"],"yoast_head":"<!-- This site is optimized with the Yoast SEO plugin v26.9 - https:\/\/yoast.com\/product\/yoast-seo-wordpress\/ -->\n<title>Nutri\u00e7\u00e3o para pacientes com c\u00e2ncer colorretal que apresentam oclus\u00e3o intestinal - Oncoalicia<\/title>\n<meta name=\"description\" content=\"Encontre recomenda\u00e7\u00f5es alimentares para pessoas com c\u00e2ncer colorretal que est\u00e3o com oclus\u00e2o intestinal devido ao tratamento.\" \/>\n<meta name=\"robots\" content=\"index, follow, max-snippet:-1, max-image-preview:large, max-video-preview:-1\" \/>\n<link rel=\"canonical\" href=\"https:\/\/oncoalicia.com\/pt-br\/tipos-de-cancer\/colorretal\/oclusao-intestinal\/\" \/>\n<meta property=\"og:locale\" content=\"pt_BR\" \/>\n<meta property=\"og:type\" content=\"article\" \/>\n<meta property=\"og:title\" content=\"Nutri\u00e7\u00e3o para pacientes com c\u00e2ncer colorretal que apresentam oclus\u00e3o intestinal - Oncoalicia\" \/>\n<meta property=\"og:description\" content=\"Encontre recomenda\u00e7\u00f5es alimentares para pessoas com c\u00e2ncer colorretal que est\u00e3o com oclus\u00e2o intestinal devido ao tratamento.\" \/>\n<meta property=\"og:url\" content=\"https:\/\/oncoalicia.com\/pt-br\/tipos-de-cancer\/colorretal\/oclusao-intestinal\/\" \/>\n<meta property=\"og:site_name\" content=\"Oncoalicia\" \/>\n<meta property=\"article:modified_time\" content=\"2025-07-08T07:23:21+00:00\" \/>\n<meta property=\"og:image\" content=\"https:\/\/oncoalicia.com\/wp-content\/uploads\/2021\/12\/Asset-3.png\" \/>\n\t<meta property=\"og:image:width\" content=\"300\" \/>\n\t<meta property=\"og:image:height\" content=\"300\" \/>\n\t<meta property=\"og:image:type\" content=\"image\/png\" \/>\n<meta name=\"twitter:card\" content=\"summary_large_image\" \/>\n<meta name=\"twitter:label1\" content=\"Est. tempo de leitura\" \/>\n\t<meta name=\"twitter:data1\" content=\"4 minutos\" \/>\n<script type=\"application\/ld+json\" class=\"yoast-schema-graph\">{\"@context\":\"https:\/\/schema.org\",\"@graph\":[{\"@type\":\"WebPage\",\"@id\":\"https:\/\/oncoalicia.com\/pt-br\/tipos-de-cancer\/colorretal\/oclusao-intestinal\/\",\"url\":\"https:\/\/oncoalicia.com\/pt-br\/tipos-de-cancer\/colorretal\/oclusao-intestinal\/\",\"name\":\"Nutri\u00e7\u00e3o para pacientes com c\u00e2ncer colorretal que apresentam oclus\u00e3o intestinal - Oncoalicia\",\"isPartOf\":{\"@id\":\"https:\/\/oncoalicia.com\/pt-br\/#website\"},\"datePublished\":\"2022-05-14T02:29:21+00:00\",\"dateModified\":\"2025-07-08T07:23:21+00:00\",\"description\":\"Encontre recomenda\u00e7\u00f5es alimentares para pessoas com c\u00e2ncer colorretal que est\u00e3o com oclus\u00e2o intestinal devido ao tratamento.\",\"breadcrumb\":{\"@id\":\"https:\/\/oncoalicia.com\/pt-br\/tipos-de-cancer\/colorretal\/oclusao-intestinal\/#breadcrumb\"},\"inLanguage\":\"pt-BR\",\"potentialAction\":[{\"@type\":\"ReadAction\",\"target\":[\"https:\/\/oncoalicia.com\/pt-br\/tipos-de-cancer\/colorretal\/oclusao-intestinal\/\"]}]},{\"@type\":\"BreadcrumbList\",\"@id\":\"https:\/\/oncoalicia.com\/pt-br\/tipos-de-cancer\/colorretal\/oclusao-intestinal\/#breadcrumb\",\"itemListElement\":[{\"@type\":\"ListItem\",\"position\":1,\"name\":\"Portada\",\"item\":\"https:\/\/oncoalicia.com\/pt-br\/\"},{\"@type\":\"ListItem\",\"position\":2,\"name\":\"Tipos de c\u00e2ncer\",\"item\":\"https:\/\/oncoalicia.com\/pt-br\/tipos-de-cancer\/\"},{\"@type\":\"ListItem\",\"position\":3,\"name\":\"Recomenda\u00e7\u00f5es alimentares durante o tratamento do c\u00e2ncer colorretal\",\"item\":\"https:\/\/oncoalicia.com\/pt-br\/tipos-de-cancer\/colorretal\/\"},{\"@type\":\"ListItem\",\"position\":4,\"name\":\"Recomenda\u00e7\u00f5es diet\u00e9ticas para a oclus\u00e3o intestinal em c\u00e2ncer colorretal\"}]},{\"@type\":\"WebSite\",\"@id\":\"https:\/\/oncoalicia.com\/pt-br\/#website\",\"url\":\"https:\/\/oncoalicia.com\/pt-br\/\",\"name\":\"Oncoal\u00edcia\",\"description\":\"Comer durante el Tratamiento del C\u00e1ncer\",\"publisher\":{\"@id\":\"https:\/\/oncoalicia.com\/pt-br\/#organization\"},\"alternateName\":\"Oncoal\u00edcia | Comer durante el Tratamiento del C\u00e1ncer\",\"potentialAction\":[{\"@type\":\"SearchAction\",\"target\":{\"@type\":\"EntryPoint\",\"urlTemplate\":\"https:\/\/oncoalicia.com\/pt-br\/?s={search_term_string}\"},\"query-input\":{\"@type\":\"PropertyValueSpecification\",\"valueRequired\":true,\"valueName\":\"search_term_string\"}}],\"inLanguage\":\"pt-BR\"},{\"@type\":\"Organization\",\"@id\":\"https:\/\/oncoalicia.com\/pt-br\/#organization\",\"name\":\"Oncoal\u00edcia\",\"alternateName\":\"Oncoal\u00edcia | Comer durante el Tratamiento del C\u00e1ncer\",\"url\":\"https:\/\/oncoalicia.com\/pt-br\/\",\"logo\":{\"@type\":\"ImageObject\",\"inLanguage\":\"pt-BR\",\"@id\":\"https:\/\/oncoalicia.com\/pt-br\/#\/schema\/logo\/image\/\",\"url\":\"https:\/\/oncoalicia.com\/wp-content\/uploads\/2022\/11\/logo_rrss.png\",\"contentUrl\":\"https:\/\/oncoalicia.com\/wp-content\/uploads\/2022\/11\/logo_rrss.png\",\"width\":300,\"height\":300,\"caption\":\"Oncoal\u00edcia\"},\"image\":{\"@id\":\"https:\/\/oncoalicia.com\/pt-br\/#\/schema\/logo\/image\/\"}}]}<\/script>\n<!-- \/ Yoast SEO plugin. -->","yoast_head_json":{"title":"Nutri\u00e7\u00e3o para pacientes com c\u00e2ncer colorretal que apresentam oclus\u00e3o intestinal - Oncoalicia","description":"Encontre recomenda\u00e7\u00f5es alimentares para pessoas com c\u00e2ncer colorretal que est\u00e3o com oclus\u00e2o intestinal devido ao tratamento.","robots":{"index":"index","follow":"follow","max-snippet":"max-snippet:-1","max-image-preview":"max-image-preview:large","max-video-preview":"max-video-preview:-1"},"canonical":"https:\/\/oncoalicia.com\/pt-br\/tipos-de-cancer\/colorretal\/oclusao-intestinal\/","og_locale":"pt_BR","og_type":"article","og_title":"Nutri\u00e7\u00e3o para pacientes com c\u00e2ncer colorretal que apresentam oclus\u00e3o intestinal - Oncoalicia","og_description":"Encontre recomenda\u00e7\u00f5es alimentares para pessoas com c\u00e2ncer colorretal que est\u00e3o com oclus\u00e2o intestinal devido ao tratamento.","og_url":"https:\/\/oncoalicia.com\/pt-br\/tipos-de-cancer\/colorretal\/oclusao-intestinal\/","og_site_name":"Oncoalicia","article_modified_time":"2025-07-08T07:23:21+00:00","og_image":[{"width":300,"height":300,"url":"https:\/\/oncoalicia.com\/wp-content\/uploads\/2021\/12\/Asset-3.png","type":"image\/png"}],"twitter_card":"summary_large_image","twitter_misc":{"Est. tempo de leitura":"4 minutos"},"schema":{"@context":"https:\/\/schema.org","@graph":[{"@type":"WebPage","@id":"https:\/\/oncoalicia.com\/pt-br\/tipos-de-cancer\/colorretal\/oclusao-intestinal\/","url":"https:\/\/oncoalicia.com\/pt-br\/tipos-de-cancer\/colorretal\/oclusao-intestinal\/","name":"Nutri\u00e7\u00e3o para pacientes com c\u00e2ncer colorretal que apresentam oclus\u00e3o intestinal - Oncoalicia","isPartOf":{"@id":"https:\/\/oncoalicia.com\/pt-br\/#website"},"datePublished":"2022-05-14T02:29:21+00:00","dateModified":"2025-07-08T07:23:21+00:00","description":"Encontre recomenda\u00e7\u00f5es alimentares para pessoas com c\u00e2ncer colorretal que est\u00e3o com oclus\u00e2o intestinal devido ao tratamento.","breadcrumb":{"@id":"https:\/\/oncoalicia.com\/pt-br\/tipos-de-cancer\/colorretal\/oclusao-intestinal\/#breadcrumb"},"inLanguage":"pt-BR","potentialAction":[{"@type":"ReadAction","target":["https:\/\/oncoalicia.com\/pt-br\/tipos-de-cancer\/colorretal\/oclusao-intestinal\/"]}]},{"@type":"BreadcrumbList","@id":"https:\/\/oncoalicia.com\/pt-br\/tipos-de-cancer\/colorretal\/oclusao-intestinal\/#breadcrumb","itemListElement":[{"@type":"ListItem","position":1,"name":"Portada","item":"https:\/\/oncoalicia.com\/pt-br\/"},{"@type":"ListItem","position":2,"name":"Tipos de c\u00e2ncer","item":"https:\/\/oncoalicia.com\/pt-br\/tipos-de-cancer\/"},{"@type":"ListItem","position":3,"name":"Recomenda\u00e7\u00f5es alimentares durante o tratamento do c\u00e2ncer colorretal","item":"https:\/\/oncoalicia.com\/pt-br\/tipos-de-cancer\/colorretal\/"},{"@type":"ListItem","position":4,"name":"Recomenda\u00e7\u00f5es diet\u00e9ticas para a oclus\u00e3o intestinal em c\u00e2ncer colorretal"}]},{"@type":"WebSite","@id":"https:\/\/oncoalicia.com\/pt-br\/#website","url":"https:\/\/oncoalicia.com\/pt-br\/","name":"Oncoal\u00edcia","description":"Comer durante el Tratamiento del C\u00e1ncer","publisher":{"@id":"https:\/\/oncoalicia.com\/pt-br\/#organization"},"alternateName":"Oncoal\u00edcia | Comer durante el Tratamiento del C\u00e1ncer","potentialAction":[{"@type":"SearchAction","target":{"@type":"EntryPoint","urlTemplate":"https:\/\/oncoalicia.com\/pt-br\/?s={search_term_string}"},"query-input":{"@type":"PropertyValueSpecification","valueRequired":true,"valueName":"search_term_string"}}],"inLanguage":"pt-BR"},{"@type":"Organization","@id":"https:\/\/oncoalicia.com\/pt-br\/#organization","name":"Oncoal\u00edcia","alternateName":"Oncoal\u00edcia | Comer durante el Tratamiento del C\u00e1ncer","url":"https:\/\/oncoalicia.com\/pt-br\/","logo":{"@type":"ImageObject","inLanguage":"pt-BR","@id":"https:\/\/oncoalicia.com\/pt-br\/#\/schema\/logo\/image\/","url":"https:\/\/oncoalicia.com\/wp-content\/uploads\/2022\/11\/logo_rrss.png","contentUrl":"https:\/\/oncoalicia.com\/wp-content\/uploads\/2022\/11\/logo_rrss.png","width":300,"height":300,"caption":"Oncoal\u00edcia"},"image":{"@id":"https:\/\/oncoalicia.com\/pt-br\/#\/schema\/logo\/image\/"}}]}},"_links":{"self":[{"href":"https:\/\/oncoalicia.com\/pt-br\/wp-json\/wp\/v2\/pages\/6647","targetHints":{"allow":["GET"]}}],"collection":[{"href":"https:\/\/oncoalicia.com\/pt-br\/wp-json\/wp\/v2\/pages"}],"about":[{"href":"https:\/\/oncoalicia.com\/pt-br\/wp-json\/wp\/v2\/types\/page"}],"author":[{"embeddable":true,"href":"https:\/\/oncoalicia.com\/pt-br\/wp-json\/wp\/v2\/users\/2"}],"replies":[{"embeddable":true,"href":"https:\/\/oncoalicia.com\/pt-br\/wp-json\/wp\/v2\/comments?post=6647"}],"version-history":[{"count":0,"href":"https:\/\/oncoalicia.com\/pt-br\/wp-json\/wp\/v2\/pages\/6647\/revisions"}],"up":[{"embeddable":true,"href":"https:\/\/oncoalicia.com\/pt-br\/wp-json\/wp\/v2\/pages\/6610"}],"wp:attachment":[{"href":"https:\/\/oncoalicia.com\/pt-br\/wp-json\/wp\/v2\/media?parent=6647"}],"curies":[{"name":"wp","href":"https:\/\/api.w.org\/{rel}","templated":true}]}}