{"id":6650,"date":"2021-12-29T23:43:03","date_gmt":"2021-12-29T23:43:03","guid":{"rendered":"https:\/\/oncoalicia.com\/?page_id=6650"},"modified":"2025-07-08T07:33:38","modified_gmt":"2025-07-08T07:33:38","slug":"prostata","status":"publish","type":"page","link":"https:\/\/oncoalicia.com\/pt-br\/tipos-de-cancer\/prostata\/","title":{"rendered":"Recomenda\u00e7\u00f5es alimentares durante o tratamento do c\u00e2ncer de pr\u00f3stata"},"content":{"rendered":"<p>&nbsp;<\/p>\n<table>\n<tbody>\n<tr>\n<td class=\"full-width\">\n<p>O <b>c\u00e2ncer de pr\u00f3stata<\/b> se origina a partir da transforma\u00e7\u00e3o e prolifera\u00e7\u00e3o an\u00f4mala das c\u00e9lulas da pr\u00f3stata. A pr\u00f3stata \u00e9 uma gl\u00e2ndula que pertence ao sistema urogenital masculino e, portanto, que \u00e9 exclusiva do homem. Situa-se debaixo da bexiga e em frente ao reto, e sua principal fun\u00e7\u00e3o \u00e9 contribuir para a produ\u00e7\u00e3o do l\u00edquido seminal.<\/p>\n<p>As modalidades de tratamento do c\u00e2ncer de pr\u00f3stata podem ser diferentes conforme as caracter\u00edsticas individuais da pessoa afetada, como a idade, o tipo e a extens\u00e3o do tumor e outras doen\u00e7as cr\u00f4nicas que possa ter. Entre as diferentes abordagens encontramos o acompanhamento mediante observa\u00e7\u00e3o, a cirurgia, radioterapia ou quimioterapia, tratamento focal com crioterapia (destrui\u00e7\u00e3o de c\u00e9lulas cancerosas com temperaturas muito frias), tratamento hormonal e alguns tratamentos espec\u00edficos. A maioria dos tratamentos pode acarretar efeitos colaterais com potencial para afetar a alimenta\u00e7\u00e3o em diferentes graus e intensidades e at\u00e9 compromet\u00ea-la.<\/p>\n<\/td>\n<td class=\"full-width espaciado\" style=\"text-align:center;\"><img decoding=\"async\" class=\"alignnone wp-image-1655\" src=\"https:\/\/oncoalicia.com\/wp-content\/uploads\/2023\/09\/prostata_por.jpg\" alt=\"\" width=\"300\" height=\"auto\"><\/td>\n<\/tr>\n<\/tbody>\n<\/table>\n<p>As prioridades alimentares durante o tratamento do c\u00e2ncer de pr\u00f3stata ser\u00e3o garantir um estado nutricional adequado que ajude a diminuir os efeitos colaterais e as complica\u00e7\u00f5es. Para isso, devem ser seguidas as<strong> <a href=\"\/pt-br\/recomendacoes-gerais\/\">\u201cRecomenda\u00e7\u00f5es gerais sobre a alimenta\u00e7\u00e3o durante o tratamento de c\u00e2ncer\u201d<\/a><\/strong> e adaptadas de acordo com os efeitos colaterais e sintomas que possam surgir, a partir das recomenda\u00e7\u00f5es diet\u00e9tico-culin\u00e1rias para cada um deles.<\/p>\n<p><b>Quando o tratamento \u00e9 hormonal<\/b>, pode ser que apare\u00e7a um desequil\u00edbrio metab\u00f3lico, portanto ser\u00e1 necess\u00e1rio ajustar as recomenda\u00e7\u00f5es gerais \u00e0s poss\u00edveis altera\u00e7\u00f5es, entre as quais se encontram: o aumento de peso, o diabetes, a altera\u00e7\u00e3o dos lip\u00eddios s\u00e9ricos, a descalcifica\u00e7\u00e3o dos ossos ou a perda de massa muscular. Para isso \u00e9 necess\u00e1rio:\n<\/div>\n<\/p><\/div>\n<div class=\"row\">\n<div class=\"col-md-12 orange-box\">\n<ul>\n<li><b>Tentar manter um peso est\u00e1vel<\/b>, seguindo as orienta\u00e7\u00f5es de uma alimenta\u00e7\u00e3o equilibrada ou ajustando-as quando o <a href=\"https:\/\/oncoalicia.com\/wp-content\/uploads\/2023\/11\/04.-Diario_Por.pdf\" target=\"_blank\" rel=\"noopener\">peso aumentar.<\/a><\/li>\n<li><b>Controlar o aumento da press\u00e3o arterial<\/b>. A hipertens\u00e3o arterial pode se manifestar nesse tipo de paciente; para seu controle e tratamento \u00e9 fundamental limitar ao m\u00e1ximo o consumo de s\u00f3dio, e, portanto, de sal (cloreto de s\u00f3dio), e, ao mesmo tempo, adotar uma alimenta\u00e7\u00e3o saud\u00e1vel para o cora\u00e7\u00e3o.<\/li>\n<li><b>Promover uma alimenta\u00e7\u00e3o cardioprotetora.<\/b> A hiperlipidemia (ou hiperlipemia, ou dislipidemia) \u00e9 a presen\u00e7a de um n\u00edvel elevado de lip\u00eddios no sangue que aumenta o risco de sofrer doen\u00e7as cardiovasculares. Deve-se estimular o consumo de alimentos de origem vegetal n\u00e3o refinados (verduras e frutas, leguminosas, cereais integrais, tub\u00e9rculos e cogumelos), gorduras saud\u00e1veis para o cora\u00e7\u00e3o (peixe gordo, frutos secos\/oleaginosas e sementes, e azeite de oliva extra virgem) e limitar as gorduras saturadas, os a\u00e7\u00facares e o \u00e1lcool.<\/li>\n<li><b>Controlar os n\u00edveis de glicose no sangue<\/b>, para garantir que sejam o mais est\u00e1veis poss\u00edvel e evitar a hiperglicemia (eleva\u00e7\u00e3o dos n\u00edveis de glicose no sangue). \u00c9 importante seguir uma alimenta\u00e7\u00e3o variada e equilibrada, controlando a quantidade de carboidratos consumidos. Al\u00e9m disso, deve-se assegurar a ingest\u00e3o de fibra com o consumo de cereais integrais, leguminosas, frutas com casca e verduras, al\u00e9m de evitar os alimentos ou produtos ricos em a\u00e7\u00facares simples (a\u00e7\u00facar, mel, biscoitos, produtos de confeitaria etc.).<\/li>\n<li><b>Garantir uma ingest\u00e3o di\u00e1ria de c\u00e1lcio e vitamina D.<\/b> A osteoporose \u00e9 uma doen\u00e7a frequente nos pacientes em tratamento hormonal; por isso deve-se estimular o consumo dos alimentos ricos em c\u00e1lcio e vitamina D, al\u00e9m de garantir uma ingest\u00e3o adequada de prote\u00ednas.<\/li>\n<li><b>Realizar atividade f\u00edsica e exerc\u00edcio.<\/b> Contribui para diminuir a perda de massa muscular e manter a mineraliza\u00e7\u00e3o \u00f3ssea, dois fatores que podem estar alterados durante o tratamento hormonal. <a href=\"https:\/\/oncoalicia.com\/wp-content\/uploads\/2023\/11\/Unknown.pdf\" target=\"_blank\" rel=\"noopener\">Existem recomenda\u00e7\u00f5es para a realiza\u00e7\u00e3o de exerc\u00edcios adequados durante o tratamento do c\u00e2ncer de pr\u00f3stata e a libera\u00e7\u00e3o para pr\u00e1tica deve ser feita pelo seu m\u00e9dico.<\/a><\/li>\n<li><b>Verificar se existe alguma intera\u00e7\u00e3o alimento-medicamento.<\/b> Para esse tipo de c\u00e2ncer, atualmente, n\u00e3o existe nenhuma intera\u00e7\u00e3o descrita, embora alguns componentes de suplementos nutricionais, ervas ou plantas medicinais possam interagir. A \u00fanica recomenda\u00e7\u00e3o descrita \u00e9 a de tomar a abiraterona longe dos hor\u00e1rios das refei\u00e7\u00f5es. Da mesma forma, \u00e9 importante n\u00e3o acrescentar suplementos diet\u00e9ticos durante a radioterapia e nas semanas subsequentes sem o conhecimento do oncologista e nutricionista de refer\u00eancia.<\/li>\n<li><b>Seguir as recomenda\u00e7\u00f5es de uma alimenta\u00e7\u00e3o equilibrada,<\/b> e adaptar a alimenta\u00e7\u00e3o \u00e0 medida que forem aparecendo os efeitos colaterais do tratamento, a partir das seguintes recomenda\u00e7\u00f5es.<\/li>\n<\/ul><\/div>\n<\/p><\/div>\n<\/p><\/div>\n<\/section>\n<section class=\"mt-30\">\n<div class=\"container\">\n<div class=\"row\">\n<div class=\"col-md-12 txt-2 text-center\">\n Efeitos colaterais e sintomas mais frequentes\n            <\/div>\n<div class=\"col-md-12\">\n<div class=\"row space-efect\">\n<div class=\"col-md-3\">\n                        <a style=\"text-decoration: none;\" href=\"https:\/\/oncoalicia.com\/pt-br\/tipos-de-cancer\/prostata\/perda-do-apetite\/\"><\/p>\n<div class=\"cuadro-efecto text-center\">\n<div class=\"txt-efect\">\nPerda do apetite                                <\/div>\n<div class=\"flecha\">\n                                    <i class=\"fa fa-chevron-right\" aria-hidden=\"true\"><\/i>\n                                <\/div>\n<\/p><\/div>\n<p>                        <\/a>\n                    <\/div>\n<div class=\"col-md-3\">\n                        <a style=\"text-decoration: none;\" href=\"https:\/\/oncoalicia.com\/pt-br\/tipos-de-cancer\/prostata\/nauseas-e-vomitos\/\"><\/p>\n<div class=\"cuadro-efecto text-center\">\n<div class=\"txt-efect\">\nN\u00e1useas e v\u00f4mitos                                <\/div>\n<div class=\"flecha\">\n                                    <i class=\"fa fa-chevron-right\" aria-hidden=\"true\"><\/i>\n                                <\/div>\n<\/p><\/div>\n<p>                        <\/a>\n                    <\/div>\n<div class=\"col-md-3\">\n                        <a style=\"text-decoration: none;\" href=\"https:\/\/oncoalicia.com\/pt-br\/tipos-de-cancer\/prostata\/flatulencias\/\"><\/p>\n<div class=\"cuadro-efecto text-center\">\n<div class=\"txt-efect\">\n Flatul\u00eancias\n                                <\/div>\n<div class=\"flecha\">\n                                    <i class=\"fa fa-chevron-right\" aria-hidden=\"true\"><\/i>\n                                <\/div>\n<\/p><\/div>\n<p>                        <\/a>\n                    <\/div>\n<div class=\"col-md-3\">\n                        <a style=\"text-decoration: none;\" href=\"https:\/\/oncoalicia.com\/pt-br\/tipos-de-cancer\/prostata\/diarreia\/\"><\/p>\n<div class=\"cuadro-efecto text-center\">\n<div class=\"txt-efect\">\n Diarreia\n                                <\/div>\n<div class=\"flecha\">\n                                    <i class=\"fa fa-chevron-right\" aria-hidden=\"true\"><\/i>\n                                <\/div>\n<\/p><\/div>\n<p>                        <\/a>\n                    <\/div>\n<\/p><\/div>\n<\/p><\/div>\n<\/p><\/div>\n<div class=\"row mt-30\">\n<div class=\"col-md-12 txt-2 text-center\">\nPoss\u00edveis efeitos em caso de tratamento hormonal            <\/div>\n<div class=\"col-md-12\">\n<div class=\"row space-efect\">\n<div class=\"col-md-3\">\n                        <a href=\"https:\/\/oncoalicia.com\/pt-br\/tipos-de-cancer\/prostata\/hiperglicemia\/\"><\/p>\n<div class=\"cuadro-efecto text-center\">\n<div class=\"txt-efect\">\n Hiperglicemia\n                                <\/div>\n<div class=\"flecha\">\n                                    <i class=\"fa fa-chevron-right\" aria-hidden=\"true\"><\/i>\n                                <\/div>\n<\/p><\/div>\n<p>                        <\/a>\n                    <\/div>\n<div class=\"col-md-3\">\n                        <a style=\"text-decoration: none;\" href=\"https:\/\/oncoalicia.com\/pt-br\/tipos-de-cancer\/prostata\/hiperlipidemia\/\"><\/p>\n<div class=\"cuadro-efecto text-center\">\n<div class=\"txt-efect\">\n Hiperlipidemia\n                                <\/div>\n<div class=\"flecha\">\n                                    <i class=\"fa fa-chevron-right\" aria-hidden=\"true\"><\/i>\n                                <\/div>\n<\/p><\/div>\n<p>                        <\/a>\n                    <\/div>\n<div class=\"col-md-3\">\n                        <a style=\"text-decoration: none;\" href=\"https:\/\/oncoalicia.com\/pt-br\/tipos-de-cancer\/prostata\/hipertensao\/\"><\/p>\n<div class=\"cuadro-efecto text-center\">\n<div class=\"txt-efect\">\n Hipertens\u00e3o\n                                <\/div>\n<div class=\"flecha\">\n                                    <i class=\"fa fa-chevron-right\" aria-hidden=\"true\"><\/i>\n                                <\/div>\n<\/p><\/div>\n<p>                        <\/a>\n                    <\/div>\n<div class=\"col-md-3\">\n                        <a style=\"text-decoration: none;\" href=\"https:\/\/oncoalicia.com\/pt-br\/tipos-de-cancer\/prostata\/aumento-de-peso\/\"><\/p>\n<div class=\"cuadro-efecto text-center\">\n<div class=\"txt-efect\">\nAumento de peso                                <\/div>\n<div class=\"flecha\">\n                                    <i class=\"fa fa-chevron-right\" aria-hidden=\"true\"><\/i>\n                                <\/div>\n<\/p><\/div>\n<p>                        <\/a>\n                    <\/div>\n<\/p><\/div>\n<div class=\"row space-efect\">\n<div class=\"col-md-3\">\n                        <a style=\"text-decoration: none;\" href=\"https:\/\/oncoalicia.com\/pt-br\/tipos-de-cancer\/prostata\/perda-de-massa-muscular\/\"><\/p>\n<div class=\"cuadro-efecto text-center\">\n<div class=\"txt-efect\">\nPerda de massa muscular                                <\/div>\n<div class=\"flecha\">\n                                    <i class=\"fa fa-chevron-right\" aria-hidden=\"true\"><\/i>\n                                <\/div>\n<\/p><\/div>\n<p>                        <\/a>\n                    <\/div>\n<div class=\"col-md-3\">\n                        <a style=\"text-decoration: none;\" href=\"https:\/\/oncoalicia.com\/pt-br\/tipos-de-cancer\/prostata\/osteoporose\/\"><\/p>\n<div class=\"cuadro-efecto text-center\">\n<div class=\"txt-efect\">\n Osteoporose\n                                <\/div>\n<div class=\"flecha\">\n                                    <i class=\"fa fa-chevron-right\" aria-hidden=\"true\"><\/i>\n                                <\/div>\n<\/p><\/div>\n<p>                        <\/a>\n                    <\/div>\n<div class=\"col-md-3\">\n                        <a style=\"text-decoration: none;\" href=\"https:\/\/oncoalicia.com\/pt-br\/tipos-de-cancer\/prostata\/anemia\/\"><\/p>\n<div class=\"cuadro-efecto text-center\">\n<div class=\"txt-efect\">\n Anemia\n                                <\/div>\n<div class=\"flecha\">\n                                    <i class=\"fa fa-chevron-right\" aria-hidden=\"true\"><\/i>\n                                <\/div>\n<\/p><\/div>\n<p>                        <\/a>\n                    <\/div>\n<div class=\"col-md-3\">\n                    <\/div>\n<\/p><\/div>\n<\/p><\/div>\n<\/p><\/div>\n<\/p><\/div>\n<\/section>\n<section class=\"descarga\">\n<div class=\"container\">\n<div class=\"row\">\n<div class=\"col-md-12 text-center\">\n            <img decoding=\"async\" class=\"img-fluid\" src=\"http:\/\/oncoalicia.com\/wp-content\/uploads\/2023\/01\/Guies_alicia_7.jpg\" width=\"200\" height=\"auto\">\n        <\/div>\n<div class=\"col-md-12 text-center\">\n            <a class=\"guia-dw\" target=\"_blank\" href=\"http:\/\/oncoalicia.com\/wp-content\/uploads\/2023\/01\/7.-Guia_prostata_cast.pdf\" rel=\"noopener\">Descarga la gu\u00eda completa <i class=\"fa fa-arrow-down\" aria-hidden=\"true\"><\/i><\/a>\n        <\/div>\n<\/p><\/div>\n<\/p><\/div>\n<\/section>\n","protected":false},"excerpt":{"rendered":"<p>&nbsp; O c\u00e2ncer de pr\u00f3stata se origina a partir da transforma\u00e7\u00e3o e prolifera\u00e7\u00e3o an\u00f4mala das c\u00e9lulas da pr\u00f3stata. A pr\u00f3stata \u00e9 uma gl\u00e2ndula que pertence ao sistema urogenital masculino e, portanto, que \u00e9 exclusiva do homem. Situa-se debaixo da bexiga e em frente ao reto, e sua principal fun\u00e7\u00e3o \u00e9 contribuir para a produ\u00e7\u00e3o do&hellip; <a class=\"more-link\" href=\"https:\/\/oncoalicia.com\/pt-br\/tipos-de-cancer\/prostata\/\">Continue reading <span class=\"screen-reader-text\">Recomenda\u00e7\u00f5es alimentares durante o tratamento do c\u00e2ncer de pr\u00f3stata<\/span><\/a><\/p>\n","protected":false},"author":2,"featured_media":0,"parent":6523,"menu_order":0,"comment_status":"closed","ping_status":"closed","template":"prostata.php","meta":{"footnotes":""},"class_list":["post-6650","page","type-page","status-publish","hentry","entry"],"yoast_head":"<!-- This site is optimized with the Yoast SEO plugin v26.9 - https:\/\/yoast.com\/product\/yoast-seo-wordpress\/ -->\n<title>Nutri\u00e7\u00e3o para pacientes com c\u00e2ncer de pr\u00f3stata - Oncoalicia<\/title>\n<meta name=\"description\" content=\"Aqui est\u00e3o v\u00e1rias recomenda\u00e7\u00f5es alimentares para pessoas em tratamento do c\u00e2ncer de prostata.\" \/>\n<meta name=\"robots\" content=\"index, follow, max-snippet:-1, max-image-preview:large, max-video-preview:-1\" \/>\n<link rel=\"canonical\" href=\"https:\/\/oncoalicia.com\/pt-br\/tipos-de-cancer\/prostata\/\" \/>\n<meta property=\"og:locale\" content=\"pt_BR\" \/>\n<meta property=\"og:type\" content=\"article\" \/>\n<meta property=\"og:title\" content=\"Nutri\u00e7\u00e3o para pacientes com c\u00e2ncer de pr\u00f3stata - Oncoalicia\" \/>\n<meta property=\"og:description\" content=\"Aqui est\u00e3o v\u00e1rias recomenda\u00e7\u00f5es alimentares para pessoas em tratamento do c\u00e2ncer de prostata.\" \/>\n<meta property=\"og:url\" content=\"https:\/\/oncoalicia.com\/pt-br\/tipos-de-cancer\/prostata\/\" \/>\n<meta property=\"og:site_name\" content=\"Oncoalicia\" \/>\n<meta property=\"article:modified_time\" content=\"2025-07-08T07:33:38+00:00\" \/>\n<meta property=\"og:image\" content=\"https:\/\/oncoalicia.com\/wp-content\/uploads\/2022\/06\/prostata-300x262-1.jpg\" \/>\n\t<meta property=\"og:image:width\" content=\"300\" \/>\n\t<meta property=\"og:image:height\" content=\"262\" \/>\n\t<meta property=\"og:image:type\" content=\"image\/jpeg\" \/>\n<meta name=\"twitter:card\" content=\"summary_large_image\" \/>\n<meta name=\"twitter:label1\" content=\"Est. tempo de leitura\" \/>\n\t<meta name=\"twitter:data1\" content=\"5 minutos\" \/>\n<script type=\"application\/ld+json\" class=\"yoast-schema-graph\">{\"@context\":\"https:\/\/schema.org\",\"@graph\":[{\"@type\":\"WebPage\",\"@id\":\"https:\/\/oncoalicia.com\/pt-br\/tipos-de-cancer\/prostata\/\",\"url\":\"https:\/\/oncoalicia.com\/pt-br\/tipos-de-cancer\/prostata\/\",\"name\":\"Nutri\u00e7\u00e3o para pacientes com c\u00e2ncer de pr\u00f3stata - Oncoalicia\",\"isPartOf\":{\"@id\":\"https:\/\/oncoalicia.com\/pt-br\/#website\"},\"primaryImageOfPage\":{\"@id\":\"https:\/\/oncoalicia.com\/pt-br\/tipos-de-cancer\/prostata\/#primaryimage\"},\"image\":{\"@id\":\"https:\/\/oncoalicia.com\/pt-br\/tipos-de-cancer\/prostata\/#primaryimage\"},\"thumbnailUrl\":\"https:\/\/oncoalicia.com\/wp-content\/uploads\/2023\/09\/prostata_por.jpg\",\"datePublished\":\"2021-12-29T23:43:03+00:00\",\"dateModified\":\"2025-07-08T07:33:38+00:00\",\"description\":\"Aqui est\u00e3o v\u00e1rias recomenda\u00e7\u00f5es alimentares para pessoas em tratamento do c\u00e2ncer de prostata.\",\"breadcrumb\":{\"@id\":\"https:\/\/oncoalicia.com\/pt-br\/tipos-de-cancer\/prostata\/#breadcrumb\"},\"inLanguage\":\"pt-BR\",\"potentialAction\":[{\"@type\":\"ReadAction\",\"target\":[\"https:\/\/oncoalicia.com\/pt-br\/tipos-de-cancer\/prostata\/\"]}]},{\"@type\":\"ImageObject\",\"inLanguage\":\"pt-BR\",\"@id\":\"https:\/\/oncoalicia.com\/pt-br\/tipos-de-cancer\/prostata\/#primaryimage\",\"url\":\"https:\/\/oncoalicia.com\/wp-content\/uploads\/2023\/09\/prostata_por.jpg\",\"contentUrl\":\"https:\/\/oncoalicia.com\/wp-content\/uploads\/2023\/09\/prostata_por.jpg\"},{\"@type\":\"BreadcrumbList\",\"@id\":\"https:\/\/oncoalicia.com\/pt-br\/tipos-de-cancer\/prostata\/#breadcrumb\",\"itemListElement\":[{\"@type\":\"ListItem\",\"position\":1,\"name\":\"Portada\",\"item\":\"https:\/\/oncoalicia.com\/pt-br\/\"},{\"@type\":\"ListItem\",\"position\":2,\"name\":\"Tipos de c\u00e2ncer\",\"item\":\"https:\/\/oncoalicia.com\/pt-br\/tipos-de-cancer\/\"},{\"@type\":\"ListItem\",\"position\":3,\"name\":\"Recomenda\u00e7\u00f5es alimentares durante o tratamento do c\u00e2ncer de pr\u00f3stata\"}]},{\"@type\":\"WebSite\",\"@id\":\"https:\/\/oncoalicia.com\/pt-br\/#website\",\"url\":\"https:\/\/oncoalicia.com\/pt-br\/\",\"name\":\"Oncoal\u00edcia\",\"description\":\"Comer durante el Tratamiento del C\u00e1ncer\",\"publisher\":{\"@id\":\"https:\/\/oncoalicia.com\/pt-br\/#organization\"},\"alternateName\":\"Oncoal\u00edcia | Comer durante el Tratamiento del C\u00e1ncer\",\"potentialAction\":[{\"@type\":\"SearchAction\",\"target\":{\"@type\":\"EntryPoint\",\"urlTemplate\":\"https:\/\/oncoalicia.com\/pt-br\/?s={search_term_string}\"},\"query-input\":{\"@type\":\"PropertyValueSpecification\",\"valueRequired\":true,\"valueName\":\"search_term_string\"}}],\"inLanguage\":\"pt-BR\"},{\"@type\":\"Organization\",\"@id\":\"https:\/\/oncoalicia.com\/pt-br\/#organization\",\"name\":\"Oncoal\u00edcia\",\"alternateName\":\"Oncoal\u00edcia | Comer durante el Tratamiento del C\u00e1ncer\",\"url\":\"https:\/\/oncoalicia.com\/pt-br\/\",\"logo\":{\"@type\":\"ImageObject\",\"inLanguage\":\"pt-BR\",\"@id\":\"https:\/\/oncoalicia.com\/pt-br\/#\/schema\/logo\/image\/\",\"url\":\"https:\/\/oncoalicia.com\/wp-content\/uploads\/2022\/11\/logo_rrss.png\",\"contentUrl\":\"https:\/\/oncoalicia.com\/wp-content\/uploads\/2022\/11\/logo_rrss.png\",\"width\":300,\"height\":300,\"caption\":\"Oncoal\u00edcia\"},\"image\":{\"@id\":\"https:\/\/oncoalicia.com\/pt-br\/#\/schema\/logo\/image\/\"}}]}<\/script>\n<!-- \/ Yoast SEO plugin. -->","yoast_head_json":{"title":"Nutri\u00e7\u00e3o para pacientes com c\u00e2ncer de pr\u00f3stata - Oncoalicia","description":"Aqui est\u00e3o v\u00e1rias recomenda\u00e7\u00f5es alimentares para pessoas em tratamento do c\u00e2ncer de prostata.","robots":{"index":"index","follow":"follow","max-snippet":"max-snippet:-1","max-image-preview":"max-image-preview:large","max-video-preview":"max-video-preview:-1"},"canonical":"https:\/\/oncoalicia.com\/pt-br\/tipos-de-cancer\/prostata\/","og_locale":"pt_BR","og_type":"article","og_title":"Nutri\u00e7\u00e3o para pacientes com c\u00e2ncer de pr\u00f3stata - Oncoalicia","og_description":"Aqui est\u00e3o v\u00e1rias recomenda\u00e7\u00f5es alimentares para pessoas em tratamento do c\u00e2ncer de prostata.","og_url":"https:\/\/oncoalicia.com\/pt-br\/tipos-de-cancer\/prostata\/","og_site_name":"Oncoalicia","article_modified_time":"2025-07-08T07:33:38+00:00","og_image":[{"width":300,"height":262,"url":"https:\/\/oncoalicia.com\/wp-content\/uploads\/2022\/06\/prostata-300x262-1.jpg","type":"image\/jpeg"}],"twitter_card":"summary_large_image","twitter_misc":{"Est. tempo de leitura":"5 minutos"},"schema":{"@context":"https:\/\/schema.org","@graph":[{"@type":"WebPage","@id":"https:\/\/oncoalicia.com\/pt-br\/tipos-de-cancer\/prostata\/","url":"https:\/\/oncoalicia.com\/pt-br\/tipos-de-cancer\/prostata\/","name":"Nutri\u00e7\u00e3o para pacientes com c\u00e2ncer de pr\u00f3stata - Oncoalicia","isPartOf":{"@id":"https:\/\/oncoalicia.com\/pt-br\/#website"},"primaryImageOfPage":{"@id":"https:\/\/oncoalicia.com\/pt-br\/tipos-de-cancer\/prostata\/#primaryimage"},"image":{"@id":"https:\/\/oncoalicia.com\/pt-br\/tipos-de-cancer\/prostata\/#primaryimage"},"thumbnailUrl":"https:\/\/oncoalicia.com\/wp-content\/uploads\/2023\/09\/prostata_por.jpg","datePublished":"2021-12-29T23:43:03+00:00","dateModified":"2025-07-08T07:33:38+00:00","description":"Aqui est\u00e3o v\u00e1rias recomenda\u00e7\u00f5es alimentares para pessoas em tratamento do c\u00e2ncer de prostata.","breadcrumb":{"@id":"https:\/\/oncoalicia.com\/pt-br\/tipos-de-cancer\/prostata\/#breadcrumb"},"inLanguage":"pt-BR","potentialAction":[{"@type":"ReadAction","target":["https:\/\/oncoalicia.com\/pt-br\/tipos-de-cancer\/prostata\/"]}]},{"@type":"ImageObject","inLanguage":"pt-BR","@id":"https:\/\/oncoalicia.com\/pt-br\/tipos-de-cancer\/prostata\/#primaryimage","url":"https:\/\/oncoalicia.com\/wp-content\/uploads\/2023\/09\/prostata_por.jpg","contentUrl":"https:\/\/oncoalicia.com\/wp-content\/uploads\/2023\/09\/prostata_por.jpg"},{"@type":"BreadcrumbList","@id":"https:\/\/oncoalicia.com\/pt-br\/tipos-de-cancer\/prostata\/#breadcrumb","itemListElement":[{"@type":"ListItem","position":1,"name":"Portada","item":"https:\/\/oncoalicia.com\/pt-br\/"},{"@type":"ListItem","position":2,"name":"Tipos de c\u00e2ncer","item":"https:\/\/oncoalicia.com\/pt-br\/tipos-de-cancer\/"},{"@type":"ListItem","position":3,"name":"Recomenda\u00e7\u00f5es alimentares durante o tratamento do c\u00e2ncer de pr\u00f3stata"}]},{"@type":"WebSite","@id":"https:\/\/oncoalicia.com\/pt-br\/#website","url":"https:\/\/oncoalicia.com\/pt-br\/","name":"Oncoal\u00edcia","description":"Comer durante el Tratamiento del C\u00e1ncer","publisher":{"@id":"https:\/\/oncoalicia.com\/pt-br\/#organization"},"alternateName":"Oncoal\u00edcia | Comer durante el Tratamiento del C\u00e1ncer","potentialAction":[{"@type":"SearchAction","target":{"@type":"EntryPoint","urlTemplate":"https:\/\/oncoalicia.com\/pt-br\/?s={search_term_string}"},"query-input":{"@type":"PropertyValueSpecification","valueRequired":true,"valueName":"search_term_string"}}],"inLanguage":"pt-BR"},{"@type":"Organization","@id":"https:\/\/oncoalicia.com\/pt-br\/#organization","name":"Oncoal\u00edcia","alternateName":"Oncoal\u00edcia | Comer durante el Tratamiento del C\u00e1ncer","url":"https:\/\/oncoalicia.com\/pt-br\/","logo":{"@type":"ImageObject","inLanguage":"pt-BR","@id":"https:\/\/oncoalicia.com\/pt-br\/#\/schema\/logo\/image\/","url":"https:\/\/oncoalicia.com\/wp-content\/uploads\/2022\/11\/logo_rrss.png","contentUrl":"https:\/\/oncoalicia.com\/wp-content\/uploads\/2022\/11\/logo_rrss.png","width":300,"height":300,"caption":"Oncoal\u00edcia"},"image":{"@id":"https:\/\/oncoalicia.com\/pt-br\/#\/schema\/logo\/image\/"}}]}},"_links":{"self":[{"href":"https:\/\/oncoalicia.com\/pt-br\/wp-json\/wp\/v2\/pages\/6650","targetHints":{"allow":["GET"]}}],"collection":[{"href":"https:\/\/oncoalicia.com\/pt-br\/wp-json\/wp\/v2\/pages"}],"about":[{"href":"https:\/\/oncoalicia.com\/pt-br\/wp-json\/wp\/v2\/types\/page"}],"author":[{"embeddable":true,"href":"https:\/\/oncoalicia.com\/pt-br\/wp-json\/wp\/v2\/users\/2"}],"replies":[{"embeddable":true,"href":"https:\/\/oncoalicia.com\/pt-br\/wp-json\/wp\/v2\/comments?post=6650"}],"version-history":[{"count":0,"href":"https:\/\/oncoalicia.com\/pt-br\/wp-json\/wp\/v2\/pages\/6650\/revisions"}],"up":[{"embeddable":true,"href":"https:\/\/oncoalicia.com\/pt-br\/wp-json\/wp\/v2\/pages\/6523"}],"wp:attachment":[{"href":"https:\/\/oncoalicia.com\/pt-br\/wp-json\/wp\/v2\/media?parent=6650"}],"curies":[{"name":"wp","href":"https:\/\/api.w.org\/{rel}","templated":true}]}}