{"id":6665,"date":"2022-05-14T03:54:44","date_gmt":"2022-05-14T03:54:44","guid":{"rendered":"https:\/\/oncoalicia.com\/?page_id=6665"},"modified":"2025-07-08T07:36:06","modified_gmt":"2025-07-08T07:36:06","slug":"flatulencias","status":"publish","type":"page","link":"https:\/\/oncoalicia.com\/pt-br\/tipos-de-cancer\/prostata\/flatulencias\/","title":{"rendered":"Recomenda\u00e7\u00f5es diet\u00e9ticas para flatul\u00eancias em c\u00e2ncer de pr\u00f3stata"},"content":{"rendered":"<div class=\"row\">\n<div class=\"col-md-12 subtitle-mitos text-left\">\n<p>Durante o tratamento do c\u00e2ncer de pr\u00f3stata, especialmente na radioterapia, \u00e9 comum o surgimento da sensa\u00e7\u00e3o de distens\u00e3o abdominal e flatul\u00eancia. Os gases s\u00e3o produtos normais da digest\u00e3o, que podem aumentar com o consumo de determinados alimentos e com o ar que ingerimos quando comemos.<\/p>\n<\/p><\/div>\n<\/p><\/div>\n<div class=\"row p-40 w-60\">\n<div class=\"col-md-12 text-center\">\n<h2 class=\"h3 recomanem-efectes-cancer\">O QUE RECOMENDAMOS?<\/h2>\n<\/p><\/div>\n<div class=\"col-md-12 p-10 text-center\">\n<h3 class=\"btn-orange recomanacions-tipus-cancer\" style=\"font-weight: bold;\">Comer bem ereto, devagar e procurando mastigar sem tomar ar em excesso, ou seja, com a boca o mais fechada poss\u00edvel.<\/h3>\n<\/p><\/div>\n<div class=\"col-md-12 p-10 text-center\">\n<h3><a class=\"btn-orange recomanacions-tipus-cancer\" data-toggle=\"collapse\" href=\"#collapseExample-1\" role=\"button\" aria-expanded=\"false\" aria-controls=\"collapseExample\">Observar o consumo de alimentos que podem gerar gases. <i class=\"fa fa-angle-down\" aria-hidden=\"true\"><\/i><br \/>\n              <\/a><\/h3>\n<div class=\"collapse\" id=\"collapseExample-1\">\n<div class=\"card-body\">\n<div class=\"row\">\n<div class=\"col-md-12 descrip\">\n<table>\n<tr>\n<td class=\"table-title\">ALIMENTOS QUE PODEM GERAR GASES<\/td>\n<\/tr>\n<tr>\n<td>\n<ul>\n<li>Bebidas com g\u00e1s, a menos que este tenha sido eliminado.<\/li>\n<li>Certos tipos de verduras: couve, couve-flor, br\u00f3colis, ab\u00f3bora, alho-por\u00f3, aspargos, rabanete, espinafre, couve-de-bruxelas, pepino, cenoura, alcachofra e cebola.<\/li>\n<li>As leguminosas: feij\u00f5es, favas, lentilhas, ervilhas, soja e gr\u00e3o-de-bico.<\/li>\n<li>Algumas frutas: ameixa (fresca ou desidratada), passas, banana, ma\u00e7\u00e3, abacaxi e damasco. Tamb\u00e9m, o excesso de fruta em geral e as frutas com cascas.<\/li>\n<li>Latic\u00ednios e derivados em abund\u00e2ncia: sobretudo os mais gordurosos e curados.<\/li>\n<li>Cereais completos, ou integrais, e seus farelos.<\/li>\n<li>Edulcorantes (ado\u00e7antes) artificiais e os alimentos que os contenham (balas, chicletes, bebidas light).<\/li>\n<li>Alimentos gordurosos em geral: manteigas, embutidos gordurosos, produtos de confeitaria e doces, biscoitos, chocolates etc.<\/li>\n<li>Frutos secos\/oleaginosas e frutas desidratadas.<\/li>\n<li>Chicletes, bebidas ingeridas com canudinho (devido maior chance de \u201cengolir\u201d ar) etc.<\/li>\n<\/ul>\n<\/td>\n<\/tr>\n<\/table><\/div>\n<div class=\"row\">\n<div class=\"col-md-12 descrip\">\n<p><Embora esses alimentos sejam os que produzem mais gases, a toler\u00e2ncia individual \u00e9 muito vari\u00e1vel, por isso n\u00e3o se recomenda elimin\u00e1-los totalmente, mas sim experiment\u00e1-los em diferentes dias, em pequena quantidade etc.<\/p>\n<\/div>\n<\/div><\/div>\n<\/p><\/div>\n<\/p><\/div>\n<\/p><\/div>\n<div class=\"col-md-12 p-10 text-center\">\n<h3><a class=\"btn-orange recomanacions-tipus-cancer\" data-toggle=\"collapse\" href=\"#collapseExample-4\" role=\"button\" aria-expanded=\"false\" aria-controls=\"collapseExample\">N\u00e3o escolher apenas alimentos com baixos teores de fibra, ou sem fibras, que pode levar \u00e0 constipa\u00e7\u00e3o (intestino preso). <i class=\"fa fa-angle-down\" aria-hidden=\"true\"><\/i><br \/>\n              <\/a><\/h3>\n<div class=\"collapse\" id=\"collapseExample-4\">\n<div class=\"card-body\">\n<div class=\"row\">\n<div class=\"col-md-12 descrip\">\n<p>Deve-se assegurar o consumo de alimentos de todos os grupos (frutas, verduras, cereais, carnes, peixe etc.) e n\u00e3o basear a alimenta\u00e7\u00e3o apenas em alimentos como arroz branco, massas, p\u00e3o branco etc., que n\u00e3o cont\u00eam fibra e podem provocar constipa\u00e7\u00e3o (intestino preso).<\/p>\n<\/p><\/div>\n<\/p><\/div>\n<\/p><\/div>\n<\/p><\/div>\n<\/p><\/div>\n<div class=\"col-md-12 p-10 text-center\">\n<h3><a class=\"btn-orange recomanacions-tipus-cancer\" data-toggle=\"collapse\" href=\"#collapseExample-2\" role=\"button\" aria-expanded=\"false\" aria-controls=\"collapseExample\">Usar t\u00e9cnicas de coc\u00e7\u00e3o leves: vapor, cozido, grelhado, forno ou micro-ondas. <i class=\"fa fa-angle-down\" aria-hidden=\"true\"><\/i><br \/>\n              <\/a><\/h3>\n<div class=\"collapse\" id=\"collapseExample-2\">\n<div class=\"card-body\">\n<div class=\"row\">\n<div class=\"col-md-12 descrip\">\n<p>Evitar as t\u00e9cnicas de coc\u00e7\u00e3o com mais gorduras: fritos, empanados e ensopados com muita gordura.<\/p>\n<\/p><\/div>\n<div class=\"col-md-12 text-center\">\n<div class=\"row\">\n<div class=\"col-md-12 recetas-sug\">\n                            <b>Algumas receitas sugeridas:<\/b>\n                          <\/div>\n<\/p><\/div>\n<div class=\"row\">\n<div class=\"col-md-4 col-sm-6 text-center recetitas\">\n                                  <a href=\"\/pt-br\/receitas\/papilote-de-peixe-magro-com-molho-verde\/\"><\/p>\n<div class=\"cuadro-receta-2 text-center\">\n                                          <img decoding=\"async\" src=\"https:\/\/oncoalicia.com\/wp-content\/uploads\/2021\/10\/10.1-Papillote-de-pescado-con-salsa-verde-1-scaled-1.jpg\" class=\"w-50\"><\/p>\n<div class=\"txt-mito\">\n Papilote de peixe magro com molho verde<\/p><\/div>\n<\/p><\/div>\n<p>                                  <\/a>\n                              <\/div>\n<div class=\"col-md-4 col-sm-6 text-center recetitas\">\n                                  <a href=\"\/pt-br\/receitas\/enroladinhos-de-tortilha\/\"><\/p>\n<div class=\"cuadro-receta-2 text-center\">\n                                          <img decoding=\"async\" src=\"https:\/\/oncoalicia.com\/wp-content\/uploads\/2022\/02\/Rolls-tortilla.jpg\" class=\"w-50\"><\/p>\n<div class=\"txt-mito\">\n Enroladinhos de tortilha<\/p><\/div>\n<\/p><\/div>\n<p>                                  <\/a>\n                              <\/div>\n<div class=\"col-md-4 col-sm-6 text-center recetitas\">\n                                  <a href=\"\/pt-br\/receitas\/espetinhos-de-frango-com-maca\/\"><\/p>\n<div class=\"cuadro-receta-2 text-center\">\n                                          <img decoding=\"async\" src=\"https:\/\/oncoalicia.com\/wp-content\/uploads\/2021\/10\/broquetes-pollastre-i-poma.jpg\" class=\"w-50\"><\/p>\n<div class=\"txt-mito\">\nEspetinhos de frango com ma\u00e7\u00e3<\/p><\/div>\n<\/p><\/div>\n<p>                                  <\/a>\n                              <\/div>\n<\/p><\/div>\n<\/p><\/div>\n<\/p><\/div>\n<\/p><\/div>\n<\/p><\/div>\n<\/p><\/div>\n<div class=\"col-md-12 p-10 text-center\">\n<h3 class=\"btn-orange recomanacions-tipus-cancer\" style=\"font-weight: bold;\">Evitar o uso de condimentos como a pimenta, a p\u00e1prica ou pimenta-caiena.<\/h3>\n<\/p><\/div>\n<div class=\"col-md-12 p-10 text-center\">\n<h3><a class=\"btn-orange recomanacions-tipus-cancer\" data-toggle=\"collapse\" href=\"#collapseExample-3\" role=\"button\" aria-expanded=\"false\" aria-controls=\"collapseExample\">Usar subst\u00e2ncias com propriedades camalmentes nas prepara\u00e7\u00f5es. <i class=\"fa fa-angle-down\" aria-hidden=\"true\"><\/i><br \/>\n              <\/a><\/h3>\n<div class=\"collapse\" id=\"collapseExample-3\">\n<div class=\"card-body\">\n<div class=\"row\">\n<div class=\"col-md-12 descrip\">\n<p>Hortel\u00e3, s\u00e1lvia, coentro, segurelha (uma das ervas de Provence), alecrim, cominho, cardamomo, canela, gengibre, camomila, anis ou funcho (erva-doce).<\/p>\n<\/p><\/div>\n<div class=\"col-md-12 text-center\">\n<div class=\"row\">\n<div class=\"col-md-12 recetas-sug\">\n                            <b>Algumas receitas sugeridas:<\/b>\n                          <\/div>\n<\/p><\/div>\n<div class=\"row\">\n<div class=\"col-md-4 col-sm-6 text-center recetitas\">\n                                  <a href=\"\/pt-br\/receitas\/raspidinha-de-pera-e-hortela\/\"><\/p>\n<div class=\"cuadro-receta-2 text-center\">\n                                          <img decoding=\"async\" src=\"https:\/\/oncoalicia.com\/wp-content\/uploads\/2021\/10\/Granissat-pera-i-menta.jpg\" class=\"w-50\"><\/p>\n<div class=\"txt-mito\">\nRaspidinha de p\u00eara e hortel\u00e3<\/p><\/div>\n<\/p><\/div>\n<p>                                  <\/a>\n                              <\/div>\n<div class=\"col-md-4 col-sm-6 text-center recetitas\">\n                                  <a href=\"\/pt-br\/receitas\/maca-no-microondas-com-canela\/\"><\/p>\n<div class=\"cuadro-receta-2 text-center\">\n                                          <img decoding=\"async\" src=\"https:\/\/oncoalicia.com\/wp-content\/uploads\/2021\/10\/Poma-al-microones.jpg\" class=\"w-50\"><\/p>\n<div class=\"txt-mito\">\nMa\u00e7\u00e3 no microondas com canela<\/p><\/div>\n<\/p><\/div>\n<p>                                  <\/a>\n                              <\/div>\n<div class=\"col-md-4 col-sm-6 text-center recetitas\">\n                                  <a href=\"\/pt-br\/receitas\/gelatina-de-gengibre-e-hortela\/\"><\/p>\n<div class=\"cuadro-receta-2 text-center\">\n                                          <img decoding=\"async\" src=\"https:\/\/oncoalicia.com\/wp-content\/uploads\/2021\/10\/Gelatina-gingebre.jpg\" class=\"w-50\"><\/p>\n<div class=\"txt-mito\">\nGelatina de gengibre e hortel\u00e3<\/p><\/div>\n<\/p><\/div>\n<p>                                  <\/a>\n                              <\/div>\n<\/p><\/div>\n<\/p><\/div>\n<\/p><\/div>\n<\/p><\/div>\n<\/p><\/div>\n<\/p><\/div>\n<div class=\"col-md-12 p-10 text-center\">\n<h3 class=\"btn-orange recomanacions-tipus-cancer\" style=\"font-weight: bold;\">Evitar fazer refei\u00e7\u00f5es fartas, exageradas.<\/h3>\n<\/p><\/div>\n<div class=\"col-md-12 p-10 text-center\">\n<h3 class=\"btn-orange recomanacions-tipus-cancer\" style=\"font-weight: bold;\">Evitar deitar-se ou alongar-se imediatamente ap\u00f3s as refei\u00e7\u00f5es.<\/h3>\n<\/p><\/div>\n<div class=\"col-md-12 p-10 text-center\">\n<h3 class=\"btn-orange recomanacions-tipus-cancer\" style=\"font-weight: bold;\">Evitar mascar chiclete e fumar.<\/h3>\n<\/p><\/div>\n<div class=\"col-md-12 p-10 text-center\">\n<h3 class=\"btn-orange recomanacions-tipus-cancer\" style=\"font-weight: bold;\">Evitar beber l\u00edquidos com canudinho.<\/h3>\n<\/p><\/div>\n<div class=\"col-md-12 p-10 text-center\">\n<h3 class=\"btn-orange recomanacions-tipus-cancer\" style=\"font-weight: bold;\">Praticar exerc\u00edcio de forma regular.<\/h3>\n<\/p><\/div>\n<\/p><\/div>\n","protected":false},"excerpt":{"rendered":"<p>Durante o tratamento do c\u00e2ncer de pr\u00f3stata, especialmente na radioterapia, \u00e9 comum o surgimento da sensa\u00e7\u00e3o de distens\u00e3o abdominal e flatul\u00eancia. Os gases s\u00e3o produtos normais da digest\u00e3o, que podem aumentar com o consumo de determinados alimentos e com o ar que ingerimos quando comemos. O QUE RECOMENDAMOS? Comer bem ereto, devagar e procurando mastigar&hellip; <a class=\"more-link\" href=\"https:\/\/oncoalicia.com\/pt-br\/tipos-de-cancer\/prostata\/flatulencias\/\">Continue reading <span class=\"screen-reader-text\">Recomenda\u00e7\u00f5es diet\u00e9ticas para flatul\u00eancias em c\u00e2ncer de pr\u00f3stata<\/span><\/a><\/p>\n","protected":false},"author":2,"featured_media":0,"parent":6650,"menu_order":0,"comment_status":"closed","ping_status":"closed","template":"prostata-flatulencias.php","meta":{"footnotes":""},"class_list":["post-6665","page","type-page","status-publish","hentry","entry"],"yoast_head":"<!-- This site is optimized with the Yoast SEO plugin v26.9 - https:\/\/yoast.com\/product\/yoast-seo-wordpress\/ -->\n<title>Nutri\u00e7\u00e3o para pacientes com c\u00e2ncer de pr\u00f3stata que apresentam fletul\u00eancias - Oncoalicia<\/title>\n<meta name=\"description\" content=\"Encontre recomenda\u00e7\u00f5es alimentares para pessoas com c\u00e2ncer de prostata que est\u00e3o com flatul\u00eancias devido ao tratamento.\" \/>\n<meta name=\"robots\" content=\"index, follow, max-snippet:-1, max-image-preview:large, max-video-preview:-1\" \/>\n<link rel=\"canonical\" href=\"https:\/\/oncoalicia.com\/pt-br\/tipos-de-cancer\/prostata\/flatulencias\/\" \/>\n<meta property=\"og:locale\" content=\"pt_BR\" \/>\n<meta property=\"og:type\" content=\"article\" \/>\n<meta property=\"og:title\" content=\"Nutri\u00e7\u00e3o para pacientes com c\u00e2ncer de pr\u00f3stata que apresentam fletul\u00eancias - Oncoalicia\" \/>\n<meta property=\"og:description\" content=\"Encontre recomenda\u00e7\u00f5es alimentares para pessoas com c\u00e2ncer de prostata que est\u00e3o com flatul\u00eancias devido ao tratamento.\" \/>\n<meta property=\"og:url\" content=\"https:\/\/oncoalicia.com\/pt-br\/tipos-de-cancer\/prostata\/flatulencias\/\" \/>\n<meta property=\"og:site_name\" content=\"Oncoalicia\" \/>\n<meta property=\"article:modified_time\" content=\"2025-07-08T07:36:06+00:00\" \/>\n<meta property=\"og:image\" content=\"https:\/\/oncoalicia.com\/wp-content\/uploads\/2021\/10\/10.1-Papillote-de-pescado-con-salsa-verde-1-scaled-1.jpg\" \/>\n<meta name=\"twitter:card\" content=\"summary_large_image\" \/>\n<meta name=\"twitter:label1\" content=\"Est. tempo de leitura\" \/>\n\t<meta name=\"twitter:data1\" content=\"4 minutos\" \/>\n<script type=\"application\/ld+json\" class=\"yoast-schema-graph\">{\"@context\":\"https:\/\/schema.org\",\"@graph\":[{\"@type\":\"WebPage\",\"@id\":\"https:\/\/oncoalicia.com\/pt-br\/tipos-de-cancer\/prostata\/flatulencias\/\",\"url\":\"https:\/\/oncoalicia.com\/pt-br\/tipos-de-cancer\/prostata\/flatulencias\/\",\"name\":\"Nutri\u00e7\u00e3o para pacientes com c\u00e2ncer de pr\u00f3stata que apresentam fletul\u00eancias - Oncoalicia\",\"isPartOf\":{\"@id\":\"https:\/\/oncoalicia.com\/pt-br\/#website\"},\"primaryImageOfPage\":{\"@id\":\"https:\/\/oncoalicia.com\/pt-br\/tipos-de-cancer\/prostata\/flatulencias\/#primaryimage\"},\"image\":{\"@id\":\"https:\/\/oncoalicia.com\/pt-br\/tipos-de-cancer\/prostata\/flatulencias\/#primaryimage\"},\"thumbnailUrl\":\"https:\/\/oncoalicia.com\/wp-content\/uploads\/2021\/10\/10.1-Papillote-de-pescado-con-salsa-verde-1-scaled-1.jpg\",\"datePublished\":\"2022-05-14T03:54:44+00:00\",\"dateModified\":\"2025-07-08T07:36:06+00:00\",\"description\":\"Encontre recomenda\u00e7\u00f5es alimentares para pessoas com c\u00e2ncer de prostata que est\u00e3o com flatul\u00eancias devido ao tratamento.\",\"breadcrumb\":{\"@id\":\"https:\/\/oncoalicia.com\/pt-br\/tipos-de-cancer\/prostata\/flatulencias\/#breadcrumb\"},\"inLanguage\":\"pt-BR\",\"potentialAction\":[{\"@type\":\"ReadAction\",\"target\":[\"https:\/\/oncoalicia.com\/pt-br\/tipos-de-cancer\/prostata\/flatulencias\/\"]}]},{\"@type\":\"ImageObject\",\"inLanguage\":\"pt-BR\",\"@id\":\"https:\/\/oncoalicia.com\/pt-br\/tipos-de-cancer\/prostata\/flatulencias\/#primaryimage\",\"url\":\"https:\/\/oncoalicia.com\/wp-content\/uploads\/2021\/10\/10.1-Papillote-de-pescado-con-salsa-verde-1-scaled-1.jpg\",\"contentUrl\":\"https:\/\/oncoalicia.com\/wp-content\/uploads\/2021\/10\/10.1-Papillote-de-pescado-con-salsa-verde-1-scaled-1.jpg\"},{\"@type\":\"BreadcrumbList\",\"@id\":\"https:\/\/oncoalicia.com\/pt-br\/tipos-de-cancer\/prostata\/flatulencias\/#breadcrumb\",\"itemListElement\":[{\"@type\":\"ListItem\",\"position\":1,\"name\":\"Portada\",\"item\":\"https:\/\/oncoalicia.com\/pt-br\/\"},{\"@type\":\"ListItem\",\"position\":2,\"name\":\"Tipos de c\u00e2ncer\",\"item\":\"https:\/\/oncoalicia.com\/pt-br\/tipos-de-cancer\/\"},{\"@type\":\"ListItem\",\"position\":3,\"name\":\"Recomenda\u00e7\u00f5es alimentares durante o tratamento do c\u00e2ncer de pr\u00f3stata\",\"item\":\"https:\/\/oncoalicia.com\/pt-br\/tipos-de-cancer\/prostata\/\"},{\"@type\":\"ListItem\",\"position\":4,\"name\":\"Recomenda\u00e7\u00f5es diet\u00e9ticas para flatul\u00eancias em c\u00e2ncer de pr\u00f3stata\"}]},{\"@type\":\"WebSite\",\"@id\":\"https:\/\/oncoalicia.com\/pt-br\/#website\",\"url\":\"https:\/\/oncoalicia.com\/pt-br\/\",\"name\":\"Oncoal\u00edcia\",\"description\":\"Comer durante el Tratamiento del C\u00e1ncer\",\"publisher\":{\"@id\":\"https:\/\/oncoalicia.com\/pt-br\/#organization\"},\"alternateName\":\"Oncoal\u00edcia | Comer durante el Tratamiento del C\u00e1ncer\",\"potentialAction\":[{\"@type\":\"SearchAction\",\"target\":{\"@type\":\"EntryPoint\",\"urlTemplate\":\"https:\/\/oncoalicia.com\/pt-br\/?s={search_term_string}\"},\"query-input\":{\"@type\":\"PropertyValueSpecification\",\"valueRequired\":true,\"valueName\":\"search_term_string\"}}],\"inLanguage\":\"pt-BR\"},{\"@type\":\"Organization\",\"@id\":\"https:\/\/oncoalicia.com\/pt-br\/#organization\",\"name\":\"Oncoal\u00edcia\",\"alternateName\":\"Oncoal\u00edcia | Comer durante el Tratamiento del C\u00e1ncer\",\"url\":\"https:\/\/oncoalicia.com\/pt-br\/\",\"logo\":{\"@type\":\"ImageObject\",\"inLanguage\":\"pt-BR\",\"@id\":\"https:\/\/oncoalicia.com\/pt-br\/#\/schema\/logo\/image\/\",\"url\":\"https:\/\/oncoalicia.com\/wp-content\/uploads\/2022\/11\/logo_rrss.png\",\"contentUrl\":\"https:\/\/oncoalicia.com\/wp-content\/uploads\/2022\/11\/logo_rrss.png\",\"width\":300,\"height\":300,\"caption\":\"Oncoal\u00edcia\"},\"image\":{\"@id\":\"https:\/\/oncoalicia.com\/pt-br\/#\/schema\/logo\/image\/\"}}]}<\/script>\n<!-- \/ Yoast SEO plugin. -->","yoast_head_json":{"title":"Nutri\u00e7\u00e3o para pacientes com c\u00e2ncer de pr\u00f3stata que apresentam fletul\u00eancias - Oncoalicia","description":"Encontre recomenda\u00e7\u00f5es alimentares para pessoas com c\u00e2ncer de prostata que est\u00e3o com flatul\u00eancias devido ao tratamento.","robots":{"index":"index","follow":"follow","max-snippet":"max-snippet:-1","max-image-preview":"max-image-preview:large","max-video-preview":"max-video-preview:-1"},"canonical":"https:\/\/oncoalicia.com\/pt-br\/tipos-de-cancer\/prostata\/flatulencias\/","og_locale":"pt_BR","og_type":"article","og_title":"Nutri\u00e7\u00e3o para pacientes com c\u00e2ncer de pr\u00f3stata que apresentam fletul\u00eancias - Oncoalicia","og_description":"Encontre recomenda\u00e7\u00f5es alimentares para pessoas com c\u00e2ncer de prostata que est\u00e3o com flatul\u00eancias devido ao tratamento.","og_url":"https:\/\/oncoalicia.com\/pt-br\/tipos-de-cancer\/prostata\/flatulencias\/","og_site_name":"Oncoalicia","article_modified_time":"2025-07-08T07:36:06+00:00","og_image":[{"url":"https:\/\/oncoalicia.com\/wp-content\/uploads\/2021\/10\/10.1-Papillote-de-pescado-con-salsa-verde-1-scaled-1.jpg","type":"","width":"","height":""}],"twitter_card":"summary_large_image","twitter_misc":{"Est. tempo de leitura":"4 minutos"},"schema":{"@context":"https:\/\/schema.org","@graph":[{"@type":"WebPage","@id":"https:\/\/oncoalicia.com\/pt-br\/tipos-de-cancer\/prostata\/flatulencias\/","url":"https:\/\/oncoalicia.com\/pt-br\/tipos-de-cancer\/prostata\/flatulencias\/","name":"Nutri\u00e7\u00e3o para pacientes com c\u00e2ncer de pr\u00f3stata que apresentam fletul\u00eancias - Oncoalicia","isPartOf":{"@id":"https:\/\/oncoalicia.com\/pt-br\/#website"},"primaryImageOfPage":{"@id":"https:\/\/oncoalicia.com\/pt-br\/tipos-de-cancer\/prostata\/flatulencias\/#primaryimage"},"image":{"@id":"https:\/\/oncoalicia.com\/pt-br\/tipos-de-cancer\/prostata\/flatulencias\/#primaryimage"},"thumbnailUrl":"https:\/\/oncoalicia.com\/wp-content\/uploads\/2021\/10\/10.1-Papillote-de-pescado-con-salsa-verde-1-scaled-1.jpg","datePublished":"2022-05-14T03:54:44+00:00","dateModified":"2025-07-08T07:36:06+00:00","description":"Encontre recomenda\u00e7\u00f5es alimentares para pessoas com c\u00e2ncer de prostata que est\u00e3o com flatul\u00eancias devido ao tratamento.","breadcrumb":{"@id":"https:\/\/oncoalicia.com\/pt-br\/tipos-de-cancer\/prostata\/flatulencias\/#breadcrumb"},"inLanguage":"pt-BR","potentialAction":[{"@type":"ReadAction","target":["https:\/\/oncoalicia.com\/pt-br\/tipos-de-cancer\/prostata\/flatulencias\/"]}]},{"@type":"ImageObject","inLanguage":"pt-BR","@id":"https:\/\/oncoalicia.com\/pt-br\/tipos-de-cancer\/prostata\/flatulencias\/#primaryimage","url":"https:\/\/oncoalicia.com\/wp-content\/uploads\/2021\/10\/10.1-Papillote-de-pescado-con-salsa-verde-1-scaled-1.jpg","contentUrl":"https:\/\/oncoalicia.com\/wp-content\/uploads\/2021\/10\/10.1-Papillote-de-pescado-con-salsa-verde-1-scaled-1.jpg"},{"@type":"BreadcrumbList","@id":"https:\/\/oncoalicia.com\/pt-br\/tipos-de-cancer\/prostata\/flatulencias\/#breadcrumb","itemListElement":[{"@type":"ListItem","position":1,"name":"Portada","item":"https:\/\/oncoalicia.com\/pt-br\/"},{"@type":"ListItem","position":2,"name":"Tipos de c\u00e2ncer","item":"https:\/\/oncoalicia.com\/pt-br\/tipos-de-cancer\/"},{"@type":"ListItem","position":3,"name":"Recomenda\u00e7\u00f5es alimentares durante o tratamento do c\u00e2ncer de pr\u00f3stata","item":"https:\/\/oncoalicia.com\/pt-br\/tipos-de-cancer\/prostata\/"},{"@type":"ListItem","position":4,"name":"Recomenda\u00e7\u00f5es diet\u00e9ticas para flatul\u00eancias em c\u00e2ncer de pr\u00f3stata"}]},{"@type":"WebSite","@id":"https:\/\/oncoalicia.com\/pt-br\/#website","url":"https:\/\/oncoalicia.com\/pt-br\/","name":"Oncoal\u00edcia","description":"Comer durante el Tratamiento del C\u00e1ncer","publisher":{"@id":"https:\/\/oncoalicia.com\/pt-br\/#organization"},"alternateName":"Oncoal\u00edcia | Comer durante el Tratamiento del C\u00e1ncer","potentialAction":[{"@type":"SearchAction","target":{"@type":"EntryPoint","urlTemplate":"https:\/\/oncoalicia.com\/pt-br\/?s={search_term_string}"},"query-input":{"@type":"PropertyValueSpecification","valueRequired":true,"valueName":"search_term_string"}}],"inLanguage":"pt-BR"},{"@type":"Organization","@id":"https:\/\/oncoalicia.com\/pt-br\/#organization","name":"Oncoal\u00edcia","alternateName":"Oncoal\u00edcia | Comer durante el Tratamiento del C\u00e1ncer","url":"https:\/\/oncoalicia.com\/pt-br\/","logo":{"@type":"ImageObject","inLanguage":"pt-BR","@id":"https:\/\/oncoalicia.com\/pt-br\/#\/schema\/logo\/image\/","url":"https:\/\/oncoalicia.com\/wp-content\/uploads\/2022\/11\/logo_rrss.png","contentUrl":"https:\/\/oncoalicia.com\/wp-content\/uploads\/2022\/11\/logo_rrss.png","width":300,"height":300,"caption":"Oncoal\u00edcia"},"image":{"@id":"https:\/\/oncoalicia.com\/pt-br\/#\/schema\/logo\/image\/"}}]}},"_links":{"self":[{"href":"https:\/\/oncoalicia.com\/pt-br\/wp-json\/wp\/v2\/pages\/6665","targetHints":{"allow":["GET"]}}],"collection":[{"href":"https:\/\/oncoalicia.com\/pt-br\/wp-json\/wp\/v2\/pages"}],"about":[{"href":"https:\/\/oncoalicia.com\/pt-br\/wp-json\/wp\/v2\/types\/page"}],"author":[{"embeddable":true,"href":"https:\/\/oncoalicia.com\/pt-br\/wp-json\/wp\/v2\/users\/2"}],"replies":[{"embeddable":true,"href":"https:\/\/oncoalicia.com\/pt-br\/wp-json\/wp\/v2\/comments?post=6665"}],"version-history":[{"count":0,"href":"https:\/\/oncoalicia.com\/pt-br\/wp-json\/wp\/v2\/pages\/6665\/revisions"}],"up":[{"embeddable":true,"href":"https:\/\/oncoalicia.com\/pt-br\/wp-json\/wp\/v2\/pages\/6650"}],"wp:attachment":[{"href":"https:\/\/oncoalicia.com\/pt-br\/wp-json\/wp\/v2\/media?parent=6665"}],"curies":[{"name":"wp","href":"https:\/\/api.w.org\/{rel}","templated":true}]}}