{"id":6667,"date":"2022-05-14T04:32:23","date_gmt":"2022-05-14T04:32:23","guid":{"rendered":"https:\/\/oncoalicia.com\/?page_id=6667"},"modified":"2025-07-08T07:33:52","modified_gmt":"2025-07-08T07:33:52","slug":"anemia","status":"publish","type":"page","link":"https:\/\/oncoalicia.com\/pt-br\/tipos-de-cancer\/prostata\/anemia\/","title":{"rendered":"Recomenda\u00e7\u00f5es diet\u00e9ticas para a anemia em c\u00e2ncer de pr\u00f3stata"},"content":{"rendered":"<div class=\"row\">\n<div class=\"col-md-12 subtitle-mitos text-left\">\n<p>A anemia \u00e9 uma diminui\u00e7\u00e3o nos n\u00edveis de hemoglobina, uma prote\u00edna que se encontra nos gl\u00f3bulos vermelhos, levando a altera\u00e7\u00f5es em suas fun\u00e7\u00f5es. A anemia no c\u00e2ncer de pr\u00f3stata pode ser produzida por muitas causas. O tratamento hormonal pode favorecer seu surgimento, j\u00e1 que no homem a testosterona \u00e9 uma das respons\u00e1veis pela s\u00edntese dos gl\u00f3bulos vermelhos (tamb\u00e9m chamados de hem\u00e1cias ou eritr\u00f3citos). Manifesta-se, principalmente, como cansa\u00e7o e fraqueza. Em alguns casos pode haver falta do micronutriente ferro, e a\u00ed \u00e9 denominada anemia ferropriva, e por isso se recomenda seguir uma alimenta\u00e7\u00e3o variada e equilibrada, assegurando o aporte de ferro e favorecendo sua absor\u00e7\u00e3o.<\/p>\n<\/p><\/div>\n<\/p><\/div>\n<div class=\"row p-40 w-60\">\n<div class=\"col-md-12 text-center\">\n<h2 class=\"h3 recomanem-efectes-cancer\">O QUE RECOMENDAMOS?<\/h2>\n<\/p><\/div>\n<div class=\"col-md-12 p-10 text-center\">\n<h3><a class=\"btn-orange recomanacions-tipus-cancer\" data-toggle=\"collapse\" href=\"#collapseExample-1\" role=\"button\" aria-expanded=\"false\" aria-controls=\"collapseExample\">Aumentar o consumo de alimentos ricos em ferro. <i class=\"fa fa-angle-down\" aria-hidden=\"true\"><\/i><br \/>\n            <\/a><\/h3>\n<div class=\"collapse\" id=\"collapseExample-1\">\n<div class=\"card-body\">\n<div class=\"row\">\n<div class=\"col-md-12 descrip\">\n<p><b>Bebida isot\u00f3nica casera:<\/b> Mezclar en un litro de agua el zumo de dos limones, una cucharada sopera de miel, una cucharadita de postre de sal marina y una cucharadita de postre de bicarbonato s\u00f3dico. Cuando estos ingredientes est\u00e9n disueltos, dejarla en la nevera hasta que est\u00e9 fresca.<\/p>\n<\/div>\n<div class=\"col-md-12 descrip\">\n<table class=\"table\">\n<tr>\n<td class=\"table-title\">Alimentos de origem animal ricos em ferro:<\/td>\n<\/tr>\n<tr>\n<td>\n<ul>\n<li>Carne branca (magra): coelho, peru, frango.<\/li>\n<li>Peixe (magro e gordo): sardinha, robalo, manjuba etc.<\/li>\n<li>Frutos do mar: mexilh\u00f5es, v\u00f4ngoles e berbig\u00f5es naturais.<\/li>\n<li>Ovos: de galinha, de codorna.<\/li>\n<\/ul>\n<\/td>\n<\/tr>\n<tr>\n<td>Consumir com modera\u00e7\u00e3o as partes magras de carne vermelha (vitela, cavalo, boi, cordeiro etc.), m\u00e1ximo uma por\u00e7\u00e3o (125 g) por semana.<br \/>\nSegundo o Guia Alimentar para Popula\u00e7\u00e3o Brasileira,  as carnes vermelhas t\u00eam teor elevado de muitos micronutrientes, especialmente ferro, zinco e vitamina B12. Por\u00e9m, tendem a ser ricas em gorduras saturadas, que, em excesso, aumentam o risco de doen\u00e7as do cora\u00e7\u00e3o e de v\u00e1rias outras doen\u00e7as cr\u00f4nicas, como a obesidade e o c\u00e2ncer, principalmente de intestino.<\/td>\n<\/tr>\n<\/table><\/div>\n<div class=\"col-md-12 descrip\">\n<table class=\"table\">\n<tr>\n<td class=\"table-title\">Alimentos de origem vegetal ricos em ferro:<\/td>\n<\/tr>\n<tr>\n<td>\n<ul>\n<li>Cereais como o g\u00e9rmen e o farelo de trigo, aveia, quinoa.<\/li>\n<li>Leguminosas, como as lentilhas, os gr\u00e3os-de-bico e os feij\u00f5es.<\/li>\n<li>Frutos secos\/oleaginosas e sementes, como o gergelim, as sementes de girassol, os pistaches e as am\u00eandoas.<\/li>\n<li>Verduras de folha verde, como o espinafre,  br\u00f3colis, agri\u00e3o e a acelga.<\/li>\n<\/ul>\n<\/td>\n<\/tr>\n<\/table><\/div>\n<\/p><\/div>\n<\/p><\/div>\n<\/p><\/div>\n<\/p><\/div>\n<div class=\"col-md-12 p-10 text-center\">\n<h3><a class=\"btn-orange recomanacions-tipus-cancer\" data-toggle=\"collapse\" href=\"#collapseExample-2\" role=\"button\" aria-expanded=\"false\" aria-controls=\"collapseExample\">Evitar comer alimentos ricos em fitatos, taninos, c\u00e1lcio e oxalatos. <i class=\"fa fa-angle-down\" aria-hidden=\"true\"><\/i><br \/>\n            <\/a><\/h3>\n<div class=\"collapse\" id=\"collapseExample-2\">\n<div class=\"card-body\">\n<div class=\"row\">\n<div class=\"col-md-12 descrip\">\n<p>Para garantir a correta absor\u00e7\u00e3o do ferro, no momento de consumo de alimentos ricos em ferro, ou no caso de tomar suplementos de ferro via oral, devem-se limitar:<\/p>\n<\/p><\/div>\n<div class=\"col-md-12 descrip\">\n<ul>\n<li>Os alimentos integrais: caso os consuma, deix\u00e1-los de molho uma hora antes de cozinhar, descartando a \u00e1gua do molho.<\/li>\n<li>Os latic\u00ednios: como leite, iogurtes ou queijo.<\/li>\n<li>Chocolate amargo, cacau, ch\u00e1 e o caf\u00e9.<\/li>\n<li>Vinho.<\/li>\n<\/ul><\/div>\n<\/p><\/div>\n<\/p><\/div>\n<\/p><\/div>\n<\/p><\/div>\n<div class=\"col-md-12 p-10 text-center\">\n<h3><a class=\"btn-orange recomanacions-tipus-cancer\" data-toggle=\"collapse\" href=\"#collapseExample-3\" role=\"button\" aria-expanded=\"false\" aria-controls=\"collapseExample\">Combinar os alimentos ricos em ferro com alimentos ricos em vitamina C ou vitamina A. <i class=\"fa fa-angle-down\" aria-hidden=\"true\"><\/i><br \/>\n            <\/a><\/h3>\n<div class=\"collapse\" id=\"collapseExample-3\">\n<div class=\"card-body\">\n<div class=\"row\">\n<div class=\"col-md-12 descrip\">\n<p>Atentar para que as refei\u00e7\u00f5es principais contenham, seja como entrada, no prato principal ou na guarni\u00e7\u00e3o, alimentos com vitamina A ou C, pois facilitam a absor\u00e7\u00e3o de ferro:<\/p>\n<\/p><\/div>\n<div class=\"col-md-12 descrip\">\n<ul>\n<li>Alimentos fonte de vitamina A: couves, tomates, cenouras, piment\u00f5es, ab\u00f3bora etc.<\/li>\n<li>Alimentos fonte de vitamina C: frutas c\u00edtricas (laranja, tangerina, lim\u00e3o), morangos, kiwi, piment\u00e3o vermelho etc. Por exemplo, temperar as leguminosas com lim\u00e3o.<\/li>\n<\/ul><\/div>\n<div class=\"col-md-12 text-center\">\n<div class=\"row\">\n<div class=\"col-md-12 recetas-sug\">\n                            <b>Algumas receitas sugeridas:<\/b>\n                          <\/div>\n<\/p><\/div>\n<div class=\"row\">\n<div class=\"col-md-2 col-sm-6 text-center recetitas\">\n                            <\/div>\n<div class=\"col-md-4 col-sm-6 text-center recetitas\">\n                                <a href=\"\/pt-br\/receitas\/mexilhoes-aromaticos-expressos\/\"><\/p>\n<div class=\"cuadro-receta-2 text-center\">\n                                        <img decoding=\"async\" src=\"https:\/\/oncoalicia.com\/wp-content\/uploads\/2022\/02\/Mejillones-arom-ticos-expr%E2%80%9As.jpg\" class=\"w-50\"><\/p>\n<div class=\"txt-mito\">\nMexilh\u00f5es arom\u00e1ticos expressos<\/p><\/div>\n<\/p><\/div>\n<p>                                <\/a>\n                            <\/div>\n<div class=\"col-md-4 col-sm-6 text-center recetitas\">\n                                <a href=\"\/pt-br\/receitas\/salada-morna-de-salmao-e-maca\/\"><\/p>\n<div class=\"cuadro-receta-2 text-center\">\n                                        <img decoding=\"async\" src=\"https:\/\/oncoalicia.com\/wp-content\/uploads\/2022\/03\/Ensalada-t%E0%B8%81bia-de-salm%E0%B8%82n-y-manzana.jpg\" class=\"w-50\"><\/p>\n<div class=\"txt-mito\">\nSalada morna de salm\u00e3o e ma\u00e7\u00e3<\/p><\/div>\n<\/p><\/div>\n<p>                                <\/a>\n                            <\/div>\n<div class=\"col-md-2 col-sm-6 text-center recetitas\">\n                            <\/div>\n<\/p><\/div>\n<\/p><\/div>\n<\/p><\/div>\n<\/p><\/div>\n<\/p><\/div>\n<div class=\"col-md-12 p-10 text-center\">\n<h3 class=\"btn-orange recomanacions-tipus-cancer\" style=\"font-weight: bold;\">No caso de seguir uma alimenta\u00e7\u00e3o vegetariana restrita ou vegana, \u00e9 imprescind\u00edvel orientar-se com um nutricionista para assegurar a ingest\u00e3o suficiente de ferro.<\/h3>\n<\/p><\/div>\n<\/p><\/div>\n","protected":false},"excerpt":{"rendered":"<p>A anemia \u00e9 uma diminui\u00e7\u00e3o nos n\u00edveis de hemoglobina, uma prote\u00edna que se encontra nos gl\u00f3bulos vermelhos, levando a altera\u00e7\u00f5es em suas fun\u00e7\u00f5es. A anemia no c\u00e2ncer de pr\u00f3stata pode ser produzida por muitas causas. O tratamento hormonal pode favorecer seu surgimento, j\u00e1 que no homem a testosterona \u00e9 uma das respons\u00e1veis pela s\u00edntese dos&hellip; <a class=\"more-link\" href=\"https:\/\/oncoalicia.com\/pt-br\/tipos-de-cancer\/prostata\/anemia\/\">Continue reading <span class=\"screen-reader-text\">Recomenda\u00e7\u00f5es diet\u00e9ticas para a anemia em c\u00e2ncer de pr\u00f3stata<\/span><\/a><\/p>\n","protected":false},"author":2,"featured_media":0,"parent":6650,"menu_order":0,"comment_status":"closed","ping_status":"closed","template":"prostata-anemia.php","meta":{"footnotes":""},"class_list":["post-6667","page","type-page","status-publish","hentry","entry"],"yoast_head":"<!-- This site is optimized with the Yoast SEO plugin v26.9 - https:\/\/yoast.com\/product\/yoast-seo-wordpress\/ -->\n<title>Nutri\u00e7\u00e3o para pacientes com c\u00e2ncer de pr\u00f3stata que apresentam anemia - Oncoalicia<\/title>\n<meta name=\"description\" content=\"Encontre recomenda\u00e7\u00f5es alimentares para pessoas com c\u00e2ncer de prostata que est\u00e3o com anemia devido ao tratamento.\" \/>\n<meta name=\"robots\" content=\"index, follow, max-snippet:-1, max-image-preview:large, max-video-preview:-1\" \/>\n<link rel=\"canonical\" href=\"https:\/\/oncoalicia.com\/pt-br\/tipos-de-cancer\/prostata\/anemia\/\" \/>\n<meta property=\"og:locale\" content=\"pt_BR\" \/>\n<meta property=\"og:type\" content=\"article\" \/>\n<meta property=\"og:title\" content=\"Nutri\u00e7\u00e3o para pacientes com c\u00e2ncer de pr\u00f3stata que apresentam anemia - Oncoalicia\" \/>\n<meta property=\"og:description\" content=\"Encontre recomenda\u00e7\u00f5es alimentares para pessoas com c\u00e2ncer de prostata que est\u00e3o com anemia devido ao tratamento.\" \/>\n<meta property=\"og:url\" content=\"https:\/\/oncoalicia.com\/pt-br\/tipos-de-cancer\/prostata\/anemia\/\" \/>\n<meta property=\"og:site_name\" content=\"Oncoalicia\" \/>\n<meta property=\"article:modified_time\" content=\"2025-07-08T07:33:52+00:00\" \/>\n<meta property=\"og:image\" content=\"https:\/\/oncoalicia.com\/wp-content\/uploads\/2022\/02\/Mejillones-arom-ticos-expr%E2%80%9As.jpg\" \/>\n<meta name=\"twitter:card\" content=\"summary_large_image\" \/>\n<meta name=\"twitter:label1\" content=\"Est. tempo de leitura\" \/>\n\t<meta name=\"twitter:data1\" content=\"4 minutos\" \/>\n<script type=\"application\/ld+json\" class=\"yoast-schema-graph\">{\"@context\":\"https:\/\/schema.org\",\"@graph\":[{\"@type\":\"WebPage\",\"@id\":\"https:\/\/oncoalicia.com\/pt-br\/tipos-de-cancer\/prostata\/anemia\/\",\"url\":\"https:\/\/oncoalicia.com\/pt-br\/tipos-de-cancer\/prostata\/anemia\/\",\"name\":\"Nutri\u00e7\u00e3o para pacientes com c\u00e2ncer de pr\u00f3stata que apresentam anemia - Oncoalicia\",\"isPartOf\":{\"@id\":\"https:\/\/oncoalicia.com\/pt-br\/#website\"},\"primaryImageOfPage\":{\"@id\":\"https:\/\/oncoalicia.com\/pt-br\/tipos-de-cancer\/prostata\/anemia\/#primaryimage\"},\"image\":{\"@id\":\"https:\/\/oncoalicia.com\/pt-br\/tipos-de-cancer\/prostata\/anemia\/#primaryimage\"},\"thumbnailUrl\":\"https:\/\/oncoalicia.com\/wp-content\/uploads\/2022\/02\/Mejillones-arom-ticos-expr%E2%80%9As.jpg\",\"datePublished\":\"2022-05-14T04:32:23+00:00\",\"dateModified\":\"2025-07-08T07:33:52+00:00\",\"description\":\"Encontre recomenda\u00e7\u00f5es alimentares para pessoas com c\u00e2ncer de prostata que est\u00e3o com anemia devido ao tratamento.\",\"breadcrumb\":{\"@id\":\"https:\/\/oncoalicia.com\/pt-br\/tipos-de-cancer\/prostata\/anemia\/#breadcrumb\"},\"inLanguage\":\"pt-BR\",\"potentialAction\":[{\"@type\":\"ReadAction\",\"target\":[\"https:\/\/oncoalicia.com\/pt-br\/tipos-de-cancer\/prostata\/anemia\/\"]}]},{\"@type\":\"ImageObject\",\"inLanguage\":\"pt-BR\",\"@id\":\"https:\/\/oncoalicia.com\/pt-br\/tipos-de-cancer\/prostata\/anemia\/#primaryimage\",\"url\":\"https:\/\/oncoalicia.com\/wp-content\/uploads\/2022\/02\/Mejillones-arom-ticos-expr%E2%80%9As.jpg\",\"contentUrl\":\"https:\/\/oncoalicia.com\/wp-content\/uploads\/2022\/02\/Mejillones-arom-ticos-expr%E2%80%9As.jpg\"},{\"@type\":\"BreadcrumbList\",\"@id\":\"https:\/\/oncoalicia.com\/pt-br\/tipos-de-cancer\/prostata\/anemia\/#breadcrumb\",\"itemListElement\":[{\"@type\":\"ListItem\",\"position\":1,\"name\":\"Portada\",\"item\":\"https:\/\/oncoalicia.com\/pt-br\/\"},{\"@type\":\"ListItem\",\"position\":2,\"name\":\"Tipos de c\u00e2ncer\",\"item\":\"https:\/\/oncoalicia.com\/pt-br\/tipos-de-cancer\/\"},{\"@type\":\"ListItem\",\"position\":3,\"name\":\"Recomenda\u00e7\u00f5es alimentares durante o tratamento do c\u00e2ncer de pr\u00f3stata\",\"item\":\"https:\/\/oncoalicia.com\/pt-br\/tipos-de-cancer\/prostata\/\"},{\"@type\":\"ListItem\",\"position\":4,\"name\":\"Recomenda\u00e7\u00f5es diet\u00e9ticas para a anemia em c\u00e2ncer de pr\u00f3stata\"}]},{\"@type\":\"WebSite\",\"@id\":\"https:\/\/oncoalicia.com\/pt-br\/#website\",\"url\":\"https:\/\/oncoalicia.com\/pt-br\/\",\"name\":\"Oncoal\u00edcia\",\"description\":\"Comer durante el Tratamiento del C\u00e1ncer\",\"publisher\":{\"@id\":\"https:\/\/oncoalicia.com\/pt-br\/#organization\"},\"alternateName\":\"Oncoal\u00edcia | Comer durante el Tratamiento del C\u00e1ncer\",\"potentialAction\":[{\"@type\":\"SearchAction\",\"target\":{\"@type\":\"EntryPoint\",\"urlTemplate\":\"https:\/\/oncoalicia.com\/pt-br\/?s={search_term_string}\"},\"query-input\":{\"@type\":\"PropertyValueSpecification\",\"valueRequired\":true,\"valueName\":\"search_term_string\"}}],\"inLanguage\":\"pt-BR\"},{\"@type\":\"Organization\",\"@id\":\"https:\/\/oncoalicia.com\/pt-br\/#organization\",\"name\":\"Oncoal\u00edcia\",\"alternateName\":\"Oncoal\u00edcia | Comer durante el Tratamiento del C\u00e1ncer\",\"url\":\"https:\/\/oncoalicia.com\/pt-br\/\",\"logo\":{\"@type\":\"ImageObject\",\"inLanguage\":\"pt-BR\",\"@id\":\"https:\/\/oncoalicia.com\/pt-br\/#\/schema\/logo\/image\/\",\"url\":\"https:\/\/oncoalicia.com\/wp-content\/uploads\/2022\/11\/logo_rrss.png\",\"contentUrl\":\"https:\/\/oncoalicia.com\/wp-content\/uploads\/2022\/11\/logo_rrss.png\",\"width\":300,\"height\":300,\"caption\":\"Oncoal\u00edcia\"},\"image\":{\"@id\":\"https:\/\/oncoalicia.com\/pt-br\/#\/schema\/logo\/image\/\"}}]}<\/script>\n<!-- \/ Yoast SEO plugin. -->","yoast_head_json":{"title":"Nutri\u00e7\u00e3o para pacientes com c\u00e2ncer de pr\u00f3stata que apresentam anemia - Oncoalicia","description":"Encontre recomenda\u00e7\u00f5es alimentares para pessoas com c\u00e2ncer de prostata que est\u00e3o com anemia devido ao tratamento.","robots":{"index":"index","follow":"follow","max-snippet":"max-snippet:-1","max-image-preview":"max-image-preview:large","max-video-preview":"max-video-preview:-1"},"canonical":"https:\/\/oncoalicia.com\/pt-br\/tipos-de-cancer\/prostata\/anemia\/","og_locale":"pt_BR","og_type":"article","og_title":"Nutri\u00e7\u00e3o para pacientes com c\u00e2ncer de pr\u00f3stata que apresentam anemia - Oncoalicia","og_description":"Encontre recomenda\u00e7\u00f5es alimentares para pessoas com c\u00e2ncer de prostata que est\u00e3o com anemia devido ao tratamento.","og_url":"https:\/\/oncoalicia.com\/pt-br\/tipos-de-cancer\/prostata\/anemia\/","og_site_name":"Oncoalicia","article_modified_time":"2025-07-08T07:33:52+00:00","og_image":[{"url":"https:\/\/oncoalicia.com\/wp-content\/uploads\/2022\/02\/Mejillones-arom-ticos-expr%E2%80%9As.jpg","type":"","width":"","height":""}],"twitter_card":"summary_large_image","twitter_misc":{"Est. tempo de leitura":"4 minutos"},"schema":{"@context":"https:\/\/schema.org","@graph":[{"@type":"WebPage","@id":"https:\/\/oncoalicia.com\/pt-br\/tipos-de-cancer\/prostata\/anemia\/","url":"https:\/\/oncoalicia.com\/pt-br\/tipos-de-cancer\/prostata\/anemia\/","name":"Nutri\u00e7\u00e3o para pacientes com c\u00e2ncer de pr\u00f3stata que apresentam anemia - Oncoalicia","isPartOf":{"@id":"https:\/\/oncoalicia.com\/pt-br\/#website"},"primaryImageOfPage":{"@id":"https:\/\/oncoalicia.com\/pt-br\/tipos-de-cancer\/prostata\/anemia\/#primaryimage"},"image":{"@id":"https:\/\/oncoalicia.com\/pt-br\/tipos-de-cancer\/prostata\/anemia\/#primaryimage"},"thumbnailUrl":"https:\/\/oncoalicia.com\/wp-content\/uploads\/2022\/02\/Mejillones-arom-ticos-expr%E2%80%9As.jpg","datePublished":"2022-05-14T04:32:23+00:00","dateModified":"2025-07-08T07:33:52+00:00","description":"Encontre recomenda\u00e7\u00f5es alimentares para pessoas com c\u00e2ncer de prostata que est\u00e3o com anemia devido ao tratamento.","breadcrumb":{"@id":"https:\/\/oncoalicia.com\/pt-br\/tipos-de-cancer\/prostata\/anemia\/#breadcrumb"},"inLanguage":"pt-BR","potentialAction":[{"@type":"ReadAction","target":["https:\/\/oncoalicia.com\/pt-br\/tipos-de-cancer\/prostata\/anemia\/"]}]},{"@type":"ImageObject","inLanguage":"pt-BR","@id":"https:\/\/oncoalicia.com\/pt-br\/tipos-de-cancer\/prostata\/anemia\/#primaryimage","url":"https:\/\/oncoalicia.com\/wp-content\/uploads\/2022\/02\/Mejillones-arom-ticos-expr%E2%80%9As.jpg","contentUrl":"https:\/\/oncoalicia.com\/wp-content\/uploads\/2022\/02\/Mejillones-arom-ticos-expr%E2%80%9As.jpg"},{"@type":"BreadcrumbList","@id":"https:\/\/oncoalicia.com\/pt-br\/tipos-de-cancer\/prostata\/anemia\/#breadcrumb","itemListElement":[{"@type":"ListItem","position":1,"name":"Portada","item":"https:\/\/oncoalicia.com\/pt-br\/"},{"@type":"ListItem","position":2,"name":"Tipos de c\u00e2ncer","item":"https:\/\/oncoalicia.com\/pt-br\/tipos-de-cancer\/"},{"@type":"ListItem","position":3,"name":"Recomenda\u00e7\u00f5es alimentares durante o tratamento do c\u00e2ncer de pr\u00f3stata","item":"https:\/\/oncoalicia.com\/pt-br\/tipos-de-cancer\/prostata\/"},{"@type":"ListItem","position":4,"name":"Recomenda\u00e7\u00f5es diet\u00e9ticas para a anemia em c\u00e2ncer de pr\u00f3stata"}]},{"@type":"WebSite","@id":"https:\/\/oncoalicia.com\/pt-br\/#website","url":"https:\/\/oncoalicia.com\/pt-br\/","name":"Oncoal\u00edcia","description":"Comer durante el Tratamiento del C\u00e1ncer","publisher":{"@id":"https:\/\/oncoalicia.com\/pt-br\/#organization"},"alternateName":"Oncoal\u00edcia | Comer durante el Tratamiento del C\u00e1ncer","potentialAction":[{"@type":"SearchAction","target":{"@type":"EntryPoint","urlTemplate":"https:\/\/oncoalicia.com\/pt-br\/?s={search_term_string}"},"query-input":{"@type":"PropertyValueSpecification","valueRequired":true,"valueName":"search_term_string"}}],"inLanguage":"pt-BR"},{"@type":"Organization","@id":"https:\/\/oncoalicia.com\/pt-br\/#organization","name":"Oncoal\u00edcia","alternateName":"Oncoal\u00edcia | Comer durante el Tratamiento del C\u00e1ncer","url":"https:\/\/oncoalicia.com\/pt-br\/","logo":{"@type":"ImageObject","inLanguage":"pt-BR","@id":"https:\/\/oncoalicia.com\/pt-br\/#\/schema\/logo\/image\/","url":"https:\/\/oncoalicia.com\/wp-content\/uploads\/2022\/11\/logo_rrss.png","contentUrl":"https:\/\/oncoalicia.com\/wp-content\/uploads\/2022\/11\/logo_rrss.png","width":300,"height":300,"caption":"Oncoal\u00edcia"},"image":{"@id":"https:\/\/oncoalicia.com\/pt-br\/#\/schema\/logo\/image\/"}}]}},"_links":{"self":[{"href":"https:\/\/oncoalicia.com\/pt-br\/wp-json\/wp\/v2\/pages\/6667","targetHints":{"allow":["GET"]}}],"collection":[{"href":"https:\/\/oncoalicia.com\/pt-br\/wp-json\/wp\/v2\/pages"}],"about":[{"href":"https:\/\/oncoalicia.com\/pt-br\/wp-json\/wp\/v2\/types\/page"}],"author":[{"embeddable":true,"href":"https:\/\/oncoalicia.com\/pt-br\/wp-json\/wp\/v2\/users\/2"}],"replies":[{"embeddable":true,"href":"https:\/\/oncoalicia.com\/pt-br\/wp-json\/wp\/v2\/comments?post=6667"}],"version-history":[{"count":0,"href":"https:\/\/oncoalicia.com\/pt-br\/wp-json\/wp\/v2\/pages\/6667\/revisions"}],"up":[{"embeddable":true,"href":"https:\/\/oncoalicia.com\/pt-br\/wp-json\/wp\/v2\/pages\/6650"}],"wp:attachment":[{"href":"https:\/\/oncoalicia.com\/pt-br\/wp-json\/wp\/v2\/media?parent=6667"}],"curies":[{"name":"wp","href":"https:\/\/api.w.org\/{rel}","templated":true}]}}