{"id":6675,"date":"2022-05-14T06:53:18","date_gmt":"2022-05-14T06:53:18","guid":{"rendered":"https:\/\/oncoalicia.com\/?page_id=6675"},"modified":"2025-07-08T07:36:42","modified_gmt":"2025-07-08T07:36:42","slug":"hiperlipidemia","status":"publish","type":"page","link":"https:\/\/oncoalicia.com\/pt-br\/tipos-de-cancer\/prostata\/hiperlipidemia\/","title":{"rendered":"Recomenda\u00e7\u00f5es diet\u00e9ticas para a hiperlipidemia em c\u00e2ncer de pr\u00f3stata"},"content":{"rendered":"<div class=\"row\">\n<div class=\"col-md-12 subtitle-mitos text-left\">\n<p>Refere-se \u00e0 presen\u00e7a de um n\u00edvel elevado de lip\u00eddios no sangue e \u00e9 uma das consequ\u00eancias que podem decorrer dos tratamentos hormonais do c\u00e2ncer de pr\u00f3stata. Entre esses lip\u00eddios, destacam-se o colesterol e os triglicer\u00eddios, que s\u00e3o mol\u00e9culas que interv\u00eam em muit.<br \/>\nos processos e, inclusive, fazem parte, de maneira natural, da composi\u00e7\u00e3o de nossas c\u00e9lulas. Quando h\u00e1 excesso dessas mol\u00e9culas, elas se acumulam nas art\u00e9rias, aumentando o risco de doen\u00e7as cardiovasculares.<\/p>\n<\/p><\/div>\n<\/p><\/div>\n<div class=\"row p-40 w-60\">\n<div class=\"col-md-12 text-center\">\n<h2 class=\"h3 recomanem-efectes-cancer\">O QUE RECOMENDAMOS?<\/h2>\n<\/p><\/div>\n<div class=\"col-md-12 p-10 text-center\">\n<h3><a class=\"btn-orange recomanacions-tipus-cancer\" data-toggle=\"collapse\" href=\"#collapseExample-1\" role=\"button\" aria-expanded=\"false\" aria-controls=\"collapseExample\">Seguir uma alimenta\u00e7\u00e3o saud\u00e1vel e equilibrada. <i class=\"fa fa-angle-down\" aria-hidden=\"true\"><\/i><br \/>\n              <\/a><\/h3>\n<div class=\"collapse\" id=\"collapseExample-1\">\n<div class=\"card-body\">\n<div class=\"row\">\n<div class=\"col-md-12 descrip\">\n<p>Baseada em alimentos in natura e minimamente processados e priorizando os alimentos de origem vegetal, equilibrada em alimentos de origem animal e limitada em gorduras saturadas e a\u00e7\u00facares:<\/p>\n<\/p><\/div>\n<\/p><\/div>\n<div class=\"row\">\n<div class=\"col-md-12\">\n<table>\n<tr>\n<td colspan=\"2\" class=\"table-title\">Alimentos recomendados na hiperlipidemia*<\/td>\n<\/tr>\n<tr>\n<td>\n                                <b>Alimentos de origem vegetal n\u00e3o refinados<\/b>\n                              <\/td>\n<td align=\"left\">\nVerduras e frutas da \u00e9poca diariamente.<br \/>\nLeguminosas (soja, lentilhas, favas, ervilhas, gr\u00e3o-de-bico).<br \/>\nCereais integrais (arroz, massa, p\u00e3o) ou completos: aveia, cevada ou centeio (em flocos, farinha, farelo ou gr\u00e3o).<br \/>\nTub\u00e9rculos.<br \/>\nCogumelos.\n                              <\/td>\n<\/tr>\n<tr>\n<td>\n                                <b>Alimentos ricos em gorduras saud\u00e1veis para o cora\u00e7\u00e3o (insaturadas)<\/b>\n                              <\/td>\n<td align=\"left\">\nPeixe gordo.<br \/>\nFrutos secos\/oleaginosas naturais e sementes, nem fritos nem salgados.<br \/>\nAzeite de oliva extra virgem ou virgem extra.\n                              <\/td>\n<\/tr>\n<tr>\n<td>\n                                <b>Alimentos de origem animal com baixo teor de gorduras (saturadas)<\/b>\n                              <\/td>\n<td align=\"left\">\nLatic\u00ednios desnatados ou semidesnatados e sem a\u00e7\u00facares adicionados.<br \/>\nCarnes magras (bovina, frango, peru etc.).<br \/>\nOvos.<br \/>\nPeixe magro e alguns frutos do mar (camar\u00f5es grandes, s\u00e9pia, lula, camar\u00f5es pequenos, mexilh\u00f5es etc.) \n                              <\/td>\n<\/tr>\n<\/table><\/div>\n<div class=\"col-md-12 text-center\">\n<div class=\"row\">\n<div class=\"col-md-12 recetas-sug\">\n                              <b>Algumas receitas sugeridas:<\/b>\n                            <\/div>\n<\/p><\/div>\n<div class=\"row\">\n<div class=\"col-md-4 col-sm-6 text-center recetitas\">\n                                <a href=\"\/pt-br\/receitas\/hamburguer-de-sardinhas-em-conserva\/\"><\/p>\n<div class=\"cuadro-receta-2 text-center\">\n                                        <img decoding=\"async\" src=\"http:\/\/oncoalicia.com\/wp-content\/uploads\/2022\/03\/Hamburguesa-de-sardinas-en-conserva-1463x2048.jpg\" class=\"w-50\"><\/p>\n<div class=\"txt-mito\">\nHamb\u00farguer de sardinhas em conserva<\/p><\/div>\n<\/p><\/div>\n<p>                                <\/a>\n                            <\/div>\n<div class=\"col-md-4 col-sm-6 text-center recetitas\">\n                                <a href=\"\/pt-br\/receitas\/salada-de-tres-cereais-com-salmao\/\"><\/p>\n<div class=\"cuadro-receta-2 text-center\">\n                                        <img decoding=\"async\" src=\"https:\/\/oncoalicia.com\/wp-content\/uploads\/2021\/10\/Ensalada-tres-cereales-con-salmon.jpg\" class=\"w-50\"><\/p>\n<div class=\"txt-mito\">\nSalada de tr\u00eas cereais com salm\u00e3o<\/p><\/div>\n<\/p><\/div>\n<p>                                <\/a>\n                            <\/div>\n<div class=\"col-md-4 col-sm-6 text-center recetitas\">\n                                <a href=\"\/pt-br\/receitas\/salada-verde-com-feijao-branco-e-tempero-de-azeitonas-pretas\/\"><\/p>\n<div class=\"cuadro-receta-2 text-center\">\n                                        <img decoding=\"async\" src=\"https:\/\/oncoalicia.com\/wp-content\/uploads\/2022\/02\/Ensalada-verde-con-alubias-y-ali%E0%B8%84o.jpg\" class=\"w-50\"><\/p>\n<div class=\"txt-mito\">\nSalada verde com feij\u00e3o-branco e tempero de azeitonas pretas<\/p><\/div>\n<\/p><\/div>\n<p>                                <\/a>\n                            <\/div>\n<\/p><\/div>\n<div class=\"row\">\n<div class=\"col-md-4 col-sm-6 text-center recetitas\">\n                            <\/div>\n<div class=\"col-md-4 col-sm-6 text-center recetitas\">\n                                <a href=\"\/pt-br\/receitas\/cuscuz-de-sardinha-e-abobrinha\/\"><\/p>\n<div class=\"cuadro-receta-2 text-center\">\n                                        <img decoding=\"async\" src=\"https:\/\/oncoalicia.com\/wp-content\/uploads\/2023\/10\/Cuscuz-de-sardinha-e-abobrinha-1.jpg\" class=\"w-50\"><\/p>\n<div class=\"txt-mito\">\nCuscuz de sardinha e abobrinha<\/p><\/div>\n<\/p><\/div>\n<p>                                <\/a>\n                            <\/div>\n<div class=\"col-md-4 col-sm-6 text-center recetitas\">\n                            <\/div>\n<\/p><\/div>\n<\/p><\/div>\n<div class=\"col-md-12 text-center\">\n<div class=\"row\">\n<div class=\"col-md-4 col-sm-6 text-center recetitas\">\n                            <\/div>\n<div class=\"col-md-4 col-sm-6 text-center recetitas\">\n                                <a href=\"\/pt-br\/receitas\/mingau-de-aveia-com-frutas\/\"><\/p>\n<div class=\"cuadro-receta-2 text-center\">\n                                        <img decoding=\"async\" src=\"http:\/\/oncoalicia.com\/wp-content\/uploads\/2022\/03\/Porridge-de-avena-con-fruta-1463x2048.jpg\" class=\"w-50\"><\/p>\n<div class=\"txt-mito\">\n &#8216;Porridge&#8217; de avena con fruta\n                                        <\/div>\n<\/p><\/div>\n<p>                                <\/a>\n                            <\/div>\n<div class=\"col-md-4 col-sm-6 text-center recetitas\">\n                            <\/div>\n<\/p><\/div>\n<\/p><\/div>\n<\/p><\/div>\n<\/p><\/div>\n<\/p><\/div>\n<\/p><\/div>\n<div class=\"col-md-12 p-10 text-center\">\n<h3><a class=\"btn-orange recomanacions-tipus-cancer\" data-toggle=\"collapse\" href=\"#collapseExample-2\" role=\"button\" aria-expanded=\"false\" aria-controls=\"collapseExample\">Evitar alimentos com gorduras saturadas, gorduras trans, a\u00e7\u00facares ou \u00e1lcool. <i class=\"fa fa-angle-down\" aria-hidden=\"true\"><\/i><br \/>\n              <\/a><\/h3>\n<div class=\"collapse\" id=\"collapseExample-2\">\n<div class=\"card-body\">\n<div class=\"row\">\n<div class=\"col-md-12\">\n<table>\n<tr>\n<td colspan=\"2\" class=\"table-title\">Alimentos a evitar na hiperlipidemia<\/td>\n<\/tr>\n<tr>\n<td>\n                                <b>Alimentos ricos em gorduras saturadas<\/b>\n                              <\/td>\n<td align=\"left\">\n Latic\u00ednios integrais, creme de leite, queijos cremosos, curados, queijinhos moles\/fundido (tipo polenguinho).<br \/>\nCarnes gordurosas e v\u00edsceras.<br \/>\nCarnes processadas e embutidos (bacon, salame, presunto, chouri\u00e7o, fuet*, lingui\u00e7a etc.).<br \/>\nManteiga e banha de porco.<br \/>\nConfeitaria e doces industrializados.<br \/>\nSnacks fritos ou muito condimentados em sal e aromatizantes.<br \/>\nAlimentos ultraprocessados, semiprontos (bolinhos, pizzas, nuggets etc.).\n                              <\/td>\n<\/tr>\n<tr>\n<td>\n                                <b>Alimentos ricos em gorduras trans<\/b>\n                              <\/td>\n<td align=\"left\">\n Produtos que contenham gordura vegetal hidrogenada em seus r\u00f3tulos, como algumas margarinas e alimentos industrializados (biscoitos, batatas fritas, bolinhos, misturas embaladas ou processados).                              <\/td>\n<\/tr>\n<tr>\n<td>\n                                <b>Alimentos ricos em a\u00e7\u00facares simples<\/b>\n                              <\/td>\n<td align=\"left\">\nA\u00e7\u00facar, mel, geleia.<br \/>\nAchocolatados.<br \/>\nBombons.<br \/>\nChocolate.<br \/>\nGuloseimas.<br \/>\nBebidas gaseificadas <br \/>\nN\u00e9ctar<br \/>\nBiscoitos, cereais matinais, bolinhos, produtos de confeitaria.<br \/>\nMolhos comerciais.\n                              <\/td>\n<\/tr>\n<tr>\n<td>\n                                <b>\u00c1lcool<\/b>\n                              <\/td>\n<td align=\"left\">\nVinho, cerveja e destilados.\n                              <\/td>\n<\/tr>\n<\/table><\/div>\n<\/p><\/div>\n<\/p><\/div>\n<\/p><\/div>\n<\/p><\/div>\n<div class=\"col-md-12 p-10 text-center\">\n<h3><a class=\"btn-orange recomanacions-tipus-cancer\" data-toggle=\"collapse\" href=\"#collapseExample-3\" role=\"button\" aria-expanded=\"false\" aria-controls=\"collapseExample\">Ler o r\u00f3tulo dos alimentos se n\u00e3o for poss\u00edvel escolher alimentos frescos e pouco processados. <i class=\"fa fa-angle-down\" aria-hidden=\"true\"><\/i><br \/>\n              <\/a><\/h3>\n<div class=\"collapse\" id=\"collapseExample-3\">\n<div class=\"card-body\">\n<div class=\"row\">\n<div class=\"col-md-12 descrip\">\n<p>Especialmente ao consumir produtos industrializados (semiprontos, biscoitos, produtos de confeitaria, molhos, snacks etc.), para priorizar aqueles com menor conte\u00fado de gorduras, sobretudo de gorduras saturadas.<\/p>\n<\/p><\/div>\n<\/p><\/div>\n<\/p><\/div>\n<\/p><\/div>\n<\/p><\/div>\n<div class=\"col-md-12 p-10 text-center\">\n<h3><a class=\"btn-orange recomanacions-tipus-cancer\" data-toggle=\"collapse\" href=\"#collapseExample-4\" role=\"button\" aria-expanded=\"false\" aria-controls=\"collapseExample\">Ajustar o toamanho das por\u00e7\u00f5es. <i class=\"fa fa-angle-down\" aria-hidden=\"true\"><\/i><br \/>\n              <\/a><\/h3>\n<div class=\"collapse\" id=\"collapseExample-4\">\n<div class=\"card-body\">\n<div class=\"row\">\n<div class=\"col-md-12 descrip\">\n<p>Evitar grandes ingest\u00f5es em uma mesma refei\u00e7\u00e3o para que o f\u00edgado n\u00e3o transforme o excedente cal\u00f3rico em triglicer\u00eddios, aumentando o risco de doen\u00e7as cardiovasculares e f\u00edgado gorduroso (esteatose hep\u00e1tica).<\/p>\n<\/p><\/div>\n<\/p><\/div>\n<\/p><\/div>\n<\/p><\/div>\n<\/p><\/div>\n<div class=\"col-md-12 p-10 text-center\">\n<h3><a class=\"btn-orange recomanacions-tipus-cancer\" data-toggle=\"collapse\" href=\"#collapseExample-5\" role=\"button\" aria-expanded=\"false\" aria-controls=\"collapseExample\">Reduzir e\/ou evitar os alimentos fritos e empanados. <i class=\"fa fa-angle-down\" aria-hidden=\"true\"><\/i><br \/>\n              <\/a><\/h3>\n<div class=\"collapse\" id=\"collapseExample-5\">\n<div class=\"card-body\">\n<div class=\"row\">\n<div class=\"col-md-12 descrip\">\n<p>Preferir as coc\u00e7\u00f5es no forno, no vapor, grelhadas, em papilote e no micro-ondas.<\/p>\n<\/p><\/div>\n<\/p><\/div>\n<\/p><\/div>\n<\/p><\/div>\n<\/p><\/div>\n<div class=\"col-md-12 p-10 text-center\">\n<h3><a class=\"btn-orange recomanacions-tipus-cancer\" data-toggle=\"collapse\" href=\"#collapseExample-6\" role=\"button\" aria-expanded=\"false\" aria-controls=\"collapseExample\">Levar em considera\u00e7\u00e3o outros sintomas relacionados. <i class=\"fa fa-angle-down\" aria-hidden=\"true\"><\/i><br \/>\n              <\/a><\/h3>\n<div class=\"collapse\" id=\"collapseExample-6\">\n<div class=\"card-body\">\n<div class=\"row\">\n<div class=\"col-md-12 descrip\">\n<p>A hiperlipidemia \u00e9 um sintoma que costuma aparecer com a hipertens\u00e3o e a hiperglicemia . Esse fen\u00f4meno se denomina s\u00edndrome metab\u00f3lica, e diferentes aspectos dever\u00e3o ser considerados conjuntamente para assegurar uma alimenta\u00e7\u00e3o adequada nessa condi\u00e7\u00e3o.<\/p>\n<\/p><\/div>\n<\/p><\/div>\n<\/p><\/div>\n<\/p><\/div>\n<\/p><\/div>\n<\/p><\/div>\n","protected":false},"excerpt":{"rendered":"<p>Refere-se \u00e0 presen\u00e7a de um n\u00edvel elevado de lip\u00eddios no sangue e \u00e9 uma das consequ\u00eancias que podem decorrer dos tratamentos hormonais do c\u00e2ncer de pr\u00f3stata. Entre esses lip\u00eddios, destacam-se o colesterol e os triglicer\u00eddios, que s\u00e3o mol\u00e9culas que interv\u00eam em muit. os processos e, inclusive, fazem parte, de maneira natural, da composi\u00e7\u00e3o de nossas&hellip; <a class=\"more-link\" href=\"https:\/\/oncoalicia.com\/pt-br\/tipos-de-cancer\/prostata\/hiperlipidemia\/\">Continue reading <span class=\"screen-reader-text\">Recomenda\u00e7\u00f5es diet\u00e9ticas para a hiperlipidemia em c\u00e2ncer de pr\u00f3stata<\/span><\/a><\/p>\n","protected":false},"author":2,"featured_media":0,"parent":6650,"menu_order":0,"comment_status":"closed","ping_status":"closed","template":"prostata-hiperlipemia.php","meta":{"footnotes":""},"class_list":["post-6675","page","type-page","status-publish","hentry","entry"],"yoast_head":"<!-- This site is optimized with the Yoast SEO plugin v26.9 - https:\/\/yoast.com\/product\/yoast-seo-wordpress\/ -->\n<title>Nutri\u00e7\u00e3o para pacientes com c\u00e2ncer de pr\u00f3stata que apresentam hiperlipidemia - Oncoalicia<\/title>\n<meta name=\"description\" content=\"Encontre recomenda\u00e7\u00f5es alimentares para pessoas com c\u00e2ncer de prostata que est\u00e3o com hiperlipidemia devido ao tratamento.\" \/>\n<meta name=\"robots\" content=\"index, follow, max-snippet:-1, max-image-preview:large, max-video-preview:-1\" \/>\n<link rel=\"canonical\" href=\"https:\/\/oncoalicia.com\/pt-br\/tipos-de-cancer\/prostata\/hiperlipidemia\/\" \/>\n<meta property=\"og:locale\" content=\"pt_BR\" \/>\n<meta property=\"og:type\" content=\"article\" \/>\n<meta property=\"og:title\" content=\"Nutri\u00e7\u00e3o para pacientes com c\u00e2ncer de pr\u00f3stata que apresentam hiperlipidemia - Oncoalicia\" \/>\n<meta property=\"og:description\" content=\"Encontre recomenda\u00e7\u00f5es alimentares para pessoas com c\u00e2ncer de prostata que est\u00e3o com hiperlipidemia devido ao tratamento.\" \/>\n<meta property=\"og:url\" content=\"https:\/\/oncoalicia.com\/pt-br\/tipos-de-cancer\/prostata\/hiperlipidemia\/\" \/>\n<meta property=\"og:site_name\" content=\"Oncoalicia\" \/>\n<meta property=\"article:modified_time\" content=\"2025-07-08T07:36:42+00:00\" \/>\n<meta property=\"og:image\" content=\"http:\/\/oncoalicia.com\/wp-content\/uploads\/2022\/03\/Hamburguesa-de-sardinas-en-conserva-1463x2048.jpg\" \/>\n<meta name=\"twitter:card\" content=\"summary_large_image\" \/>\n<meta name=\"twitter:label1\" content=\"Est. tempo de leitura\" \/>\n\t<meta name=\"twitter:data1\" content=\"4 minutos\" \/>\n<script type=\"application\/ld+json\" class=\"yoast-schema-graph\">{\"@context\":\"https:\/\/schema.org\",\"@graph\":[{\"@type\":\"WebPage\",\"@id\":\"https:\/\/oncoalicia.com\/pt-br\/tipos-de-cancer\/prostata\/hiperlipidemia\/\",\"url\":\"https:\/\/oncoalicia.com\/pt-br\/tipos-de-cancer\/prostata\/hiperlipidemia\/\",\"name\":\"Nutri\u00e7\u00e3o para pacientes com c\u00e2ncer de pr\u00f3stata que apresentam hiperlipidemia - Oncoalicia\",\"isPartOf\":{\"@id\":\"https:\/\/oncoalicia.com\/pt-br\/#website\"},\"primaryImageOfPage\":{\"@id\":\"https:\/\/oncoalicia.com\/pt-br\/tipos-de-cancer\/prostata\/hiperlipidemia\/#primaryimage\"},\"image\":{\"@id\":\"https:\/\/oncoalicia.com\/pt-br\/tipos-de-cancer\/prostata\/hiperlipidemia\/#primaryimage\"},\"thumbnailUrl\":\"http:\/\/oncoalicia.com\/wp-content\/uploads\/2022\/03\/Hamburguesa-de-sardinas-en-conserva-1463x2048.jpg\",\"datePublished\":\"2022-05-14T06:53:18+00:00\",\"dateModified\":\"2025-07-08T07:36:42+00:00\",\"description\":\"Encontre recomenda\u00e7\u00f5es alimentares para pessoas com c\u00e2ncer de prostata que est\u00e3o com hiperlipidemia devido ao tratamento.\",\"breadcrumb\":{\"@id\":\"https:\/\/oncoalicia.com\/pt-br\/tipos-de-cancer\/prostata\/hiperlipidemia\/#breadcrumb\"},\"inLanguage\":\"pt-BR\",\"potentialAction\":[{\"@type\":\"ReadAction\",\"target\":[\"https:\/\/oncoalicia.com\/pt-br\/tipos-de-cancer\/prostata\/hiperlipidemia\/\"]}]},{\"@type\":\"ImageObject\",\"inLanguage\":\"pt-BR\",\"@id\":\"https:\/\/oncoalicia.com\/pt-br\/tipos-de-cancer\/prostata\/hiperlipidemia\/#primaryimage\",\"url\":\"http:\/\/oncoalicia.com\/wp-content\/uploads\/2022\/03\/Hamburguesa-de-sardinas-en-conserva-1463x2048.jpg\",\"contentUrl\":\"http:\/\/oncoalicia.com\/wp-content\/uploads\/2022\/03\/Hamburguesa-de-sardinas-en-conserva-1463x2048.jpg\"},{\"@type\":\"BreadcrumbList\",\"@id\":\"https:\/\/oncoalicia.com\/pt-br\/tipos-de-cancer\/prostata\/hiperlipidemia\/#breadcrumb\",\"itemListElement\":[{\"@type\":\"ListItem\",\"position\":1,\"name\":\"Portada\",\"item\":\"https:\/\/oncoalicia.com\/pt-br\/\"},{\"@type\":\"ListItem\",\"position\":2,\"name\":\"Tipos de c\u00e2ncer\",\"item\":\"https:\/\/oncoalicia.com\/pt-br\/tipos-de-cancer\/\"},{\"@type\":\"ListItem\",\"position\":3,\"name\":\"Recomenda\u00e7\u00f5es alimentares durante o tratamento do c\u00e2ncer de pr\u00f3stata\",\"item\":\"https:\/\/oncoalicia.com\/pt-br\/tipos-de-cancer\/prostata\/\"},{\"@type\":\"ListItem\",\"position\":4,\"name\":\"Recomenda\u00e7\u00f5es diet\u00e9ticas para a hiperlipidemia em c\u00e2ncer de pr\u00f3stata\"}]},{\"@type\":\"WebSite\",\"@id\":\"https:\/\/oncoalicia.com\/pt-br\/#website\",\"url\":\"https:\/\/oncoalicia.com\/pt-br\/\",\"name\":\"Oncoal\u00edcia\",\"description\":\"Comer durante el Tratamiento del C\u00e1ncer\",\"publisher\":{\"@id\":\"https:\/\/oncoalicia.com\/pt-br\/#organization\"},\"alternateName\":\"Oncoal\u00edcia | Comer durante el Tratamiento del C\u00e1ncer\",\"potentialAction\":[{\"@type\":\"SearchAction\",\"target\":{\"@type\":\"EntryPoint\",\"urlTemplate\":\"https:\/\/oncoalicia.com\/pt-br\/?s={search_term_string}\"},\"query-input\":{\"@type\":\"PropertyValueSpecification\",\"valueRequired\":true,\"valueName\":\"search_term_string\"}}],\"inLanguage\":\"pt-BR\"},{\"@type\":\"Organization\",\"@id\":\"https:\/\/oncoalicia.com\/pt-br\/#organization\",\"name\":\"Oncoal\u00edcia\",\"alternateName\":\"Oncoal\u00edcia | Comer durante el Tratamiento del C\u00e1ncer\",\"url\":\"https:\/\/oncoalicia.com\/pt-br\/\",\"logo\":{\"@type\":\"ImageObject\",\"inLanguage\":\"pt-BR\",\"@id\":\"https:\/\/oncoalicia.com\/pt-br\/#\/schema\/logo\/image\/\",\"url\":\"https:\/\/oncoalicia.com\/wp-content\/uploads\/2022\/11\/logo_rrss.png\",\"contentUrl\":\"https:\/\/oncoalicia.com\/wp-content\/uploads\/2022\/11\/logo_rrss.png\",\"width\":300,\"height\":300,\"caption\":\"Oncoal\u00edcia\"},\"image\":{\"@id\":\"https:\/\/oncoalicia.com\/pt-br\/#\/schema\/logo\/image\/\"}}]}<\/script>\n<!-- \/ Yoast SEO plugin. -->","yoast_head_json":{"title":"Nutri\u00e7\u00e3o para pacientes com c\u00e2ncer de pr\u00f3stata que apresentam hiperlipidemia - Oncoalicia","description":"Encontre recomenda\u00e7\u00f5es alimentares para pessoas com c\u00e2ncer de prostata que est\u00e3o com hiperlipidemia devido ao tratamento.","robots":{"index":"index","follow":"follow","max-snippet":"max-snippet:-1","max-image-preview":"max-image-preview:large","max-video-preview":"max-video-preview:-1"},"canonical":"https:\/\/oncoalicia.com\/pt-br\/tipos-de-cancer\/prostata\/hiperlipidemia\/","og_locale":"pt_BR","og_type":"article","og_title":"Nutri\u00e7\u00e3o para pacientes com c\u00e2ncer de pr\u00f3stata que apresentam hiperlipidemia - Oncoalicia","og_description":"Encontre recomenda\u00e7\u00f5es alimentares para pessoas com c\u00e2ncer de prostata que est\u00e3o com hiperlipidemia devido ao tratamento.","og_url":"https:\/\/oncoalicia.com\/pt-br\/tipos-de-cancer\/prostata\/hiperlipidemia\/","og_site_name":"Oncoalicia","article_modified_time":"2025-07-08T07:36:42+00:00","og_image":[{"url":"http:\/\/oncoalicia.com\/wp-content\/uploads\/2022\/03\/Hamburguesa-de-sardinas-en-conserva-1463x2048.jpg","type":"","width":"","height":""}],"twitter_card":"summary_large_image","twitter_misc":{"Est. tempo de leitura":"4 minutos"},"schema":{"@context":"https:\/\/schema.org","@graph":[{"@type":"WebPage","@id":"https:\/\/oncoalicia.com\/pt-br\/tipos-de-cancer\/prostata\/hiperlipidemia\/","url":"https:\/\/oncoalicia.com\/pt-br\/tipos-de-cancer\/prostata\/hiperlipidemia\/","name":"Nutri\u00e7\u00e3o para pacientes com c\u00e2ncer de pr\u00f3stata que apresentam hiperlipidemia - Oncoalicia","isPartOf":{"@id":"https:\/\/oncoalicia.com\/pt-br\/#website"},"primaryImageOfPage":{"@id":"https:\/\/oncoalicia.com\/pt-br\/tipos-de-cancer\/prostata\/hiperlipidemia\/#primaryimage"},"image":{"@id":"https:\/\/oncoalicia.com\/pt-br\/tipos-de-cancer\/prostata\/hiperlipidemia\/#primaryimage"},"thumbnailUrl":"http:\/\/oncoalicia.com\/wp-content\/uploads\/2022\/03\/Hamburguesa-de-sardinas-en-conserva-1463x2048.jpg","datePublished":"2022-05-14T06:53:18+00:00","dateModified":"2025-07-08T07:36:42+00:00","description":"Encontre recomenda\u00e7\u00f5es alimentares para pessoas com c\u00e2ncer de prostata que est\u00e3o com hiperlipidemia devido ao tratamento.","breadcrumb":{"@id":"https:\/\/oncoalicia.com\/pt-br\/tipos-de-cancer\/prostata\/hiperlipidemia\/#breadcrumb"},"inLanguage":"pt-BR","potentialAction":[{"@type":"ReadAction","target":["https:\/\/oncoalicia.com\/pt-br\/tipos-de-cancer\/prostata\/hiperlipidemia\/"]}]},{"@type":"ImageObject","inLanguage":"pt-BR","@id":"https:\/\/oncoalicia.com\/pt-br\/tipos-de-cancer\/prostata\/hiperlipidemia\/#primaryimage","url":"http:\/\/oncoalicia.com\/wp-content\/uploads\/2022\/03\/Hamburguesa-de-sardinas-en-conserva-1463x2048.jpg","contentUrl":"http:\/\/oncoalicia.com\/wp-content\/uploads\/2022\/03\/Hamburguesa-de-sardinas-en-conserva-1463x2048.jpg"},{"@type":"BreadcrumbList","@id":"https:\/\/oncoalicia.com\/pt-br\/tipos-de-cancer\/prostata\/hiperlipidemia\/#breadcrumb","itemListElement":[{"@type":"ListItem","position":1,"name":"Portada","item":"https:\/\/oncoalicia.com\/pt-br\/"},{"@type":"ListItem","position":2,"name":"Tipos de c\u00e2ncer","item":"https:\/\/oncoalicia.com\/pt-br\/tipos-de-cancer\/"},{"@type":"ListItem","position":3,"name":"Recomenda\u00e7\u00f5es alimentares durante o tratamento do c\u00e2ncer de pr\u00f3stata","item":"https:\/\/oncoalicia.com\/pt-br\/tipos-de-cancer\/prostata\/"},{"@type":"ListItem","position":4,"name":"Recomenda\u00e7\u00f5es diet\u00e9ticas para a hiperlipidemia em c\u00e2ncer de pr\u00f3stata"}]},{"@type":"WebSite","@id":"https:\/\/oncoalicia.com\/pt-br\/#website","url":"https:\/\/oncoalicia.com\/pt-br\/","name":"Oncoal\u00edcia","description":"Comer durante el Tratamiento del C\u00e1ncer","publisher":{"@id":"https:\/\/oncoalicia.com\/pt-br\/#organization"},"alternateName":"Oncoal\u00edcia | Comer durante el Tratamiento del C\u00e1ncer","potentialAction":[{"@type":"SearchAction","target":{"@type":"EntryPoint","urlTemplate":"https:\/\/oncoalicia.com\/pt-br\/?s={search_term_string}"},"query-input":{"@type":"PropertyValueSpecification","valueRequired":true,"valueName":"search_term_string"}}],"inLanguage":"pt-BR"},{"@type":"Organization","@id":"https:\/\/oncoalicia.com\/pt-br\/#organization","name":"Oncoal\u00edcia","alternateName":"Oncoal\u00edcia | Comer durante el Tratamiento del C\u00e1ncer","url":"https:\/\/oncoalicia.com\/pt-br\/","logo":{"@type":"ImageObject","inLanguage":"pt-BR","@id":"https:\/\/oncoalicia.com\/pt-br\/#\/schema\/logo\/image\/","url":"https:\/\/oncoalicia.com\/wp-content\/uploads\/2022\/11\/logo_rrss.png","contentUrl":"https:\/\/oncoalicia.com\/wp-content\/uploads\/2022\/11\/logo_rrss.png","width":300,"height":300,"caption":"Oncoal\u00edcia"},"image":{"@id":"https:\/\/oncoalicia.com\/pt-br\/#\/schema\/logo\/image\/"}}]}},"_links":{"self":[{"href":"https:\/\/oncoalicia.com\/pt-br\/wp-json\/wp\/v2\/pages\/6675","targetHints":{"allow":["GET"]}}],"collection":[{"href":"https:\/\/oncoalicia.com\/pt-br\/wp-json\/wp\/v2\/pages"}],"about":[{"href":"https:\/\/oncoalicia.com\/pt-br\/wp-json\/wp\/v2\/types\/page"}],"author":[{"embeddable":true,"href":"https:\/\/oncoalicia.com\/pt-br\/wp-json\/wp\/v2\/users\/2"}],"replies":[{"embeddable":true,"href":"https:\/\/oncoalicia.com\/pt-br\/wp-json\/wp\/v2\/comments?post=6675"}],"version-history":[{"count":0,"href":"https:\/\/oncoalicia.com\/pt-br\/wp-json\/wp\/v2\/pages\/6675\/revisions"}],"up":[{"embeddable":true,"href":"https:\/\/oncoalicia.com\/pt-br\/wp-json\/wp\/v2\/pages\/6650"}],"wp:attachment":[{"href":"https:\/\/oncoalicia.com\/pt-br\/wp-json\/wp\/v2\/media?parent=6675"}],"curies":[{"name":"wp","href":"https:\/\/api.w.org\/{rel}","templated":true}]}}