{"id":6679,"date":"2022-05-14T07:45:43","date_gmt":"2022-05-14T07:45:43","guid":{"rendered":"https:\/\/oncoalicia.com\/?page_id=6679"},"modified":"2025-07-08T07:37:43","modified_gmt":"2025-07-08T07:37:43","slug":"osteoporose","status":"publish","type":"page","link":"https:\/\/oncoalicia.com\/pt-br\/tipos-de-cancer\/prostata\/osteoporose\/","title":{"rendered":"Recomenda\u00e7\u00f5es diet\u00e9ticas para a osteoporose em c\u00e2ncer de pr\u00f3stata"},"content":{"rendered":"<div class=\"row\">\n<div class=\"col-md-12 subtitle-mitos text-left\">\n<p>\u00c9 uma doen\u00e7a que se caracteriza pela diminui\u00e7\u00e3o da densidade e qualidade \u00f3sseas e, como consequ\u00eancia, confere um aumento do risco de sofrer fraturas. \u00c9 um dos efeitos colaterais mais agressivos do tratamento hormonal no c\u00e2ncer de pr\u00f3stata. Al\u00e9m do tratamento m\u00e9dico prescrito, a alimenta\u00e7\u00e3o e o exerc\u00edcio f\u00edsico s\u00e3o fundamentais para sua preven\u00e7\u00e3o e tratamento.<\/p>\n<\/p><\/div>\n<\/p><\/div>\n<div class=\"row p-40 w-60\">\n<div class=\"col-md-12 text-center\">\n<h2 class=\"h3 recomanem-efectes-cancer\">O QUE RECOMENDAMOS?<\/h2>\n<\/p><\/div>\n<div class=\"col-md-12 p-10 text-center\">\n<h3 class=\"btn-orange recomanacions-tipus-cancer\" style=\"font-weight: bold;\">Seguir uma alimenta\u00e7\u00e3o variada e equilibrada.<\/h3>\n<\/p><\/div>\n<div class=\"col-md-12 p-10 text-center\">\n<h3 class=\"btn-orange recomanacions-tipus-cancer\" style=\"font-weight: bold;\">Evitar o consumo de \u00e1lcool, fumo e caf\u00e9, e moderar o consumo de sal.<\/h3>\n<\/p><\/div>\n<div class=\"col-md-12 p-10 text-center\">\n<h3><a class=\"btn-orange recomanacions-tipus-cancer\" data-toggle=\"collapse\" href=\"#collapseExample-1\" role=\"button\" aria-expanded=\"false\" aria-controls=\"collapseExample\">Assegurar uma ingest\u00e3o di\u00e1ria adequada de prote\u00ednas e magn\u00e9sio. <i class=\"fa fa-angle-down\" aria-hidden=\"true\"><\/i><br \/>\n            <\/a><\/h3>\n<div class=\"collapse\" id=\"collapseExample-1\">\n<div class=\"card-body\">\n<div class=\"row\">\n<div class=\"col-md-12 descrip\">\n<p>Esses nutrientes, em conjunto com o c\u00e1lcio e a vitamina D, desempenham um papel importante na preven\u00e7\u00e3o da perda de massa muscular e \u00f3ssea.<\/p>\n<\/p><\/div>\n<div class=\"col-md-12 descrip\">\n<table class=\"table\">\n<tr>\n<td colspan=\"2\" class=\"table-title\">Alimentos ricos em prote\u00ednas<\/td>\n<\/tr>\n<tr>\n<td>\nAlimentos de origem animal                              <\/td>\n<td align=\"left\">\n<ul>\n<li><b>Peixe magro:<\/b> pacam\u00e3o, merluza, bacalhau.<\/li>\n<li><b>Peixe gordo:<\/b> sardinha, cavala, salm\u00e3o.<\/li>\n<li><b>Frutos do mar:<\/b> lula, polvo, mexilh\u00f5es, s\u00e9pia, camar\u00f5es, lagostins.<\/li>\n<li><b>Peixe em conserva ao natural:<\/b> atum, sardinhas, berbig\u00f5es.<\/li>\n<li><b>Carne branca:<\/b> frango, coelho, peru.<\/li>\n<li><b>Ovos <\/b> (especialmente a clara).<\/li>\n<li><b>Latic\u00ednios:<\/b> iogurte natural desnatado, iogurte natural desnatado rico em prote\u00ednas; queijos frescos com baixo teor de gordura.<\/li>\n<\/ul>\n<\/td>\n<\/tr>\n<tr>\n<td>\nAlimentos de origem vegetal                              <\/td>\n<td align=\"left\">\n<ul>\n<li><b>Leguminosas secas ou cozidas:<\/b> lentilhas, gr\u00e3o-de-bico, feij\u00f5es (vermelho, preto, branco etc.), soja.<\/li>\n<li><b>Derivados da soja:<\/b> soja texturizada, farinha de soja, tofu, tempeh.<\/li>\n<li><b>Frutos secos\/oleaginosas e sementes crus sem sal:<\/b> am\u00eandoas, nozes, avel\u00e3s, sementes de girassol, sementes de ab\u00f3bora.<\/li>\n<li><b>Seitan:<\/b> gl\u00faten de trigo ou outros cereais.<\/li>\n<\/ul>\n<\/td>\n<\/tr>\n<\/table><\/div>\n<div class=\"col-md-12 descrip\">\n<p>As principais fontes de magn\u00e9sio s\u00e3o os frutos secos\/oleaginosas e as sementes (am\u00eandoa, avel\u00e3, amendoim, castanha-de-caju, sementes de ab\u00f3bora etc.); as leguminosas, especialmente a soja e seus derivados; os cereais integrais (arroz integral, aveia etc.); a carne e o peixe; o chocolate amargo; as passas; a banana e os latic\u00ednios.<\/p>\n<\/p><\/div>\n<div class=\"col-md-12 text-center\">\n<div class=\"row\">\n<div class=\"col-md-12 recetas-sug\">\n                              <b>Algumas receitas sugeridas:<\/b>\n                            <\/div>\n<\/p><\/div>\n<div class=\"row\">\n<div class=\"col-md-4 col-sm-6 text-center recetitas\">\n                                <a href=\"\/pt-br\/receitas\/mingau-de-aveia-com-frutas\/\"><\/p>\n<div class=\"cuadro-receta-2 text-center\">\n                                        <img decoding=\"async\" src=\"https:\/\/oncoalicia.com\/wp-content\/uploads\/2022\/03\/Porridge-de-avena-con-fruta.jpg\" class=\"w-50\"><\/p>\n<div class=\"txt-mito\">\nMingau de aveia com frutas<\/p><\/div>\n<\/p><\/div>\n<p>                                <\/a>\n                            <\/div>\n<div class=\"col-md-4 col-sm-6 text-center recetitas\">\n                                <a href=\"\/pt-br\/receitas\/salada-de-tres-cereais-com-salmao\/\"><\/p>\n<div class=\"cuadro-receta-2 text-center\">\n                                        <img decoding=\"async\" src=\"https:\/\/oncoalicia.com\/wp-content\/uploads\/2021\/10\/Ensalada-tres-cereales-con-salmon.jpg\" class=\"w-50\"><\/p>\n<div class=\"txt-mito\">\nSalada de tr\u00eas cereais com salm\u00e3o<\/p><\/div>\n<\/p><\/div>\n<p>                                <\/a>\n                            <\/div>\n<div class=\"col-md-4 col-sm-6 text-center recetitas\">\n                                <a href=\"\/pt-br\/receitas\/creme-de-abacate-banana-e-nozes\/\"><\/p>\n<div class=\"cuadro-receta-2 text-center\">\n                                        <img decoding=\"async\" src=\"https:\/\/oncoalicia.com\/wp-content\/uploads\/2022\/02\/Crema-de-aguacate-pl-tano-y-nueces.jpg\" class=\"w-50\"><\/p>\n<div class=\"txt-mito\">\nCreme de abacate, banana e nozes<\/p><\/div>\n<\/p><\/div>\n<p>                                <\/a>\n                            <\/div>\n<\/p><\/div>\n<div class=\"row\">\n<div class=\"col-md-2 col-sm-6 text-center recetitas\">\n                            <\/div>\n<div class=\"col-md-4 col-sm-6 text-center recetitas\">\n                                <a href=\"\/pt-br\/receitas\/mingau-de-tapioca-e-castanha-do-brasil\/\"><\/p>\n<div class=\"cuadro-receta-2 text-center\">\n                                        <img decoding=\"async\" src=\"https:\/\/oncoalicia.com\/wp-content\/uploads\/2023\/10\/Mingau-de-tapioca-e-castanha-do-Brasil-3.jpg\" class=\"w-50\"><\/p>\n<div class=\"txt-mito\">\nMingau de tapioca e castanha-do-Brasil<\/p><\/div>\n<\/p><\/div>\n<p>                                <\/a>\n                            <\/div>\n<div class=\"col-md-4 col-sm-6 text-center recetitas\">\n                                <a href=\"\/pt-br\/receitas\/banana-cozida-na-casca-com-iogurte-e-canela\/\"><\/p>\n<div class=\"cuadro-receta-2 text-center\">\n                                        <img decoding=\"async\" src=\"https:\/\/oncoalicia.com\/wp-content\/uploads\/2023\/10\/banana-iogurte-canela-1.jpg\" class=\"w-50\"><\/p>\n<div class=\"txt-mito\">\nBanana cozida na casca com iogurte e canela<\/p><\/div>\n<\/p><\/div>\n<p>                                <\/a>\n                            <\/div>\n<div class=\"col-md-2 col-sm-6 text-center recetitas\">\n                            <\/div>\n<\/p><\/div>\n<\/p><\/div>\n<\/p><\/div>\n<\/p><\/div>\n<\/p><\/div>\n<\/p><\/div>\n<div class=\"col-md-12 p-10 text-center\">\n<h3><a class=\"btn-orange recomanacions-tipus-cancer\" data-toggle=\"collapse\" href=\"#collapseExample-2\" role=\"button\" aria-expanded=\"false\" aria-controls=\"collapseExample\">Assegurar uma ingest\u00e3o adequada de c\u00e1lcio. <i class=\"fa fa-angle-down\" aria-hidden=\"true\"><\/i><br \/>\n            <\/a><\/h3>\n<div class=\"collapse\" id=\"collapseExample-2\">\n<div class=\"card-body\">\n<div class=\"row\">\n<div class=\"col-md-12 descrip\">\n<p>O c\u00e1lcio pode ser encontrado em alimentos tanto de origem animal como vegetal:<\/p>\n<\/p><\/div>\n<\/p><\/div>\n<div class=\"row\">\n<div class=\"col-md-12\">\n<table>\n<tr>\n<td>\n                              <b>Origem animal<\/b>\n                            <\/td>\n<td align=\"left\">\n<ul>\n<li>Alimentos l\u00e1cteos (leite, iogurte, queijos etc.).<\/li>\n<li>Peixes com espinhas moles comest\u00edveis (como a sardinha e a manjuba, frescos e\/ou enlatados).<\/li>\n<\/ul>\n<\/td>\n<\/tr>\n<tr>\n<td>\n                              <b>Origem vegetal<\/b>\n                            <\/td>\n<td align=\"left\">\n<ul>\n<li>Frutos secos\/oleaginosas (nozes, avel\u00e3s, am\u00eandoas).<\/li>\n<li>Leguminosas (gr\u00e3o-de-bico, soja, lentilha, feij\u00f5es) e derivados como o tofu.<\/li>\n<li>Vegetais de folha verde (espinafre, acelga, couve, br\u00f3colis etc.).<\/li>\n<li>Alimentos enriquecidos com esse mineral, por exemplo, alguns cereais matinais, biscoitos ou leites vegetais. S\u00e3o op\u00e7\u00f5es v\u00e1lidas desde que n\u00e3o contenham muito a\u00e7\u00facar, mas sempre \u00e9 prefer\u00edvel escolher alimentos naturais fontes de c\u00e1lcio.<\/li>\n<\/ul>\n<\/td>\n<\/tr>\n<\/table><\/div>\n<div class=\"col-md-12 text-center\">\n<div class=\"row\">\n<div class=\"col-md-12 recetas-sug\">\n                            <b>Algumas receitas sugeridas:<\/b>\n                          <\/div>\n<\/p><\/div>\n<\/p><\/div>\n<div class=\"row\">\n<div class=\"col-md-4 col-sm-6 text-center recetitas\">\n                          <a href=\"\/pt-br\/receitas\/hamburguer-de-sardinhas-em-conserva\/\"><\/p>\n<div class=\"cuadro-receta-2 text-center\">\n                                  <img decoding=\"async\" src=\"https:\/\/oncoalicia.com\/wp-content\/uploads\/2022\/03\/Hamburguesa-de-sardinas-en-conserva.jpg\" class=\"w-50\"><\/p>\n<div class=\"txt-mito\">\nHamb\u00farguer de sardinhas em conserva<\/p><\/div>\n<\/p><\/div>\n<p>                          <\/a>\n                      <\/div>\n<div class=\"col-md-4 col-sm-6 text-center recetitas\">\n                          <a href=\"\/pt-br\/receitas\/pure-rapido-de-grao-de-bico-com-ovo\/\"><\/p>\n<div class=\"cuadro-receta-2 text-center\">\n                                  <img decoding=\"async\" src=\"https:\/\/oncoalicia.com\/wp-content\/uploads\/2022\/02\/Pur%E2%80%9A-r-pido-de-garbanzos-con-huevo.jpg\" class=\"w-50\"><\/p>\n<div class=\"txt-mito\">\nPur\u00ea r\u00e1pido de gr\u00e3o de bico com ovo\n                                  <\/div>\n<\/p><\/div>\n<p>                          <\/a>\n                      <\/div>\n<div class=\"col-md-4 col-sm-6 text-center recetitas\">\n                          <a href=\"\/pt-br\/receitas\/soja-a-marinheira\/\"><\/p>\n<div class=\"cuadro-receta-2 text-center\">\n                                  <img decoding=\"async\" src=\"https:\/\/oncoalicia.com\/wp-content\/uploads\/2022\/02\/Soja-a-la-marinera.jpg\" class=\"w-50\"><\/p>\n<div class=\"txt-mito\">\nSoja \u00e0 marinheira<\/p><\/div>\n<\/p><\/div>\n<p>                          <\/a>\n                      <\/div>\n<\/p><\/div>\n<\/p><\/div>\n<\/p><\/div>\n<\/p><\/div>\n<\/p><\/div>\n<div class=\"col-md-12 p-10 text-center\">\n<h3><a class=\"btn-orange recomanacions-tipus-cancer\" data-toggle=\"collapse\" href=\"#collapseExample-3\" role=\"button\" aria-expanded=\"false\" aria-controls=\"collapseExample\">Assegurar uma ingest\u00e3o adequada de vitamina D. <i class=\"fa fa-angle-down\" aria-hidden=\"true\"><\/i><br \/>\n            <\/a><\/h3>\n<div class=\"collapse\" id=\"collapseExample-3\">\n<div class=\"card-body\">\n<div class=\"row\">\n<div class=\"col-md-12 descrip\">\n<p>As melhores fontes prov\u00eam de:<\/p>\n<ul>\n<li>Peixes gordos (sardinha, manjuba, cavala, salm\u00e3o, atum etc.).<\/li>\n<li>Latic\u00ednios.<\/li>\n<li>Gema de ovo.<\/li>\n<li>Cogumelos.<\/li>\n<li>Alimentos enriquecidos com essa vitamina, como alguns cereais matinais, biscoitos ou leites vegetais. S\u00e3o op\u00e7\u00f5es v\u00e1lidas desde que n\u00e3o contenham muito a\u00e7\u00facar, , mas sempre \u00e9 prefer\u00edvel escolher alimentos naturais fontes de vitamina D.<\/li>\n<p>Por sua vez, para assegurar a s\u00edntese e a ativa\u00e7\u00e3o da vitamina D, recomenda-se uma exposi\u00e7\u00e3o ao sol durante 10-15 minutos no ver\u00e3o e 20-30 minutos no inverno, preferencialmente de manh\u00e3, umas tr\u00eas vezes por semana e com prote\u00e7\u00e3o solar<\/li>\n<\/ul><\/div>\n<div class=\"col-md-12 text-center\">\n<div class=\"row\">\n<div class=\"col-md-12 recetas-sug\">\n                            <b>Algumas receitas sugeridas:<\/b>\n                          <\/div>\n<\/p><\/div>\n<div class=\"row\">\n<div class=\"col-md-2 col-sm-6 text-center recetitas\">\n                            <\/div>\n<div class=\"col-md-4 col-sm-6 text-center recetitas\">\n                                <a href=\"\/pt-br\/receitas\/salada-morna-de-salmao-e-maca\/\"><\/p>\n<div class=\"cuadro-receta-2 text-center\">\n                                        <img decoding=\"async\" src=\"https:\/\/oncoalicia.com\/wp-content\/uploads\/2022\/03\/Ensalada-t%E0%B8%81bia-de-salm%E0%B8%82n-y-manzana.jpg\" class=\"w-50\"><\/p>\n<div class=\"txt-mito\">\nSalada morna de salm\u00e3o e ma\u00e7\u00e3\n                                        <\/div>\n<\/p><\/div>\n<p>                                <\/a>\n                            <\/div>\n<div class=\"col-md-4 col-sm-6 text-center recetitas\">\n                                <a href=\"\/pt-br\/receitas\/tomates-agridoces-com-sardinhas\/\"><\/p>\n<div class=\"cuadro-receta-2 text-center\">\n                                        <img decoding=\"async\" src=\"https:\/\/oncoalicia.com\/wp-content\/uploads\/2022\/03\/Tomates-agridulces-con-sardinas.jpg\" class=\"w-50\"><\/p>\n<div class=\"txt-mito\">\nTomates agridoces com sardinhas<\/p><\/div>\n<\/p><\/div>\n<p>                                <\/a>\n                            <\/div>\n<div class=\"col-md-2 col-sm-6 text-center recetitas\">\n                            <\/div>\n<\/p><\/div>\n<\/p><\/div>\n<\/p><\/div>\n<\/p><\/div>\n<\/p><\/div>\n<div class=\"col-md-12 p-10 text-center\">\n<h3><a class=\"btn-orange recomanacions-tipus-cancer\" data-toggle=\"collapse\" href=\"#collapseExample-4\" role=\"button\" aria-expanded=\"false\" aria-controls=\"collapseExample\">Realizar atividade f\u00edsica regularmente. <i class=\"fa fa-angle-down\" aria-hidden=\"true\"><\/i><br \/>\n            <\/a><\/h3>\n<div class=\"collapse\" id=\"collapseExample-4\">\n<div class=\"card-body\">\n<div class=\"row\">\n<div class=\"col-md-12 descrip\">\n<p>Recomenda-se, no m\u00ednimo, caminhar 30 minutos por dia.<\/p>\n<\/p><\/div>\n<\/p><\/div>\n<\/p><\/div>\n<\/p><\/div>\n<\/p><\/div>\n<\/p><\/div>\n","protected":false},"excerpt":{"rendered":"<p>\u00c9 uma doen\u00e7a que se caracteriza pela diminui\u00e7\u00e3o da densidade e qualidade \u00f3sseas e, como consequ\u00eancia, confere um aumento do risco de sofrer fraturas. \u00c9 um dos efeitos colaterais mais agressivos do tratamento hormonal no c\u00e2ncer de pr\u00f3stata. Al\u00e9m do tratamento m\u00e9dico prescrito, a alimenta\u00e7\u00e3o e o exerc\u00edcio f\u00edsico s\u00e3o fundamentais para sua preven\u00e7\u00e3o e&hellip; <a class=\"more-link\" href=\"https:\/\/oncoalicia.com\/pt-br\/tipos-de-cancer\/prostata\/osteoporose\/\">Continue reading <span class=\"screen-reader-text\">Recomenda\u00e7\u00f5es diet\u00e9ticas para a osteoporose em c\u00e2ncer de pr\u00f3stata<\/span><\/a><\/p>\n","protected":false},"author":2,"featured_media":0,"parent":6650,"menu_order":0,"comment_status":"closed","ping_status":"closed","template":"prostata-osteoporosis.php","meta":{"footnotes":""},"class_list":["post-6679","page","type-page","status-publish","hentry","entry"],"yoast_head":"<!-- This site is optimized with the Yoast SEO plugin v26.9 - https:\/\/yoast.com\/product\/yoast-seo-wordpress\/ -->\n<title>Nutri\u00e7\u00e3o para pacientes com c\u00e2ncer de pr\u00f3stata que apresentam osteoporose - Oncoalicia<\/title>\n<meta name=\"description\" content=\"Encontre recomenda\u00e7\u00f5es alimentares para pessoas com c\u00e2ncer de prostata que est\u00e3o com osteoporose devido ao tratamento.\" \/>\n<meta name=\"robots\" content=\"index, follow, max-snippet:-1, max-image-preview:large, max-video-preview:-1\" \/>\n<link rel=\"canonical\" href=\"https:\/\/oncoalicia.com\/pt-br\/tipos-de-cancer\/prostata\/osteoporose\/\" \/>\n<meta property=\"og:locale\" content=\"pt_BR\" \/>\n<meta property=\"og:type\" content=\"article\" \/>\n<meta property=\"og:title\" content=\"Nutri\u00e7\u00e3o para pacientes com c\u00e2ncer de pr\u00f3stata que apresentam osteoporose - Oncoalicia\" \/>\n<meta property=\"og:description\" content=\"Encontre recomenda\u00e7\u00f5es alimentares para pessoas com c\u00e2ncer de prostata que est\u00e3o com osteoporose devido ao tratamento.\" \/>\n<meta property=\"og:url\" content=\"https:\/\/oncoalicia.com\/pt-br\/tipos-de-cancer\/prostata\/osteoporose\/\" \/>\n<meta property=\"og:site_name\" content=\"Oncoalicia\" \/>\n<meta property=\"article:modified_time\" content=\"2025-07-08T07:37:43+00:00\" \/>\n<meta property=\"og:image\" content=\"https:\/\/oncoalicia.com\/wp-content\/uploads\/2022\/03\/Porridge-de-avena-con-fruta.jpg\" \/>\n<meta name=\"twitter:card\" content=\"summary_large_image\" \/>\n<meta name=\"twitter:label1\" content=\"Est. tempo de leitura\" \/>\n\t<meta name=\"twitter:data1\" content=\"6 minutos\" \/>\n<script type=\"application\/ld+json\" class=\"yoast-schema-graph\">{\"@context\":\"https:\/\/schema.org\",\"@graph\":[{\"@type\":\"WebPage\",\"@id\":\"https:\/\/oncoalicia.com\/pt-br\/tipos-de-cancer\/prostata\/osteoporose\/\",\"url\":\"https:\/\/oncoalicia.com\/pt-br\/tipos-de-cancer\/prostata\/osteoporose\/\",\"name\":\"Nutri\u00e7\u00e3o para pacientes com c\u00e2ncer de pr\u00f3stata que apresentam osteoporose - Oncoalicia\",\"isPartOf\":{\"@id\":\"https:\/\/oncoalicia.com\/pt-br\/#website\"},\"primaryImageOfPage\":{\"@id\":\"https:\/\/oncoalicia.com\/pt-br\/tipos-de-cancer\/prostata\/osteoporose\/#primaryimage\"},\"image\":{\"@id\":\"https:\/\/oncoalicia.com\/pt-br\/tipos-de-cancer\/prostata\/osteoporose\/#primaryimage\"},\"thumbnailUrl\":\"https:\/\/oncoalicia.com\/wp-content\/uploads\/2022\/03\/Porridge-de-avena-con-fruta.jpg\",\"datePublished\":\"2022-05-14T07:45:43+00:00\",\"dateModified\":\"2025-07-08T07:37:43+00:00\",\"description\":\"Encontre recomenda\u00e7\u00f5es alimentares para pessoas com c\u00e2ncer de prostata que est\u00e3o com osteoporose devido ao tratamento.\",\"breadcrumb\":{\"@id\":\"https:\/\/oncoalicia.com\/pt-br\/tipos-de-cancer\/prostata\/osteoporose\/#breadcrumb\"},\"inLanguage\":\"pt-BR\",\"potentialAction\":[{\"@type\":\"ReadAction\",\"target\":[\"https:\/\/oncoalicia.com\/pt-br\/tipos-de-cancer\/prostata\/osteoporose\/\"]}]},{\"@type\":\"ImageObject\",\"inLanguage\":\"pt-BR\",\"@id\":\"https:\/\/oncoalicia.com\/pt-br\/tipos-de-cancer\/prostata\/osteoporose\/#primaryimage\",\"url\":\"https:\/\/oncoalicia.com\/wp-content\/uploads\/2022\/03\/Porridge-de-avena-con-fruta.jpg\",\"contentUrl\":\"https:\/\/oncoalicia.com\/wp-content\/uploads\/2022\/03\/Porridge-de-avena-con-fruta.jpg\"},{\"@type\":\"BreadcrumbList\",\"@id\":\"https:\/\/oncoalicia.com\/pt-br\/tipos-de-cancer\/prostata\/osteoporose\/#breadcrumb\",\"itemListElement\":[{\"@type\":\"ListItem\",\"position\":1,\"name\":\"Portada\",\"item\":\"https:\/\/oncoalicia.com\/pt-br\/\"},{\"@type\":\"ListItem\",\"position\":2,\"name\":\"Tipos de c\u00e2ncer\",\"item\":\"https:\/\/oncoalicia.com\/pt-br\/tipos-de-cancer\/\"},{\"@type\":\"ListItem\",\"position\":3,\"name\":\"Recomenda\u00e7\u00f5es alimentares durante o tratamento do c\u00e2ncer de pr\u00f3stata\",\"item\":\"https:\/\/oncoalicia.com\/pt-br\/tipos-de-cancer\/prostata\/\"},{\"@type\":\"ListItem\",\"position\":4,\"name\":\"Recomenda\u00e7\u00f5es diet\u00e9ticas para a osteoporose em c\u00e2ncer de pr\u00f3stata\"}]},{\"@type\":\"WebSite\",\"@id\":\"https:\/\/oncoalicia.com\/pt-br\/#website\",\"url\":\"https:\/\/oncoalicia.com\/pt-br\/\",\"name\":\"Oncoal\u00edcia\",\"description\":\"Comer durante el Tratamiento del C\u00e1ncer\",\"publisher\":{\"@id\":\"https:\/\/oncoalicia.com\/pt-br\/#organization\"},\"alternateName\":\"Oncoal\u00edcia | Comer durante el Tratamiento del C\u00e1ncer\",\"potentialAction\":[{\"@type\":\"SearchAction\",\"target\":{\"@type\":\"EntryPoint\",\"urlTemplate\":\"https:\/\/oncoalicia.com\/pt-br\/?s={search_term_string}\"},\"query-input\":{\"@type\":\"PropertyValueSpecification\",\"valueRequired\":true,\"valueName\":\"search_term_string\"}}],\"inLanguage\":\"pt-BR\"},{\"@type\":\"Organization\",\"@id\":\"https:\/\/oncoalicia.com\/pt-br\/#organization\",\"name\":\"Oncoal\u00edcia\",\"alternateName\":\"Oncoal\u00edcia | Comer durante el Tratamiento del C\u00e1ncer\",\"url\":\"https:\/\/oncoalicia.com\/pt-br\/\",\"logo\":{\"@type\":\"ImageObject\",\"inLanguage\":\"pt-BR\",\"@id\":\"https:\/\/oncoalicia.com\/pt-br\/#\/schema\/logo\/image\/\",\"url\":\"https:\/\/oncoalicia.com\/wp-content\/uploads\/2022\/11\/logo_rrss.png\",\"contentUrl\":\"https:\/\/oncoalicia.com\/wp-content\/uploads\/2022\/11\/logo_rrss.png\",\"width\":300,\"height\":300,\"caption\":\"Oncoal\u00edcia\"},\"image\":{\"@id\":\"https:\/\/oncoalicia.com\/pt-br\/#\/schema\/logo\/image\/\"}}]}<\/script>\n<!-- \/ Yoast SEO plugin. -->","yoast_head_json":{"title":"Nutri\u00e7\u00e3o para pacientes com c\u00e2ncer de pr\u00f3stata que apresentam osteoporose - Oncoalicia","description":"Encontre recomenda\u00e7\u00f5es alimentares para pessoas com c\u00e2ncer de prostata que est\u00e3o com osteoporose devido ao tratamento.","robots":{"index":"index","follow":"follow","max-snippet":"max-snippet:-1","max-image-preview":"max-image-preview:large","max-video-preview":"max-video-preview:-1"},"canonical":"https:\/\/oncoalicia.com\/pt-br\/tipos-de-cancer\/prostata\/osteoporose\/","og_locale":"pt_BR","og_type":"article","og_title":"Nutri\u00e7\u00e3o para pacientes com c\u00e2ncer de pr\u00f3stata que apresentam osteoporose - Oncoalicia","og_description":"Encontre recomenda\u00e7\u00f5es alimentares para pessoas com c\u00e2ncer de prostata que est\u00e3o com osteoporose devido ao tratamento.","og_url":"https:\/\/oncoalicia.com\/pt-br\/tipos-de-cancer\/prostata\/osteoporose\/","og_site_name":"Oncoalicia","article_modified_time":"2025-07-08T07:37:43+00:00","og_image":[{"url":"https:\/\/oncoalicia.com\/wp-content\/uploads\/2022\/03\/Porridge-de-avena-con-fruta.jpg","type":"","width":"","height":""}],"twitter_card":"summary_large_image","twitter_misc":{"Est. tempo de leitura":"6 minutos"},"schema":{"@context":"https:\/\/schema.org","@graph":[{"@type":"WebPage","@id":"https:\/\/oncoalicia.com\/pt-br\/tipos-de-cancer\/prostata\/osteoporose\/","url":"https:\/\/oncoalicia.com\/pt-br\/tipos-de-cancer\/prostata\/osteoporose\/","name":"Nutri\u00e7\u00e3o para pacientes com c\u00e2ncer de pr\u00f3stata que apresentam osteoporose - Oncoalicia","isPartOf":{"@id":"https:\/\/oncoalicia.com\/pt-br\/#website"},"primaryImageOfPage":{"@id":"https:\/\/oncoalicia.com\/pt-br\/tipos-de-cancer\/prostata\/osteoporose\/#primaryimage"},"image":{"@id":"https:\/\/oncoalicia.com\/pt-br\/tipos-de-cancer\/prostata\/osteoporose\/#primaryimage"},"thumbnailUrl":"https:\/\/oncoalicia.com\/wp-content\/uploads\/2022\/03\/Porridge-de-avena-con-fruta.jpg","datePublished":"2022-05-14T07:45:43+00:00","dateModified":"2025-07-08T07:37:43+00:00","description":"Encontre recomenda\u00e7\u00f5es alimentares para pessoas com c\u00e2ncer de prostata que est\u00e3o com osteoporose devido ao tratamento.","breadcrumb":{"@id":"https:\/\/oncoalicia.com\/pt-br\/tipos-de-cancer\/prostata\/osteoporose\/#breadcrumb"},"inLanguage":"pt-BR","potentialAction":[{"@type":"ReadAction","target":["https:\/\/oncoalicia.com\/pt-br\/tipos-de-cancer\/prostata\/osteoporose\/"]}]},{"@type":"ImageObject","inLanguage":"pt-BR","@id":"https:\/\/oncoalicia.com\/pt-br\/tipos-de-cancer\/prostata\/osteoporose\/#primaryimage","url":"https:\/\/oncoalicia.com\/wp-content\/uploads\/2022\/03\/Porridge-de-avena-con-fruta.jpg","contentUrl":"https:\/\/oncoalicia.com\/wp-content\/uploads\/2022\/03\/Porridge-de-avena-con-fruta.jpg"},{"@type":"BreadcrumbList","@id":"https:\/\/oncoalicia.com\/pt-br\/tipos-de-cancer\/prostata\/osteoporose\/#breadcrumb","itemListElement":[{"@type":"ListItem","position":1,"name":"Portada","item":"https:\/\/oncoalicia.com\/pt-br\/"},{"@type":"ListItem","position":2,"name":"Tipos de c\u00e2ncer","item":"https:\/\/oncoalicia.com\/pt-br\/tipos-de-cancer\/"},{"@type":"ListItem","position":3,"name":"Recomenda\u00e7\u00f5es alimentares durante o tratamento do c\u00e2ncer de pr\u00f3stata","item":"https:\/\/oncoalicia.com\/pt-br\/tipos-de-cancer\/prostata\/"},{"@type":"ListItem","position":4,"name":"Recomenda\u00e7\u00f5es diet\u00e9ticas para a osteoporose em c\u00e2ncer de pr\u00f3stata"}]},{"@type":"WebSite","@id":"https:\/\/oncoalicia.com\/pt-br\/#website","url":"https:\/\/oncoalicia.com\/pt-br\/","name":"Oncoal\u00edcia","description":"Comer durante el Tratamiento del C\u00e1ncer","publisher":{"@id":"https:\/\/oncoalicia.com\/pt-br\/#organization"},"alternateName":"Oncoal\u00edcia | Comer durante el Tratamiento del C\u00e1ncer","potentialAction":[{"@type":"SearchAction","target":{"@type":"EntryPoint","urlTemplate":"https:\/\/oncoalicia.com\/pt-br\/?s={search_term_string}"},"query-input":{"@type":"PropertyValueSpecification","valueRequired":true,"valueName":"search_term_string"}}],"inLanguage":"pt-BR"},{"@type":"Organization","@id":"https:\/\/oncoalicia.com\/pt-br\/#organization","name":"Oncoal\u00edcia","alternateName":"Oncoal\u00edcia | Comer durante el Tratamiento del C\u00e1ncer","url":"https:\/\/oncoalicia.com\/pt-br\/","logo":{"@type":"ImageObject","inLanguage":"pt-BR","@id":"https:\/\/oncoalicia.com\/pt-br\/#\/schema\/logo\/image\/","url":"https:\/\/oncoalicia.com\/wp-content\/uploads\/2022\/11\/logo_rrss.png","contentUrl":"https:\/\/oncoalicia.com\/wp-content\/uploads\/2022\/11\/logo_rrss.png","width":300,"height":300,"caption":"Oncoal\u00edcia"},"image":{"@id":"https:\/\/oncoalicia.com\/pt-br\/#\/schema\/logo\/image\/"}}]}},"_links":{"self":[{"href":"https:\/\/oncoalicia.com\/pt-br\/wp-json\/wp\/v2\/pages\/6679","targetHints":{"allow":["GET"]}}],"collection":[{"href":"https:\/\/oncoalicia.com\/pt-br\/wp-json\/wp\/v2\/pages"}],"about":[{"href":"https:\/\/oncoalicia.com\/pt-br\/wp-json\/wp\/v2\/types\/page"}],"author":[{"embeddable":true,"href":"https:\/\/oncoalicia.com\/pt-br\/wp-json\/wp\/v2\/users\/2"}],"replies":[{"embeddable":true,"href":"https:\/\/oncoalicia.com\/pt-br\/wp-json\/wp\/v2\/comments?post=6679"}],"version-history":[{"count":0,"href":"https:\/\/oncoalicia.com\/pt-br\/wp-json\/wp\/v2\/pages\/6679\/revisions"}],"up":[{"embeddable":true,"href":"https:\/\/oncoalicia.com\/pt-br\/wp-json\/wp\/v2\/pages\/6650"}],"wp:attachment":[{"href":"https:\/\/oncoalicia.com\/pt-br\/wp-json\/wp\/v2\/media?parent=6679"}],"curies":[{"name":"wp","href":"https:\/\/api.w.org\/{rel}","templated":true}]}}