{"id":6682,"date":"2021-12-30T00:46:20","date_gmt":"2021-12-30T00:46:20","guid":{"rendered":"https:\/\/oncoalicia.com\/?page_id=6682"},"modified":"2025-07-08T07:39:21","modified_gmt":"2025-07-08T07:39:21","slug":"pulmao","status":"publish","type":"page","link":"https:\/\/oncoalicia.com\/pt-br\/tipos-de-cancer\/pulmao\/","title":{"rendered":"Recomenda\u00e7\u00f5es alimentares durante o tratamento do c\u00e2ncer de pulm\u00e3o"},"content":{"rendered":"<div class=\"row\">\n<div class=\"col-md-12 subtitle-mitos text-left\">\n<table>\n<tbody>\n<tr style=\"border: none!important;\">\n<td class=\"full-width\">\n<p>O <b>c\u00e2ncer de pulm\u00e3o<\/b> engloba todos aqueles tumores que afetam as c\u00e9lulas que revestem as vias respirat\u00f3rias e os tecidos pulmonares. Existem v\u00e1rios tipos de c\u00e2ncer de pulm\u00e3o, que se classificam em fun\u00e7\u00e3o da localiza\u00e7\u00e3o e do tipo de c\u00e9lula do tecido pulmonar que \u00e9 afetado.<br \/>\nO tratamento para esse tipo de c\u00e2ncer depender\u00e1 de muitos fatores, como o tamanho e a localiza\u00e7\u00e3o exata do tumor, a dissemina\u00e7\u00e3o ou o estado geral do paciente. Portanto, os efeitos colaterais dos tratamentos podem variar e afetar o paciente em diferentes graus e intensidades. O pr\u00f3prio tumor ou a cirurgia podem provocar uma limita\u00e7\u00e3o na capacidade respirat\u00f3ria do pulm\u00e3o e, como consequ\u00eancia, cansa\u00e7o na hora de comer. Al\u00e9m disso, o pulm\u00e3o se encontra pr\u00f3ximo ao es\u00f4fago (\u00f3rg\u00e3o envolvido no transporte de alimentos), que tamb\u00e9m pode ser prejudicado. Por todos esses fatores, pode existir dificuldade para alimentar-se desde o in\u00edcio do tratamento ou durante sua realiza\u00e7\u00e3o e, portanto, comprometer o estado nutricional do paciente.<\/p>\n<\/td>\n<td class=\"full-width espaciado\" style=\"text-align:center;\" valign=\"top\"><img decoding=\"async\" class=\"alignnone wp-image-1653\" style=\"margin-top: 15px;\" src=\"https:\/\/oncoalicia.com\/wp-content\/uploads\/2023\/09\/pulmon_por.jpg\" alt=\"\" width=\"300\" height=\"auto\"><\/td>\n<\/tr>\n<\/tbody>\n<\/table>\n<p>O objetivo nutricoinal durante o tratamento do c\u00e2ncer de pulm\u00e3o ser\u00e1 garantir um estado nutricional adequado que ajude a diminuir os efeitos colaterais e as complica\u00e7\u00f5es. Para tanto, al\u00e9m de seguir as <strong><a href=\"\/pt-br\/recomendacoes-gerais\/\">\u201cRecomenda\u00e7\u00f5es gerais sobre a alimenta\u00e7\u00e3o durante o tratamento de c\u00e2ncer&#8221;<\/a><\/strong>, no c\u00e2ncer de pulm\u00e3o \u00e9 preciso refor\u00e7ar e considerar<\/p>\n<\/div><\/div>\n<div class=\"row\">\n<div class=\"col-md-12 orange-box\">\n<ul>\n<li><b>Fracionar a alimenta\u00e7\u00e3o ao longo do dia.<\/b> Realizar cinco refei\u00e7\u00f5es completas e incorporar todos os grupos de alimentos. Se ocorrer cansa\u00e7o na hora de comer, recomenda-se, ainda, aumentar o n\u00famero de refei\u00e7\u00f5es para at\u00e9 sete ou oito, inclusive repartindo o conte\u00fado do almo\u00e7o ou jantar em duas refei\u00e7\u00f5es. As refei\u00e7\u00f5es completas de um dia podem ser distribu\u00eddas em v\u00e1rias refei\u00e7\u00f5es menores, de alta densidade nutricional.<\/li>\n<li><b>Adaptar a textura dos alimentos e a viscosidade dos l\u00edquidos.<\/b> Quando surgirem inc\u00f4modos, dor ou dificuldade ao deglutir, deve-se considerar a modifica\u00e7\u00e3o da textura de alimentos e\/ou l\u00edquidos para evitar a diminui\u00e7\u00e3o da ingest\u00e3o e tornar a degluti\u00e7\u00e3o segura. A textura dos alimentos dever\u00e1 ser adaptada conforme as necessidades, podendo ser suficiente com simples modifica\u00e7\u00f5es ou at\u00e9 mesmo chegando a triturar as prepara\u00e7\u00f5es.<\/li>\n<li><b>Verificar se existe alguma intera\u00e7\u00e3o alimento-medicamento.<\/b> Para esse tipo de c\u00e2ncer foram descritas poss\u00edveis intera\u00e7\u00f5es com plantas e ervas, como o hip\u00e9rico (erva-de-s\u00e3o-jo\u00e3o); com alimentos como a toranja e seu suco (n\u00e3o comumente consumidos no Brasil), e tamb\u00e9m com nutrientes de certos alimentos e suplementos, como o \u00e1cido f\u00f3lico e a vitamina B12. Essas intera\u00e7\u00f5es podem ocorrer, ou n\u00e3o, de acordo com o tratamento prescrito, portanto \u00e9 necess\u00e1rio consultar sempre o especialista em cada caso espec\u00edfico.<\/li>\n<li><b>Adaptar a alimenta\u00e7\u00e3o de acordo com os efeitos colaterais e sintomas que possam aparecer<\/b> a partir das seguintes recomenda\u00e7\u00f5es diet\u00e9tico-culin\u00e1rias para cada um deles.<\/li>\n<\/ul><\/div>\n<\/p><\/div>\n<\/p><\/div>\n<\/section>\n<section class=\"mt-30\">\n<div class=\"container\">\n<div class=\"row\">\n<div class=\"col-md-12 txt-2 text-center\">\n Efeitos colaterais e sintomas mais frequentes            <\/div>\n<\/p><\/div>\n<div class=\"col-md-12\">\n<div class=\"row space-efect\">\n<div class=\"col-md-3\">\n                    <a style=\"text-decoration: none;\" href=\"https:\/\/oncoalicia.com\/pt-br\/tipos-de-cancer\/pulmao\/perda-do-apetite\/\"><\/p>\n<div class=\"cuadro-efecto text-center\">\n<div class=\"txt-efect\">\n Perda do apetite\n                            <\/div>\n<div class=\"flecha\">\n                                <i class=\"fa fa-chevron-right\" aria-hidden=\"true\"><\/i>\n                            <\/div>\n<\/p><\/div>\n<p>                    <\/a>\n                <\/div>\n<div class=\"col-md-3\">\n                    <a style=\"text-decoration: none;\" href=\"https:\/\/oncoalicia.com\/pt-br\/tipos-de-cancer\/pulmao\/nauseas-e-vomitos\/\"><\/p>\n<div class=\"cuadro-efecto text-center\">\n<div class=\"txt-efect\">\nN\u00e1useas e v\u00f4mitos                            <\/div>\n<div class=\"flecha\">\n                                <i class=\"fa fa-chevron-right\" aria-hidden=\"true\"><\/i>\n                            <\/div>\n<\/p><\/div>\n<p>                    <\/a>\n                <\/div>\n<div class=\"col-md-3\">\n                    <a style=\"text-decoration: none;\" href=\"https:\/\/oncoalicia.com\/pt-br\/tipos-de-cancer\/pulmao\/dor-ao-deglutir\/\"><\/p>\n<div class=\"cuadro-efecto text-center\">\n<div class=\"txt-efect\">\nDor ao deglutir (odinofagia)                            <\/div>\n<div class=\"flecha\">\n                                <i class=\"fa fa-chevron-right\" aria-hidden=\"true\"><\/i>\n                            <\/div>\n<\/p><\/div>\n<p>                    <\/a>\n                <\/div>\n<div class=\"col-md-3\">\n                    <a style=\"text-decoration: none;\" href=\"https:\/\/oncoalicia.com\/pt-br\/tipos-de-cancer\/pulmao\/alteracao-do-paladar\/\"><\/p>\n<div class=\"cuadro-efecto text-center\">\n<div class=\"txt-efect\">\nAltera\u00e7\u00e3o do paladar (disgeusia)                            <\/div>\n<div class=\"flecha\">\n                                <i class=\"fa fa-chevron-right\" aria-hidden=\"true\"><\/i>\n                            <\/div>\n<\/p><\/div>\n<p>                    <\/a>\n                <\/div>\n<\/p><\/div>\n<div class=\"row space-efect\">\n<div class=\"col-md-3\">\n                    <a style=\"text-decoration: none;\" href=\"https:\/\/oncoalicia.com\/pt-br\/tipos-de-cancer\/pulmao\/dificuldade-ao-deglutir\/\"><\/p>\n<div class=\"cuadro-efecto text-center\">\n<div class=\"txt-efect\">\nDificuldade ao deglutir (disfagia)                            <\/div>\n<div class=\"flecha\">\n                                <i class=\"fa fa-chevron-right\" aria-hidden=\"true\"><\/i>\n                            <\/div>\n<\/p><\/div>\n<p>                    <\/a>\n                <\/div>\n<div class=\"col-md-3\">\n                    <a style=\"text-decoration: none;\" href=\"https:\/\/oncoalicia.com\/pt-br\/tipos-de-cancer\/pulmao\/queimacao-no-estomago\/\"><\/p>\n<div class=\"cuadro-efecto text-center\">\n<div class=\"txt-efect\">\nQueima\u00e7\u00e3o no est\u00f4mago                            <\/div>\n<div class=\"flecha\">\n                                <i class=\"fa fa-chevron-right\" aria-hidden=\"true\"><\/i>\n                            <\/div>\n<\/p><\/div>\n<p>                    <\/a>\n                <\/div>\n<div class=\"col-md-3\">\n                    <a style=\"text-decoration: none;\" href=\"https:\/\/oncoalicia.com\/pt-br\/tipos-de-cancer\/pulmao\/constipacao-intestino-preso\/\"><\/p>\n<div class=\"cuadro-efecto text-center\">\n<div class=\"txt-efect\">\nConstipa\u00e7\u00e3o (intestino preso)                            <\/div>\n<div class=\"flecha\">\n                                <i class=\"fa fa-chevron-right\" aria-hidden=\"true\"><\/i>\n                            <\/div>\n<\/p><\/div>\n<p>                    <\/a>\n                <\/div>\n<div class=\"col-md-3\">\n                <\/div>\n<\/p><\/div>\n<\/p><\/div>\n<\/p><\/div>\n<\/section>\n<section class=\"descarga\">\n<div class=\"container\">\n<div class=\"row\">\n<div class=\"col-md-12 text-center\">\n            <img decoding=\"async\" class=\"img-fluid\" src=\"http:\/\/oncoalicia.com\/wp-content\/uploads\/2023\/01\/Guies_alicia_6.jpg\" width=\"200\" height=\"auto\">\n        <\/div>\n<div class=\"col-md-12 text-center\">\n            <a class=\"guia-dw\" target=\"_blank\" href=\"http:\/\/oncoalicia.com\/wp-content\/uploads\/2023\/01\/6_PULMON_Alicia_ICO_CAST-min.pdf\" rel=\"noopener\">Descarga la gu\u00eda completa <i class=\"fa fa-arrow-down\" aria-hidden=\"true\"><\/i><br \/>\n            <\/a>\n        <\/div>\n<\/p><\/div>\n<\/p><\/div>\n<\/section>\n","protected":false},"excerpt":{"rendered":"<p>O c\u00e2ncer de pulm\u00e3o engloba todos aqueles tumores que afetam as c\u00e9lulas que revestem as vias respirat\u00f3rias e os tecidos pulmonares. Existem v\u00e1rios tipos de c\u00e2ncer de pulm\u00e3o, que se classificam em fun\u00e7\u00e3o da localiza\u00e7\u00e3o e do tipo de c\u00e9lula do tecido pulmonar que \u00e9 afetado. O tratamento para esse tipo de c\u00e2ncer depender\u00e1 de&hellip; <a class=\"more-link\" href=\"https:\/\/oncoalicia.com\/pt-br\/tipos-de-cancer\/pulmao\/\">Continue reading <span class=\"screen-reader-text\">Recomenda\u00e7\u00f5es alimentares durante o tratamento do c\u00e2ncer de pulm\u00e3o<\/span><\/a><\/p>\n","protected":false},"author":2,"featured_media":0,"parent":6523,"menu_order":0,"comment_status":"closed","ping_status":"closed","template":"pulmon.php","meta":{"footnotes":""},"class_list":["post-6682","page","type-page","status-publish","hentry","entry"],"yoast_head":"<!-- This site is optimized with the Yoast SEO plugin v26.9 - https:\/\/yoast.com\/product\/yoast-seo-wordpress\/ -->\n<title>Nutri\u00e7\u00e3o para pacientes com c\u00e2ncer de pulm\u00e3o - Oncoalicia<\/title>\n<meta name=\"description\" content=\"Aqui est\u00e3o v\u00e1rias recomenda\u00e7\u00f5es alimentares para pessoas em tratamento do c\u00e2ncer de pulm\u00e3o.\" \/>\n<meta name=\"robots\" content=\"index, follow, max-snippet:-1, max-image-preview:large, max-video-preview:-1\" \/>\n<link rel=\"canonical\" href=\"https:\/\/oncoalicia.com\/pt-br\/tipos-de-cancer\/pulmao\/\" \/>\n<meta property=\"og:locale\" content=\"pt_BR\" \/>\n<meta property=\"og:type\" content=\"article\" \/>\n<meta property=\"og:title\" content=\"Nutri\u00e7\u00e3o para pacientes com c\u00e2ncer de pulm\u00e3o - Oncoalicia\" \/>\n<meta property=\"og:description\" content=\"Aqui est\u00e3o v\u00e1rias recomenda\u00e7\u00f5es alimentares para pessoas em tratamento do c\u00e2ncer de pulm\u00e3o.\" \/>\n<meta property=\"og:url\" content=\"https:\/\/oncoalicia.com\/pt-br\/tipos-de-cancer\/pulmao\/\" \/>\n<meta property=\"og:site_name\" content=\"Oncoalicia\" \/>\n<meta property=\"article:modified_time\" content=\"2025-07-08T07:39:21+00:00\" \/>\n<meta property=\"og:image\" content=\"https:\/\/oncoalicia.com\/wp-content\/uploads\/2022\/06\/pulmon-300x262-1.jpg\" \/>\n\t<meta property=\"og:image:width\" content=\"300\" \/>\n\t<meta property=\"og:image:height\" content=\"262\" \/>\n\t<meta property=\"og:image:type\" content=\"image\/jpeg\" \/>\n<meta name=\"twitter:card\" content=\"summary_large_image\" \/>\n<meta name=\"twitter:label1\" content=\"Est. tempo de leitura\" \/>\n\t<meta name=\"twitter:data1\" content=\"4 minutos\" \/>\n<script type=\"application\/ld+json\" class=\"yoast-schema-graph\">{\"@context\":\"https:\/\/schema.org\",\"@graph\":[{\"@type\":\"WebPage\",\"@id\":\"https:\/\/oncoalicia.com\/pt-br\/tipos-de-cancer\/pulmao\/\",\"url\":\"https:\/\/oncoalicia.com\/pt-br\/tipos-de-cancer\/pulmao\/\",\"name\":\"Nutri\u00e7\u00e3o para pacientes com c\u00e2ncer de pulm\u00e3o - Oncoalicia\",\"isPartOf\":{\"@id\":\"https:\/\/oncoalicia.com\/pt-br\/#website\"},\"primaryImageOfPage\":{\"@id\":\"https:\/\/oncoalicia.com\/pt-br\/tipos-de-cancer\/pulmao\/#primaryimage\"},\"image\":{\"@id\":\"https:\/\/oncoalicia.com\/pt-br\/tipos-de-cancer\/pulmao\/#primaryimage\"},\"thumbnailUrl\":\"https:\/\/oncoalicia.com\/wp-content\/uploads\/2023\/09\/pulmon_por.jpg\",\"datePublished\":\"2021-12-30T00:46:20+00:00\",\"dateModified\":\"2025-07-08T07:39:21+00:00\",\"description\":\"Aqui est\u00e3o v\u00e1rias recomenda\u00e7\u00f5es alimentares para pessoas em tratamento do c\u00e2ncer de pulm\u00e3o.\",\"breadcrumb\":{\"@id\":\"https:\/\/oncoalicia.com\/pt-br\/tipos-de-cancer\/pulmao\/#breadcrumb\"},\"inLanguage\":\"pt-BR\",\"potentialAction\":[{\"@type\":\"ReadAction\",\"target\":[\"https:\/\/oncoalicia.com\/pt-br\/tipos-de-cancer\/pulmao\/\"]}]},{\"@type\":\"ImageObject\",\"inLanguage\":\"pt-BR\",\"@id\":\"https:\/\/oncoalicia.com\/pt-br\/tipos-de-cancer\/pulmao\/#primaryimage\",\"url\":\"https:\/\/oncoalicia.com\/wp-content\/uploads\/2023\/09\/pulmon_por.jpg\",\"contentUrl\":\"https:\/\/oncoalicia.com\/wp-content\/uploads\/2023\/09\/pulmon_por.jpg\"},{\"@type\":\"BreadcrumbList\",\"@id\":\"https:\/\/oncoalicia.com\/pt-br\/tipos-de-cancer\/pulmao\/#breadcrumb\",\"itemListElement\":[{\"@type\":\"ListItem\",\"position\":1,\"name\":\"Portada\",\"item\":\"https:\/\/oncoalicia.com\/pt-br\/\"},{\"@type\":\"ListItem\",\"position\":2,\"name\":\"Tipos de c\u00e2ncer\",\"item\":\"https:\/\/oncoalicia.com\/pt-br\/tipos-de-cancer\/\"},{\"@type\":\"ListItem\",\"position\":3,\"name\":\"Recomenda\u00e7\u00f5es alimentares durante o tratamento do c\u00e2ncer de pulm\u00e3o\"}]},{\"@type\":\"WebSite\",\"@id\":\"https:\/\/oncoalicia.com\/pt-br\/#website\",\"url\":\"https:\/\/oncoalicia.com\/pt-br\/\",\"name\":\"Oncoal\u00edcia\",\"description\":\"Comer durante el Tratamiento del C\u00e1ncer\",\"publisher\":{\"@id\":\"https:\/\/oncoalicia.com\/pt-br\/#organization\"},\"alternateName\":\"Oncoal\u00edcia | Comer durante el Tratamiento del C\u00e1ncer\",\"potentialAction\":[{\"@type\":\"SearchAction\",\"target\":{\"@type\":\"EntryPoint\",\"urlTemplate\":\"https:\/\/oncoalicia.com\/pt-br\/?s={search_term_string}\"},\"query-input\":{\"@type\":\"PropertyValueSpecification\",\"valueRequired\":true,\"valueName\":\"search_term_string\"}}],\"inLanguage\":\"pt-BR\"},{\"@type\":\"Organization\",\"@id\":\"https:\/\/oncoalicia.com\/pt-br\/#organization\",\"name\":\"Oncoal\u00edcia\",\"alternateName\":\"Oncoal\u00edcia | Comer durante el Tratamiento del C\u00e1ncer\",\"url\":\"https:\/\/oncoalicia.com\/pt-br\/\",\"logo\":{\"@type\":\"ImageObject\",\"inLanguage\":\"pt-BR\",\"@id\":\"https:\/\/oncoalicia.com\/pt-br\/#\/schema\/logo\/image\/\",\"url\":\"https:\/\/oncoalicia.com\/wp-content\/uploads\/2022\/11\/logo_rrss.png\",\"contentUrl\":\"https:\/\/oncoalicia.com\/wp-content\/uploads\/2022\/11\/logo_rrss.png\",\"width\":300,\"height\":300,\"caption\":\"Oncoal\u00edcia\"},\"image\":{\"@id\":\"https:\/\/oncoalicia.com\/pt-br\/#\/schema\/logo\/image\/\"}}]}<\/script>\n<!-- \/ Yoast SEO plugin. -->","yoast_head_json":{"title":"Nutri\u00e7\u00e3o para pacientes com c\u00e2ncer de pulm\u00e3o - Oncoalicia","description":"Aqui est\u00e3o v\u00e1rias recomenda\u00e7\u00f5es alimentares para pessoas em tratamento do c\u00e2ncer de pulm\u00e3o.","robots":{"index":"index","follow":"follow","max-snippet":"max-snippet:-1","max-image-preview":"max-image-preview:large","max-video-preview":"max-video-preview:-1"},"canonical":"https:\/\/oncoalicia.com\/pt-br\/tipos-de-cancer\/pulmao\/","og_locale":"pt_BR","og_type":"article","og_title":"Nutri\u00e7\u00e3o para pacientes com c\u00e2ncer de pulm\u00e3o - Oncoalicia","og_description":"Aqui est\u00e3o v\u00e1rias recomenda\u00e7\u00f5es alimentares para pessoas em tratamento do c\u00e2ncer de pulm\u00e3o.","og_url":"https:\/\/oncoalicia.com\/pt-br\/tipos-de-cancer\/pulmao\/","og_site_name":"Oncoalicia","article_modified_time":"2025-07-08T07:39:21+00:00","og_image":[{"width":300,"height":262,"url":"https:\/\/oncoalicia.com\/wp-content\/uploads\/2022\/06\/pulmon-300x262-1.jpg","type":"image\/jpeg"}],"twitter_card":"summary_large_image","twitter_misc":{"Est. tempo de leitura":"4 minutos"},"schema":{"@context":"https:\/\/schema.org","@graph":[{"@type":"WebPage","@id":"https:\/\/oncoalicia.com\/pt-br\/tipos-de-cancer\/pulmao\/","url":"https:\/\/oncoalicia.com\/pt-br\/tipos-de-cancer\/pulmao\/","name":"Nutri\u00e7\u00e3o para pacientes com c\u00e2ncer de pulm\u00e3o - Oncoalicia","isPartOf":{"@id":"https:\/\/oncoalicia.com\/pt-br\/#website"},"primaryImageOfPage":{"@id":"https:\/\/oncoalicia.com\/pt-br\/tipos-de-cancer\/pulmao\/#primaryimage"},"image":{"@id":"https:\/\/oncoalicia.com\/pt-br\/tipos-de-cancer\/pulmao\/#primaryimage"},"thumbnailUrl":"https:\/\/oncoalicia.com\/wp-content\/uploads\/2023\/09\/pulmon_por.jpg","datePublished":"2021-12-30T00:46:20+00:00","dateModified":"2025-07-08T07:39:21+00:00","description":"Aqui est\u00e3o v\u00e1rias recomenda\u00e7\u00f5es alimentares para pessoas em tratamento do c\u00e2ncer de pulm\u00e3o.","breadcrumb":{"@id":"https:\/\/oncoalicia.com\/pt-br\/tipos-de-cancer\/pulmao\/#breadcrumb"},"inLanguage":"pt-BR","potentialAction":[{"@type":"ReadAction","target":["https:\/\/oncoalicia.com\/pt-br\/tipos-de-cancer\/pulmao\/"]}]},{"@type":"ImageObject","inLanguage":"pt-BR","@id":"https:\/\/oncoalicia.com\/pt-br\/tipos-de-cancer\/pulmao\/#primaryimage","url":"https:\/\/oncoalicia.com\/wp-content\/uploads\/2023\/09\/pulmon_por.jpg","contentUrl":"https:\/\/oncoalicia.com\/wp-content\/uploads\/2023\/09\/pulmon_por.jpg"},{"@type":"BreadcrumbList","@id":"https:\/\/oncoalicia.com\/pt-br\/tipos-de-cancer\/pulmao\/#breadcrumb","itemListElement":[{"@type":"ListItem","position":1,"name":"Portada","item":"https:\/\/oncoalicia.com\/pt-br\/"},{"@type":"ListItem","position":2,"name":"Tipos de c\u00e2ncer","item":"https:\/\/oncoalicia.com\/pt-br\/tipos-de-cancer\/"},{"@type":"ListItem","position":3,"name":"Recomenda\u00e7\u00f5es alimentares durante o tratamento do c\u00e2ncer de pulm\u00e3o"}]},{"@type":"WebSite","@id":"https:\/\/oncoalicia.com\/pt-br\/#website","url":"https:\/\/oncoalicia.com\/pt-br\/","name":"Oncoal\u00edcia","description":"Comer durante el Tratamiento del C\u00e1ncer","publisher":{"@id":"https:\/\/oncoalicia.com\/pt-br\/#organization"},"alternateName":"Oncoal\u00edcia | Comer durante el Tratamiento del C\u00e1ncer","potentialAction":[{"@type":"SearchAction","target":{"@type":"EntryPoint","urlTemplate":"https:\/\/oncoalicia.com\/pt-br\/?s={search_term_string}"},"query-input":{"@type":"PropertyValueSpecification","valueRequired":true,"valueName":"search_term_string"}}],"inLanguage":"pt-BR"},{"@type":"Organization","@id":"https:\/\/oncoalicia.com\/pt-br\/#organization","name":"Oncoal\u00edcia","alternateName":"Oncoal\u00edcia | Comer durante el Tratamiento del C\u00e1ncer","url":"https:\/\/oncoalicia.com\/pt-br\/","logo":{"@type":"ImageObject","inLanguage":"pt-BR","@id":"https:\/\/oncoalicia.com\/pt-br\/#\/schema\/logo\/image\/","url":"https:\/\/oncoalicia.com\/wp-content\/uploads\/2022\/11\/logo_rrss.png","contentUrl":"https:\/\/oncoalicia.com\/wp-content\/uploads\/2022\/11\/logo_rrss.png","width":300,"height":300,"caption":"Oncoal\u00edcia"},"image":{"@id":"https:\/\/oncoalicia.com\/pt-br\/#\/schema\/logo\/image\/"}}]}},"_links":{"self":[{"href":"https:\/\/oncoalicia.com\/pt-br\/wp-json\/wp\/v2\/pages\/6682","targetHints":{"allow":["GET"]}}],"collection":[{"href":"https:\/\/oncoalicia.com\/pt-br\/wp-json\/wp\/v2\/pages"}],"about":[{"href":"https:\/\/oncoalicia.com\/pt-br\/wp-json\/wp\/v2\/types\/page"}],"author":[{"embeddable":true,"href":"https:\/\/oncoalicia.com\/pt-br\/wp-json\/wp\/v2\/users\/2"}],"replies":[{"embeddable":true,"href":"https:\/\/oncoalicia.com\/pt-br\/wp-json\/wp\/v2\/comments?post=6682"}],"version-history":[{"count":0,"href":"https:\/\/oncoalicia.com\/pt-br\/wp-json\/wp\/v2\/pages\/6682\/revisions"}],"up":[{"embeddable":true,"href":"https:\/\/oncoalicia.com\/pt-br\/wp-json\/wp\/v2\/pages\/6523"}],"wp:attachment":[{"href":"https:\/\/oncoalicia.com\/pt-br\/wp-json\/wp\/v2\/media?parent=6682"}],"curies":[{"name":"wp","href":"https:\/\/api.w.org\/{rel}","templated":true}]}}