{"id":6695,"date":"2022-05-14T09:08:18","date_gmt":"2022-05-14T09:08:18","guid":{"rendered":"https:\/\/oncoalicia.com\/?page_id=6695"},"modified":"2025-07-08T07:40:28","modified_gmt":"2025-07-08T07:40:28","slug":"dificuldade-ao-deglutir","status":"publish","type":"page","link":"https:\/\/oncoalicia.com\/pt-br\/tipos-de-cancer\/pulmao\/dificuldade-ao-deglutir\/","title":{"rendered":"Recomenda\u00e7\u00f5es diet\u00e9ticas para a disfagia em c\u00e2ncer de pulm\u00e3o"},"content":{"rendered":"<p>A disfagia \u00e9 definida como a dificuldade ou incapacidade de deglutir de maneira segura e eficaz, e pode acontecer para ingest\u00e3o de l\u00edquidos, s\u00f3lidos ou ambos, surgindo em decorr\u00eancia da pr\u00f3pria doen\u00e7a, da cirurgia ou dos tratamentos recebidos. \u00c0s vezes, \u00e9 acompanhada por dor, sendo ent\u00e3o denominada odinofagia. Se essa condi\u00e7\u00e3o perdurar ao longo do tempo, mesmo ap\u00f3s o tratamento oncol\u00f3gico j\u00e1 ter sido finalizado, deve-se optar pela reabilita\u00e7\u00e3o da degluti\u00e7\u00e3o. Sempre que essa dificuldade surgir, \u00e9 imprescind\u00edvel comunicar \u00e0 equipe de refer\u00eancia no cuidado.<\/p>\n","protected":false},"excerpt":{"rendered":"<p>A disfagia \u00e9 definida como a dificuldade ou incapacidade de deglutir de maneira segura e eficaz, e pode acontecer para ingest\u00e3o de l\u00edquidos, s\u00f3lidos ou ambos, surgindo em decorr\u00eancia da pr\u00f3pria doen\u00e7a, da cirurgia ou dos tratamentos recebidos. \u00c0s vezes, \u00e9 acompanhada por dor, sendo ent\u00e3o denominada odinofagia. Se essa condi\u00e7\u00e3o perdurar ao longo do&hellip; <a class=\"more-link\" href=\"https:\/\/oncoalicia.com\/pt-br\/tipos-de-cancer\/pulmao\/dificuldade-ao-deglutir\/\">Continue reading <span class=\"screen-reader-text\">Recomenda\u00e7\u00f5es diet\u00e9ticas para a disfagia em c\u00e2ncer de pulm\u00e3o<\/span><\/a><\/p>\n","protected":false},"author":2,"featured_media":0,"parent":6682,"menu_order":0,"comment_status":"closed","ping_status":"closed","template":"pulmon-dificultad-al-deglutir.php","meta":{"footnotes":""},"class_list":["post-6695","page","type-page","status-publish","hentry","entry"],"yoast_head":"<!-- This site is optimized with the Yoast SEO plugin v26.9 - https:\/\/yoast.com\/product\/yoast-seo-wordpress\/ -->\n<title>Nutri\u00e7\u00e3o para pacientes com c\u00e2ncer de pulm\u00e3o que apresentam disfagia - Oncoalicia<\/title>\n<meta name=\"description\" content=\"Encontre recomenda\u00e7\u00f5es alimentares para pessoas com c\u00e2ncer de pulm\u00e3o que est\u00e3o com dificuldade ao deglutir devido ao tratamento.\" \/>\n<meta name=\"robots\" content=\"index, follow, max-snippet:-1, max-image-preview:large, max-video-preview:-1\" \/>\n<link rel=\"canonical\" href=\"https:\/\/oncoalicia.com\/pt-br\/tipos-de-cancer\/pulmao\/dificuldade-ao-deglutir\/\" \/>\n<meta property=\"og:locale\" content=\"pt_BR\" \/>\n<meta property=\"og:type\" content=\"article\" \/>\n<meta property=\"og:title\" content=\"Nutri\u00e7\u00e3o para pacientes com c\u00e2ncer de pulm\u00e3o que apresentam disfagia - Oncoalicia\" \/>\n<meta property=\"og:description\" content=\"Encontre recomenda\u00e7\u00f5es alimentares para pessoas com c\u00e2ncer de pulm\u00e3o que est\u00e3o com dificuldade ao deglutir devido ao tratamento.\" \/>\n<meta property=\"og:url\" content=\"https:\/\/oncoalicia.com\/pt-br\/tipos-de-cancer\/pulmao\/dificuldade-ao-deglutir\/\" \/>\n<meta property=\"og:site_name\" content=\"Oncoalicia\" \/>\n<meta property=\"article:modified_time\" content=\"2025-07-08T07:40:28+00:00\" \/>\n<meta property=\"og:image\" content=\"https:\/\/oncoalicia.com\/wp-content\/uploads\/2021\/12\/Asset-3.png\" \/>\n\t<meta property=\"og:image:width\" content=\"300\" \/>\n\t<meta property=\"og:image:height\" content=\"300\" \/>\n\t<meta property=\"og:image:type\" content=\"image\/png\" \/>\n<meta name=\"twitter:card\" content=\"summary_large_image\" \/>\n<meta name=\"twitter:label1\" content=\"Est. tempo de leitura\" \/>\n\t<meta name=\"twitter:data1\" content=\"1 minuto\" \/>\n<script type=\"application\/ld+json\" class=\"yoast-schema-graph\">{\"@context\":\"https:\/\/schema.org\",\"@graph\":[{\"@type\":\"WebPage\",\"@id\":\"https:\/\/oncoalicia.com\/pt-br\/tipos-de-cancer\/pulmao\/dificuldade-ao-deglutir\/\",\"url\":\"https:\/\/oncoalicia.com\/pt-br\/tipos-de-cancer\/pulmao\/dificuldade-ao-deglutir\/\",\"name\":\"Nutri\u00e7\u00e3o para pacientes com c\u00e2ncer de pulm\u00e3o que apresentam disfagia - Oncoalicia\",\"isPartOf\":{\"@id\":\"https:\/\/oncoalicia.com\/pt-br\/#website\"},\"datePublished\":\"2022-05-14T09:08:18+00:00\",\"dateModified\":\"2025-07-08T07:40:28+00:00\",\"description\":\"Encontre recomenda\u00e7\u00f5es alimentares para pessoas com c\u00e2ncer de pulm\u00e3o que est\u00e3o com dificuldade ao deglutir devido ao tratamento.\",\"breadcrumb\":{\"@id\":\"https:\/\/oncoalicia.com\/pt-br\/tipos-de-cancer\/pulmao\/dificuldade-ao-deglutir\/#breadcrumb\"},\"inLanguage\":\"pt-BR\",\"potentialAction\":[{\"@type\":\"ReadAction\",\"target\":[\"https:\/\/oncoalicia.com\/pt-br\/tipos-de-cancer\/pulmao\/dificuldade-ao-deglutir\/\"]}]},{\"@type\":\"BreadcrumbList\",\"@id\":\"https:\/\/oncoalicia.com\/pt-br\/tipos-de-cancer\/pulmao\/dificuldade-ao-deglutir\/#breadcrumb\",\"itemListElement\":[{\"@type\":\"ListItem\",\"position\":1,\"name\":\"Portada\",\"item\":\"https:\/\/oncoalicia.com\/pt-br\/\"},{\"@type\":\"ListItem\",\"position\":2,\"name\":\"Tipos de c\u00e2ncer\",\"item\":\"https:\/\/oncoalicia.com\/pt-br\/tipos-de-cancer\/\"},{\"@type\":\"ListItem\",\"position\":3,\"name\":\"Recomenda\u00e7\u00f5es alimentares durante o tratamento do c\u00e2ncer de pulm\u00e3o\",\"item\":\"https:\/\/oncoalicia.com\/pt-br\/tipos-de-cancer\/pulmao\/\"},{\"@type\":\"ListItem\",\"position\":4,\"name\":\"Recomenda\u00e7\u00f5es diet\u00e9ticas para a disfagia em c\u00e2ncer de pulm\u00e3o\"}]},{\"@type\":\"WebSite\",\"@id\":\"https:\/\/oncoalicia.com\/pt-br\/#website\",\"url\":\"https:\/\/oncoalicia.com\/pt-br\/\",\"name\":\"Oncoal\u00edcia\",\"description\":\"Comer durante el Tratamiento del C\u00e1ncer\",\"publisher\":{\"@id\":\"https:\/\/oncoalicia.com\/pt-br\/#organization\"},\"alternateName\":\"Oncoal\u00edcia | Comer durante el Tratamiento del C\u00e1ncer\",\"potentialAction\":[{\"@type\":\"SearchAction\",\"target\":{\"@type\":\"EntryPoint\",\"urlTemplate\":\"https:\/\/oncoalicia.com\/pt-br\/?s={search_term_string}\"},\"query-input\":{\"@type\":\"PropertyValueSpecification\",\"valueRequired\":true,\"valueName\":\"search_term_string\"}}],\"inLanguage\":\"pt-BR\"},{\"@type\":\"Organization\",\"@id\":\"https:\/\/oncoalicia.com\/pt-br\/#organization\",\"name\":\"Oncoal\u00edcia\",\"alternateName\":\"Oncoal\u00edcia | Comer durante el Tratamiento del C\u00e1ncer\",\"url\":\"https:\/\/oncoalicia.com\/pt-br\/\",\"logo\":{\"@type\":\"ImageObject\",\"inLanguage\":\"pt-BR\",\"@id\":\"https:\/\/oncoalicia.com\/pt-br\/#\/schema\/logo\/image\/\",\"url\":\"https:\/\/oncoalicia.com\/wp-content\/uploads\/2022\/11\/logo_rrss.png\",\"contentUrl\":\"https:\/\/oncoalicia.com\/wp-content\/uploads\/2022\/11\/logo_rrss.png\",\"width\":300,\"height\":300,\"caption\":\"Oncoal\u00edcia\"},\"image\":{\"@id\":\"https:\/\/oncoalicia.com\/pt-br\/#\/schema\/logo\/image\/\"}}]}<\/script>\n<!-- \/ Yoast SEO plugin. -->","yoast_head_json":{"title":"Nutri\u00e7\u00e3o para pacientes com c\u00e2ncer de pulm\u00e3o que apresentam disfagia - Oncoalicia","description":"Encontre recomenda\u00e7\u00f5es alimentares para pessoas com c\u00e2ncer de pulm\u00e3o que est\u00e3o com dificuldade ao deglutir devido ao tratamento.","robots":{"index":"index","follow":"follow","max-snippet":"max-snippet:-1","max-image-preview":"max-image-preview:large","max-video-preview":"max-video-preview:-1"},"canonical":"https:\/\/oncoalicia.com\/pt-br\/tipos-de-cancer\/pulmao\/dificuldade-ao-deglutir\/","og_locale":"pt_BR","og_type":"article","og_title":"Nutri\u00e7\u00e3o para pacientes com c\u00e2ncer de pulm\u00e3o que apresentam disfagia - Oncoalicia","og_description":"Encontre recomenda\u00e7\u00f5es alimentares para pessoas com c\u00e2ncer de pulm\u00e3o que est\u00e3o com dificuldade ao deglutir devido ao tratamento.","og_url":"https:\/\/oncoalicia.com\/pt-br\/tipos-de-cancer\/pulmao\/dificuldade-ao-deglutir\/","og_site_name":"Oncoalicia","article_modified_time":"2025-07-08T07:40:28+00:00","og_image":[{"width":300,"height":300,"url":"https:\/\/oncoalicia.com\/wp-content\/uploads\/2021\/12\/Asset-3.png","type":"image\/png"}],"twitter_card":"summary_large_image","twitter_misc":{"Est. tempo de leitura":"1 minuto"},"schema":{"@context":"https:\/\/schema.org","@graph":[{"@type":"WebPage","@id":"https:\/\/oncoalicia.com\/pt-br\/tipos-de-cancer\/pulmao\/dificuldade-ao-deglutir\/","url":"https:\/\/oncoalicia.com\/pt-br\/tipos-de-cancer\/pulmao\/dificuldade-ao-deglutir\/","name":"Nutri\u00e7\u00e3o para pacientes com c\u00e2ncer de pulm\u00e3o que apresentam disfagia - Oncoalicia","isPartOf":{"@id":"https:\/\/oncoalicia.com\/pt-br\/#website"},"datePublished":"2022-05-14T09:08:18+00:00","dateModified":"2025-07-08T07:40:28+00:00","description":"Encontre recomenda\u00e7\u00f5es alimentares para pessoas com c\u00e2ncer de pulm\u00e3o que est\u00e3o com dificuldade ao deglutir devido ao tratamento.","breadcrumb":{"@id":"https:\/\/oncoalicia.com\/pt-br\/tipos-de-cancer\/pulmao\/dificuldade-ao-deglutir\/#breadcrumb"},"inLanguage":"pt-BR","potentialAction":[{"@type":"ReadAction","target":["https:\/\/oncoalicia.com\/pt-br\/tipos-de-cancer\/pulmao\/dificuldade-ao-deglutir\/"]}]},{"@type":"BreadcrumbList","@id":"https:\/\/oncoalicia.com\/pt-br\/tipos-de-cancer\/pulmao\/dificuldade-ao-deglutir\/#breadcrumb","itemListElement":[{"@type":"ListItem","position":1,"name":"Portada","item":"https:\/\/oncoalicia.com\/pt-br\/"},{"@type":"ListItem","position":2,"name":"Tipos de c\u00e2ncer","item":"https:\/\/oncoalicia.com\/pt-br\/tipos-de-cancer\/"},{"@type":"ListItem","position":3,"name":"Recomenda\u00e7\u00f5es alimentares durante o tratamento do c\u00e2ncer de pulm\u00e3o","item":"https:\/\/oncoalicia.com\/pt-br\/tipos-de-cancer\/pulmao\/"},{"@type":"ListItem","position":4,"name":"Recomenda\u00e7\u00f5es diet\u00e9ticas para a disfagia em c\u00e2ncer de pulm\u00e3o"}]},{"@type":"WebSite","@id":"https:\/\/oncoalicia.com\/pt-br\/#website","url":"https:\/\/oncoalicia.com\/pt-br\/","name":"Oncoal\u00edcia","description":"Comer durante el Tratamiento del C\u00e1ncer","publisher":{"@id":"https:\/\/oncoalicia.com\/pt-br\/#organization"},"alternateName":"Oncoal\u00edcia | Comer durante el Tratamiento del C\u00e1ncer","potentialAction":[{"@type":"SearchAction","target":{"@type":"EntryPoint","urlTemplate":"https:\/\/oncoalicia.com\/pt-br\/?s={search_term_string}"},"query-input":{"@type":"PropertyValueSpecification","valueRequired":true,"valueName":"search_term_string"}}],"inLanguage":"pt-BR"},{"@type":"Organization","@id":"https:\/\/oncoalicia.com\/pt-br\/#organization","name":"Oncoal\u00edcia","alternateName":"Oncoal\u00edcia | Comer durante el Tratamiento del C\u00e1ncer","url":"https:\/\/oncoalicia.com\/pt-br\/","logo":{"@type":"ImageObject","inLanguage":"pt-BR","@id":"https:\/\/oncoalicia.com\/pt-br\/#\/schema\/logo\/image\/","url":"https:\/\/oncoalicia.com\/wp-content\/uploads\/2022\/11\/logo_rrss.png","contentUrl":"https:\/\/oncoalicia.com\/wp-content\/uploads\/2022\/11\/logo_rrss.png","width":300,"height":300,"caption":"Oncoal\u00edcia"},"image":{"@id":"https:\/\/oncoalicia.com\/pt-br\/#\/schema\/logo\/image\/"}}]}},"_links":{"self":[{"href":"https:\/\/oncoalicia.com\/pt-br\/wp-json\/wp\/v2\/pages\/6695","targetHints":{"allow":["GET"]}}],"collection":[{"href":"https:\/\/oncoalicia.com\/pt-br\/wp-json\/wp\/v2\/pages"}],"about":[{"href":"https:\/\/oncoalicia.com\/pt-br\/wp-json\/wp\/v2\/types\/page"}],"author":[{"embeddable":true,"href":"https:\/\/oncoalicia.com\/pt-br\/wp-json\/wp\/v2\/users\/2"}],"replies":[{"embeddable":true,"href":"https:\/\/oncoalicia.com\/pt-br\/wp-json\/wp\/v2\/comments?post=6695"}],"version-history":[{"count":0,"href":"https:\/\/oncoalicia.com\/pt-br\/wp-json\/wp\/v2\/pages\/6695\/revisions"}],"up":[{"embeddable":true,"href":"https:\/\/oncoalicia.com\/pt-br\/wp-json\/wp\/v2\/pages\/6682"}],"wp:attachment":[{"href":"https:\/\/oncoalicia.com\/pt-br\/wp-json\/wp\/v2\/media?parent=6695"}],"curies":[{"name":"wp","href":"https:\/\/api.w.org\/{rel}","templated":true}]}}