{"id":7650,"date":"2023-03-14T19:46:05","date_gmt":"2023-03-14T17:46:05","guid":{"rendered":"https:\/\/oncoalicia.com\/?page_id=7650"},"modified":"2025-06-17T10:44:51","modified_gmt":"2025-06-17T10:44:51","slug":"aviso-legal","status":"publish","type":"page","link":"https:\/\/oncoalicia.com\/pt-br\/aviso-legal\/","title":{"rendered":"Aviso legal"},"content":{"rendered":"<p class=\"p1\" style=\"text-align: left;\"><strong> LEI SOBRE OS SERVI\u00c7OS DA SOCIEDADE DA INFORMA\u00c7\u00c3O (LSSI)<\/strong><\/p>\n<p class=\"p1\" style=\"text-align: left;\">A FUNDACI\u00d3 AL\u00cdCIA ALIMENTACI\u00d3 I CI\u00c8NCIA, F.P., respons\u00e1vel pelo site, em diante RESPONS\u00c1VEL, coloca \u00e0 disposi\u00e7\u00e3o dos usu\u00e1rios, o presente documento, com o qual pretende dar cumprimento \u00e0s obriga\u00e7\u00f5es estabelecidas na Lei 34\/2002, de 11 de julho, de Servi\u00e7os da Sociedade da Informa\u00e7\u00e3o e Com\u00e9rcio Eletr\u00f3nico (LSSICE), BOE n\u00ba 166, bem como informar todos os utilizadores do site sobre as condi\u00e7\u00f5es de utiliza\u00e7\u00e3o.<br \/>\nQualquer pessoa que aceda a este site assume o papel de usu\u00e1rio, comprometendo-se a observar e a cumprir rigorosamente as disposi\u00e7\u00f5es aqui estabelecidas, bem como qualquer outra disposi\u00e7\u00e3o legal que possa ser aplic\u00e1vel.<br \/>\nA FUNDACI\u00d3 AL\u00cdCIA ALIMENTACI\u00d3 I CI\u00c8NCIA, F.P. reserva-se o direito de modificar qualquer tipo de informa\u00e7\u00e3o que possa aparecer no site, sem obriga\u00e7\u00e3o de aviso pr\u00e9vio ou de informar os usu\u00e1rios sobre essas obriga\u00e7\u00f5es, entendendo-se como suficiente a publica\u00e7\u00e3o no site da FUNDACI\u00d3 AL\u00cdCIA ALIMENTACI\u00d3 I CI\u00c8NCIA, F.P.<\/p>\n<p>&nbsp;<\/p>\n<p style=\"text-align: left;\"><strong>1. DADOS DE IDENTIFICA\u00c7\u00c3O<\/strong><br \/>\nNome de dom\u00ednio: alicia.cat<br \/>\nNome da empresa: FUNDACI\u00d3 AL\u00cdCIA ALIMENTACI\u00d3 I CI\u00c8NCIA, F.P.<br \/>\nN\u00daMERO DE IDENTIFICA\u00c7\u00c3O FISCAL: G63360531<br \/>\nEndere\u00e7o registrado: Cam\u00ed Sant Benet, s\/n 08272 Sant Fruit\u00f3s del Bag\u00e9s (Barcelona)<br \/>\nTelefone: 938759402<br \/>\ne-mail: lopd@alicia.cat<br \/>\nInscrita no Registro (Mercantil \/ P\u00fablico): Fundacions de la Generalitat de Catalunya com o n\u00famero 2059, em 28 de dezembro de 2004.<\/p>\n<p>&nbsp;<\/p>\n<p style=\"text-align: left;\"><strong>2. DIREITOS DE PROPRIEDADE INTELECTUAL E INDUSTRIAL<\/strong><br \/>\nA p\u00e1gina Web, incluindo, a t\u00edtulo enunciativo mas n\u00e3o limitativo, a sua programa\u00e7\u00e3o, edi\u00e7\u00e3o, compila\u00e7\u00e3o e demais elementos necess\u00e1rios para o seu funcionamento, os desenhos, log\u00f3tipos, textos e\/ou gr\u00e1ficos, s\u00e3o propriedade do RESPONS\u00c1VEL ou, se for o caso, disp\u00f5e de licen\u00e7a ou autoriza\u00e7\u00e3o expressa dos autores. Todos os conte\u00fados do s\u00edtio Web est\u00e3o devidamente protegidos pelas normas de propriedade intelectual e industrial, bem como inscritos nos registos p\u00fablicos correspondentes.<br \/>\nIndependentemente do fim a que se destinam, a reprodu\u00e7\u00e3o, utiliza\u00e7\u00e3o, explora\u00e7\u00e3o, distribui\u00e7\u00e3o e comercializa\u00e7\u00e3o, total ou parcial, requer, em qualquer caso, a autoriza\u00e7\u00e3o pr\u00e9via e por escrito do RESPONS\u00c1VEL. Qualquer utiliza\u00e7\u00e3o n\u00e3o autorizada \u00e9 considerada uma viola\u00e7\u00e3o grave dos direitos de propriedade intelectual ou industrial do autor.<br \/>\nOs desenhos, log\u00f3tipos, textos e\/ou gr\u00e1ficos que n\u00e3o perten\u00e7am ao RESPONS\u00c1VEL e que possam aparecer no s\u00edtio da Internet pertencem aos seus respectivos propriet\u00e1rios, sendo eles pr\u00f3prios respons\u00e1veis por qualquer poss\u00edvel controv\u00e9rsia que possa surgir em rela\u00e7\u00e3o aos mesmos.<br \/>\nO RESPONS\u00c1VEL autoriza expressamente que terceiros redirecionem diretamente para os conte\u00fados espec\u00edficos da p\u00e1gina web e, em qualquer caso, que redirecionem para a p\u00e1gina principal de alicia.cat. O RESPONS\u00c1VEL reconhece os correspondentes direitos de propriedade intelectual e industrial a favor dos seus titulares, e a sua simples men\u00e7\u00e3o ou apari\u00e7\u00e3o no s\u00edtio Web n\u00e3o implica a exist\u00eancia de qualquer direito ou responsabilidade sobre os mesmos, nem o seu aval, patroc\u00ednio ou recomenda\u00e7\u00e3o por parte dos mesmos.<br \/>\nPara efetuar qualquer tipo de observa\u00e7\u00e3o sobre poss\u00edveis viola\u00e7\u00f5es dos direitos de propriedade intelectual ou industrial, bem como sobre qualquer um dos conte\u00fados do s\u00edtio Web, pode faz\u00ea-lo enviando uma mensagem para o e-mail: lopd@alicia.cat.<\/p>\n<p>&nbsp;<\/p>\n<p style=\"text-align: left;\"><strong>3. EXCLUS\u00c3O DE RESPONSABILIDADE O TITULAR DA RESPONSABILIDADE <\/strong><br \/>\nfica isento de qualquer tipo de responsabilidade derivada da informa\u00e7\u00e3o publicada no seu s\u00edtio Web sempre que esta informa\u00e7\u00e3o tenha sido manipulada ou introduzida por um terceiro alheio ao mesmo.<\/p>\n<p>&nbsp;<\/p>\n<p style=\"text-align: left;\"><strong>Uso de cookies<\/strong><br \/>\nEsta p\u00e1gina Web pode utilizar cookies (pequenos ficheiros de informa\u00e7\u00e3o que o servidor envia para o computador da pessoa que tem acesso \u00e0 p\u00e1gina) para realizar determinadas fun\u00e7\u00f5es que s\u00e3o consideradas essenciais para o correto funcionamento e visualiza\u00e7\u00e3o do site. Os cookies utilizados s\u00e3o, em qualquer caso, de natureza tempor\u00e1ria, com o \u00fanico objetivo de tornar a navega\u00e7\u00e3o mais eficiente, e desaparecem no final da sess\u00e3o do utilizador. Estes cookies n\u00e3o fornecem, em caso algum, dados pessoais e n\u00e3o ser\u00e3o utilizados para recolher tais dados.<br \/>\nAtrav\u00e9s da utiliza\u00e7\u00e3o de cookies tamb\u00e9m \u00e9 poss\u00edvel que o servidor onde se encontra o site reconhe\u00e7a o browser utilizado pelo usu\u00e1rio para facilitar a navega\u00e7\u00e3o, permitindo, por exemplo, o acesso dos usu\u00e1rios que se registaram previamente \u00e0s \u00e1reas, servi\u00e7os, promo\u00e7\u00f5es ou concursos reservados exclusivamente para eles, sem ter que se registar em cada visita. Podem tamb\u00e9m ser utilizados para medir a audi\u00eancia, par\u00e2metros de tr\u00e1fego, controlar o progresso e o n\u00famero de entradas, etc., sendo nestes casos cookies tecnicamente dispens\u00e1veis, mas ben\u00e9ficos para o utilizador. Este s\u00edtio Web n\u00e3o instalar\u00e1 cookies dispens\u00e1veis sem o consentimento pr\u00e9vio do usu\u00e1rio.<\/p>\n<p style=\"text-align: left;\">O usu\u00e1rio tem a possibilidade de configurar o seu navegador para ser alertado sobre a aceita\u00e7\u00e3o de cookies e para impedir a sua instala\u00e7\u00e3o no seu computador. Para mais informa\u00e7\u00f5es, consulte as instru\u00e7\u00f5es do seu navegador.<\/p>\n<p>&nbsp;<\/p>\n<p style=\"text-align: left;\"><strong>Pol\u00edtica de links<\/strong><br \/>\nA partir do site, o usu\u00e1rio pode ser redirecionado para conte\u00fados de sites de terceiros. Dado que o RESPONS\u00c1VEL nem sempre pode controlar os conte\u00fados introduzidos por terceiros nos seus respectivos s\u00edtios Web, n\u00e3o assume qualquer tipo de responsabilidade relativamente a esses conte\u00fados. Em qualquer caso, proceder\u00e1 \u00e0 remo\u00e7\u00e3o imediata de qualquer conte\u00fado que possa violar a legisla\u00e7\u00e3o nacional ou internacional, a moral ou a ordem p\u00fablica, procedendo \u00e0 retirada imediata do redirecionamento para o referido site, informando as autoridades competentes do conte\u00fado em quest\u00e3o.<br \/>\nO RESPONS\u00c1VEL n\u00e3o se responsabiliza pela informa\u00e7\u00e3o e conte\u00fados armazenados, a t\u00edtulo enunciativo mas n\u00e3o limitativo, em f\u00f3runs, chats, geradores de blogs, coment\u00e1rios, redes sociais ou qualquer outro meio que permita a terceiros publicar conte\u00fados de forma independente no s\u00edtio web do RESPONS\u00c1VEL. No entanto, e em cumprimento do disposto nos artigos 11\u00ba e 16\u00ba da LSSICE, coloca-se \u00e0 disposi\u00e7\u00e3o de todos os usu\u00e1rios, autoridades e for\u00e7as de seguran\u00e7a, colaborando ativamente na elimina\u00e7\u00e3o ou, se for caso disso, no bloqueio de todos os conte\u00fados que possam afetar ou infringir a legisla\u00e7\u00e3o nacional ou internacional, os direitos de terceiros ou a moral e a ordem p\u00fablica. Caso o usu\u00e1rio considere que existe algum conte\u00fado no site que possa ser suscet\u00edvel de ser classificado como tal, deve notificar imediatamente o administrador do site.<br \/>\nEste s\u00edtio Web foi verificado e testado para garantir o seu correto funcionamento. Em princ\u00edpio, \u00e9 poss\u00edvel garantir o seu funcionamento correto 365 dias por ano, 24 horas por dia. No entanto, o RESPONS\u00c1VEL n\u00e3o exclui a possibilidade de ocorr\u00eancia de determinados erros de programa\u00e7\u00e3o, nem a ocorr\u00eancia de casos de for\u00e7a maior, cat\u00e1strofes naturais, greves ou circunst\u00e2ncias semelhantes que impossibilitem o acesso ao s\u00edtio Web.<br \/>\nEste s\u00edtio Web foi verificado e testado para garantir o seu correto funcionamento. Em princ\u00edpio, \u00e9 poss\u00edvel garantir o seu funcionamento correto 365 dias por ano, 24 horas por dia. No entanto, o RESPONS\u00c1VEL n\u00e3o exclui a possibilidade de ocorr\u00eancia de determinados erros de programa\u00e7\u00e3o, nem a ocorr\u00eancia de casos de for\u00e7a maior, cat\u00e1strofes naturais, greves ou circunst\u00e2ncias semelhantes que impossibilitem o acesso ao s\u00edtio Web.<\/p>\n<p>&nbsp;<\/p>\n<p style=\"text-align: left;\"><strong>Endere\u00e7os IP<\/strong><\/p>\n<p style=\"text-align: left;\">Os servidores do s\u00edtio Web podem detectar automaticamente o endere\u00e7o IP e o nome de dom\u00ednio utilizados pelo usu\u00e1rio. Um endere\u00e7o IP \u00e9 um n\u00famero atribu\u00eddo automaticamente a um computador quando este se liga \u00e0 Internet. Todas estas informa\u00e7\u00f5es s\u00e3o registadas num ficheiro de atividade do servidor devidamente registrado que permite o tratamento posterior dos dados para obter medi\u00e7\u00f5es puramente estat\u00edsticas que permitem conhecer o n\u00famero de impress\u00f5es de p\u00e1ginas, o n\u00famero de visitas efetuadas aos servidores Web, a ordem das visitas, o ponto de acesso, etc.<\/p>\n<p>&nbsp;<\/p>\n<p style=\"text-align: left;\"><strong>4. LEI APLIC\u00c1VEL E JURISDI\u00c7\u00c3O <\/strong><br \/>\nA lei aplic\u00e1vel em caso de lit\u00edgio ou conflito de interpreta\u00e7\u00e3o dos termos que comp\u00f5em os textos legais, bem como qualquer quest\u00e3o relacionada com os servi\u00e7os deste s\u00edtio Web, ser\u00e1 a lei espanhola.<\/p>\n","protected":false},"excerpt":{"rendered":"<p>LEI SOBRE OS SERVI\u00c7OS DA SOCIEDADE DA INFORMA\u00c7\u00c3O (LSSI) A FUNDACI\u00d3 AL\u00cdCIA ALIMENTACI\u00d3 I CI\u00c8NCIA, F.P., respons\u00e1vel pelo site, em diante RESPONS\u00c1VEL, coloca \u00e0 disposi\u00e7\u00e3o dos usu\u00e1rios, o presente documento, com o qual pretende dar cumprimento \u00e0s obriga\u00e7\u00f5es estabelecidas na Lei 34\/2002, de 11 de julho, de Servi\u00e7os da Sociedade da Informa\u00e7\u00e3o e Com\u00e9rcio Eletr\u00f3nico&hellip; <a class=\"more-link\" href=\"https:\/\/oncoalicia.com\/pt-br\/aviso-legal\/\">Continue reading <span class=\"screen-reader-text\">Aviso legal<\/span><\/a><\/p>\n","protected":false},"author":2,"featured_media":0,"parent":0,"menu_order":0,"comment_status":"closed","ping_status":"closed","template":"","meta":{"footnotes":""},"class_list":["post-7650","page","type-page","status-publish","hentry","entry"],"yoast_head":"<!-- This site is optimized with the Yoast SEO plugin v26.9 - https:\/\/yoast.com\/product\/yoast-seo-wordpress\/ -->\n<title>Aviso legal - Oncoalicia<\/title>\n<meta name=\"description\" content=\"P\u00e1gina de aviso legal do site OncoAl\u00edcia.\" \/>\n<meta name=\"robots\" content=\"index, follow, max-snippet:-1, max-image-preview:large, max-video-preview:-1\" \/>\n<link rel=\"canonical\" href=\"https:\/\/oncoalicia.com\/pt-br\/aviso-legal\/\" \/>\n<meta property=\"og:locale\" content=\"pt_BR\" \/>\n<meta property=\"og:type\" content=\"article\" \/>\n<meta property=\"og:title\" content=\"Aviso legal - Oncoalicia\" \/>\n<meta property=\"og:description\" content=\"P\u00e1gina de aviso legal do site OncoAl\u00edcia.\" \/>\n<meta property=\"og:url\" content=\"https:\/\/oncoalicia.com\/pt-br\/aviso-legal\/\" \/>\n<meta property=\"og:site_name\" content=\"Oncoalicia\" \/>\n<meta property=\"article:modified_time\" content=\"2025-06-17T10:44:51+00:00\" \/>\n<meta property=\"og:image\" content=\"https:\/\/oncoalicia.com\/wp-content\/uploads\/2021\/12\/Asset-3.png\" \/>\n\t<meta property=\"og:image:width\" content=\"300\" \/>\n\t<meta property=\"og:image:height\" content=\"300\" \/>\n\t<meta property=\"og:image:type\" content=\"image\/png\" \/>\n<meta name=\"twitter:card\" content=\"summary_large_image\" \/>\n<meta name=\"twitter:label1\" content=\"Est. tempo de leitura\" \/>\n\t<meta name=\"twitter:data1\" content=\"7 minutos\" \/>\n<script type=\"application\/ld+json\" class=\"yoast-schema-graph\">{\"@context\":\"https:\/\/schema.org\",\"@graph\":[{\"@type\":\"WebPage\",\"@id\":\"https:\/\/oncoalicia.com\/pt-br\/aviso-legal\/\",\"url\":\"https:\/\/oncoalicia.com\/pt-br\/aviso-legal\/\",\"name\":\"Aviso legal - Oncoalicia\",\"isPartOf\":{\"@id\":\"https:\/\/oncoalicia.com\/pt-br\/#website\"},\"datePublished\":\"2023-03-14T17:46:05+00:00\",\"dateModified\":\"2025-06-17T10:44:51+00:00\",\"description\":\"P\u00e1gina de aviso legal do site OncoAl\u00edcia.\",\"breadcrumb\":{\"@id\":\"https:\/\/oncoalicia.com\/pt-br\/aviso-legal\/#breadcrumb\"},\"inLanguage\":\"pt-BR\",\"potentialAction\":[{\"@type\":\"ReadAction\",\"target\":[\"https:\/\/oncoalicia.com\/pt-br\/aviso-legal\/\"]}]},{\"@type\":\"BreadcrumbList\",\"@id\":\"https:\/\/oncoalicia.com\/pt-br\/aviso-legal\/#breadcrumb\",\"itemListElement\":[{\"@type\":\"ListItem\",\"position\":1,\"name\":\"Portada\",\"item\":\"https:\/\/oncoalicia.com\/pt-br\/\"},{\"@type\":\"ListItem\",\"position\":2,\"name\":\"Aviso legal\"}]},{\"@type\":\"WebSite\",\"@id\":\"https:\/\/oncoalicia.com\/pt-br\/#website\",\"url\":\"https:\/\/oncoalicia.com\/pt-br\/\",\"name\":\"Oncoal\u00edcia\",\"description\":\"Comer durante el Tratamiento del C\u00e1ncer\",\"publisher\":{\"@id\":\"https:\/\/oncoalicia.com\/pt-br\/#organization\"},\"alternateName\":\"Oncoal\u00edcia | Comer durante el Tratamiento del C\u00e1ncer\",\"potentialAction\":[{\"@type\":\"SearchAction\",\"target\":{\"@type\":\"EntryPoint\",\"urlTemplate\":\"https:\/\/oncoalicia.com\/pt-br\/?s={search_term_string}\"},\"query-input\":{\"@type\":\"PropertyValueSpecification\",\"valueRequired\":true,\"valueName\":\"search_term_string\"}}],\"inLanguage\":\"pt-BR\"},{\"@type\":\"Organization\",\"@id\":\"https:\/\/oncoalicia.com\/pt-br\/#organization\",\"name\":\"Oncoal\u00edcia\",\"alternateName\":\"Oncoal\u00edcia | Comer durante el Tratamiento del C\u00e1ncer\",\"url\":\"https:\/\/oncoalicia.com\/pt-br\/\",\"logo\":{\"@type\":\"ImageObject\",\"inLanguage\":\"pt-BR\",\"@id\":\"https:\/\/oncoalicia.com\/pt-br\/#\/schema\/logo\/image\/\",\"url\":\"https:\/\/oncoalicia.com\/wp-content\/uploads\/2022\/11\/logo_rrss.png\",\"contentUrl\":\"https:\/\/oncoalicia.com\/wp-content\/uploads\/2022\/11\/logo_rrss.png\",\"width\":300,\"height\":300,\"caption\":\"Oncoal\u00edcia\"},\"image\":{\"@id\":\"https:\/\/oncoalicia.com\/pt-br\/#\/schema\/logo\/image\/\"}}]}<\/script>\n<!-- \/ Yoast SEO plugin. -->","yoast_head_json":{"title":"Aviso legal - Oncoalicia","description":"P\u00e1gina de aviso legal do site OncoAl\u00edcia.","robots":{"index":"index","follow":"follow","max-snippet":"max-snippet:-1","max-image-preview":"max-image-preview:large","max-video-preview":"max-video-preview:-1"},"canonical":"https:\/\/oncoalicia.com\/pt-br\/aviso-legal\/","og_locale":"pt_BR","og_type":"article","og_title":"Aviso legal - Oncoalicia","og_description":"P\u00e1gina de aviso legal do site OncoAl\u00edcia.","og_url":"https:\/\/oncoalicia.com\/pt-br\/aviso-legal\/","og_site_name":"Oncoalicia","article_modified_time":"2025-06-17T10:44:51+00:00","og_image":[{"width":300,"height":300,"url":"https:\/\/oncoalicia.com\/wp-content\/uploads\/2021\/12\/Asset-3.png","type":"image\/png"}],"twitter_card":"summary_large_image","twitter_misc":{"Est. tempo de leitura":"7 minutos"},"schema":{"@context":"https:\/\/schema.org","@graph":[{"@type":"WebPage","@id":"https:\/\/oncoalicia.com\/pt-br\/aviso-legal\/","url":"https:\/\/oncoalicia.com\/pt-br\/aviso-legal\/","name":"Aviso legal - Oncoalicia","isPartOf":{"@id":"https:\/\/oncoalicia.com\/pt-br\/#website"},"datePublished":"2023-03-14T17:46:05+00:00","dateModified":"2025-06-17T10:44:51+00:00","description":"P\u00e1gina de aviso legal do site OncoAl\u00edcia.","breadcrumb":{"@id":"https:\/\/oncoalicia.com\/pt-br\/aviso-legal\/#breadcrumb"},"inLanguage":"pt-BR","potentialAction":[{"@type":"ReadAction","target":["https:\/\/oncoalicia.com\/pt-br\/aviso-legal\/"]}]},{"@type":"BreadcrumbList","@id":"https:\/\/oncoalicia.com\/pt-br\/aviso-legal\/#breadcrumb","itemListElement":[{"@type":"ListItem","position":1,"name":"Portada","item":"https:\/\/oncoalicia.com\/pt-br\/"},{"@type":"ListItem","position":2,"name":"Aviso legal"}]},{"@type":"WebSite","@id":"https:\/\/oncoalicia.com\/pt-br\/#website","url":"https:\/\/oncoalicia.com\/pt-br\/","name":"Oncoal\u00edcia","description":"Comer durante el Tratamiento del C\u00e1ncer","publisher":{"@id":"https:\/\/oncoalicia.com\/pt-br\/#organization"},"alternateName":"Oncoal\u00edcia | Comer durante el Tratamiento del C\u00e1ncer","potentialAction":[{"@type":"SearchAction","target":{"@type":"EntryPoint","urlTemplate":"https:\/\/oncoalicia.com\/pt-br\/?s={search_term_string}"},"query-input":{"@type":"PropertyValueSpecification","valueRequired":true,"valueName":"search_term_string"}}],"inLanguage":"pt-BR"},{"@type":"Organization","@id":"https:\/\/oncoalicia.com\/pt-br\/#organization","name":"Oncoal\u00edcia","alternateName":"Oncoal\u00edcia | Comer durante el Tratamiento del C\u00e1ncer","url":"https:\/\/oncoalicia.com\/pt-br\/","logo":{"@type":"ImageObject","inLanguage":"pt-BR","@id":"https:\/\/oncoalicia.com\/pt-br\/#\/schema\/logo\/image\/","url":"https:\/\/oncoalicia.com\/wp-content\/uploads\/2022\/11\/logo_rrss.png","contentUrl":"https:\/\/oncoalicia.com\/wp-content\/uploads\/2022\/11\/logo_rrss.png","width":300,"height":300,"caption":"Oncoal\u00edcia"},"image":{"@id":"https:\/\/oncoalicia.com\/pt-br\/#\/schema\/logo\/image\/"}}]}},"_links":{"self":[{"href":"https:\/\/oncoalicia.com\/pt-br\/wp-json\/wp\/v2\/pages\/7650","targetHints":{"allow":["GET"]}}],"collection":[{"href":"https:\/\/oncoalicia.com\/pt-br\/wp-json\/wp\/v2\/pages"}],"about":[{"href":"https:\/\/oncoalicia.com\/pt-br\/wp-json\/wp\/v2\/types\/page"}],"author":[{"embeddable":true,"href":"https:\/\/oncoalicia.com\/pt-br\/wp-json\/wp\/v2\/users\/2"}],"replies":[{"embeddable":true,"href":"https:\/\/oncoalicia.com\/pt-br\/wp-json\/wp\/v2\/comments?post=7650"}],"version-history":[{"count":0,"href":"https:\/\/oncoalicia.com\/pt-br\/wp-json\/wp\/v2\/pages\/7650\/revisions"}],"wp:attachment":[{"href":"https:\/\/oncoalicia.com\/pt-br\/wp-json\/wp\/v2\/media?parent=7650"}],"curies":[{"name":"wp","href":"https:\/\/api.w.org\/{rel}","templated":true}]}}