{"id":7719,"date":"2022-10-27T23:46:05","date_gmt":"2022-10-27T21:46:05","guid":{"rendered":"https:\/\/oncoalicia.com\/?page_id=7719"},"modified":"2025-06-17T10:53:45","modified_gmt":"2025-06-17T10:53:45","slug":"politica-de-cookies","status":"publish","type":"page","link":"https:\/\/oncoalicia.com\/pt-br\/politica-de-cookies\/","title":{"rendered":"Pol\u00edtica de cookies"},"content":{"rendered":"<p style=\"text-align: left;\">O objetivo desta pol\u00edtica de cookies \u00e9 fornecer informa\u00e7\u00f5es claras e precisas sobre os cookies utilizados no nosso s\u00edtio Web.<\/p>\n<p style=\"text-align: left;\">Utilizamos cookies pr\u00f3prios e de terceiros para melhorar os nossos servi\u00e7os, personalizar o nosso s\u00edtio Web, facilitar a navega\u00e7\u00e3o dos nossos utilizadores, proporcionar-lhe uma melhor experi\u00eancia de utiliza\u00e7\u00e3o do s\u00edtio Web, identificar problemas para o melhorar, efetuar medi\u00e7\u00f5es e estat\u00edsticas de utiliza\u00e7\u00e3o e mostrar-lhe publicidade relacionada com as suas prefer\u00eancias atrav\u00e9s da an\u00e1lise da utiliza\u00e7\u00e3o do s\u00edtio Web.<\/p>\n<p style=\"text-align: left;\">Informamos que podemos utilizar cookies no seu computador desde que tenha dado o seu consentimento, exceto nos casos em que os cookies s\u00e3o necess\u00e1rios para navegar no nosso s\u00edtio Web. Se der o seu consentimento, podemos utilizar cookies para nos permitir saber mais sobre as suas prefer\u00eancias e personalizar o nosso s\u00edtio Web de acordo com os seus interesses individuais.<\/p>\n<p>&nbsp;<\/p>\n<p style=\"text-align: left;\"><strong>O QUE S\u00c3O COOKIES?<\/strong><\/p>\n<p style=\"text-align: left;\">Os cookies e outras tecnologias semelhantes, como local shared objects, os flash cookies ou os pixels, s\u00e3o ferramentas utilizadas pelos servidores Web para armazenar e recuperar informa\u00e7\u00f5es sobre os seus visitantes, bem como para assegurar o correto funcionamento do site.<\/p>\n<p>&nbsp;<\/p>\n<p style=\"text-align: left;\"><strong>TIPO DE COOKIES<\/strong><\/p>\n<p style=\"text-align: left;\"><strong>Os tipos de cookies dependem da entidade que os gere:<\/strong><\/p>\n<p style=\"text-align: left;\">&#8211; <strong>Cookies pr\u00f3prios:<\/strong> s\u00e3o aqueles que s\u00e3o enviados para o equipamento terminal do usu\u00e1rio a partir de um computador ou dom\u00ednio gerido pelo propriet\u00e1rio do site e a partir do qual o servi\u00e7o solicitado pelo usu\u00e1rio \u00e9 fornecido.<\/p>\n<p style=\"text-align: left;\">&#8211; <strong>Cookies de terceiros:<\/strong> s\u00e3o aqueles que s\u00e3o enviados para o equipamento terminal do utilizador a partir de um computador ou dom\u00ednio que n\u00e3o \u00e9 gerido pelo propriet\u00e1rio do site a partir do qual o servi\u00e7o solicitado pelo usu\u00e1rio \u00e9 fornecido, mas por outra entidade que processa os dados obtidos atrav\u00e9s dos cookies. Da mesma forma, no caso de os cookies serem instalados a partir de um computador ou dom\u00ednio gerido pelo pr\u00f3prio propriet\u00e1rio do s\u00edtio Web, mas a informa\u00e7\u00e3o recolhida atrav\u00e9s deles ser gerida por um terceiro, tamb\u00e9m ser\u00e3o considerados cookies de terceiros.<\/p>\n<p>&nbsp;<\/p>\n<p style=\"text-align: left;\"><strong>Tipo de cookies segundo a finalidade:<\/strong><\/p>\n<p style=\"text-align: left;\">&#8211; <strong>Cookies t\u00e9cnicos:<\/strong> s\u00e3o aqueles que permitem ao usu\u00e1rio navegar atrav\u00e9s de um site, plataforma ou aplicativo e o uso das diferentes op\u00e7\u00f5es ou servi\u00e7os que existem nele, incluindo aqueles que o editor usa para permitir a gest\u00e3o e opera\u00e7\u00e3o do site e habilitar suas fun\u00e7\u00f5es e servi\u00e7os, como, por exemplo, controlar o tr\u00e1fego e a comunica\u00e7\u00e3o de dados, identificar a sess\u00e3o, acessar partes de acesso restrito, lembrar os elementos que comp\u00f5em um pedido, fazer o processo de compra de um pedido, gerir o pagamento, controlar as fraudes ligadas \u00e0 seguran\u00e7a do servi\u00e7o, efetuar o pedido de inscri\u00e7\u00e3o ou de participa\u00e7\u00e3o num evento, contar as visitas para efeitos de fatura\u00e7\u00e3o das licen\u00e7as do software com o qual o servi\u00e7o ( website, plataforma ou aplica\u00e7\u00e3o) funciona, utilizar elementos de seguran\u00e7a durante a navega\u00e7\u00e3o, armazenar conte\u00fados para a difus\u00e3o de v\u00eddeos ou de som, permitir conte\u00fados din\u00e2micos (por exemplo, anima\u00e7\u00e3o do carregamento de um texto ou de uma imagem) ou partilhar conte\u00fados atrav\u00e9s das redes sociais.<\/p>\n<p style=\"text-align: left;\">Tamb\u00e9m pertencem a esta categoria, devido \u00e0 sua natureza t\u00e9cnica, os cookies que permitem a gest\u00e3o, da forma mais eficiente poss\u00edvel, dos espa\u00e7os publicit\u00e1rios que, como outro elemento de design ou &#8220;layout&#8221; do servi\u00e7o oferecido ao usu\u00e1rio, o editor incluiu em um site, aplicativo ou plataforma com base em crit\u00e9rios como o conte\u00fado editado, sem coletar informa\u00e7\u00f5es dos usu\u00e1rios para diferentes fins, como personalizar esse conte\u00fado publicit\u00e1rio ou outro conte\u00fado.<\/p>\n<p style=\"text-align: left;\">&#8211; <strong>Cookies de prefer\u00eancia ou personaliza\u00e7\u00e3o:<\/strong> s\u00e3o cookies que permitem lembrar informa\u00e7\u00f5es para que o utilizador possa aceder ao servi\u00e7o com determinadas caracter\u00edsticas que podem diferenciar a sua experi\u00eancia da de outros usu\u00e1rios, como, por exemplo, o idioma, o n\u00famero de resultados a apresentar quando o usu\u00e1rio realiza uma pesquisa, a apar\u00eancia ou o conte\u00fado do servi\u00e7o em fun\u00e7\u00e3o do tipo de navegador atrav\u00e9s do qual o usu\u00e1rio acede ao servi\u00e7o ou da regi\u00e3o a partir da qual acede ao servi\u00e7o, etc.<\/p>\n<p style=\"text-align: left;\">&#8211; <strong>Cookies de an\u00e1lise ou medi\u00e7\u00e3o:<\/strong> s\u00e3o cookies que permitem \u00e0 parte respons\u00e1vel por eles monitorizar e analisar o comportamento dos utilizadores dos s\u00edtios Web a que est\u00e3o ligados, incluindo a quantifica\u00e7\u00e3o do impacto da publicidade. A informa\u00e7\u00e3o recolhida atrav\u00e9s deste tipo de cookies \u00e9 utilizada para medir a atividade dos websites, aplicativos ou plataformas, com o objetivo de introduzir melhorias baseadas na an\u00e1lise dos dados de utiliza\u00e7\u00e3o dos usu\u00e1rios do servi\u00e7o.<\/p>\n<p style=\"text-align: left;\">&#8211; <strong>Cookies de publicidade comportamental:<\/strong> s\u00e3o aqueles que permitem a gest\u00e3o, da forma mais eficaz poss\u00edvel, dos espa\u00e7os publicit\u00e1rios existentes no s\u00edtio Web. Estes cookies armazenam informa\u00e7\u00f5es sobre o comportamento do utilizador obtidas atrav\u00e9s da observa\u00e7\u00e3o cont\u00ednua dos seus h\u00e1bitos de navega\u00e7\u00e3o, o que permite desenvolver um perfil espec\u00edfico para apresentar publicidade com base no mesmo.<\/p>\n<p style=\"text-align: left;\">&#8211;<strong> Cookies de geolocaliza\u00e7\u00e3o:<\/strong> s\u00e3o utilizados para saber onde o utilizador se encontra quando solicita um servi\u00e7o. Este cookie \u00e9 an\u00f3nimo e \u00e9 utilizado, por exemplo, para lhe oferecer a informa\u00e7\u00e3o adequada em fun\u00e7\u00e3o do pa\u00eds em que se encontra.<\/p>\n<p>&nbsp;<\/p>\n<p style=\"text-align: left;\"><strong>Tipos de Cookies de acordo com o per\u00edodo de tempo em que permanecem ativados:<\/strong><\/p>\n<p style=\"text-align: left;\">&#8211; <strong>Cookies de sess\u00e3o:<\/strong> s\u00e3o aqueles concebidos para recolher e armazenar dados enquanto o usu\u00e1rio acede a um website. S\u00e3o normalmente utilizados para armazenar informa\u00e7\u00f5es que s\u00f3 precisam de ser conservadas para a presta\u00e7\u00e3o do servi\u00e7o solicitado pelo usu\u00e1rio numa \u00fanica ocasi\u00e3o (por exemplo, uma lista de produtos comprados) e desaparecem no final da sess\u00e3o.<\/p>\n<p style=\"text-align: left;\">&#8211; <strong>Cookies persistentes: <\/strong> s\u00e3o cookies em que os dados permanecem armazenados no terminal e podem ser acedidos e tratados durante um per\u00edodo definido pelo respons\u00e1vel pelo cookie, que pode ir de alguns minutos a v\u00e1rios anos.<\/p>\n<p>&nbsp;<\/p>\n<p style=\"text-align: left;\"><strong>COOKIES UTILIZADOS NO NOSSO WEBSITE<\/strong><\/p>\n<ul style=\"text-align: left;\">\n<li style=\"color: black;\"><strong>PHPSESSID:<\/strong> cookie t\u00e9cnico e estritamente necess\u00e1rio que cont\u00e9m o identificador de sess\u00e3o. \u00c9 eliminado quando o navegador \u00e9 fechado.<\/li>\n<li style=\"color: black;\"><strong>acceptCookies:<\/strong> cookie t\u00e9cnico e estritamente necess\u00e1rio que cont\u00e9m a op\u00e7\u00e3o marcada no m\u00f3dulo de aceita\u00e7\u00e3o ou personaliza\u00e7\u00e3o dos cookies.<\/li>\n<li style=\"color: black;\"><strong>ac_cookies:<\/strong> cookie t\u00e9cnico e estritamente necess\u00e1rio que cont\u00e9m o valor que indica se a instala\u00e7\u00e3o de cookies foi aceite. Expira 1 ano ap\u00f3s a sua \u00faltima atualiza\u00e7\u00e3o.<\/li>\n<li style=\"color: black;\"><strong>ga:<\/strong> cookie universal do Google Analytics que permite a fun\u00e7\u00e3o de controle de visitas \u00fanicas. A primeira vez que um usu\u00e1rio entra no site atrav\u00e9s de um navegador, este cookie ser\u00e1 instalado. Quando este usu\u00e1rio voltar a entrar no website com o mesmo navegador, o cookie considerar\u00e1 que se trata do mesmo usu\u00e1rio. S\u00f3 se o usu\u00e1rio mudar de navegador \u00e9 que ser\u00e1 considerado outro usu\u00e1rio. O cookie expira 2 anos ap\u00f3s a sua \u00faltima atualiza\u00e7\u00e3o. Mais informa\u00e7\u00f5es sobre o processamento efectuado pelo Google Analytics aqui.<\/li>\n<li style=\"color: black;\"><strong>gat:<\/strong> Este cookie est\u00e1 associado ao Google Analytics. \u00c9 utilizado para limitar a taxa de pedidos &#8211; limitando a recolha de dados em s\u00edtios de elevado tr\u00e1fego. Expira ao fim de 10 minutos.<\/li>\n<li style=\"color: black;\"><strong>gid: <\/strong>Este cookie est\u00e1 associado ao Google Analytics. \u00c9 utilizado para distinguir os usu\u00e1rios. Expira ao fim de 24 horas.<\/li>\n<\/ul>\n<p>&nbsp;<\/p>\n<p style=\"text-align: left;\"><strong>COMO ELIMINAR OS COOKIES NOS NAVEGADORES?<\/strong><\/p>\n<p style=\"text-align: left;\">O utilizador pode, a qualquer momento, permitir, bloquear ou eliminar os cookies instalados no seu equipamento, modificando os par\u00e2metros de configura\u00e7\u00e3o do navegador instalado no seu computador:<\/p>\n<ul style=\"text-align: left;\">\n<li style=\"color: black;\">Defini\u00e7\u00f5es do Chrome -&gt; Mostrar op\u00e7\u00f5es avan\u00e7adas -&gt; Privacidade -&gt; Defini\u00e7\u00f5es de conte\u00fado.<br \/>\nPara mais informa\u00e7\u00f5es, pode consultar o suporte do Google ou a Ajuda do navegador.<\/li>\n<li style=\"color: black;\">Ferramentas do Explorer -&gt; Op\u00e7\u00f5es da Internet -&gt; Privacidade -&gt; Defini\u00e7\u00f5es.<br \/>\nPara mais informa\u00e7\u00f5es, pode consultar o suporte da Microsoft ou a Ajuda do navegador.<\/li>\n<li style=\"color: black;\">Ferramentas do Firefox -&gt; Op\u00e7\u00f5es -&gt; Privacidade -&gt; Hist\u00f3rico -&gt; Defini\u00e7\u00f5es personalizadas.<br \/>\nPara mais informa\u00e7\u00f5es, pode consultar o suporte da Mozilla ou a Ajuda do navegador.<\/li>\n<li style=\"color: black;\">Prefer\u00eancias do Safari -&gt; Seguran\u00e7a.<br \/>\nPara mais informa\u00e7\u00f5es, pode consultar o suporte da Apple ou a Ajuda do navegador.<\/li>\n<\/ul>\n<p style=\"text-align: left;\">A desativa\u00e7\u00e3o dos cookies n\u00e3o impede a navega\u00e7\u00e3o no s\u00edtio Web, embora a utiliza\u00e7\u00e3o de alguns dos seus servi\u00e7os possa ser limitada e, por conseguinte, a sua experi\u00eancia de navega\u00e7\u00e3o possa ser menos satisfat\u00f3ria.<\/p>\n<p>&nbsp;<\/p>\n<p style=\"text-align: left;\"><strong>RETIRADA DO CONSENTIMENTO<\/strong><\/p>\n<p style=\"text-align: left;\">O usu\u00e1rio pode retirar o seu consentimento \u00e0 Pol\u00edtica de Cookies a qualquer momento, podendo eliminar os cookies armazenados no seu equipamento atrav\u00e9s das defini\u00e7\u00f5es e configura\u00e7\u00f5es do seu navegador de Internet, acima indicadas.<\/p>\n<p style=\"text-align: left;\">Esta Pol\u00edtica de Cookies pode ser modificada quando exigido pela legisla\u00e7\u00e3o em vigor a cada momento ou quando houver alguma varia\u00e7\u00e3o no tipo de cookies utilizados no site. Assim, recomendamos que reveja esta pol\u00edtica sempre que aceda ao nosso site, de forma a estar devidamente informado sobre como e porqu\u00ea utilizamos os cookies.<\/p>\n","protected":false},"excerpt":{"rendered":"<p>O objetivo desta pol\u00edtica de cookies \u00e9 fornecer informa\u00e7\u00f5es claras e precisas sobre os cookies utilizados no nosso s\u00edtio Web. Utilizamos cookies pr\u00f3prios e de terceiros para melhorar os nossos servi\u00e7os, personalizar o nosso s\u00edtio Web, facilitar a navega\u00e7\u00e3o dos nossos utilizadores, proporcionar-lhe uma melhor experi\u00eancia de utiliza\u00e7\u00e3o do s\u00edtio Web, identificar problemas para o&hellip; <a class=\"more-link\" href=\"https:\/\/oncoalicia.com\/pt-br\/politica-de-cookies\/\">Continue reading <span class=\"screen-reader-text\">Pol\u00edtica de cookies<\/span><\/a><\/p>\n","protected":false},"author":2,"featured_media":0,"parent":0,"menu_order":0,"comment_status":"closed","ping_status":"closed","template":"","meta":{"footnotes":""},"class_list":["post-7719","page","type-page","status-publish","hentry","entry"],"yoast_head":"<!-- This site is optimized with the Yoast SEO plugin v26.9 - https:\/\/yoast.com\/product\/yoast-seo-wordpress\/ -->\n<title>Pol\u00edtica de cookies - Oncoalicia<\/title>\n<meta name=\"description\" content=\"P\u00e1gina de pol\u00edtica de cookies do site OncoAl\u00edcia.\" \/>\n<meta name=\"robots\" content=\"index, follow, max-snippet:-1, max-image-preview:large, max-video-preview:-1\" \/>\n<link rel=\"canonical\" href=\"https:\/\/oncoalicia.com\/pt-br\/politica-de-cookies\/\" \/>\n<meta property=\"og:locale\" content=\"pt_BR\" \/>\n<meta property=\"og:type\" content=\"article\" \/>\n<meta property=\"og:title\" content=\"Pol\u00edtica de cookies - Oncoalicia\" \/>\n<meta property=\"og:description\" content=\"P\u00e1gina de pol\u00edtica de cookies do site OncoAl\u00edcia.\" \/>\n<meta property=\"og:url\" content=\"https:\/\/oncoalicia.com\/pt-br\/politica-de-cookies\/\" \/>\n<meta property=\"og:site_name\" content=\"Oncoalicia\" \/>\n<meta property=\"article:modified_time\" content=\"2025-06-17T10:53:45+00:00\" \/>\n<meta property=\"og:image\" content=\"https:\/\/oncoalicia.com\/wp-content\/uploads\/2021\/12\/Asset-3.png\" \/>\n\t<meta property=\"og:image:width\" content=\"300\" \/>\n\t<meta property=\"og:image:height\" content=\"300\" \/>\n\t<meta property=\"og:image:type\" content=\"image\/png\" \/>\n<meta name=\"twitter:card\" content=\"summary_large_image\" \/>\n<meta name=\"twitter:label1\" content=\"Est. tempo de leitura\" \/>\n\t<meta name=\"twitter:data1\" content=\"8 minutos\" \/>\n<script type=\"application\/ld+json\" class=\"yoast-schema-graph\">{\"@context\":\"https:\/\/schema.org\",\"@graph\":[{\"@type\":\"WebPage\",\"@id\":\"https:\/\/oncoalicia.com\/pt-br\/politica-de-cookies\/\",\"url\":\"https:\/\/oncoalicia.com\/pt-br\/politica-de-cookies\/\",\"name\":\"Pol\u00edtica de cookies - Oncoalicia\",\"isPartOf\":{\"@id\":\"https:\/\/oncoalicia.com\/pt-br\/#website\"},\"datePublished\":\"2022-10-27T21:46:05+00:00\",\"dateModified\":\"2025-06-17T10:53:45+00:00\",\"description\":\"P\u00e1gina de pol\u00edtica de cookies do site OncoAl\u00edcia.\",\"breadcrumb\":{\"@id\":\"https:\/\/oncoalicia.com\/pt-br\/politica-de-cookies\/#breadcrumb\"},\"inLanguage\":\"pt-BR\",\"potentialAction\":[{\"@type\":\"ReadAction\",\"target\":[\"https:\/\/oncoalicia.com\/pt-br\/politica-de-cookies\/\"]}]},{\"@type\":\"BreadcrumbList\",\"@id\":\"https:\/\/oncoalicia.com\/pt-br\/politica-de-cookies\/#breadcrumb\",\"itemListElement\":[{\"@type\":\"ListItem\",\"position\":1,\"name\":\"Portada\",\"item\":\"https:\/\/oncoalicia.com\/pt-br\/\"},{\"@type\":\"ListItem\",\"position\":2,\"name\":\"Pol\u00edtica de cookies\"}]},{\"@type\":\"WebSite\",\"@id\":\"https:\/\/oncoalicia.com\/pt-br\/#website\",\"url\":\"https:\/\/oncoalicia.com\/pt-br\/\",\"name\":\"Oncoal\u00edcia\",\"description\":\"Comer durante el Tratamiento del C\u00e1ncer\",\"publisher\":{\"@id\":\"https:\/\/oncoalicia.com\/pt-br\/#organization\"},\"alternateName\":\"Oncoal\u00edcia | Comer durante el Tratamiento del C\u00e1ncer\",\"potentialAction\":[{\"@type\":\"SearchAction\",\"target\":{\"@type\":\"EntryPoint\",\"urlTemplate\":\"https:\/\/oncoalicia.com\/pt-br\/?s={search_term_string}\"},\"query-input\":{\"@type\":\"PropertyValueSpecification\",\"valueRequired\":true,\"valueName\":\"search_term_string\"}}],\"inLanguage\":\"pt-BR\"},{\"@type\":\"Organization\",\"@id\":\"https:\/\/oncoalicia.com\/pt-br\/#organization\",\"name\":\"Oncoal\u00edcia\",\"alternateName\":\"Oncoal\u00edcia | Comer durante el Tratamiento del C\u00e1ncer\",\"url\":\"https:\/\/oncoalicia.com\/pt-br\/\",\"logo\":{\"@type\":\"ImageObject\",\"inLanguage\":\"pt-BR\",\"@id\":\"https:\/\/oncoalicia.com\/pt-br\/#\/schema\/logo\/image\/\",\"url\":\"https:\/\/oncoalicia.com\/wp-content\/uploads\/2022\/11\/logo_rrss.png\",\"contentUrl\":\"https:\/\/oncoalicia.com\/wp-content\/uploads\/2022\/11\/logo_rrss.png\",\"width\":300,\"height\":300,\"caption\":\"Oncoal\u00edcia\"},\"image\":{\"@id\":\"https:\/\/oncoalicia.com\/pt-br\/#\/schema\/logo\/image\/\"}}]}<\/script>\n<!-- \/ Yoast SEO plugin. -->","yoast_head_json":{"title":"Pol\u00edtica de cookies - Oncoalicia","description":"P\u00e1gina de pol\u00edtica de cookies do site OncoAl\u00edcia.","robots":{"index":"index","follow":"follow","max-snippet":"max-snippet:-1","max-image-preview":"max-image-preview:large","max-video-preview":"max-video-preview:-1"},"canonical":"https:\/\/oncoalicia.com\/pt-br\/politica-de-cookies\/","og_locale":"pt_BR","og_type":"article","og_title":"Pol\u00edtica de cookies - Oncoalicia","og_description":"P\u00e1gina de pol\u00edtica de cookies do site OncoAl\u00edcia.","og_url":"https:\/\/oncoalicia.com\/pt-br\/politica-de-cookies\/","og_site_name":"Oncoalicia","article_modified_time":"2025-06-17T10:53:45+00:00","og_image":[{"width":300,"height":300,"url":"https:\/\/oncoalicia.com\/wp-content\/uploads\/2021\/12\/Asset-3.png","type":"image\/png"}],"twitter_card":"summary_large_image","twitter_misc":{"Est. tempo de leitura":"8 minutos"},"schema":{"@context":"https:\/\/schema.org","@graph":[{"@type":"WebPage","@id":"https:\/\/oncoalicia.com\/pt-br\/politica-de-cookies\/","url":"https:\/\/oncoalicia.com\/pt-br\/politica-de-cookies\/","name":"Pol\u00edtica de cookies - Oncoalicia","isPartOf":{"@id":"https:\/\/oncoalicia.com\/pt-br\/#website"},"datePublished":"2022-10-27T21:46:05+00:00","dateModified":"2025-06-17T10:53:45+00:00","description":"P\u00e1gina de pol\u00edtica de cookies do site OncoAl\u00edcia.","breadcrumb":{"@id":"https:\/\/oncoalicia.com\/pt-br\/politica-de-cookies\/#breadcrumb"},"inLanguage":"pt-BR","potentialAction":[{"@type":"ReadAction","target":["https:\/\/oncoalicia.com\/pt-br\/politica-de-cookies\/"]}]},{"@type":"BreadcrumbList","@id":"https:\/\/oncoalicia.com\/pt-br\/politica-de-cookies\/#breadcrumb","itemListElement":[{"@type":"ListItem","position":1,"name":"Portada","item":"https:\/\/oncoalicia.com\/pt-br\/"},{"@type":"ListItem","position":2,"name":"Pol\u00edtica de cookies"}]},{"@type":"WebSite","@id":"https:\/\/oncoalicia.com\/pt-br\/#website","url":"https:\/\/oncoalicia.com\/pt-br\/","name":"Oncoal\u00edcia","description":"Comer durante el Tratamiento del C\u00e1ncer","publisher":{"@id":"https:\/\/oncoalicia.com\/pt-br\/#organization"},"alternateName":"Oncoal\u00edcia | Comer durante el Tratamiento del C\u00e1ncer","potentialAction":[{"@type":"SearchAction","target":{"@type":"EntryPoint","urlTemplate":"https:\/\/oncoalicia.com\/pt-br\/?s={search_term_string}"},"query-input":{"@type":"PropertyValueSpecification","valueRequired":true,"valueName":"search_term_string"}}],"inLanguage":"pt-BR"},{"@type":"Organization","@id":"https:\/\/oncoalicia.com\/pt-br\/#organization","name":"Oncoal\u00edcia","alternateName":"Oncoal\u00edcia | Comer durante el Tratamiento del C\u00e1ncer","url":"https:\/\/oncoalicia.com\/pt-br\/","logo":{"@type":"ImageObject","inLanguage":"pt-BR","@id":"https:\/\/oncoalicia.com\/pt-br\/#\/schema\/logo\/image\/","url":"https:\/\/oncoalicia.com\/wp-content\/uploads\/2022\/11\/logo_rrss.png","contentUrl":"https:\/\/oncoalicia.com\/wp-content\/uploads\/2022\/11\/logo_rrss.png","width":300,"height":300,"caption":"Oncoal\u00edcia"},"image":{"@id":"https:\/\/oncoalicia.com\/pt-br\/#\/schema\/logo\/image\/"}}]}},"_links":{"self":[{"href":"https:\/\/oncoalicia.com\/pt-br\/wp-json\/wp\/v2\/pages\/7719","targetHints":{"allow":["GET"]}}],"collection":[{"href":"https:\/\/oncoalicia.com\/pt-br\/wp-json\/wp\/v2\/pages"}],"about":[{"href":"https:\/\/oncoalicia.com\/pt-br\/wp-json\/wp\/v2\/types\/page"}],"author":[{"embeddable":true,"href":"https:\/\/oncoalicia.com\/pt-br\/wp-json\/wp\/v2\/users\/2"}],"replies":[{"embeddable":true,"href":"https:\/\/oncoalicia.com\/pt-br\/wp-json\/wp\/v2\/comments?post=7719"}],"version-history":[{"count":0,"href":"https:\/\/oncoalicia.com\/pt-br\/wp-json\/wp\/v2\/pages\/7719\/revisions"}],"wp:attachment":[{"href":"https:\/\/oncoalicia.com\/pt-br\/wp-json\/wp\/v2\/media?parent=7719"}],"curies":[{"name":"wp","href":"https:\/\/api.w.org\/{rel}","templated":true}]}}