{"id":7726,"date":"2023-03-14T18:46:57","date_gmt":"2023-03-14T16:46:57","guid":{"rendered":"https:\/\/oncoalicia.com\/?page_id=7726"},"modified":"2025-06-17T10:54:00","modified_gmt":"2025-06-17T10:54:00","slug":"politica-de-privacidad","status":"publish","type":"page","link":"https:\/\/oncoalicia.com\/pt-br\/politica-de-privacidad\/","title":{"rendered":"Pol\u00edtica de privacidad"},"content":{"rendered":"<p><strong>Respons\u00e1vel pelo tratamento de dados<\/strong><br \/>\nA empresa respons\u00e1vel pelo tratamento dos seus dados ao abrigo da presente Pol\u00edtica de Privacidade \u00e9:<\/p>\n<p>FUNDACI\u00d3 AL\u00cdCIA ALIMENTACI\u00d3 I CI\u00c8NCIA, F.P.<br \/>\nIDENTIFICA\u00c7\u00c3O FISCAL: G63360531<br \/>\nEndere\u00e7o: Cam\u00ed Sant Benet, s\/n &#8211; 08272 Sant Fruit\u00f3s del Bages (Barcelona)<br \/>\nEndere\u00e7o de correio eletr\u00f3nico: lopd@alicia.cat<br \/>\nWebsite: www.oncoalicia.com<br \/>\nTelefone: 938759402<br \/>\nInscrita no Registo Mercantil de Funda\u00e7\u00f5es da Generalitat de Catalunya com o n\u00famero 2059, em 28 de dezembro de 2004.<\/p>\n<p>Na FUNDACI\u00d3 AL\u00cdCIA ALIMENTACI\u00d3 I CI\u00c8NCIA, F.P., reconhecemos a import\u00e2ncia de proteger as suas informa\u00e7\u00f5es pessoais e comprometemo-nos a trat\u00e1-las de forma respons\u00e1vel e de acordo com as leis de prote\u00e7\u00e3o de dados.<\/p>\n<p>Esta pol\u00edtica de privacidade visa regular todos os aspectos relacionados com o tratamento de dados dos diferentes utilizadores que navegam ou fornecem os seus dados pessoais atrav\u00e9s dos diferentes formul\u00e1rios localizados no site.<\/p>\n<p>&nbsp;<\/p>\n<p><strong>Dados de car\u00e1cter pessoal<\/strong><br \/>\nOs dados pessoais s\u00e3o informa\u00e7\u00f5es que o identificam ou o tornam identific\u00e1vel. Atrav\u00e9s do website, nas caixas estabelecidas para o efeito, recolhemos os dados pessoais que o usu\u00e1rio nos comunica: nome, apelido, e-mail, telefone, endere\u00e7o postal, cidade, etc., bem como todos os dados que nos fornece voluntariamente atrav\u00e9s de qualquer uma das redes sociais em que o usu\u00e1rio est\u00e1 registado. Neste caso, a privacidade depender\u00e1 da configura\u00e7\u00e3o estabelecida pelo utilizador, bem como dos termos e condi\u00e7\u00f5es da pr\u00f3pria rede social.<\/p>\n<p>A visita do usu\u00e1rio ao site n\u00e3o implica que ele tenha que fornecer qualquer informa\u00e7\u00e3o sobre seus dados pessoais. No entanto, no caso de os fornecer, os dados ser\u00e3o tratados de forma l\u00edcita e sempre sujeitos aos princ\u00edpios e direitos estabelecidos no RGPD 2016\/679 de 27 de abril de 2016 e na LOPDGDD 3\/2018 de 5 de dezembro.<\/p>\n<p>&nbsp;<\/p>\n<p><strong>Finalidade, dura\u00e7\u00e3o e legitimidade do tratamento:<\/strong><br \/>\nOs dados fornecidos pelo utilizador ser\u00e3o tratados por n\u00f3s para os seguintes fins:<\/p>\n<p>Facilitar a forma\u00e7\u00e3o e a informa\u00e7\u00e3o dos utilizadores registados no site e efetuar, se for caso disso, as dilig\u00eancias necess\u00e1rias para permitir a sua inscri\u00e7\u00e3o e participa\u00e7\u00e3o ou acompanhamento em cursos, confer\u00eancias, eventos e qualquer outra atividade formativa, social, informativa e\/ou educativa em que o utilizador esteja interessado e que seja oferecida atrav\u00e9s do site. Estes dados ser\u00e3o conservados durante o per\u00edodo de dura\u00e7\u00e3o da atividade de forma\u00e7\u00e3o e durante o tempo estabelecido por lei, com uma dura\u00e7\u00e3o m\u00ednima de 3 anos.<br \/>\nA legitima\u00e7\u00e3o para esta finalidade de tratamento de dados pessoais \u00e9 a execu\u00e7\u00e3o do contrato no qual o usu\u00e1rio \u00e9 parte, ou seja, para a manuten\u00e7\u00e3o, cumprimento, desenvolvimento, controlo e execu\u00e7\u00e3o da rela\u00e7\u00e3o contratual estabelecida entre si e a FUNDACI\u00d3 AL\u00cdCIA ALIMENTACI\u00d3 I CI\u00c8NCIA, F.P.<br \/>\nPara melhorar a experi\u00eancia do usu\u00e1rio ao navegar no site. Conservaremos estes dados enquanto o usu\u00e1rio n\u00e3o revogar o seu consentimento para o tratamento dos mesmos atrav\u00e9s da elimina\u00e7\u00e3o dos cookies e durante o tempo estabelecido por lei com uma dura\u00e7\u00e3o m\u00ednima de 3 anos.<br \/>\nA base de legitimidade para melhorar a sua experi\u00eancia de navega\u00e7\u00e3o no site \u00e9 o consentimento dado pelo utilizador ao aceitar os cookies. O usu\u00e1rio tem o direito de revogar seu consentimento a qualquer momento, sem afetar a legalidade do processamento com base no consentimento anterior \u00e0 sua retirada.<\/p>\n<p>Gerir as nossas redes sociais e enviar-lhe informa\u00e7\u00f5es sobre as nossas actividades e produtos. Conservaremos estes dados enquanto o usu\u00e1rio n\u00e3o revogar o seu consentimento para o tratamento dos mesmos e durante o tempo estabelecido por lei, com uma dura\u00e7\u00e3o m\u00ednima de 3 anos.<\/p>\n<p>A base leg\u00edtima para gerir as nossas redes sociais e enviar-lhe as nossas actividades e not\u00edcias \u00e9 o consentimento que nos d\u00e1 para realiz\u00e1-lo. O utilizador tem o direito de revogar o seu consentimento em qualquer momento, sem que isso interfira com a legalidade do tratamento baseado no consentimento anterior \u00e0 sua retirada.<\/p>\n<p>Cess\u00e3o ou comunica\u00e7\u00e3o de dados pessoais e transfer\u00eancias internacionais:<br \/>\nOs dados do usu\u00e1rio n\u00e3o ser\u00e3o comunicados ou transferidos a terceiros, a menos que exista uma obriga\u00e7\u00e3o legal ou que os prestadores v\u00ednculados ao Respons\u00e1vel pelo tratamento atuem como processadores de dados.<br \/>\nN\u00e3o ser\u00e3o feitas transfer\u00eancias internacionais, mas no caso de serem realizadas, ser\u00e1 informado para obter o seu consentimento.<\/p>\n<p>&nbsp;<\/p>\n<p><strong>Atualiza\u00e7\u00e3o de dados<\/strong><br \/>\n\u00c9 importante que, para que possamos manter os dados pessoais atualizados, o utilizador nos informe sempre que tenha havido alguma altera\u00e7\u00e3o nos mesmos, caso contr\u00e1rio, n\u00e3o nos responsabilizamos pela veracidade dos mesmos.<br \/>\nO usu\u00e1rio garante que os dados pessoais fornecidos s\u00e3o verdadeiros, garantindo que toda a informa\u00e7\u00e3o fornecida corresponde \u00e0 situa\u00e7\u00e3o real, que est\u00e1 atualizada e \u00e9 exata, e obriga-se a notificar-nos de qualquer altera\u00e7\u00e3o.<\/p>\n<p>&nbsp;<\/p>\n<p><strong>Dados de terceiros<\/strong><br \/>\nSe o usu\u00e1rio fornecer dados de terceiros para qualquer finalidade \u00e0 FUNDACI\u00d3 AL\u00cdCIA ALIMENTACI\u00d3 I CI\u00c8NCIA, F.P., garante que obteve esses dados de forma l\u00edcita, que informou previamente os afectados, obtendo o seu consentimento para comunic\u00e1-los e que as informa\u00e7\u00f5es fornecidas s\u00e3o precisas e verdadeiras.<\/p>\n<p>&nbsp;<\/p>\n<p><strong>Car\u00e1cter obrigat\u00f3rio das informa\u00e7\u00f5es solicitadas<\/strong><br \/>\nTodos os nossos formul\u00e1rios t\u00eam um asterisco (*) nos dados obrigat\u00f3rios. Se o usu\u00e1rio n\u00e3o fornecer esses campos, ou n\u00e3o marcar a caixa para aceitar a pol\u00edtica de privacidade, as informa\u00e7\u00f5es n\u00e3o ser\u00e3o enviadas.<\/p>\n<p>&nbsp;<\/p>\n<p><strong>Direitos das partes interessadas:<\/strong><br \/>\nO usu\u00e1rio tem o direito de aceder aos seus dados e de obter a confirma\u00e7\u00e3o do seu tratamento, bem como uma c\u00f3pia dos dados pessoais em fase de tratamento. Tem o direito de os atualizar e de solicitar a retifica\u00e7\u00e3o dos dados inexactos ou de solicitar a sua supress\u00e3o quando os dados n\u00e3o forem necess\u00e1rios para os fins para que foram recolhidos. Pode solicitar a limita\u00e7\u00e3o do tratamento dos seus dados e de se opor ao tratamento dos seus dados, revogando o seu consentimento, bem como exercer o seu direito \u00e0 portabilidade dos dados. Do mesmo modo, tem o direito de n\u00e3o ser objeto de decis\u00f5es baseadas exclusivamente no tratamento automatizado dos seus dados pessoais. Pode exercer os seus direitos contactando-nos atrav\u00e9s de Cam\u00ed Sant Benet, s\/n &#8211; 08272 Sant Fruit\u00f3s del Bages (Barcelona). Correio eletr\u00f3nico: lopd@alicia.cat<br \/>\nDados de contacto do RPD: dpo@fcatalunyalapedrera.com<br \/>\nSe considerar que os seus direitos n\u00e3o foram devidamente tratados, tem o direito de apresentar uma queixa \u00e0 autoridade de controlo em www.aepd.es.<\/p>\n<p>&nbsp;<\/p>\n<p><strong>Tratamento de dados de menores<\/strong><br \/>\nQualquer pessoa que forne\u00e7a dados atrav\u00e9s dos formul\u00e1rios deste website e aceite o seu tratamento declara ter mais de 14 anos de idade, sendo proibido o acesso e a utiliza\u00e7\u00e3o do portal por menores de idade. Se, em qualquer momento, o Respons\u00e1vel pelo Tratamento detetar que um menor de 14 anos forneceu dados pessoais, procederemos ao seu cancelamento. Da mesma forma, os pais ou tutores podem, em qualquer caso, contactar a FUNDACI\u00d3 AL\u00cdCIA ALIMENTACI\u00d3 I CI\u00c8NCIA, F.P. para bloquear a conta de acesso de menores a seu cargo que se tenham registado falsificando a sua identidade.<\/p>\n<p>&nbsp;<\/p>\n<p><strong>Redes sociais<\/strong><br \/>\nO objetivo de ferramentas como o Facebook, Twitter, Instagram, etc. ou outras redes sociais \u00e9 dar visibilidade e divulga\u00e7\u00e3o \u00e0s actividades desenvolvidas pela nossa organiza\u00e7\u00e3o. Estas ferramentas armazenam dados pessoais nos servidores dos respectivos servi\u00e7os e s\u00e3o regidas pela sua pr\u00f3pria pol\u00edtica de privacidade. Recomenda-se que o usu\u00e1rio reveja e leia as condi\u00e7\u00f5es de utiliza\u00e7\u00e3o e a pol\u00edtica de privacidade da rede social no momento do registro, tendo em conta as diferentes possibilidades de configura\u00e7\u00e3o em rela\u00e7\u00e3o ao grau de privacidade do perfil do usu\u00e1rio na rede social.<\/p>\n<p>Da mesma forma, o Respons\u00e1vel se reserva o direito de retirar de suas redes sociais qualquer informa\u00e7\u00e3o publicada por terceiros que viole a lei, incite a faz\u00ea-lo ou contenha mensagens que violem a dignidade de pessoas ou institui\u00e7\u00f5es. Assim como o direito de bloquear ou denunciar o perfil autor destas mensagens.<\/p>\n<p>&nbsp;<\/p>\n<p><strong>Tratamento de cookies:<\/strong><br \/>\nUm cookie \u00e9 um pequeno ficheiro que \u00e9 descarregado e armazenado no computador do utilizador quando este acede a um website. Os cookies permitem ao website, entre outras coisas, armazenar e recuperar informa\u00e7\u00f5es sobre os h\u00e1bitos de navega\u00e7\u00e3o do usu\u00e1rio ou do seu computador e, dependendo das informa\u00e7\u00f5es que cont\u00eam e da forma como utiliza o seu computador, podem ser utilizados para reconhecer o usu\u00e1rio.<br \/>\nO usu\u00e1rio tem a possibilidade de impedir a gera\u00e7\u00e3o de cookies, seleccionando a op\u00e7\u00e3o correspondente no seu software de navega\u00e7\u00e3o. Pode obter mais informa\u00e7\u00f5es lendo a nossa Pol\u00edtica de Cookies.<\/p>\n<p>\u00daltima atualiza\u00e7\u00e3o: 09\/01\/2020<\/p>\n","protected":false},"excerpt":{"rendered":"<p>Respons\u00e1vel pelo tratamento de dados A empresa respons\u00e1vel pelo tratamento dos seus dados ao abrigo da presente Pol\u00edtica de Privacidade \u00e9: FUNDACI\u00d3 AL\u00cdCIA ALIMENTACI\u00d3 I CI\u00c8NCIA, F.P. IDENTIFICA\u00c7\u00c3O FISCAL: G63360531 Endere\u00e7o: Cam\u00ed Sant Benet, s\/n &#8211; 08272 Sant Fruit\u00f3s del Bages (Barcelona) Endere\u00e7o de correio eletr\u00f3nico: lopd@alicia.cat Website: www.oncoalicia.com Telefone: 938759402 Inscrita no Registo Mercantil&hellip; <a class=\"more-link\" href=\"https:\/\/oncoalicia.com\/pt-br\/politica-de-privacidad\/\">Continue reading <span class=\"screen-reader-text\">Pol\u00edtica de privacidad<\/span><\/a><\/p>\n","protected":false},"author":2,"featured_media":0,"parent":0,"menu_order":0,"comment_status":"closed","ping_status":"closed","template":"otros.php","meta":{"footnotes":""},"class_list":["post-7726","page","type-page","status-publish","hentry","entry"],"yoast_head":"<!-- This site is optimized with the Yoast SEO plugin v26.9 - https:\/\/yoast.com\/product\/yoast-seo-wordpress\/ -->\n<title>Pol\u00edtica de privacidad - Oncoalicia<\/title>\n<meta name=\"description\" content=\"P\u00e1gina de pol\u00edtica de privacidad do site OncoAl\u00edcia.\" \/>\n<meta name=\"robots\" content=\"index, follow, max-snippet:-1, max-image-preview:large, max-video-preview:-1\" \/>\n<link rel=\"canonical\" href=\"https:\/\/oncoalicia.com\/pt-br\/politica-de-privacidad\/\" \/>\n<meta property=\"og:locale\" content=\"pt_BR\" \/>\n<meta property=\"og:type\" content=\"article\" \/>\n<meta property=\"og:title\" content=\"Pol\u00edtica de privacidad - Oncoalicia\" \/>\n<meta property=\"og:description\" content=\"P\u00e1gina de pol\u00edtica de privacidad do site OncoAl\u00edcia.\" \/>\n<meta property=\"og:url\" content=\"https:\/\/oncoalicia.com\/pt-br\/politica-de-privacidad\/\" \/>\n<meta property=\"og:site_name\" content=\"Oncoalicia\" \/>\n<meta property=\"article:modified_time\" content=\"2025-06-17T10:54:00+00:00\" \/>\n<meta property=\"og:image\" content=\"https:\/\/oncoalicia.com\/wp-content\/uploads\/2021\/12\/Asset-3.png\" \/>\n\t<meta property=\"og:image:width\" content=\"300\" \/>\n\t<meta property=\"og:image:height\" content=\"300\" \/>\n\t<meta property=\"og:image:type\" content=\"image\/png\" \/>\n<meta name=\"twitter:card\" content=\"summary_large_image\" \/>\n<meta name=\"twitter:label1\" content=\"Est. tempo de leitura\" \/>\n\t<meta name=\"twitter:data1\" content=\"8 minutos\" \/>\n<script type=\"application\/ld+json\" class=\"yoast-schema-graph\">{\"@context\":\"https:\/\/schema.org\",\"@graph\":[{\"@type\":\"WebPage\",\"@id\":\"https:\/\/oncoalicia.com\/pt-br\/politica-de-privacidad\/\",\"url\":\"https:\/\/oncoalicia.com\/pt-br\/politica-de-privacidad\/\",\"name\":\"Pol\u00edtica de privacidad - Oncoalicia\",\"isPartOf\":{\"@id\":\"https:\/\/oncoalicia.com\/pt-br\/#website\"},\"datePublished\":\"2023-03-14T16:46:57+00:00\",\"dateModified\":\"2025-06-17T10:54:00+00:00\",\"description\":\"P\u00e1gina de pol\u00edtica de privacidad do site OncoAl\u00edcia.\",\"breadcrumb\":{\"@id\":\"https:\/\/oncoalicia.com\/pt-br\/politica-de-privacidad\/#breadcrumb\"},\"inLanguage\":\"pt-BR\",\"potentialAction\":[{\"@type\":\"ReadAction\",\"target\":[\"https:\/\/oncoalicia.com\/pt-br\/politica-de-privacidad\/\"]}]},{\"@type\":\"BreadcrumbList\",\"@id\":\"https:\/\/oncoalicia.com\/pt-br\/politica-de-privacidad\/#breadcrumb\",\"itemListElement\":[{\"@type\":\"ListItem\",\"position\":1,\"name\":\"Portada\",\"item\":\"https:\/\/oncoalicia.com\/pt-br\/\"},{\"@type\":\"ListItem\",\"position\":2,\"name\":\"Pol\u00edtica de privacidad\"}]},{\"@type\":\"WebSite\",\"@id\":\"https:\/\/oncoalicia.com\/pt-br\/#website\",\"url\":\"https:\/\/oncoalicia.com\/pt-br\/\",\"name\":\"Oncoal\u00edcia\",\"description\":\"Comer durante el Tratamiento del C\u00e1ncer\",\"publisher\":{\"@id\":\"https:\/\/oncoalicia.com\/pt-br\/#organization\"},\"alternateName\":\"Oncoal\u00edcia | Comer durante el Tratamiento del C\u00e1ncer\",\"potentialAction\":[{\"@type\":\"SearchAction\",\"target\":{\"@type\":\"EntryPoint\",\"urlTemplate\":\"https:\/\/oncoalicia.com\/pt-br\/?s={search_term_string}\"},\"query-input\":{\"@type\":\"PropertyValueSpecification\",\"valueRequired\":true,\"valueName\":\"search_term_string\"}}],\"inLanguage\":\"pt-BR\"},{\"@type\":\"Organization\",\"@id\":\"https:\/\/oncoalicia.com\/pt-br\/#organization\",\"name\":\"Oncoal\u00edcia\",\"alternateName\":\"Oncoal\u00edcia | Comer durante el Tratamiento del C\u00e1ncer\",\"url\":\"https:\/\/oncoalicia.com\/pt-br\/\",\"logo\":{\"@type\":\"ImageObject\",\"inLanguage\":\"pt-BR\",\"@id\":\"https:\/\/oncoalicia.com\/pt-br\/#\/schema\/logo\/image\/\",\"url\":\"https:\/\/oncoalicia.com\/wp-content\/uploads\/2022\/11\/logo_rrss.png\",\"contentUrl\":\"https:\/\/oncoalicia.com\/wp-content\/uploads\/2022\/11\/logo_rrss.png\",\"width\":300,\"height\":300,\"caption\":\"Oncoal\u00edcia\"},\"image\":{\"@id\":\"https:\/\/oncoalicia.com\/pt-br\/#\/schema\/logo\/image\/\"}}]}<\/script>\n<!-- \/ Yoast SEO plugin. -->","yoast_head_json":{"title":"Pol\u00edtica de privacidad - Oncoalicia","description":"P\u00e1gina de pol\u00edtica de privacidad do site OncoAl\u00edcia.","robots":{"index":"index","follow":"follow","max-snippet":"max-snippet:-1","max-image-preview":"max-image-preview:large","max-video-preview":"max-video-preview:-1"},"canonical":"https:\/\/oncoalicia.com\/pt-br\/politica-de-privacidad\/","og_locale":"pt_BR","og_type":"article","og_title":"Pol\u00edtica de privacidad - Oncoalicia","og_description":"P\u00e1gina de pol\u00edtica de privacidad do site OncoAl\u00edcia.","og_url":"https:\/\/oncoalicia.com\/pt-br\/politica-de-privacidad\/","og_site_name":"Oncoalicia","article_modified_time":"2025-06-17T10:54:00+00:00","og_image":[{"width":300,"height":300,"url":"https:\/\/oncoalicia.com\/wp-content\/uploads\/2021\/12\/Asset-3.png","type":"image\/png"}],"twitter_card":"summary_large_image","twitter_misc":{"Est. tempo de leitura":"8 minutos"},"schema":{"@context":"https:\/\/schema.org","@graph":[{"@type":"WebPage","@id":"https:\/\/oncoalicia.com\/pt-br\/politica-de-privacidad\/","url":"https:\/\/oncoalicia.com\/pt-br\/politica-de-privacidad\/","name":"Pol\u00edtica de privacidad - Oncoalicia","isPartOf":{"@id":"https:\/\/oncoalicia.com\/pt-br\/#website"},"datePublished":"2023-03-14T16:46:57+00:00","dateModified":"2025-06-17T10:54:00+00:00","description":"P\u00e1gina de pol\u00edtica de privacidad do site OncoAl\u00edcia.","breadcrumb":{"@id":"https:\/\/oncoalicia.com\/pt-br\/politica-de-privacidad\/#breadcrumb"},"inLanguage":"pt-BR","potentialAction":[{"@type":"ReadAction","target":["https:\/\/oncoalicia.com\/pt-br\/politica-de-privacidad\/"]}]},{"@type":"BreadcrumbList","@id":"https:\/\/oncoalicia.com\/pt-br\/politica-de-privacidad\/#breadcrumb","itemListElement":[{"@type":"ListItem","position":1,"name":"Portada","item":"https:\/\/oncoalicia.com\/pt-br\/"},{"@type":"ListItem","position":2,"name":"Pol\u00edtica de privacidad"}]},{"@type":"WebSite","@id":"https:\/\/oncoalicia.com\/pt-br\/#website","url":"https:\/\/oncoalicia.com\/pt-br\/","name":"Oncoal\u00edcia","description":"Comer durante el Tratamiento del C\u00e1ncer","publisher":{"@id":"https:\/\/oncoalicia.com\/pt-br\/#organization"},"alternateName":"Oncoal\u00edcia | Comer durante el Tratamiento del C\u00e1ncer","potentialAction":[{"@type":"SearchAction","target":{"@type":"EntryPoint","urlTemplate":"https:\/\/oncoalicia.com\/pt-br\/?s={search_term_string}"},"query-input":{"@type":"PropertyValueSpecification","valueRequired":true,"valueName":"search_term_string"}}],"inLanguage":"pt-BR"},{"@type":"Organization","@id":"https:\/\/oncoalicia.com\/pt-br\/#organization","name":"Oncoal\u00edcia","alternateName":"Oncoal\u00edcia | Comer durante el Tratamiento del C\u00e1ncer","url":"https:\/\/oncoalicia.com\/pt-br\/","logo":{"@type":"ImageObject","inLanguage":"pt-BR","@id":"https:\/\/oncoalicia.com\/pt-br\/#\/schema\/logo\/image\/","url":"https:\/\/oncoalicia.com\/wp-content\/uploads\/2022\/11\/logo_rrss.png","contentUrl":"https:\/\/oncoalicia.com\/wp-content\/uploads\/2022\/11\/logo_rrss.png","width":300,"height":300,"caption":"Oncoal\u00edcia"},"image":{"@id":"https:\/\/oncoalicia.com\/pt-br\/#\/schema\/logo\/image\/"}}]}},"_links":{"self":[{"href":"https:\/\/oncoalicia.com\/pt-br\/wp-json\/wp\/v2\/pages\/7726","targetHints":{"allow":["GET"]}}],"collection":[{"href":"https:\/\/oncoalicia.com\/pt-br\/wp-json\/wp\/v2\/pages"}],"about":[{"href":"https:\/\/oncoalicia.com\/pt-br\/wp-json\/wp\/v2\/types\/page"}],"author":[{"embeddable":true,"href":"https:\/\/oncoalicia.com\/pt-br\/wp-json\/wp\/v2\/users\/2"}],"replies":[{"embeddable":true,"href":"https:\/\/oncoalicia.com\/pt-br\/wp-json\/wp\/v2\/comments?post=7726"}],"version-history":[{"count":0,"href":"https:\/\/oncoalicia.com\/pt-br\/wp-json\/wp\/v2\/pages\/7726\/revisions"}],"wp:attachment":[{"href":"https:\/\/oncoalicia.com\/pt-br\/wp-json\/wp\/v2\/media?parent=7726"}],"curies":[{"name":"wp","href":"https:\/\/api.w.org\/{rel}","templated":true}]}}